{"id":99,"date":"2022-02-07T08:31:03","date_gmt":"2022-02-07T08:31:03","guid":{"rendered":"https:\/\/blooms.fuelthemes.net\/?post_type=product&#038;p=99"},"modified":"2025-09-17T05:24:14","modified_gmt":"2025-09-17T05:24:14","slug":"laser-jailer-active-laser-guarding","status":"publish","type":"product","link":"https:\/\/www.lasermet.com\/de\/laserschutzprodukte\/laser-jailer-active-laser-guarding\/","title":{"rendered":"Laser Jailer"},"content":{"rendered":"\n<div class=\"wp-block-buttons is-layout-flex wp-block-buttons-is-layout-flex\">\n<div class=\"wp-block-button\"><a class=\"wp-block-button__link has-text-color has-background wp-element-button\" href=\"https:\/\/forms.monday.com\/forms\/3e828821fe12c83ca0da7408f6a72462?r=use1\" style=\"color:#1d1f8c;background-color:#ffcc01\" rel=\"noopener\">Brosch\u00fcre herunterladen<\/a><\/div>\n<\/div>\n\n\n\n<div style=\"height:100px\" aria-hidden=\"true\" class=\"wp-block-spacer\"><\/div>\n\n\n\n<h3 class=\"wp-block-heading\">Laser Jailer<sup>\u00ae<\/sup>&nbsp;Active Laser Safety System<\/h3>\n\n\n\n<p>Das Laser Jailer Active Guarding System wurde entwickelt, um einen Hochleistungslaserstrahl in einer Laserschutzkabine einzuschlie\u00dfen. Das komplette Laser Jailer System besteht aus einer \u00e4u\u00dferen passiven Laserschutzkabine, die durchgehend mit Laserstrahl-Detektorplatten ausgekleidet ist. Diese aktiven Schutzplatten, die auch als Laserschutzschild fungieren, sind mit dem Interlock\u00ae-System f\u00fcr Lasersicherheit verbunden. Jeder verirrte Laserstrahl, der auf eine der Platten trifft, isoliert den Laser in weniger als 25ms.<\/p>\n\n\n\n<p>Praktisch jede Gr\u00f6\u00dfe von Laserkabinen kann mit dem Laser Jailer Active Guarding System ausgestattet werden &#8211; von kleinen Kabinen bis hin zu raumgro\u00dfen Laserschutzr\u00e4umen mit Schwei\u00dfrobotern. Die vollst\u00e4ndig in Betrieb genommene Laserkabine fungiert dann als effektive Laserbarriere, um den Laserstrahl innerhalb der Laserkabine zu begrenzen.<\/p>\n\n\n\n<p><strong>AKTIVE DETEKTORPLATTEN<\/strong><\/p>\n\n\n\n<p>Jede aktive Schutzwand (oder Detektorplatte) enth\u00e4lt einen Laserdetektorschaltkreis, der mit dem Laser Interlock\u00ae System verbunden ist.<\/p>\n\n\n\n<p>Wenn ein Hochleistungslaser auf eine der Kacheln innerhalb der Laserzelle gerichtet wird, ver\u00e4ndert er die Eigenschaften des Schaltkreises, was vom Interlock\u00ae Controller erkannt wird, um den Laser abzuschalten. Aufgrund der extrem hohen Leistung einiger Laser wurden die Kacheln so konzipiert, dass sie leicht ausgetauscht werden k\u00f6nnen, wenn sie von einem hochenergetischen Laserstrahl getroffen wurden. Diese Opferdetektorplatten k\u00f6nnen gefaltet und \u00fcberlappt werden, um in Ecken oder um Ger\u00e4te herum zu passen.&nbsp; Die Platten haben an jedem Ende ein einfaches Verbindungsst\u00fcck, das die Reparatur und den Austausch erleichtert.<\/p>\n\n\n\n<p><strong>NACHR\u00dcSTUNG IN BESTEHENDEN GEH\u00c4USEN ODER ZELLEN<\/strong><\/p>\n\n\n\n<p>Da es sich um ein modulares aktives Laserschutzsystem handelt, kann das Laser Jailer System in ein bestehendes Geh\u00e4use nachger\u00fcstet werden. Passive Laserschutzsysteme k\u00f6nnen keine Hochleistungslaser aufnehmen, die einen kleinen Strahl haben.<\/p>\n\n\n\n<p>Das Design des aktiven Laserschutzsystems von Lasermet ist leicht, anpassungsf\u00e4hig, wiederholbar und wartbar und verwendet ausfallsichere Technologie.<\/p>\n\n\n\n<p><strong>KOSTENG\u00dcNSTIGER AKTIVER LASERSCHUTZ<\/strong><\/p>\n\n\n\n<p>Das Design des Laserschutzes &#8211; mit aktiver Technologie &#8211; ist kosteneffektiv, da es die Anforderungen an die St\u00e4rke und das Gewicht einiger der umgebenden Infrastrukturen reduzieren kann.<\/p>\n\n\n\n<div style=\"height:19px\" aria-hidden=\"true\" class=\"wp-block-spacer\"><\/div>\n\n\n\n<figure class=\"wp-block-pullquote\"><blockquote><p><strong>Das aktive Laserschutzsystem Laser Jailer\u00ae sorgt daf\u00fcr, dass der Laser sicher ist, wenn sein Strahl auf die W\u00e4nde oder die Decke des Lasergeh\u00e4uses gerichtet ist.<\/strong><\/p><\/blockquote><\/figure>\n\n\n\n<div style=\"height:20px\" aria-hidden=\"true\" class=\"wp-block-spacer\"><\/div>\n\n\n<div class=\"wp-block-image\">\n<figure class=\"alignright is-resized\"><img loading=\"lazy\" decoding=\"async\" width=\"290\" height=\"189\" src=\"https:\/\/www.lasermetgmbh.de\/wp-content\/uploads\/2023\/01\/active-laser-safety-interlock-control-1.jpeg\" alt=\"\" class=\"wp-image-262\" style=\"width:300px\" \/><figcaption class=\"wp-element-caption\">Dieses aktive Schutzgeh\u00e4use zeigt den aktiven Interlock-Controller an der Au\u00dfenwand. Die aktiven Laserplatten und der Laser mit der dazugeh\u00f6rigen Ausr\u00fcstung sind durch die offene T\u00fcr zu sehen.<\/figcaption><\/figure>\n<\/div>\n\n\n<h6 class=\"wp-block-heading\"><strong>VORTEILE DES AKTIVEN LASERSCHUTZES<\/strong><\/h6>\n\n\n\n<ul class=\"wp-block-list\">\n<li>Inh\u00e4rente Fail-Safe-Technologie<\/li>\n\n\n\n<li>Entspricht den Normen f\u00fcr Design und Lasersicherheit<\/li>\n\n\n\n<li>Vielseitig, modular, skalierbar, leicht<\/li>\n\n\n\n<li>Bietet maximalen Schutz<\/li>\n\n\n\n<li>Standard- oder kundenspezifisches Design<\/li>\n\n\n\n<li>Einfach zu warten<\/li>\n\n\n\n<li>Schnelle Verf\u00fcgbarkeit<\/li>\n\n\n\n<li>Reduziert den Aufbau einer Infrastruktur<\/li>\n<\/ul>\n\n\n\n<div style=\"height:20px\" aria-hidden=\"true\" class=\"wp-block-spacer\"><\/div>\n\n\n\n<p><strong>FERN\u00dcBERWACHUNG<\/strong><\/p>\n\n\n\n<p>Dieses Schema zeigt, wie das aktive Sicherheitssystem in das Interlock\u00ae-System von Lasermet integriert werden kann, das optional \u00fcber das Internet \u00fcberwacht werden kann.<\/p>\n\n\n<div class=\"wp-block-image\">\n<figure class=\"aligncenter size-full is-resized\"><img loading=\"lazy\" decoding=\"async\" width=\"960\" height=\"720\" src=\"https:\/\/www.lasermetgmbh.de\/wp-content\/uploads\/2022\/02\/Basic-system-diagram-Active-Laser-Guarding-System-v5-ics-7-OEM-1.jpeg\" alt=\"\" class=\"wp-image-266\" style=\"width:720px;height:540px\" srcset=\"https:\/\/www.lasermet.com\/de\/wp-content\/uploads\/sites\/3\/2022\/02\/Basic-system-diagram-Active-Laser-Guarding-System-v5-ics-7-OEM-1.jpeg 960w, https:\/\/www.lasermet.com\/de\/wp-content\/uploads\/sites\/3\/2022\/02\/Basic-system-diagram-Active-Laser-Guarding-System-v5-ics-7-OEM-1-300x225.jpeg 300w, https:\/\/www.lasermet.com\/de\/wp-content\/uploads\/sites\/3\/2022\/02\/Basic-system-diagram-Active-Laser-Guarding-System-v5-ics-7-OEM-1-768x576.jpeg 768w, https:\/\/www.lasermet.com\/de\/wp-content\/uploads\/sites\/3\/2022\/02\/Basic-system-diagram-Active-Laser-Guarding-System-v5-ics-7-OEM-1-600x450.jpeg 600w\" sizes=\"auto, (max-width: 960px) 100vw, 960px\" \/><figcaption class=\"wp-element-caption\"><br><\/figcaption><\/figure>\n<\/div>\n\n\n<div style=\"height:20px\" aria-hidden=\"true\" class=\"wp-block-spacer\"><\/div>\n\n\n\n<div class=\"wp-block-group\"><div class=\"wp-block-group__inner-container is-layout-constrained wp-block-group-is-layout-constrained\">\n<p><strong>KONFORMIT\u00c4T MIT DEN LASER-SICHERHEITSSTANDARDS<br><\/strong>Das System ist zertifiziert f\u00fcr und konform mit:<br>BS EN IEC 60825-4 Sicherheit von Laserprodukten<br>BS EN ISO 13849-1:2008 Sicherheit von Maschinen &#8211; Sicherheitsbezogene Teile von Steuerungssystemen<br>Maschinenrichtlinie<br>Niederspannungsrichtlinie<br>Richtlinie \u00fcber elektromagnetische Vertr\u00e4glichkeit<\/p>\n<\/div><\/div>\n\n\n\n<div style=\"height:20px\" aria-hidden=\"true\" class=\"wp-block-spacer\"><\/div>\n\n\n\n<p><strong>Anwendungen f\u00fcr aktiven Laserschutz<\/strong><\/p>\n\n\n\n<p>Der Laser Jailer ist ein effektives Laserschutzsystem, das sich ideal f\u00fcr die Unterbringung von Laseranwendungen und Aktivit\u00e4ten wie Laserbohren, Laserschwei\u00dfen, Laserablation und Laserschneiden eignet. Zu den industriellen Anwendungen, bei denen der Laser Jailer eingesetzt werden kann, geh\u00f6ren die Luft- und Raumfahrtindustrie, die Laserbearbeitung, Lasertrimmen und die Laserreparatur von Turbinen einsetzt. Auch bei der additiven Fertigung komplexer Teile und beim additiven Schwei\u00dfen ist es wichtig, die Sicherheit von Lasern zu gew\u00e4hrleisten.<\/p>\n\n\n\n<p>Laser und die dazugeh\u00f6rige Laser-Sicherheitsausr\u00fcstung und -Schulung werden heute in der Energie- und Nuklearindustrie eingesetzt, wo sie zum Schwei\u00dfen von Pumpenkomponenten f\u00fcr Kernkraftwerke und sogar zum Unterwasser-Laserschwei\u00dfen und Unterwasser-Laserschneiden verwendet werden.<\/p>\n\n\n\n<p>Sogar bei der Demontage von Kernkraftwerken k\u00f6nnen sie f\u00fcr die Betonzerst\u00f6rung und zum Schneiden dicker Betonplatten eingesetzt werden.<\/p>\n\n\n\n<div style=\"height:20px\" aria-hidden=\"true\" class=\"wp-block-spacer\"><\/div>\n\n\n\n<p><strong>ZU BEACHTENDE LASERGEFAHREN<\/strong><\/p>\n\n\n\n<p>Das aktive Laserschutzsystem von Lasermet wurde entwickelt, um den Tod durch Laser und Verletzungen durch Laser zu verhindern. Dieses aktive Hochgeschwindigkeits-Laserschutzsystem verhindert auch die Zerst\u00f6rung der umliegenden Infrastruktur durch Laser. Dazu geh\u00f6rt auch die Verhinderung von Sch\u00e4den durch Laserstrahlen am Geb\u00e4ude und seinen Einrichtungen. Der Laser Jailer ist viel mehr als eine einfache Strahlenschutzbarriere, und egal, f\u00fcr welches Schutzsystem sich der Kunde entscheidet &#8211; ob aktiver oder passiver Laserschutz &#8211; Lasermet kann die komplette Laserkabine nach Ma\u00df entwerfen und herstellen.<\/p>\n\n\n\n<p>Die schnelle Reaktion des aktiven Laserschutzsystems wird durch die Erkennung des Auftreffens des Lasers auf die aktive Laserwand im Laserraum erreicht. Wenn ein verirrter Laserstrahl auf eine der Kacheln auftrifft, isoliert das Interlock\u00ae-System den Lasersicherheitseingang in weniger als 50 ms. Der Laser wird dann abgeschaltet &#8211; die genaue Abschaltzeit h\u00e4ngt von der verwendeten Lasermaschine ab.<\/p>\n\n\n\n<p>Der Laser Jailer\u00ae ist gegen alle Laserwellenl\u00e4ngen wirksam und kann in der Materialbearbeitung eingesetzt werden, z.B. in der Automobilindustrie bei Anwendungen wie Laserschwei\u00dfen, in der Luft- und Raumfahrt und bei erneuerbaren Energien zum Laserh\u00e4rten, Laserprofilieren, Laseroberfl\u00e4chenreinigen, Laserabrichten und Laserbearbeiten.<\/p>\n\n\n\n<p>In der Medizin- und Gesundheitsbranche kann die Bearbeitung von Teilen mit Lasern je nach Leistung des verwendeten Lasers in aktiven oder passiven Laserschutzkabinen durchgef\u00fchrt werden.<\/p>\n\n\n\n<div style=\"height:20px\" aria-hidden=\"true\" class=\"wp-block-spacer\"><\/div>\n\n\n\n<p><strong>PASSIVE vs. AKTIVE SICHERUNG<\/strong><\/p>\n\n\n\n<p>Herk\u00f6mmliche Laserkabinen m\u00fcssen so robust sein, dass sie einer versehentlichen Einwirkung des Lasers standhalten &#8211; sie wirken wie ein Laserschild. Passive Laserschutzvorrichtungen m\u00fcssen der Laserstrahlung f\u00fcr die vorhersehbare maximale Expositionszeit standhalten. In der Regel m\u00fcssen sie einen Laserstrahl je nach Situation auf 10s bis 10.000s begrenzen.<\/p>\n\n\n\n<p>Eine hohe Strahlleistung (&gt;1kW) bei kleinen Strahldurchmessern durchschneidet Stahl und sogar Schamottesteine in relativ kurzer Zeit. Bei sehr hohen Strahlleistungen (&gt;5kW) haben selbst gro\u00dfe Strahldurchmesser das Potenzial, Beton zu durchbrechen. Unter diesen Umst\u00e4nden m\u00fcssen passive Schutzvorrichtungen weit genug von der Laser\u00f6ffnung entfernt sein, um sicherzustellen, dass sie der Leistungsdichte des Strahls standhalten k\u00f6nnen. Dies ist nicht immer praktisch.<\/p>\n\n\n\n<p>Mit einem aktiven Laserschutz k\u00f6nnen Sie ein viel kleineres Geh\u00e4use verwenden, da die erforderliche Eind\u00e4mmungszeit 50 ms betr\u00e4gt.<\/p>\n\n\n\n<div style=\"height:20px\" aria-hidden=\"true\" class=\"wp-block-spacer\"><\/div>\n\n\n\n<p><strong>Bestelloptionen<\/strong><\/p>\n\n\n\n<p>Um das von Ihnen gew\u00fcnschte Laser Jailer\u00ae Active Laser Guarding System zu spezifizieren, m\u00fcssen die folgenden Punkte beachtet werden.<\/p>\n\n\n\n<p>Spezifikation des Lasers<\/p>\n\n\n\n<p>Beabsichtigte Verwendung des Lasers<\/p>\n\n\n\n<p>Abmessungen und Spezifikation der Laserschutzkabine &#8211; bei einer gro\u00dfen Laserschutzkabine sind unter Umst\u00e4nden gesch\u00e4tzte Ma\u00dfe erforderlich, um ein Angebot erstellen zu k\u00f6nnen<\/p>\n\n\n\n<p>Identifizierung der relevanten Sicherheitsverriegelungen &#8211; T\u00fcren, Schalter, Magnetverschl\u00fcsse.<\/p>\n\n\n\n<p>Lasermet hilft Ihnen gerne weiter, wenn Sie mehr \u00fcber das System wissen m\u00f6chten, und wir k\u00f6nnen einen Besuch vor Ort arrangieren, wenn Sie sich nicht sicher sind, welches Sicherheitsniveau Sie ben\u00f6tigen.<\/p>\n","protected":false},"excerpt":{"rendered":"<p><strong>Aktives Laserschutz-Sicherheitssystem<\/strong><\/p>\n<p>Der Laser Jailer kombiniert eine inh\u00e4rent ausfallsichere Laserdetektionstechnik mit der bew\u00e4hrten Laser Interlock\u00ae Kontrollsystemtechnologie von Lasermet, um ein aktives Laserschutzsystem zu schaffen, das der Maschinenrichtlinie EN 13849-1 entspricht.<\/p>\n<p>Aktive und passive Laserschutzkabinen<br \/>Leichtgewichtig, modular, skalierbar <br \/>Nachr\u00fcstung in bestehenden R\u00e4umen und Geh\u00e4usen<br \/>Schnelle schl\u00fcsselfertige L\u00f6sung <br \/>Entspricht den Laserschutznormen EN\/IEC 60825-1 und ANSI Z136.1<\/p>\n","protected":false},"featured_media":7683,"comment_status":"closed","ping_status":"closed","template":"","meta":{"_acf_changed":false,"_kad_blocks_custom_css":"","_kad_blocks_head_custom_js":"","_kad_blocks_body_custom_js":"","_kad_blocks_footer_custom_js":"","_EventAllDay":false,"_EventTimezone":"","_EventStartDate":"","_EventEndDate":"","_EventStartDateUTC":"","_EventEndDateUTC":"","_EventShowMap":false,"_EventShowMapLink":false,"_EventURL":"","_EventCost":"","_EventCostDescription":"","_EventCurrencySymbol":"","_EventCurrencyCode":"","_EventCurrencyPosition":"","_EventDateTimeSeparator":"","_EventTimeRangeSeparator":"","_EventOrganizerID":[],"_EventVenueID":[],"_OrganizerEmail":"","_OrganizerPhone":"","_OrganizerWebsite":"","_VenueAddress":"","_VenueCity":"","_VenueCountry":"","_VenueProvince":"","_VenueState":"","_VenueZip":"","_VenuePhone":"","_VenueURL":"","_VenueStateProvince":"","_VenueLat":"","_VenueLng":"","_VenueShowMap":false,"_VenueShowMapLink":false,"_kadence_starter_templates_imported_post":false,"_kad_post_transparent":"","_kad_post_title":"","_kad_post_layout":"","_kad_post_sidebar_id":"","_kad_post_content_style":"","_kad_post_vertical_padding":"","_kad_post_feature":"","_kad_post_feature_position":"","_kad_post_header":false,"_kad_post_footer":false,"_kad_post_classname":""},"product_brand":[],"product_cat":[32],"product_tag":[33,35,36,37],"class_list":{"0":"post-99","1":"product","2":"type-product","3":"status-publish","4":"has-post-thumbnail","6":"product_cat-active-guarding","7":"product_tag-aerospace","8":"product_tag-automobilindustrie","9":"product_tag-forschung","10":"product_tag-industriell","12":"first","13":"instock","14":"shipping-taxable","15":"product-type-simple","16":"entry","17":"content-bg","18":"loop-entry"},"acf":[],"taxonomy_info":{"product_cat":[{"value":32,"label":"Active Guarding"}],"product_tag":[{"value":33,"label":"Aerospace"},{"value":35,"label":"Automobilindustrie"},{"value":36,"label":"Forschung und Entwicklung"},{"value":37,"label":"Industriell"}]},"featured_image_src_large":["https:\/\/www.lasermet.com\/de\/wp-content\/uploads\/sites\/3\/2022\/02\/Laser-Castle-C.png",500,500,false],"author_info":[],"comment_info":0,"_links":{"self":[{"href":"https:\/\/www.lasermet.com\/de\/wp-json\/wp\/v2\/product\/99","targetHints":{"allow":["GET"]}}],"collection":[{"href":"https:\/\/www.lasermet.com\/de\/wp-json\/wp\/v2\/product"}],"about":[{"href":"https:\/\/www.lasermet.com\/de\/wp-json\/wp\/v2\/types\/product"}],"replies":[{"embeddable":true,"href":"https:\/\/www.lasermet.com\/de\/wp-json\/wp\/v2\/comments?post=99"}],"wp:featuredmedia":[{"embeddable":true,"href":"https:\/\/www.lasermet.com\/de\/wp-json\/wp\/v2\/media\/7683"}],"wp:attachment":[{"href":"https:\/\/www.lasermet.com\/de\/wp-json\/wp\/v2\/media?parent=99"}],"wp:term":[{"taxonomy":"product_brand","embeddable":true,"href":"https:\/\/www.lasermet.com\/de\/wp-json\/wp\/v2\/product_brand?post=99"},{"taxonomy":"product_cat","embeddable":true,"href":"https:\/\/www.lasermet.com\/de\/wp-json\/wp\/v2\/product_cat?post=99"},{"taxonomy":"product_tag","embeddable":true,"href":"https:\/\/www.lasermet.com\/de\/wp-json\/wp\/v2\/product_tag?post=99"}],"curies":[{"name":"wp","href":"https:\/\/api.w.org\/{rel}","templated":true}]}}