{"id":9198,"date":"2025-09-19T07:44:53","date_gmt":"2025-09-19T07:44:53","guid":{"rendered":"https:\/\/www.lasermet.com\/de\/?post_type=product&#038;p=9198"},"modified":"2026-04-07T03:21:24","modified_gmt":"2026-04-07T03:21:24","slug":"dragon-door","status":"publish","type":"product","link":"https:\/\/www.lasermet.com\/de\/laserschutzprodukte\/dragon-door\/","title":{"rendered":"Dragon Door"},"content":{"rendered":"\n<p>Die Dragon Door von Lasermet ist eine hochbelastbare Sicherheitst\u00fcr, die f\u00fcr medizinische Umgebungen entwickelt wurde, um Laser- und R\u00f6ntgenstrahlengefahren zu beseitigen und gleichzeitig eine Mindestfeuerwiderstandsdauer von 2 Stunden zu gew\u00e4hrleisten.<\/p>\n\n\n\n<figure class=\"wp-block-image size-large\"><img loading=\"lazy\" decoding=\"async\" width=\"1024\" height=\"367\" src=\"https:\/\/www.lasermet.com\/de\/wp-content\/uploads\/sites\/3\/2025\/09\/Logo-1024x367.png\" alt=\"\" class=\"wp-image-9204\" srcset=\"https:\/\/www.lasermet.com\/de\/wp-content\/uploads\/sites\/3\/2025\/09\/Logo-1024x367.png 1024w, https:\/\/www.lasermet.com\/de\/wp-content\/uploads\/sites\/3\/2025\/09\/Logo-300x108.png 300w, https:\/\/www.lasermet.com\/de\/wp-content\/uploads\/sites\/3\/2025\/09\/Logo-768x276.png 768w, https:\/\/www.lasermet.com\/de\/wp-content\/uploads\/sites\/3\/2025\/09\/Logo-1536x551.png 1536w, https:\/\/www.lasermet.com\/de\/wp-content\/uploads\/sites\/3\/2025\/09\/Logo-scaled.png 2048w, https:\/\/www.lasermet.com\/de\/wp-content\/uploads\/sites\/3\/2025\/09\/Logo-600x215.png 600w\" sizes=\"auto, (max-width: 1024px) 100vw, 1024px\" \/><\/figure>\n\n\n\n<p><br>Jedes T\u00fcrblatt besteht aus dem patentierten Laserblockierungsmaterial von Lasermet mit einem speziellen Kern, der vollst\u00e4ndig von Stahl ummantelt ist und so eine glatte Oberfl\u00e4che bildet, die f\u00fcr Reinr\u00e4ume und medizinische Umgebungen geeignet ist.<\/p>\n\n\n\n<p><br>Die Dragon Door ist die neueste Innovation im Bereich der Hochleistungs-Sicherheitst\u00fcren \u2013 entwickelt, um extremen Gefahren wie Feuer, Strahlung, Rauch und Hochleistungslasern standzuhalten und davor zu sch\u00fctzen. Die robuste T\u00fcrkonstruktion verf\u00fcgt \u00fcber eine Falz f\u00fcr Schall- und Rauchschutzfunktionen.<\/p>\n\n\n\n<div style=\"height:101px\" aria-hidden=\"true\" class=\"wp-block-spacer\"><\/div>\n\n\n\n<div class=\"wp-block-columns is-layout-flex wp-container-core-columns-is-layout-9d6595d7 wp-block-columns-is-layout-flex\">\n<div class=\"wp-block-column is-layout-flow wp-block-column-is-layout-flow\">\n<figure class=\"wp-block-image size-full\"><img loading=\"lazy\" decoding=\"async\" width=\"464\" height=\"403\" src=\"https:\/\/www.lasermet.com\/de\/wp-content\/uploads\/sites\/3\/2025\/09\/Asset-4.png\" alt=\"\" class=\"wp-image-9200\" srcset=\"https:\/\/www.lasermet.com\/de\/wp-content\/uploads\/sites\/3\/2025\/09\/Asset-4.png 464w, https:\/\/www.lasermet.com\/de\/wp-content\/uploads\/sites\/3\/2025\/09\/Asset-4-300x261.png 300w\" sizes=\"auto, (max-width: 464px) 100vw, 464px\" \/><figcaption class=\"wp-element-caption\"><br><strong>Brandschutz<\/strong><br><strong><br><\/strong>Dragon Doors bieten eine Feuerwiderstandsdauer<br>von bis zu 2 Stunden.<br>Das Material entspricht der Klasse A1<br>gem\u00e4\u00df EN 15283-1<br>(GM-F).<\/figcaption><\/figure>\n<\/div>\n\n\n\n<div class=\"wp-block-column is-layout-flow wp-block-column-is-layout-flow\">\n<figure class=\"wp-block-image size-full\"><img loading=\"lazy\" decoding=\"async\" width=\"463\" height=\"403\" src=\"https:\/\/www.lasermet.com\/de\/wp-content\/uploads\/sites\/3\/2025\/09\/Asset-2.png\" alt=\"\" class=\"wp-image-9199\" srcset=\"https:\/\/www.lasermet.com\/de\/wp-content\/uploads\/sites\/3\/2025\/09\/Asset-2.png 463w, https:\/\/www.lasermet.com\/de\/wp-content\/uploads\/sites\/3\/2025\/09\/Asset-2-300x261.png 300w\" sizes=\"auto, (max-width: 463px) 100vw, 463px\" \/><figcaption class=\"wp-element-caption\"><br><strong>R\u00f6ntgenabschirmung<\/strong><br><br>Schutz vor ionisierender<br>Strahlung, entspricht 0,45 mm<br>Blei. R\u00f6ntgenabschirmung gem\u00e4\u00df<br>BS EN 520:2004 + A1:2009.<\/figcaption><\/figure>\n<\/div>\n\n\n\n<div class=\"wp-block-column is-layout-flow wp-block-column-is-layout-flow\">\n<figure class=\"wp-block-image size-full\"><img loading=\"lazy\" decoding=\"async\" width=\"463\" height=\"403\" src=\"https:\/\/www.lasermet.com\/de\/wp-content\/uploads\/sites\/3\/2025\/09\/Asset-5.png\" alt=\"\" class=\"wp-image-9201\" srcset=\"https:\/\/www.lasermet.com\/de\/wp-content\/uploads\/sites\/3\/2025\/09\/Asset-5.png 463w, https:\/\/www.lasermet.com\/de\/wp-content\/uploads\/sites\/3\/2025\/09\/Asset-5-300x261.png 300w\" sizes=\"auto, (max-width: 463px) 100vw, 463px\" \/><figcaption class=\"wp-element-caption\"><br><strong>Laserblockierung<\/strong><br><br>Entwickelt unter Verwendung der<br>propriet\u00e4ren, zertifizierten Laserblockierungstechnologie<br>von Lasermet. Vollst\u00e4ndig konform mit den<br>Lasersicherheitsstandards.<\/figcaption><\/figure>\n<\/div>\n<\/div>\n\n\n\n<p><\/p>\n","protected":false},"excerpt":{"rendered":"<p>Dreifacher Schutz vor Laser-, Feuer- und R\u00f6ntgenstrahlung<\/p>\n<ul class=\"wp-block-list\"><!-- wp:list-item --><\/p>\n<li>30 dB Ger\u00e4uschreduzierung<\/li>\n<li>Langlebige Stahloberfl\u00e4che<\/li>\n<li>Versiegelte Umweltsicherheit<\/li>\n<li>Robuster mehrschichtiger T\u00fcrkern<\/li>\n<\/ul>\n<p><!-- \/wp:list-item --><\/p>\n","protected":false},"featured_media":9207,"comment_status":"open","ping_status":"closed","template":"","meta":{"_acf_changed":false,"_kad_blocks_custom_css":"","_kad_blocks_head_custom_js":"","_kad_blocks_body_custom_js":"","_kad_blocks_footer_custom_js":"","_EventAllDay":false,"_EventTimezone":"","_EventStartDate":"","_EventEndDate":"","_EventStartDateUTC":"","_EventEndDateUTC":"","_EventShowMap":false,"_EventShowMapLink":false,"_EventURL":"","_EventCost":"","_EventCostDescription":"","_EventCurrencySymbol":"","_EventCurrencyCode":"","_EventCurrencyPosition":"","_EventDateTimeSeparator":"","_EventTimeRangeSeparator":"","_EventOrganizerID":[],"_EventVenueID":[],"_OrganizerEmail":"","_OrganizerPhone":"","_OrganizerWebsite":"","_VenueAddress":"","_VenueCity":"","_VenueCountry":"","_VenueProvince":"","_VenueState":"","_VenueZip":"","_VenuePhone":"","_VenueURL":"","_VenueStateProvince":"","_VenueLat":"","_VenueLng":"","_VenueShowMap":false,"_VenueShowMapLink":false,"_kadence_starter_templates_imported_post":false,"_kad_post_transparent":"","_kad_post_title":"","_kad_post_layout":"","_kad_post_sidebar_id":"","_kad_post_content_style":"","_kad_post_vertical_padding":"","_kad_post_feature":"","_kad_post_feature_position":"","_kad_post_header":false,"_kad_post_footer":false,"_kad_post_classname":""},"product_brand":[],"product_cat":[38],"product_tag":[37,48],"class_list":{"0":"post-9198","1":"product","2":"type-product","3":"status-publish","4":"has-post-thumbnail","6":"product_cat-industrietor","7":"product_tag-industriell","8":"product_tag-medizinische","10":"first","11":"instock","12":"shipping-taxable","13":"product-type-simple","14":"entry","15":"content-bg","16":"loop-entry"},"acf":[],"taxonomy_info":{"product_cat":[{"value":38,"label":"Industrietor"}],"product_tag":[{"value":37,"label":"Industriell"},{"value":48,"label":"Medizinische"}]},"featured_image_src_large":["https:\/\/www.lasermet.com\/de\/wp-content\/uploads\/sites\/3\/2025\/09\/dragon-door-500x500-1.png",500,500,false],"author_info":[],"comment_info":0,"_links":{"self":[{"href":"https:\/\/www.lasermet.com\/de\/wp-json\/wp\/v2\/product\/9198","targetHints":{"allow":["GET"]}}],"collection":[{"href":"https:\/\/www.lasermet.com\/de\/wp-json\/wp\/v2\/product"}],"about":[{"href":"https:\/\/www.lasermet.com\/de\/wp-json\/wp\/v2\/types\/product"}],"replies":[{"embeddable":true,"href":"https:\/\/www.lasermet.com\/de\/wp-json\/wp\/v2\/comments?post=9198"}],"wp:featuredmedia":[{"embeddable":true,"href":"https:\/\/www.lasermet.com\/de\/wp-json\/wp\/v2\/media\/9207"}],"wp:attachment":[{"href":"https:\/\/www.lasermet.com\/de\/wp-json\/wp\/v2\/media?parent=9198"}],"wp:term":[{"taxonomy":"product_brand","embeddable":true,"href":"https:\/\/www.lasermet.com\/de\/wp-json\/wp\/v2\/product_brand?post=9198"},{"taxonomy":"product_cat","embeddable":true,"href":"https:\/\/www.lasermet.com\/de\/wp-json\/wp\/v2\/product_cat?post=9198"},{"taxonomy":"product_tag","embeddable":true,"href":"https:\/\/www.lasermet.com\/de\/wp-json\/wp\/v2\/product_tag?post=9198"}],"curies":[{"name":"wp","href":"https:\/\/api.w.org\/{rel}","templated":true}]}}