{"id":9037,"date":"2025-07-31T03:17:36","date_gmt":"2025-07-31T03:17:36","guid":{"rendered":"https:\/\/www.lasermet.com\/de\/?post_type=product&#038;p=9037"},"modified":"2025-07-31T05:17:38","modified_gmt":"2025-07-31T05:17:38","slug":"ics-6-elise-interlock-controller","status":"publish","type":"product","link":"https:\/\/www.lasermet.com\/de\/laserschutzprodukte\/ics-6-elise-interlock-controller\/","title":{"rendered":"ICS-6 ELISe Interlock\u00ae Controller"},"content":{"rendered":"\n<div style=\"height:55px\" aria-hidden=\"true\" class=\"wp-block-spacer\"><\/div>\n\n\n\n<div class=\"wp-block-columns has-background is-layout-flex wp-container-core-columns-is-layout-c05257ab wp-block-columns-is-layout-flex\" style=\"background-color:#efefef;padding-top:var(--wp--preset--spacing--60);padding-bottom:var(--wp--preset--spacing--60)\">\n<div class=\"wp-block-column has-background is-layout-flow wp-block-column-is-layout-flow\" style=\"background-color:#efefef;flex-basis:66.66%\">\n<h4 class=\"wp-block-heading has-text-align-center has-theme-palette-2-color has-text-color has-link-color wp-elements-a78069f9ec266d1935d151b431596226\">HINWEIS<\/h4>\n\n\n\n<p class=\"has-text-align-center\"><em>Seit Dezember 2021 wurde der ICS-6 durch den ICS-9 Interlock\u00ae Controller ersetzt, die NRTL-zertifizierte, verbesserte Version des ICS-6.<\/em><\/p>\n\n\n\n<p class=\"has-text-align-center\"><em>Diese Seite dient nur zu Referenzzwecken.<\/em><\/p>\n<\/div>\n\n\n\n<div class=\"wp-block-column is-vertically-aligned-center is-layout-flow wp-block-column-is-layout-flow\" style=\"flex-basis:33.33%\">\n<div class=\"wp-block-buttons is-content-justification-center is-layout-flex wp-container-core-buttons-is-layout-16018d1d wp-block-buttons-is-layout-flex\">\n<div class=\"wp-block-button\"><a class=\"wp-block-button__link has-text-color has-background wp-element-button\" href=\"https:\/\/www.lasermet.com\/de\/laserschutzprodukte\/ics-9-interlock-controller-nrtl\/\" style=\"color:#1d1f8c;background-color:#ffcc01\" target=\"_blank\" rel=\"noreferrer noopener\">See ICS-9 Interlock\u00ae Controller<\/a><\/div>\n<\/div>\n<\/div>\n<\/div>\n\n\n\n<div style=\"height:38px\" aria-hidden=\"true\" class=\"wp-block-spacer\"><\/div>\n\n\n\n<h1 class=\"wp-block-heading\">ICS-6 &#8222;ELISe&#8220; Erweiterbares Laser Interlock<sup>\u00ae<\/sup> System<\/h1>\n\n\n\n<p>Das erweiterbare Laser Interlock\u00ae-System ICS-6 \u201eELISe\u201c wurde entwickelt, um die Anforderungen der Norm EN ISO 13849-1 PLe zu erf\u00fcllen. Es ist das neueste Modell der ICS Interlock\u00ae-Serie, dem beliebtesten Laser Interlock\u00ae-Steuerungssystem, das von Lasermet entwickelt und hergestellt wird. Diese neueste Version ist erweiterbar und verf\u00fcgt unter anderem \u00fcber eine Fern\u00fcberwachungsfunktion.<\/p>\n\n\n\n<p>Dieses kompakte, vielseitige Ger\u00e4t kann Laser-Interlocks, T\u00fcrschl\u00f6sser, beleuchtete Warnschilder und andere Ger\u00e4te steuern. Es kann Strahlverschl\u00fcsse und die Laserleistung mit R\u00fcckkopplungs\u00fcberwachung und Fehlererkennung betreiben. Es kann an Zugangskontroll- und Brandmeldesysteme angeschlossen werden und ist mit einer \u00dcberbr\u00fcckungsfunktion ausgestattet, die den kontrollierten Zugang durch verriegelte T\u00fcren erm\u00f6glicht und gleichzeitig Not-Aus-Signale akzeptiert.<\/p>\n\n\n\n<p>Das ICS-6 bietet ein noch h\u00f6heres Ma\u00df an Sicherheit und Funktionalit\u00e4t und verf\u00fcgt \u00fcber eine vollst\u00e4ndige Start-to-End-Dual-Channel-Architektur und Fehlererkennung, um den neuesten Standards zu entsprechen. Es verf\u00fcgt \u00fcber ein einfaches, benutzerfreundliches Bedienfeld, das direkt an 4 Verriegelungen oder Gruppen von Verriegelungen angeschlossen werden kann.<\/p>\n\n\n\n<div style=\"height:67px\" aria-hidden=\"true\" class=\"wp-block-spacer\"><\/div>\n\n\n\n<h2 class=\"wp-block-heading\">Flexibles, erweiterbares System<\/h2>\n\n\n\n<div class=\"wp-block-columns is-layout-flex wp-container-core-columns-is-layout-9d6595d7 wp-block-columns-is-layout-flex\">\n<div class=\"wp-block-column is-layout-flow wp-block-column-is-layout-flow\">\n<p>Die Interlock\u00ae-Steuerungen von Lasermet haben sich einen Ruf als kosteng\u00fcnstig, zuverl\u00e4ssig und \u00e4u\u00dferst flexibel erworben.<\/p>\n\n\n\n<p>Das Standardmodell ICS-6 kann durch Hinzuf\u00fcgen der IB9 Interlock\u00ae-Karte auf 9 Interlock\u00ae-Ausg\u00e4nge erweitert werden. Durch Verwendung der tiefen Backbox k\u00f6nnen au\u00dferdem Sch\u00fctze hinzugef\u00fcgt werden, um eine verriegelte 32-A-Einphasen- und 3-Phasen-Netzversorgung zu erm\u00f6glichen. Das ICS-6 kann mit anderen Lasermet Interlock\u00ae-Steuerungen verbunden werden, um als Master- oder Slave-Einheit zu fungieren.<\/p>\n\n\n\n<p>Der ICS-6 verf\u00fcgt \u00fcber einen Erweiterungssteckplatz und kann mit bis zu 3 Erweiterungskarten (die automatisch getestet werden) ausgestattet werden. Es gibt 4 verschiedene Kartentypen, die wie folgt eingebaut werden k\u00f6nnen:<\/p>\n\n\n\n<ul class=\"wp-block-list\">\n<li>Integrierte aktive Laserschutzoption<\/li>\n\n\n\n<li>Safety Logic Plus-Integrationsoption<\/li>\n\n\n\n<li>Ethernet-\/USB-Konnektivit\u00e4t<\/li>\n\n\n\n<li>Nicht belegte Relais-Erweiterungskarte<\/li>\n<\/ul>\n<\/div>\n\n\n\n<div class=\"wp-block-column is-layout-flow wp-block-column-is-layout-flow\"><div class=\"wp-block-image\">\n<figure class=\"aligncenter size-large\"><img loading=\"lazy\" decoding=\"async\" width=\"1024\" height=\"936\" src=\"https:\/\/www.lasermet.com\/de\/wp-content\/uploads\/sites\/3\/2025\/07\/ICS-6_1594633v2-1024x936.jpg\" alt=\"\" class=\"wp-image-9128\" srcset=\"https:\/\/www.lasermet.com\/de\/wp-content\/uploads\/sites\/3\/2025\/07\/ICS-6_1594633v2-1024x936.jpg 1024w, https:\/\/www.lasermet.com\/de\/wp-content\/uploads\/sites\/3\/2025\/07\/ICS-6_1594633v2-300x274.jpg 300w, https:\/\/www.lasermet.com\/de\/wp-content\/uploads\/sites\/3\/2025\/07\/ICS-6_1594633v2-768x702.jpg 768w, https:\/\/www.lasermet.com\/de\/wp-content\/uploads\/sites\/3\/2025\/07\/ICS-6_1594633v2-1536x1405.jpg 1536w, https:\/\/www.lasermet.com\/de\/wp-content\/uploads\/sites\/3\/2025\/07\/ICS-6_1594633v2-scaled.jpg 2048w, https:\/\/www.lasermet.com\/de\/wp-content\/uploads\/sites\/3\/2025\/07\/ICS-6_1594633v2-600x549.jpg 600w\" sizes=\"auto, (max-width: 1024px) 100vw, 1024px\" \/><\/figure>\n<\/div><\/div>\n<\/div>\n\n\n\n<div style=\"height:52px\" aria-hidden=\"true\" class=\"wp-block-spacer\"><\/div>\n\n\n\n<h2 class=\"wp-block-heading\">Interlock<sup>\u00ae<\/sup>&nbsp;Konfigurationsoptionen<\/h2>\n\n\n\n<div class=\"wp-block-columns is-layout-flex wp-container-core-columns-is-layout-9d6595d7 wp-block-columns-is-layout-flex\">\n<div class=\"wp-block-column is-layout-flow wp-block-column-is-layout-flow\" style=\"flex-basis:100%\">\n<figure class=\"wp-block-table has-small-font-size\"><table><tbody><tr><td><strong>&nbsp;<\/strong><\/td><td><strong>ICS-6<\/strong><\/td><td><strong>ICS-6 + IB9<br>Erweiterung<\/strong><\/td><td><strong>ICS-6 + IB9 + Sch\u00fctz-Erweiterung<\/strong><\/td><\/tr><tr><td><strong>Verriegelte<br>Ausg\u00e4nge<\/strong><\/td><td>3 x Ausg\u00e4nge mit einer Nennleistung von 6 A bei 110\/250 VAC \/ 50 VDC<br>Nach Wunsch konfigurierbar<\/td><td>9 x Ausg\u00e4nge mit einer Nennleistung von 8 A bei 110\/250 VAC \/ 50 VDC<br>Nach Wunsch konfigurierbar<\/td><td>8 x Ausg\u00e4nge mit einer Nennleistung von 8 A bei 110\/250 VAC \/ 50 VDC<br>4 x Netzausg\u00e4nge mit einer Nennleistung von 32 A, 415 VAC<br>Nach Wunsch konfigurierbar<\/td><\/tr><tr><td><strong>T\u00fcrverriegelungsschalter<\/strong><\/td><td>Unbegrenzte Anzahl von Ger\u00e4ten kann angeschlossen werden.<br>\u00dcberwachung f\u00fcr 4 Schalter oder Schaltergruppen verf\u00fcgbar.<\/td><td>Unbegrenzte Anzahl von Ger\u00e4ten kann angeschlossen werden.<br>\u00dcberwachung f\u00fcr 4 Schalter oder Schaltergruppen verf\u00fcgbar.<\/td><td>Unbegrenzte Anzahl von Ger\u00e4ten kann angeschlossen werden.<br>\u00dcberwachung f\u00fcr 4 Schalter oder Schaltergruppen verf\u00fcgbar.<\/td><\/tr><tr><td><strong>Warnleuchte<br>Ausgang<\/strong><\/td><td>10\/230 V oder 24 VDC, 1 A.<br>Automatische Umschaltung von Einzel- oder Doppelanzeigen<\/td><td>10\/230 V oder 24 VDC, 1 A.<br>Automatische Umschaltung von Einzel- oder Doppelanzeigen<\/td><td>10\/230 V oder 24 VDC, 1 A.<br>Automatische Umschaltung von Einzel- oder Doppelanzeigen<\/td><\/tr><tr><td><strong>Not-Aus-Schalter<\/strong><\/td><td>Es k\u00f6nnen beliebig viele Not-Aus-Schalter angeschlossen werden.<br>Kann an ein Brandmelde- oder Zugangskontrollsystem angeschlossen werden.<\/td><td>Es k\u00f6nnen beliebig viele Not-Aus-Schalter angeschlossen werden.<br>Kann an ein Brandmelde- oder Zugangskontrollsystem angeschlossen werden.<\/td><td>Es k\u00f6nnen beliebig viele Not-Aus-Schalter angeschlossen werden.<br>Kann an ein Brandmelde- oder Zugangskontrollsystem angeschlossen werden.<\/td><\/tr><tr><td><strong>Lieferung<\/strong><\/td><td>110\/230 V, 1 A + angeschlossene Last<\/td><td>110\/230 V, 1 A + angeschlossene Last<\/td><td>110\/230 V, 1 A + angeschlossene Last<\/td><\/tr><tr><td><strong>Gr\u00f6\u00dfe<\/strong><\/td><td>265w x 230h x 86deep (mm)<\/td><td>265w x 230h x 145deep (mm)<\/td><td>265w x 230h x 145deep (mm)<\/td><\/tr><tr><td><strong>Gewicht<\/strong><\/td><td>2 kg<\/td><td>2.2 kg<\/td><td>3 kg<\/td><\/tr><\/tbody><\/table><\/figure>\n\n\n\n<div style=\"height:20px\" aria-hidden=\"true\" class=\"wp-block-spacer\"><\/div>\n\n\n\n<div style=\"height:68px\" aria-hidden=\"true\" class=\"wp-block-spacer\"><\/div>\n\n\n\n<h2 class=\"wp-block-heading\">Sicherheit und Konformit\u00e4t<\/h2>\n\n\n\n<div class=\"wp-block-columns is-layout-flex wp-container-core-columns-is-layout-9d6595d7 wp-block-columns-is-layout-flex\">\n<div class=\"wp-block-column is-layout-flow wp-block-column-is-layout-flow\">\n<p>Der ICS-6 entspricht den folgenden Richtlinien und Normen:<\/p>\n\n\n\n<ul class=\"wp-block-list\">\n<li>Maschinenrichtlinie<\/li>\n\n\n\n<li>Niederspannungsrichtlinie<\/li>\n\n\n\n<li>EMV-Richtlinie<\/li>\n\n\n\n<li>EN ISO 13849-1<\/li>\n\n\n\n<li>EN61508 SIL 4<\/li>\n\n\n\n<li>EN61010<\/li>\n\n\n\n<li>EN60947-1<\/li>\n<\/ul>\n<\/div>\n\n\n\n<div class=\"wp-block-column is-vertically-aligned-center is-layout-flow wp-block-column-is-layout-flow\"><div class=\"wp-block-image\">\n<figure class=\"aligncenter size-large is-resized\"><img loading=\"lazy\" decoding=\"async\" width=\"1024\" height=\"458\" src=\"https:\/\/www.lasermet.com\/de\/wp-content\/uploads\/sites\/3\/2023\/03\/ce-ukca-1024x458.jpg\" alt=\"\" class=\"wp-image-7679\" style=\"width:338px;height:auto\" srcset=\"https:\/\/www.lasermet.com\/de\/wp-content\/uploads\/sites\/3\/2023\/03\/ce-ukca-1024x458.jpg 1024w, https:\/\/www.lasermet.com\/de\/wp-content\/uploads\/sites\/3\/2023\/03\/ce-ukca-300x134.jpg 300w, https:\/\/www.lasermet.com\/de\/wp-content\/uploads\/sites\/3\/2023\/03\/ce-ukca-768x344.jpg 768w, https:\/\/www.lasermet.com\/de\/wp-content\/uploads\/sites\/3\/2023\/03\/ce-ukca-600x269.jpg 600w, https:\/\/www.lasermet.com\/de\/wp-content\/uploads\/sites\/3\/2023\/03\/ce-ukca.jpg 1032w\" sizes=\"auto, (max-width: 1024px) 100vw, 1024px\" \/><\/figure>\n<\/div><\/div>\n<\/div>\n<\/div>\n<\/div>\n\n\n\n<p><\/p>\n","protected":false},"excerpt":{"rendered":"<p>Der ICS-6 Laser Safety Interlock \u00ae Controller verf\u00fcgt \u00fcber eine vollst\u00e4ndige Start-zu-Ende-Zweikanalarchitektur und Fehlererkennungsfunktionen, um alle Sicherheitsanforderungen f\u00fcr Laser zu erf\u00fcllen. Der ICS-6 kann mit der gesamten Palette der Interlock-Ger\u00e4te von Lasermet integriert werden, um ein vollst\u00e4ndiges Lasersicherheitssystem zu schaffen.<\/p>\n<ul>\n<li>3 Erweiterungskartensteckpl\u00e4tze<\/li>\n<li>Verriegelte Netzversorgung und Niederspannungsversorgung f\u00fcr Strahlverschl\u00fcsse<\/li>\n<li>Laser Interlock\u00ae-Steckverbinder f\u00fcr alle Laser<\/li>\n<li>Zeitlich begrenzte ausfallsichere \u00dcbersteuerungsoption<\/li>\n<\/ul>\n","protected":false},"featured_media":9129,"comment_status":"open","ping_status":"closed","template":"","meta":{"_acf_changed":false,"_kad_blocks_custom_css":"","_kad_blocks_head_custom_js":"","_kad_blocks_body_custom_js":"","_kad_blocks_footer_custom_js":"","_EventAllDay":false,"_EventTimezone":"","_EventStartDate":"","_EventEndDate":"","_EventStartDateUTC":"","_EventEndDateUTC":"","_EventShowMap":false,"_EventShowMapLink":false,"_EventURL":"","_EventCost":"","_EventCostDescription":"","_EventCurrencySymbol":"","_EventCurrencyCode":"","_EventCurrencyPosition":"","_EventDateTimeSeparator":"","_EventTimeRangeSeparator":"","_EventOrganizerID":[],"_EventVenueID":[],"_OrganizerEmail":"","_OrganizerPhone":"","_OrganizerWebsite":"","_VenueAddress":"","_VenueCity":"","_VenueCountry":"","_VenueProvince":"","_VenueState":"","_VenueZip":"","_VenuePhone":"","_VenueURL":"","_VenueStateProvince":"","_VenueLat":"","_VenueLng":"","_VenueShowMap":false,"_VenueShowMapLink":false,"_kadence_starter_templates_imported_post":false,"_kad_post_transparent":"","_kad_post_title":"","_kad_post_layout":"","_kad_post_sidebar_id":"","_kad_post_content_style":"","_kad_post_vertical_padding":"","_kad_post_feature":"","_kad_post_feature_position":"","_kad_post_header":false,"_kad_post_footer":false,"_kad_post_classname":""},"product_brand":[],"product_cat":[40],"product_tag":[33,35,36,37,48],"class_list":{"0":"post-9037","1":"product","2":"type-product","3":"status-publish","4":"has-post-thumbnail","6":"product_cat-interlock-kontrollsystem","7":"product_tag-aerospace","8":"product_tag-automobilindustrie","9":"product_tag-forschung","10":"product_tag-industriell","11":"product_tag-medizinische","13":"first","14":"instock","15":"shipping-taxable","16":"product-type-simple","17":"entry","18":"content-bg","19":"loop-entry"},"acf":[],"taxonomy_info":{"product_cat":[{"value":40,"label":"Interlock-Kontrollsystem"}],"product_tag":[{"value":33,"label":"Aerospace"},{"value":35,"label":"Automobilindustrie"},{"value":36,"label":"Forschung und Entwicklung"},{"value":37,"label":"Industriell"},{"value":48,"label":"Medizinische"}]},"featured_image_src_large":["https:\/\/www.lasermet.com\/de\/wp-content\/uploads\/sites\/3\/2025\/07\/ICS-6.png",500,500,false],"author_info":[],"comment_info":0,"_links":{"self":[{"href":"https:\/\/www.lasermet.com\/de\/wp-json\/wp\/v2\/product\/9037","targetHints":{"allow":["GET"]}}],"collection":[{"href":"https:\/\/www.lasermet.com\/de\/wp-json\/wp\/v2\/product"}],"about":[{"href":"https:\/\/www.lasermet.com\/de\/wp-json\/wp\/v2\/types\/product"}],"replies":[{"embeddable":true,"href":"https:\/\/www.lasermet.com\/de\/wp-json\/wp\/v2\/comments?post=9037"}],"wp:featuredmedia":[{"embeddable":true,"href":"https:\/\/www.lasermet.com\/de\/wp-json\/wp\/v2\/media\/9129"}],"wp:attachment":[{"href":"https:\/\/www.lasermet.com\/de\/wp-json\/wp\/v2\/media?parent=9037"}],"wp:term":[{"taxonomy":"product_brand","embeddable":true,"href":"https:\/\/www.lasermet.com\/de\/wp-json\/wp\/v2\/product_brand?post=9037"},{"taxonomy":"product_cat","embeddable":true,"href":"https:\/\/www.lasermet.com\/de\/wp-json\/wp\/v2\/product_cat?post=9037"},{"taxonomy":"product_tag","embeddable":true,"href":"https:\/\/www.lasermet.com\/de\/wp-json\/wp\/v2\/product_tag?post=9037"}],"curies":[{"name":"wp","href":"https:\/\/api.w.org\/{rel}","templated":true}]}}