{"id":9036,"date":"2025-07-28T07:01:06","date_gmt":"2025-07-28T07:01:06","guid":{"rendered":"https:\/\/www.lasermet.com\/de\/?post_type=product&#038;p=9036"},"modified":"2025-07-28T07:01:07","modified_gmt":"2025-07-28T07:01:07","slug":"laser-kontrollierter-bereich-etikett","status":"publish","type":"product","link":"https:\/\/www.lasermet.com\/de\/laserschutzprodukte\/laser-kontrollierter-bereich-etikett\/","title":{"rendered":"Laser-kontrollierter Bereich-Etikett"},"content":{"rendered":"\n<h2 class=\"wp-block-heading\">Etiketten f\u00fcr lasergesteuerte Bereiche (LCAs)<\/h2>\n\n\n\n<div class=\"wp-block-columns is-layout-flex wp-container-core-columns-is-layout-9d6595d7 wp-block-columns-is-layout-flex\">\n<div class=\"wp-block-column is-layout-flow wp-block-column-is-layout-flow\" style=\"flex-basis:66.66%\">\n<p>Der Hauptzweck eines Laserschutzschildes besteht darin, deutlich auf das Vorhandensein von Lasern und die Notwendigkeit von Sicherheitsvorkehrungen in einem bestimmten Bereich hinzuweisen. Es verhindert, dass unbefugte Personen potenziell gef\u00e4hrliche Laserumgebungen betreten, und erinnert befugte Personen daran, geeignete Sicherheitsma\u00dfnahmen zu ergreifen.<\/p>\n\n\n\n<p>Diese Kennzeichnungen sind ein wichtiger Bestandteil von Lasersicherheitsprogrammen in Forschungslabors, Industrieanlagen, medizinischen Einrichtungen und anderen Orten, an denen Laser zum Einsatz kommen. Die Einhaltung von Sicherheitsvorschriften und -standards ist bei der Verwendung von Lasern von entscheidender Bedeutung, und Laserkontrollbereichskennzeichnungen sind ein wertvolles Instrument, um diese Anforderungen zu erf\u00fcllen und Personen vor laserbedingten Gefahren zu sch\u00fctzen.<\/p>\n<\/div>\n\n\n\n<div class=\"wp-block-column is-layout-flow wp-block-column-is-layout-flow\" style=\"flex-basis:33.33%\"><div class=\"wp-block-image\">\n<figure class=\"aligncenter size-large\"><img loading=\"lazy\" decoding=\"async\" width=\"1024\" height=\"1024\" src=\"https:\/\/www.lasermet.com\/de\/wp-content\/uploads\/sites\/3\/2025\/07\/LCA-100X50-1024x1024.png\" alt=\"Laser-gesteuerte Fl\u00e4chenmarkierung\" class=\"wp-image-9066\" style=\"aspect-ratio:16\/9;object-fit:cover\" srcset=\"https:\/\/www.lasermet.com\/de\/wp-content\/uploads\/sites\/3\/2025\/07\/LCA-100X50-1024x1024.png 1024w, https:\/\/www.lasermet.com\/de\/wp-content\/uploads\/sites\/3\/2025\/07\/LCA-100X50-300x300.png 300w, https:\/\/www.lasermet.com\/de\/wp-content\/uploads\/sites\/3\/2025\/07\/LCA-100X50-150x150.png 150w, https:\/\/www.lasermet.com\/de\/wp-content\/uploads\/sites\/3\/2025\/07\/LCA-100X50-768x768.png 768w, https:\/\/www.lasermet.com\/de\/wp-content\/uploads\/sites\/3\/2025\/07\/LCA-100X50-600x600.png 600w, https:\/\/www.lasermet.com\/de\/wp-content\/uploads\/sites\/3\/2025\/07\/LCA-100X50-100x100.png 100w, https:\/\/www.lasermet.com\/de\/wp-content\/uploads\/sites\/3\/2025\/07\/LCA-100X50.png 1134w\" sizes=\"auto, (max-width: 1024px) 100vw, 1024px\" \/><\/figure>\n<\/div><\/div>\n\n\n\n<div class=\"wp-block-column is-layout-flow wp-block-column-is-layout-flow\"><\/div>\n<\/div>\n\n\n\n<div style=\"height:100px\" aria-hidden=\"true\" class=\"wp-block-spacer\"><\/div>\n\n\n\n<div class=\"wp-block-media-text is-stacked-on-mobile\" style=\"grid-template-columns:34% auto\"><figure class=\"wp-block-media-text__media\"><img loading=\"lazy\" decoding=\"async\" width=\"1024\" height=\"1024\" src=\"https:\/\/www.lasermet.com\/de\/wp-content\/uploads\/sites\/3\/2025\/07\/NIRPS-103-1024x1024.png\" alt=\"Laser-kontrollierter Bereich mit Laser-Warn-Dreieck\" class=\"wp-image-9067 size-full\" srcset=\"https:\/\/www.lasermet.com\/de\/wp-content\/uploads\/sites\/3\/2025\/07\/NIRPS-103-1024x1024.png 1024w, https:\/\/www.lasermet.com\/de\/wp-content\/uploads\/sites\/3\/2025\/07\/NIRPS-103-300x300.png 300w, https:\/\/www.lasermet.com\/de\/wp-content\/uploads\/sites\/3\/2025\/07\/NIRPS-103-150x150.png 150w, https:\/\/www.lasermet.com\/de\/wp-content\/uploads\/sites\/3\/2025\/07\/NIRPS-103-768x768.png 768w, https:\/\/www.lasermet.com\/de\/wp-content\/uploads\/sites\/3\/2025\/07\/NIRPS-103-600x600.png 600w, https:\/\/www.lasermet.com\/de\/wp-content\/uploads\/sites\/3\/2025\/07\/NIRPS-103-100x100.png 100w, https:\/\/www.lasermet.com\/de\/wp-content\/uploads\/sites\/3\/2025\/07\/NIRPS-103.png 1134w\" sizes=\"auto, (max-width: 1024px) 100vw, 1024px\" \/><\/figure><div class=\"wp-block-media-text__content\">\n<div class=\"wp-block-group has-theme-palette-7-background-color has-background is-vertical is-layout-flex wp-container-core-group-is-layout-8cf370e7 wp-block-group-is-layout-flex\">\n<p><strong>Beschriftungs\u00fcberschrift<\/strong><\/p>\n\n\n\n<p>Die Beschriftung enth\u00e4lt eine \u00dcberschrift oder einen Titel, der auf die Art des kontrollierten Bereichs hinweist. Sie lautet \u201eLaser Controlled Area\u201d (Laser-kontrollierter Bereich), um deutlich zu machen, dass Laser im Einsatz sind.<\/p>\n<\/div>\n\n\n\n<div class=\"wp-block-group has-theme-palette-7-background-color has-background is-vertical is-layout-flex wp-container-core-group-is-layout-8cf370e7 wp-block-group-is-layout-flex\">\n<h5 class=\"wp-block-heading\"><strong>Farbe<\/strong><\/h5>\n\n\n\n<p>Das Etikett ist in der Regel farblich gekennzeichnet, um auf eine m\u00f6gliche Gefahr hinzuweisen. Die Standardfarbe ist Gelb mit schwarzem Text.<\/p>\n<\/div>\n\n\n\n<div class=\"wp-block-group has-theme-palette-7-background-color has-background is-vertical is-layout-flex wp-container-core-group-is-layout-8cf370e7 wp-block-group-is-layout-flex\">\n<h5 class=\"wp-block-heading\"><strong>Text<\/strong><\/h5>\n\n\n\n<p>Das Etikett kann zus\u00e4tzlichen Text enthalten, um weitere Informationen \u00fcber den lasergesteuerten Bereich, Sicherheitsvorkehrungen und spezifische Anforderungen f\u00fcr den Zutritt bereitzustellen.<\/p>\n<\/div>\n\n\n\n<div class=\"wp-block-group has-theme-palette-7-background-color has-background is-vertical is-layout-flex wp-container-core-group-is-layout-8cf370e7 wp-block-group-is-layout-flex\">\n<h5 class=\"wp-block-heading\"><strong>Zus\u00e4tzliche Informationen<\/strong><\/h5>\n\n\n\n<p>Je nach dem spezifischen Lasersystem und den geltenden Sicherheitsvorschriften k\u00f6nnen auf dem Etikett zus\u00e4tzliche Informationen angegeben sein, wie beispielsweise die Laserklasse, die Wellenl\u00e4nge und Notfallma\u00dfnahmen, die auf den spezifischen Anforderungen des Kunden basieren.<\/p>\n<\/div>\n<\/div><\/div>\n\n\n\n<h5 class=\"wp-block-heading\"><\/h5>\n\n\n\n<p><\/p>\n","protected":false},"excerpt":{"rendered":"<p>A laser-controlled area label is used to identify areas where lasers or laser systems are in use, and access is restricted or controlled due to safety concerns.<\/p>\n<p>These labels are designed to inform individuals that they are entering a space where laser radiation is present, and special precautions or safety measures may be required.<\/p>\n","protected":false},"featured_media":9067,"comment_status":"open","ping_status":"closed","template":"","meta":{"_acf_changed":false,"_kad_blocks_custom_css":"","_kad_blocks_head_custom_js":"","_kad_blocks_body_custom_js":"","_kad_blocks_footer_custom_js":"","_EventAllDay":false,"_EventTimezone":"","_EventStartDate":"","_EventEndDate":"","_EventStartDateUTC":"","_EventEndDateUTC":"","_EventShowMap":false,"_EventShowMapLink":false,"_EventURL":"","_EventCost":"","_EventCostDescription":"","_EventCurrencySymbol":"","_EventCurrencyCode":"","_EventCurrencyPosition":"","_EventDateTimeSeparator":"","_EventTimeRangeSeparator":"","_EventOrganizerID":[],"_EventVenueID":[],"_OrganizerEmail":"","_OrganizerPhone":"","_OrganizerWebsite":"","_VenueAddress":"","_VenueCity":"","_VenueCountry":"","_VenueProvince":"","_VenueState":"","_VenueZip":"","_VenuePhone":"","_VenueURL":"","_VenueStateProvince":"","_VenueLat":"","_VenueLng":"","_VenueShowMap":false,"_VenueShowMapLink":false,"_kadence_starter_templates_imported_post":false,"_kad_post_transparent":"","_kad_post_title":"","_kad_post_layout":"","_kad_post_sidebar_id":"","_kad_post_content_style":"","_kad_post_vertical_padding":"","_kad_post_feature":"","_kad_post_feature_position":"","_kad_post_header":false,"_kad_post_footer":false,"_kad_post_classname":""},"product_brand":[],"product_cat":[43],"product_tag":[33,35,36,37,48],"class_list":{"0":"post-9036","1":"product","2":"type-product","3":"status-publish","4":"has-post-thumbnail","6":"product_cat-laser-warnschilder","7":"product_tag-aerospace","8":"product_tag-automobilindustrie","9":"product_tag-forschung","10":"product_tag-industriell","11":"product_tag-medizinische","13":"first","14":"instock","15":"shipping-taxable","16":"product-type-simple","17":"entry","18":"content-bg","19":"loop-entry"},"acf":[],"taxonomy_info":{"product_cat":[{"value":43,"label":"Laser-Warnschilder"}],"product_tag":[{"value":33,"label":"Aerospace"},{"value":35,"label":"Automobilindustrie"},{"value":36,"label":"Forschung und Entwicklung"},{"value":37,"label":"Industriell"},{"value":48,"label":"Medizinische"}]},"featured_image_src_large":["https:\/\/www.lasermet.com\/de\/wp-content\/uploads\/sites\/3\/2025\/07\/NIRPS-103-1024x1024.png",1024,1024,true],"author_info":[],"comment_info":0,"_links":{"self":[{"href":"https:\/\/www.lasermet.com\/de\/wp-json\/wp\/v2\/product\/9036","targetHints":{"allow":["GET"]}}],"collection":[{"href":"https:\/\/www.lasermet.com\/de\/wp-json\/wp\/v2\/product"}],"about":[{"href":"https:\/\/www.lasermet.com\/de\/wp-json\/wp\/v2\/types\/product"}],"replies":[{"embeddable":true,"href":"https:\/\/www.lasermet.com\/de\/wp-json\/wp\/v2\/comments?post=9036"}],"wp:featuredmedia":[{"embeddable":true,"href":"https:\/\/www.lasermet.com\/de\/wp-json\/wp\/v2\/media\/9067"}],"wp:attachment":[{"href":"https:\/\/www.lasermet.com\/de\/wp-json\/wp\/v2\/media?parent=9036"}],"wp:term":[{"taxonomy":"product_brand","embeddable":true,"href":"https:\/\/www.lasermet.com\/de\/wp-json\/wp\/v2\/product_brand?post=9036"},{"taxonomy":"product_cat","embeddable":true,"href":"https:\/\/www.lasermet.com\/de\/wp-json\/wp\/v2\/product_cat?post=9036"},{"taxonomy":"product_tag","embeddable":true,"href":"https:\/\/www.lasermet.com\/de\/wp-json\/wp\/v2\/product_tag?post=9036"}],"curies":[{"name":"wp","href":"https:\/\/api.w.org\/{rel}","templated":true}]}}