{"id":9034,"date":"2025-07-28T08:06:56","date_gmt":"2025-07-28T08:06:56","guid":{"rendered":"https:\/\/www.lasermet.com\/de\/?post_type=product&#038;p=9034"},"modified":"2025-07-28T08:06:57","modified_gmt":"2025-07-28T08:06:57","slug":"laser-warn-dreieck-etikett","status":"publish","type":"product","link":"https:\/\/www.lasermet.com\/de\/laserschutzprodukte\/laser-warn-dreieck-etikett\/","title":{"rendered":"Laser-Warn-Dreieck-Etikett"},"content":{"rendered":"\n<div style=\"height:85px\" aria-hidden=\"true\" class=\"wp-block-spacer\"><\/div>\n\n\n\n<h2 class=\"wp-block-heading\">Warning Triangles with Laser Symbol<\/h2>\n\n\n\n<p>Der Zweck eines Laser-Warnschilds besteht darin, Personen auf das Vorhandensein von Lasern und die damit verbundenen Risiken aufmerksam zu machen. Es dient als visuelle Warnung, Vorsichtsma\u00dfnahmen zu ergreifen, wie z. B. das Tragen einer geeigneten Schutzbrille oder gegebenenfalls das Meiden des Bereichs.<\/p>\n\n\n\n<p>Diese Etiketten sind ein wesentlicher Bestandteil der Lasersicherheitsma\u00dfnahmen in Forschungslabors, industriellen Umgebungen und anderen Bereichen, in denen Laser zum Einsatz kommen. Das Design und der Inhalt des Etiketts m\u00fcssen m\u00f6glicherweise regionalen Sicherheitsstandards und Vorschriften entsprechen. Daher ist es wichtig, sicherzustellen, dass die verwendeten Etiketten f\u00fcr den jeweiligen Laser und seine Anwendung geeignet sind.<\/p>\n\n\n\n<div style=\"height:53px\" aria-hidden=\"true\" class=\"wp-block-spacer\"><\/div>\n\n\n\n<div class=\"wp-block-columns is-layout-flex wp-container-core-columns-is-layout-9d6595d7 wp-block-columns-is-layout-flex\">\n<div class=\"wp-block-column is-layout-flow wp-block-column-is-layout-flow\">\n<p><strong>Dreieckige Form<\/strong><\/p>\n\n\n\n<p>Das Etikett hat in der Regel die Form eines gleichseitigen Dreiecks, das ein universelles Symbol f\u00fcr Warnung oder Vorsicht ist.<\/p>\n\n\n\n<p><strong>Farbe<\/strong><\/p>\n\n\n\n<p>Das Etikett besteht in der Regel aus schwarzem Text auf gelbem Hintergrund, wobei die Farbe auf eine m\u00f6gliche Gefahr oder ein potenzielles Risiko hinweist.<\/p>\n\n\n\n<p><strong>Lasersymbol<\/strong><\/p>\n\n\n\n<p>In der Mitte des Dreiecks befindet sich in der Regel ein Piktogramm oder Symbol, das einen Laser darstellt. Dieses kann je nach den in Ihrer Region geltenden Kennzeichnungsstandards variieren, sieht jedoch h\u00e4ufig wie eine stilisierte Darstellung eines Sterns aus.<\/p>\n\n\n\n<p><strong>Zus\u00e4tzliche Informationen<\/strong><\/p>\n\n\n\n<p>Je nach Laser und dessen Verwendung k\u00f6nnen auf dem Etikett zus\u00e4tzliche Informationen zur Wellenl\u00e4nge, Leistung oder anderen Sicherheitsvorkehrungen des Lasers angegeben sein.<\/p>\n<\/div>\n\n\n\n<div class=\"wp-block-column is-layout-flow wp-block-column-is-layout-flow\"><div class=\"wp-block-image\">\n<figure class=\"aligncenter size-large is-resized\"><img loading=\"lazy\" decoding=\"async\" width=\"1024\" height=\"1024\" src=\"https:\/\/www.lasermet.com\/de\/wp-content\/uploads\/sites\/3\/2025\/07\/TRI-25X25-1024x1024.png\" alt=\"\" class=\"wp-image-9070\" style=\"width:521px;height:auto\" srcset=\"https:\/\/www.lasermet.com\/de\/wp-content\/uploads\/sites\/3\/2025\/07\/TRI-25X25-1024x1024.png 1024w, https:\/\/www.lasermet.com\/de\/wp-content\/uploads\/sites\/3\/2025\/07\/TRI-25X25-300x300.png 300w, https:\/\/www.lasermet.com\/de\/wp-content\/uploads\/sites\/3\/2025\/07\/TRI-25X25-150x150.png 150w, https:\/\/www.lasermet.com\/de\/wp-content\/uploads\/sites\/3\/2025\/07\/TRI-25X25-768x768.png 768w, https:\/\/www.lasermet.com\/de\/wp-content\/uploads\/sites\/3\/2025\/07\/TRI-25X25-600x600.png 600w, https:\/\/www.lasermet.com\/de\/wp-content\/uploads\/sites\/3\/2025\/07\/TRI-25X25-100x100.png 100w, https:\/\/www.lasermet.com\/de\/wp-content\/uploads\/sites\/3\/2025\/07\/TRI-25X25.png 1134w\" sizes=\"auto, (max-width: 1024px) 100vw, 1024px\" \/><\/figure>\n<\/div><\/div>\n<\/div>\n\n\n\n<div style=\"height:100px\" aria-hidden=\"true\" class=\"wp-block-spacer\"><\/div>\n\n\n\n<h3 class=\"wp-block-heading\">Bestelloptionen<\/h3>\n\n\n\n<p>Laser-Warn-Dreieck-Etiketten sind in 7 verschiedenen Gr\u00f6\u00dfen erh\u00e4ltlich.<\/p>\n\n\n\n<div class=\"wp-block-columns is-layout-flex wp-container-core-columns-is-layout-9d6595d7 wp-block-columns-is-layout-flex\">\n<div class=\"wp-block-column is-layout-flow wp-block-column-is-layout-flow\" style=\"flex-basis:66.66%\"><div class=\"wp-block-image\">\n<figure class=\"aligncenter size-full\"><img loading=\"lazy\" decoding=\"async\" width=\"1490\" height=\"597\" src=\"https:\/\/www.lasermet.com\/de\/wp-content\/uploads\/sites\/3\/2025\/07\/size-triangle.png\" alt=\"Laserwarn-Dreieck in verschiedenen Gr\u00f6\u00dfen, 7 Optionen\" class=\"wp-image-9071\" style=\"object-fit:cover\" srcset=\"https:\/\/www.lasermet.com\/de\/wp-content\/uploads\/sites\/3\/2025\/07\/size-triangle.png 1490w, https:\/\/www.lasermet.com\/de\/wp-content\/uploads\/sites\/3\/2025\/07\/size-triangle-300x120.png 300w, https:\/\/www.lasermet.com\/de\/wp-content\/uploads\/sites\/3\/2025\/07\/size-triangle-1024x410.png 1024w, https:\/\/www.lasermet.com\/de\/wp-content\/uploads\/sites\/3\/2025\/07\/size-triangle-768x308.png 768w, https:\/\/www.lasermet.com\/de\/wp-content\/uploads\/sites\/3\/2025\/07\/size-triangle-600x240.png 600w\" sizes=\"auto, (max-width: 1490px) 100vw, 1490px\" \/><\/figure>\n<\/div><\/div>\n\n\n\n<div class=\"wp-block-column is-vertically-aligned-center is-layout-flow wp-block-column-is-layout-flow\" style=\"flex-basis:33.33%\">\n<ul style=\"border-style:none;border-width:0px;border-radius:37px\" class=\"wp-block-list has-theme-palette-7-background-color has-background\">\n<li>200 x 200 mm<\/li>\n\n\n\n<li>150 x 150 mm<\/li>\n\n\n\n<li>100 x 100 mm<\/li>\n\n\n\n<li style=\"border-radius:0px\">75 x 75 mm<\/li>\n\n\n\n<li>50 x 50 mm<\/li>\n\n\n\n<li>25 x 25 mm<\/li>\n\n\n\n<li>16 x 16 mm<\/li>\n<\/ul>\n<\/div>\n<\/div>\n\n\n\n<p><\/p>\n","protected":false},"excerpt":{"rendered":"<p>Das Lasermet-Laserwarn-Dreieck-Etikett ist ein Sicherheitsschild oder -etikett, das verwendet wird, um auf das Vorhandensein von Lasern oder Laserstrahlung in einem bestimmten Bereich oder an einem Ger\u00e4t hinzuweisen.<\/p>\n<p>Diese Etiketten sind dreieckig gestaltet und mit einem Lasersymbol versehen, um wichtige Informationen \u00fcber Lasergefahren gem\u00e4\u00df internationalen Standards zu vermitteln.<\/p>\n<p><span data-mce-type=\"bookmark\" style=\"width: 0px;overflow: hidden;line-height: 0\" class=\"mce_SELRES_start\">\ufeff<\/span><\/p>\n","protected":false},"featured_media":9070,"comment_status":"open","ping_status":"closed","template":"","meta":{"_acf_changed":false,"_kad_blocks_custom_css":"","_kad_blocks_head_custom_js":"","_kad_blocks_body_custom_js":"","_kad_blocks_footer_custom_js":"","_EventAllDay":false,"_EventTimezone":"","_EventStartDate":"","_EventEndDate":"","_EventStartDateUTC":"","_EventEndDateUTC":"","_EventShowMap":false,"_EventShowMapLink":false,"_EventURL":"","_EventCost":"","_EventCostDescription":"","_EventCurrencySymbol":"","_EventCurrencyCode":"","_EventCurrencyPosition":"","_EventDateTimeSeparator":"","_EventTimeRangeSeparator":"","_EventOrganizerID":[],"_EventVenueID":[],"_OrganizerEmail":"","_OrganizerPhone":"","_OrganizerWebsite":"","_VenueAddress":"","_VenueCity":"","_VenueCountry":"","_VenueProvince":"","_VenueState":"","_VenueZip":"","_VenuePhone":"","_VenueURL":"","_VenueStateProvince":"","_VenueLat":"","_VenueLng":"","_VenueShowMap":false,"_VenueShowMapLink":false,"_kadence_starter_templates_imported_post":false,"_kad_post_transparent":"","_kad_post_title":"","_kad_post_layout":"","_kad_post_sidebar_id":"","_kad_post_content_style":"","_kad_post_vertical_padding":"","_kad_post_feature":"","_kad_post_feature_position":"","_kad_post_header":false,"_kad_post_footer":false,"_kad_post_classname":""},"product_brand":[],"product_cat":[43],"product_tag":[33,35,36,37,48],"class_list":{"0":"post-9034","1":"product","2":"type-product","3":"status-publish","4":"has-post-thumbnail","6":"product_cat-laser-warnschilder","7":"product_tag-aerospace","8":"product_tag-automobilindustrie","9":"product_tag-forschung","10":"product_tag-industriell","11":"product_tag-medizinische","13":"first","14":"instock","15":"shipping-taxable","16":"product-type-simple","17":"entry","18":"content-bg","19":"loop-entry"},"acf":[],"taxonomy_info":{"product_cat":[{"value":43,"label":"Laser-Warnschilder"}],"product_tag":[{"value":33,"label":"Aerospace"},{"value":35,"label":"Automobilindustrie"},{"value":36,"label":"Forschung und Entwicklung"},{"value":37,"label":"Industriell"},{"value":48,"label":"Medizinische"}]},"featured_image_src_large":["https:\/\/www.lasermet.com\/de\/wp-content\/uploads\/sites\/3\/2025\/07\/TRI-25X25-1024x1024.png",1024,1024,true],"author_info":[],"comment_info":0,"_links":{"self":[{"href":"https:\/\/www.lasermet.com\/de\/wp-json\/wp\/v2\/product\/9034","targetHints":{"allow":["GET"]}}],"collection":[{"href":"https:\/\/www.lasermet.com\/de\/wp-json\/wp\/v2\/product"}],"about":[{"href":"https:\/\/www.lasermet.com\/de\/wp-json\/wp\/v2\/types\/product"}],"replies":[{"embeddable":true,"href":"https:\/\/www.lasermet.com\/de\/wp-json\/wp\/v2\/comments?post=9034"}],"wp:featuredmedia":[{"embeddable":true,"href":"https:\/\/www.lasermet.com\/de\/wp-json\/wp\/v2\/media\/9070"}],"wp:attachment":[{"href":"https:\/\/www.lasermet.com\/de\/wp-json\/wp\/v2\/media?parent=9034"}],"wp:term":[{"taxonomy":"product_brand","embeddable":true,"href":"https:\/\/www.lasermet.com\/de\/wp-json\/wp\/v2\/product_brand?post=9034"},{"taxonomy":"product_cat","embeddable":true,"href":"https:\/\/www.lasermet.com\/de\/wp-json\/wp\/v2\/product_cat?post=9034"},{"taxonomy":"product_tag","embeddable":true,"href":"https:\/\/www.lasermet.com\/de\/wp-json\/wp\/v2\/product_tag?post=9034"}],"curies":[{"name":"wp","href":"https:\/\/api.w.org\/{rel}","templated":true}]}}