{"id":9033,"date":"2025-07-28T09:08:41","date_gmt":"2025-07-28T09:08:41","guid":{"rendered":"https:\/\/www.lasermet.com\/de\/?post_type=product&#038;p=9033"},"modified":"2025-07-31T05:25:21","modified_gmt":"2025-07-31T05:25:21","slug":"verriegelte-gehaeuse-kennzeichnung","status":"publish","type":"product","link":"https:\/\/www.lasermet.com\/de\/laserschutzprodukte\/verriegelte-gehaeuse-kennzeichnung\/","title":{"rendered":"Verriegelte Geh\u00e4use-Kennzeichnung"},"content":{"rendered":"\n<h2 class=\"wp-block-heading\">Label-Teilenummernmatrix<\/h2>\n\n\n<div class=\"wp-block-image\">\n<figure class=\"aligncenter size-large\"><img loading=\"lazy\" decoding=\"async\" width=\"1024\" height=\"605\" src=\"https:\/\/www.lasermet.com\/de\/wp-content\/uploads\/sites\/3\/2025\/07\/Label-Part-Number-Matrix-1.png-1024x605.webp\" alt=\"\" class=\"wp-image-9072\" srcset=\"https:\/\/www.lasermet.com\/de\/wp-content\/uploads\/sites\/3\/2025\/07\/Label-Part-Number-Matrix-1.png-1024x605.webp 1024w, https:\/\/www.lasermet.com\/de\/wp-content\/uploads\/sites\/3\/2025\/07\/Label-Part-Number-Matrix-1.png-300x177.webp 300w, https:\/\/www.lasermet.com\/de\/wp-content\/uploads\/sites\/3\/2025\/07\/Label-Part-Number-Matrix-1.png-768x454.webp 768w, https:\/\/www.lasermet.com\/de\/wp-content\/uploads\/sites\/3\/2025\/07\/Label-Part-Number-Matrix-1.png-600x354.webp 600w, https:\/\/www.lasermet.com\/de\/wp-content\/uploads\/sites\/3\/2025\/07\/Label-Part-Number-Matrix-1.png.webp 1336w\" sizes=\"auto, (max-width: 1024px) 100vw, 1024px\" \/><\/figure>\n<\/div>\n\n\n<p>Ein Verriegelungsetikett ist ein Warn- oder Sicherheitsetikett, das an Ger\u00e4ten, Maschinen oder Geh\u00e4usen angebracht wird, die \u00fcber Verriegelungsmechanismen zur Erh\u00f6hung der Sicherheit verf\u00fcgen. Diese Etiketten enthalten Informationen und Anweisungen zu den Verriegelungsfunktionen und sind f\u00fcr die Anleitung von Benutzern oder Bedienern zur sicheren Verwendung der Ger\u00e4te von entscheidender Bedeutung.<\/p>\n\n\n\n<p>Verriegelungsetiketten sind unerl\u00e4sslich f\u00fcr die F\u00f6rderung der sicheren Verwendung von Maschinen und Ger\u00e4ten in verschiedenen Umgebungen, darunter Industrie, Fertigung und Bauwesen. Verriegelungsmechanismen tragen zur Unfallverh\u00fctung bei, indem sie sicherstellen, dass bestimmte Sicherheitsbedingungen erf\u00fcllt sind, bevor Ger\u00e4te bedient oder betreten werden k\u00f6nnen. Diese Etiketten dienen als visuelle Erinnerung an Sicherheitsvorschriften und bieten Anwendern Anleitungen zur ordnungsgem\u00e4\u00dfen Verwendung von Verriegelungen, wodurch letztlich die Sicherheit von Ger\u00e4tebedienern und anderen Personen in der Umgebung gew\u00e4hrleistet wird.<\/p>\n\n\n\n<div style=\"height:73px\" aria-hidden=\"true\" class=\"wp-block-spacer\"><\/div>\n\n\n\n<div class=\"wp-block-columns is-layout-flex wp-container-core-columns-is-layout-9d6595d7 wp-block-columns-is-layout-flex\">\n<div class=\"wp-block-column is-layout-flow wp-block-column-is-layout-flow\">\n<p><strong>Safety Warning<\/strong><\/p>\n\n\n\n<p>Auf den Etiketten der verriegelten Geh\u00e4use ist h\u00e4ufig ein gut sichtbarer Sicherheitshinweis oder ein Warnsymbol angebracht, um Personen auf m\u00f6gliche Gefahren im Zusammenhang mit dem Ger\u00e4t aufmerksam zu machen.<\/p>\n\n\n\n<p><strong>Beschreibung der Verriegelung<\/strong><\/p>\n\n\n\n<p>Auf dem Etikett werden die spezifischen Verriegelungsmechanismen oder Sicherheitsmerkmale der Ausr\u00fcstung beschrieben. Diese Beschreibung kann Details zur Funktionsweise der Verriegelung, zu den Bedingungen, unter denen sie aktiviert oder deaktiviert wird, und zu den f\u00fcr einen sicheren Betrieb erforderlichen Ma\u00dfnahmen enthalten.<\/p>\n\n\n\n<p><strong>Bedienungsanleitung<\/strong><\/p>\n\n\n\n<p>Um einen sicheren Betrieb zu gew\u00e4hrleisten, kann das Etikett Schritt-f\u00fcr-Schritt-Anweisungen zum ordnungsgem\u00e4\u00dfen Ein- und Ausschalten der Verriegelung enthalten. Dies ist besonders wichtig, um Unf\u00e4lle durch Umgehen der Sicherheitsvorrichtungen zu vermeiden.<\/p>\n\n\n\n<p>Um Benutzer davon abzuhalten, Verriegelungen zu umgehen oder zu manipulieren, kann das Etikett Warnhinweise zu m\u00f6glichen Folgen wie Verletzungen, Ger\u00e4tesch\u00e4den oder Rechtsverst\u00f6\u00dfen enthalten.<\/p>\n<\/div>\n\n\n\n<div class=\"wp-block-column is-layout-flow wp-block-column-is-layout-flow\"><div class=\"wp-block-image\">\n<figure class=\"aligncenter size-large\"><img loading=\"lazy\" decoding=\"async\" width=\"1024\" height=\"1024\" src=\"https:\/\/www.lasermet.com\/de\/wp-content\/uploads\/sites\/3\/2025\/07\/IHC4-32X16-1024x1024.png\" alt=\"Gefahrenklasse 4 Laserstrahlungswarnschild.\" class=\"wp-image-9075\" srcset=\"https:\/\/www.lasermet.com\/de\/wp-content\/uploads\/sites\/3\/2025\/07\/IHC4-32X16-1024x1024.png 1024w, https:\/\/www.lasermet.com\/de\/wp-content\/uploads\/sites\/3\/2025\/07\/IHC4-32X16-300x300.png 300w, https:\/\/www.lasermet.com\/de\/wp-content\/uploads\/sites\/3\/2025\/07\/IHC4-32X16-150x150.png 150w, https:\/\/www.lasermet.com\/de\/wp-content\/uploads\/sites\/3\/2025\/07\/IHC4-32X16-768x768.png 768w, https:\/\/www.lasermet.com\/de\/wp-content\/uploads\/sites\/3\/2025\/07\/IHC4-32X16-600x600.png 600w, https:\/\/www.lasermet.com\/de\/wp-content\/uploads\/sites\/3\/2025\/07\/IHC4-32X16-100x100.png 100w, https:\/\/www.lasermet.com\/de\/wp-content\/uploads\/sites\/3\/2025\/07\/IHC4-32X16.png 1134w\" sizes=\"auto, (max-width: 1024px) 100vw, 1024px\" \/><\/figure>\n<\/div><\/div>\n<\/div>\n\n\n\n<div style=\"height:100px\" aria-hidden=\"true\" class=\"wp-block-spacer\"><\/div>\n\n\n\n<h2 class=\"wp-block-heading\">Bestelloptionen<\/h2>\n\n\n\n<p>Interlocked Housing Labels sind in f\u00fcnf verschiedenen Gr\u00f6\u00dfen erh\u00e4ltlich.<\/p>\n\n\n<div class=\"wp-block-image\">\n<figure class=\"aligncenter size-full\"><img loading=\"lazy\" decoding=\"async\" width=\"892\" height=\"515\" src=\"https:\/\/www.lasermet.com\/de\/wp-content\/uploads\/sites\/3\/2025\/07\/Size-diff2.png\" alt=\"Bestelloptionen f\u00fcr Laserprodukte der Klasse 1 Gr\u00f6\u00dfenauswahl\" class=\"wp-image-9073\" srcset=\"https:\/\/www.lasermet.com\/de\/wp-content\/uploads\/sites\/3\/2025\/07\/Size-diff2.png 892w, https:\/\/www.lasermet.com\/de\/wp-content\/uploads\/sites\/3\/2025\/07\/Size-diff2-300x173.png 300w, https:\/\/www.lasermet.com\/de\/wp-content\/uploads\/sites\/3\/2025\/07\/Size-diff2-768x443.png 768w, https:\/\/www.lasermet.com\/de\/wp-content\/uploads\/sites\/3\/2025\/07\/Size-diff2-600x346.png 600w\" sizes=\"auto, (max-width: 892px) 100vw, 892px\" \/><\/figure>\n<\/div>","protected":false},"excerpt":{"rendered":"<p>Verriegelte Geh\u00e4use Alle verriegelten Panels, die beim \u00d6ffnen Zugang zu Strahlung \u00fcber Klasse 1 hinaus gew\u00e4hren, wenn die Verriegelung au\u00dfer Kraft gesetzt wird, m\u00fcssen mit einem Etikett versehen sein. Das Etikett sollte in unmittelbarer N\u00e4he der \u00d6ffnung angebracht werden und vor und w\u00e4hrend der Au\u00dferkraftsetzung der Verriegelung sichtbar sein.<\/p>\n<p>W\u00e4hlen Sie eine Option f\u00fcr die Vorschau aus.<\/p>\n","protected":false},"featured_media":9076,"comment_status":"open","ping_status":"closed","template":"","meta":{"_acf_changed":false,"_kad_blocks_custom_css":"","_kad_blocks_head_custom_js":"","_kad_blocks_body_custom_js":"","_kad_blocks_footer_custom_js":"","_EventAllDay":false,"_EventTimezone":"","_EventStartDate":"","_EventEndDate":"","_EventStartDateUTC":"","_EventEndDateUTC":"","_EventShowMap":false,"_EventShowMapLink":false,"_EventURL":"","_EventCost":"","_EventCostDescription":"","_EventCurrencySymbol":"","_EventCurrencyCode":"","_EventCurrencyPosition":"","_EventDateTimeSeparator":"","_EventTimeRangeSeparator":"","_EventOrganizerID":[],"_EventVenueID":[],"_OrganizerEmail":"","_OrganizerPhone":"","_OrganizerWebsite":"","_VenueAddress":"","_VenueCity":"","_VenueCountry":"","_VenueProvince":"","_VenueState":"","_VenueZip":"","_VenuePhone":"","_VenueURL":"","_VenueStateProvince":"","_VenueLat":"","_VenueLng":"","_VenueShowMap":false,"_VenueShowMapLink":false,"_kadence_starter_templates_imported_post":false,"_kad_post_transparent":"","_kad_post_title":"","_kad_post_layout":"","_kad_post_sidebar_id":"","_kad_post_content_style":"","_kad_post_vertical_padding":"","_kad_post_feature":"","_kad_post_feature_position":"","_kad_post_header":false,"_kad_post_footer":false,"_kad_post_classname":""},"product_brand":[],"product_cat":[43],"product_tag":[33,35,36,37],"class_list":{"0":"post-9033","1":"product","2":"type-product","3":"status-publish","4":"has-post-thumbnail","6":"product_cat-laser-warnschilder","7":"product_tag-aerospace","8":"product_tag-automobilindustrie","9":"product_tag-forschung","10":"product_tag-industriell","12":"first","13":"instock","14":"shipping-taxable","15":"product-type-simple","16":"entry","17":"content-bg","18":"loop-entry"},"acf":[],"taxonomy_info":{"product_cat":[{"value":43,"label":"Laser-Warnschilder"}],"product_tag":[{"value":33,"label":"Aerospace"},{"value":35,"label":"Automobilindustrie"},{"value":36,"label":"Forschung und Entwicklung"},{"value":37,"label":"Industriell"}]},"featured_image_src_large":["https:\/\/www.lasermet.com\/de\/wp-content\/uploads\/sites\/3\/2025\/07\/HOUSING-1024x1024.png",1024,1024,true],"author_info":[],"comment_info":0,"_links":{"self":[{"href":"https:\/\/www.lasermet.com\/de\/wp-json\/wp\/v2\/product\/9033","targetHints":{"allow":["GET"]}}],"collection":[{"href":"https:\/\/www.lasermet.com\/de\/wp-json\/wp\/v2\/product"}],"about":[{"href":"https:\/\/www.lasermet.com\/de\/wp-json\/wp\/v2\/types\/product"}],"replies":[{"embeddable":true,"href":"https:\/\/www.lasermet.com\/de\/wp-json\/wp\/v2\/comments?post=9033"}],"wp:featuredmedia":[{"embeddable":true,"href":"https:\/\/www.lasermet.com\/de\/wp-json\/wp\/v2\/media\/9076"}],"wp:attachment":[{"href":"https:\/\/www.lasermet.com\/de\/wp-json\/wp\/v2\/media?parent=9033"}],"wp:term":[{"taxonomy":"product_brand","embeddable":true,"href":"https:\/\/www.lasermet.com\/de\/wp-json\/wp\/v2\/product_brand?post=9033"},{"taxonomy":"product_cat","embeddable":true,"href":"https:\/\/www.lasermet.com\/de\/wp-json\/wp\/v2\/product_cat?post=9033"},{"taxonomy":"product_tag","embeddable":true,"href":"https:\/\/www.lasermet.com\/de\/wp-json\/wp\/v2\/product_tag?post=9033"}],"curies":[{"name":"wp","href":"https:\/\/api.w.org\/{rel}","templated":true}]}}