{"id":9032,"date":"2025-07-28T09:39:37","date_gmt":"2025-07-28T09:39:37","guid":{"rendered":"https:\/\/www.lasermet.com\/de\/?post_type=product&#038;p=9032"},"modified":"2025-07-30T02:32:35","modified_gmt":"2025-07-30T02:32:35","slug":"protective-housing-label","status":"publish","type":"product","link":"https:\/\/www.lasermet.com\/de\/laserschutzprodukte\/protective-housing-label\/","title":{"rendered":"Schutzgeh\u00e4use-Etikett"},"content":{"rendered":"\n<div style=\"height:100px\" aria-hidden=\"true\" class=\"wp-block-spacer\"><\/div>\n\n\n\n<h2 class=\"wp-block-heading\">Label-Teilenummernmatrix<\/h2>\n\n\n<div class=\"wp-block-image\">\n<figure class=\"aligncenter size-large\"><img loading=\"lazy\" decoding=\"async\" width=\"1024\" height=\"605\" src=\"https:\/\/www.lasermet.com\/de\/wp-content\/uploads\/sites\/3\/2025\/07\/Label-Part-Number-Matrix-1.png-1024x605.webp\" alt=\"\" class=\"wp-image-9072\" srcset=\"https:\/\/www.lasermet.com\/de\/wp-content\/uploads\/sites\/3\/2025\/07\/Label-Part-Number-Matrix-1.png-1024x605.webp 1024w, https:\/\/www.lasermet.com\/de\/wp-content\/uploads\/sites\/3\/2025\/07\/Label-Part-Number-Matrix-1.png-300x177.webp 300w, https:\/\/www.lasermet.com\/de\/wp-content\/uploads\/sites\/3\/2025\/07\/Label-Part-Number-Matrix-1.png-768x454.webp 768w, https:\/\/www.lasermet.com\/de\/wp-content\/uploads\/sites\/3\/2025\/07\/Label-Part-Number-Matrix-1.png-600x354.webp 600w, https:\/\/www.lasermet.com\/de\/wp-content\/uploads\/sites\/3\/2025\/07\/Label-Part-Number-Matrix-1.png.webp 1336w\" sizes=\"auto, (max-width: 1024px) 100vw, 1024px\" \/><\/figure>\n<\/div>\n\n\n<div style=\"height:100px\" aria-hidden=\"true\" class=\"wp-block-spacer\"><\/div>\n\n\n\n<p>Ein Schutzgeh\u00e4useetikett, oft auch als \u201eSchutzgeh\u00e4useaufkleber\u201c oder \u201eSicherheitsgeh\u00e4useetikett\u201c bezeichnet, ist ein Warnetikett oder eine Kennzeichnung, die an oder in der N\u00e4he von Schutzgeh\u00e4usen oder Geh\u00e4usen angebracht wird, die Ger\u00e4te oder Maschinen umgeben. Diese Etiketten enthalten wichtige Informationen zum Schutzgeh\u00e4use und zu den damit verbundenen Sicherheitsvorkehrungen.<\/p>\n\n\n\n<p>Schutzgeh\u00e4useetiketten sind unerl\u00e4sslich, um sichere Arbeitspraktiken bei der Arbeit mit Ger\u00e4ten oder Maschinen zu f\u00f6rdern, die in Schutzgeh\u00e4usen untergebracht sind. Diese Etiketten dienen als visuelle Erinnerung an Sicherheitsvorschriften und liefern wichtige Informationen \u00fcber die Funktionsweise und den Zweck des Geh\u00e4uses. Durch Befolgen der auf diesen Etiketten angegebenen Hinweise k\u00f6nnen Personen dazu beitragen, ihre eigene Sicherheit und die Sicherheit anderer bei der Arbeit mit geschlossenen Ger\u00e4ten zu gew\u00e4hrleisten, insbesondere in Industrie-, Fertigungs- und Bauumgebungen.<\/p>\n\n\n\n<div style=\"height:100px\" aria-hidden=\"true\" class=\"wp-block-spacer\"><\/div>\n\n\n\n<div class=\"wp-block-columns is-layout-flex wp-container-core-columns-is-layout-9d6595d7 wp-block-columns-is-layout-flex\">\n<div class=\"wp-block-column is-layout-flow wp-block-column-is-layout-flow\">\n<p><strong>Sicherheitswarnung<\/strong><\/p>\n\n\n\n<p>Auf Schutzgeh\u00e4useetiketten sind gut sichtbar Sicherheitswarnungen oder Warnsymbole angebracht, um Personen auf m\u00f6gliche Gefahren im Zusammenhang mit den im Schutzgeh\u00e4use untergebrachten Ger\u00e4ten oder Maschinen hinzuweisen.<\/p>\n\n\n\n<p><strong>Farbe<\/strong><\/p>\n\n\n\n<p>Das Etikett ist in der Regel farblich gekennzeichnet, um auf m\u00f6gliche Gefahren hinzuweisen. Standardm\u00e4\u00dfig ist es gelb mit schwarzem Text.<\/p>\n\n\n\n<p><strong>Beschreibung des Geh\u00e4uses<\/strong><\/p>\n\n\n\n<p>Das Etikett kann den Zweck und die Eigenschaften des Schutzgeh\u00e4uses beschreiben, einschlie\u00dflich Informationen \u00fcber die verwendeten Materialien, seine Konstruktion und seine vorgesehene Schutzfunktion.<\/p>\n\n\n\n<p><strong>Zugriffsanweisungen<\/strong><\/p>\n\n\n\n<p>Um einen sicheren Betrieb und eine sichere Wartung zu gew\u00e4hrleisten, kann das Etikett Anweisungen zum richtigen Zugriff auf oder \u00d6ffnen des Schutzgeh\u00e4uses enthalten. Dies ist besonders wichtig, wenn Personen Wartungs-, Reparatur- oder Einstellungsarbeiten an den darin enthaltenen Ger\u00e4ten durchf\u00fchren m\u00fcssen.<\/p>\n<\/div>\n\n\n\n<div class=\"wp-block-column is-layout-flow wp-block-column-is-layout-flow\">\n<figure class=\"wp-block-image size-large\"><img loading=\"lazy\" decoding=\"async\" width=\"1024\" height=\"1024\" src=\"https:\/\/www.lasermet.com\/de\/wp-content\/uploads\/sites\/3\/2025\/07\/PHC4-01-50X25-1024x1024.png\" alt=\"danger class 4 laser radiation label\" class=\"wp-image-9078\" srcset=\"https:\/\/www.lasermet.com\/de\/wp-content\/uploads\/sites\/3\/2025\/07\/PHC4-01-50X25-1024x1024.png 1024w, https:\/\/www.lasermet.com\/de\/wp-content\/uploads\/sites\/3\/2025\/07\/PHC4-01-50X25-300x300.png 300w, https:\/\/www.lasermet.com\/de\/wp-content\/uploads\/sites\/3\/2025\/07\/PHC4-01-50X25-150x150.png 150w, https:\/\/www.lasermet.com\/de\/wp-content\/uploads\/sites\/3\/2025\/07\/PHC4-01-50X25-768x768.png 768w, https:\/\/www.lasermet.com\/de\/wp-content\/uploads\/sites\/3\/2025\/07\/PHC4-01-50X25-600x600.png 600w, https:\/\/www.lasermet.com\/de\/wp-content\/uploads\/sites\/3\/2025\/07\/PHC4-01-50X25-100x100.png 100w, https:\/\/www.lasermet.com\/de\/wp-content\/uploads\/sites\/3\/2025\/07\/PHC4-01-50X25.png 1134w\" sizes=\"auto, (max-width: 1024px) 100vw, 1024px\" \/><\/figure>\n<\/div>\n<\/div>\n\n\n\n<div style=\"height:70px\" aria-hidden=\"true\" class=\"wp-block-spacer\"><\/div>\n\n\n\n<h3 class=\"wp-block-heading\">Bestelloptionen<\/h3>\n\n\n\n<p>Schutzgeh\u00e4use-Etiketten sind in f\u00fcnf verschiedenen Gr\u00f6\u00dfen erh\u00e4ltlich.<\/p>\n\n\n<div class=\"wp-block-image\">\n<figure class=\"aligncenter size-full\"><img decoding=\"async\" src=\"https:\/\/www.lasermet.com\/wp-content\/uploads\/2023\/10\/protective-housing-1.png\" alt=\"Protective Housing Label in different ordering options.\" class=\"wp-image-12412\" style=\"object-fit:cover\" \/><\/figure>\n<\/div>\n\n\n<p><\/p>\n","protected":false},"excerpt":{"rendered":"<p><span data-mce-type=\"bookmark\" style=\"width: 0px;overflow: hidden;line-height: 0\" class=\"mce_SELRES_start\">\ufeff<\/span>Schutzgeh\u00e4use-Etiketten sind auf allen Abdeckungen oder Anschl\u00fcssen erforderlich, die beim Entfernen, \u00d6ffnen oder Verschieben Zugang zu Strahlung \u00fcber Klasse 1 gew\u00e4hren. Die Klasse dieses Etiketts wird durch die Klasse der Laserstrahlung bestimmt, die nach dem \u00d6ffnen der Abdeckung zug\u00e4nglich ist.<\/p>\n<p>W\u00e4hlen Sie eine der folgenden Optionen aus, um eine Vorschau anzuzeigen.<\/p>\n<p><span data-mce-type=\"bookmark\" style=\"width: 0px;overflow: hidden;line-height: 0\" class=\"mce_SELRES_end\">\ufeff<\/span><\/p>\n","protected":false},"featured_media":9079,"comment_status":"open","ping_status":"closed","template":"","meta":{"_acf_changed":false,"_kad_blocks_custom_css":"","_kad_blocks_head_custom_js":"","_kad_blocks_body_custom_js":"","_kad_blocks_footer_custom_js":"","_EventAllDay":false,"_EventTimezone":"","_EventStartDate":"","_EventEndDate":"","_EventStartDateUTC":"","_EventEndDateUTC":"","_EventShowMap":false,"_EventShowMapLink":false,"_EventURL":"","_EventCost":"","_EventCostDescription":"","_EventCurrencySymbol":"","_EventCurrencyCode":"","_EventCurrencyPosition":"","_EventDateTimeSeparator":"","_EventTimeRangeSeparator":"","_EventOrganizerID":[],"_EventVenueID":[],"_OrganizerEmail":"","_OrganizerPhone":"","_OrganizerWebsite":"","_VenueAddress":"","_VenueCity":"","_VenueCountry":"","_VenueProvince":"","_VenueState":"","_VenueZip":"","_VenuePhone":"","_VenueURL":"","_VenueStateProvince":"","_VenueLat":"","_VenueLng":"","_VenueShowMap":false,"_VenueShowMapLink":false,"_kadence_starter_templates_imported_post":false,"_kad_post_transparent":"","_kad_post_title":"","_kad_post_layout":"","_kad_post_sidebar_id":"","_kad_post_content_style":"","_kad_post_vertical_padding":"","_kad_post_feature":"","_kad_post_feature_position":"","_kad_post_header":false,"_kad_post_footer":false,"_kad_post_classname":""},"product_brand":[],"product_cat":[43],"product_tag":[33,35,36,48],"class_list":{"0":"post-9032","1":"product","2":"type-product","3":"status-publish","4":"has-post-thumbnail","6":"product_cat-laser-warnschilder","7":"product_tag-aerospace","8":"product_tag-automobilindustrie","9":"product_tag-forschung","10":"product_tag-medizinische","12":"first","13":"instock","14":"shipping-taxable","15":"product-type-simple","16":"entry","17":"content-bg","18":"loop-entry"},"acf":[],"taxonomy_info":{"product_cat":[{"value":43,"label":"Laser-Warnschilder"}],"product_tag":[{"value":33,"label":"Aerospace"},{"value":35,"label":"Automobilindustrie"},{"value":36,"label":"Forschung und Entwicklung"},{"value":48,"label":"Medizinische"}]},"featured_image_src_large":["https:\/\/www.lasermet.com\/de\/wp-content\/uploads\/sites\/3\/2025\/07\/HOUSING-1-1024x1024.png",1024,1024,true],"author_info":[],"comment_info":0,"_links":{"self":[{"href":"https:\/\/www.lasermet.com\/de\/wp-json\/wp\/v2\/product\/9032","targetHints":{"allow":["GET"]}}],"collection":[{"href":"https:\/\/www.lasermet.com\/de\/wp-json\/wp\/v2\/product"}],"about":[{"href":"https:\/\/www.lasermet.com\/de\/wp-json\/wp\/v2\/types\/product"}],"replies":[{"embeddable":true,"href":"https:\/\/www.lasermet.com\/de\/wp-json\/wp\/v2\/comments?post=9032"}],"wp:featuredmedia":[{"embeddable":true,"href":"https:\/\/www.lasermet.com\/de\/wp-json\/wp\/v2\/media\/9079"}],"wp:attachment":[{"href":"https:\/\/www.lasermet.com\/de\/wp-json\/wp\/v2\/media?parent=9032"}],"wp:term":[{"taxonomy":"product_brand","embeddable":true,"href":"https:\/\/www.lasermet.com\/de\/wp-json\/wp\/v2\/product_brand?post=9032"},{"taxonomy":"product_cat","embeddable":true,"href":"https:\/\/www.lasermet.com\/de\/wp-json\/wp\/v2\/product_cat?post=9032"},{"taxonomy":"product_tag","embeddable":true,"href":"https:\/\/www.lasermet.com\/de\/wp-json\/wp\/v2\/product_tag?post=9032"}],"curies":[{"name":"wp","href":"https:\/\/api.w.org\/{rel}","templated":true}]}}