{"id":9031,"date":"2025-07-30T02:30:19","date_gmt":"2025-07-30T02:30:19","guid":{"rendered":"https:\/\/www.lasermet.com\/de\/?post_type=product&#038;p=9031"},"modified":"2025-07-30T02:33:59","modified_gmt":"2025-07-30T02:33:59","slug":"laser-apertur-etikett","status":"publish","type":"product","link":"https:\/\/www.lasermet.com\/de\/laserschutzprodukte\/laser-apertur-etikett\/","title":{"rendered":"Laser-Apertur-Etikett"},"content":{"rendered":"\n<div style=\"height:68px\" aria-hidden=\"true\" class=\"wp-block-spacer\"><\/div>\n\n\n\n<h2 class=\"wp-block-heading\">Apertur-Etiketten f\u00fcr Laserprodukte<\/h2>\n\n\n\n<div style=\"height:37px\" aria-hidden=\"true\" class=\"wp-block-spacer\"><\/div>\n\n\n<div class=\"wp-block-image\">\n<figure class=\"aligncenter size-large\"><img loading=\"lazy\" decoding=\"async\" width=\"1024\" height=\"377\" src=\"https:\/\/www.lasermet.com\/de\/wp-content\/uploads\/sites\/3\/2025\/07\/handheldlaserwelding-1024x377.png\" alt=\"Handheld-Laserschwei\u00dfen mit Blendenmarkierung\" class=\"wp-image-9092\" srcset=\"https:\/\/www.lasermet.com\/de\/wp-content\/uploads\/sites\/3\/2025\/07\/handheldlaserwelding-1024x377.png 1024w, https:\/\/www.lasermet.com\/de\/wp-content\/uploads\/sites\/3\/2025\/07\/handheldlaserwelding-300x111.png 300w, https:\/\/www.lasermet.com\/de\/wp-content\/uploads\/sites\/3\/2025\/07\/handheldlaserwelding-768x283.png 768w, https:\/\/www.lasermet.com\/de\/wp-content\/uploads\/sites\/3\/2025\/07\/handheldlaserwelding-600x221.png 600w, https:\/\/www.lasermet.com\/de\/wp-content\/uploads\/sites\/3\/2025\/07\/handheldlaserwelding.png 1390w\" sizes=\"auto, (max-width: 1024px) 100vw, 1024px\" \/><\/figure>\n<\/div>\n\n\n<div style=\"height:55px\" aria-hidden=\"true\" class=\"wp-block-spacer\"><\/div>\n\n\n\n<div class=\"wp-block-columns is-layout-flex wp-container-core-columns-is-layout-9d6595d7 wp-block-columns-is-layout-flex\">\n<div class=\"wp-block-column has-theme-palette-7-background-color has-background is-layout-flow wp-block-column-is-layout-flow\" style=\"border-radius:15px;padding-top:var(--wp--preset--spacing--30);padding-right:var(--wp--preset--spacing--30);padding-bottom:var(--wp--preset--spacing--30);padding-left:var(--wp--preset--spacing--30)\">\n<h5 class=\"wp-block-heading has-text-align-center has--font-size\"><strong>Location<\/strong><\/h5>\n\n\n\n<p class=\"has-text-align-center\">Die Laser\u00f6ffnung befindet sich in der Regel an der Vorderseite oder am Ausgangsende des Laserger\u00e4ts. Dort tritt der Laserstrahl aus dem Lasersystem aus und breitet sich in die Umgebung aus.<\/p>\n<\/div>\n\n\n\n<div class=\"wp-block-column has-theme-palette-7-background-color has-background is-layout-flow wp-block-column-is-layout-flow\" style=\"border-radius:15px;padding-top:var(--wp--preset--spacing--30);padding-right:var(--wp--preset--spacing--30);padding-bottom:var(--wp--preset--spacing--30);padding-left:var(--wp--preset--spacing--30)\">\n<h5 class=\"wp-block-heading has-text-align-center\"><strong>Form und Gr\u00f6\u00dfe<\/strong><\/h5>\n\n\n\n<p class=\"has-text-align-center\">Die Form und Gr\u00f6\u00dfe der Apertur kann je nach Typ und Bauart des Lasersystems variieren. Sie kann kreisf\u00f6rmig, rechteckig oder eine andere geometrische Form haben. Die Gr\u00f6\u00dfe der Apertur kann den Durchmesser oder die Querschnittsfl\u00e4che des Laserstrahls bestimmen.<\/p>\n<\/div>\n<\/div>\n\n\n\n<div style=\"height:19px\" aria-hidden=\"true\" class=\"wp-block-spacer\"><\/div>\n\n\n\n<div class=\"wp-block-group has-theme-palette-7-background-color has-background is-vertical is-content-justification-center is-layout-flex wp-container-core-group-is-layout-4b2eccd6 wp-block-group-is-layout-flex\" style=\"border-radius:15px\">\n<h5 class=\"wp-block-heading has-text-align-center\">Label-Standards<\/h5>\n\n\n\n<p class=\"has-text-align-center\">Die Form und Gr\u00f6\u00dfe der Blende kann je nach Typ und Bauart des Lasersystems variieren. Sie kann kreisf\u00f6rmig, rechteckig oder eine andere geometrische Form haben. Die Gr\u00f6\u00dfe der Blende kann den Durchmesser oder die Querschnittsfl\u00e4che des Laserstrahls bestimmen.<\/p>\n<\/div>\n\n\n\n<div style=\"height:50px\" aria-hidden=\"true\" class=\"wp-block-spacer\"><\/div>\n\n\n\n<div class=\"wp-block-columns is-layout-flex wp-container-core-columns-is-layout-9d6595d7 wp-block-columns-is-layout-flex\">\n<div class=\"wp-block-column has-theme-palette-7-background-color has-background is-layout-flow wp-block-column-is-layout-flow\" style=\"border-radius:15px;padding-top:var(--wp--preset--spacing--30);padding-right:var(--wp--preset--spacing--30);padding-bottom:var(--wp--preset--spacing--30);padding-left:var(--wp--preset--spacing--30)\">\n<h5 class=\"wp-block-heading has-text-align-center\"><strong>Anwendungen<\/strong><\/h5>\n\n\n\n<p class=\"has-text-align-center\">Das Design und die Funktion der Laserblende k\u00f6nnen je nach der spezifischen Anwendung des Lasersystems variieren. Beispielsweise kann die Blende in Laserschneid- und Schwei\u00dfsystemen mit Optiken integriert sein, um den Laserstrahl f\u00fcr die Materialbearbeitung zu fokussieren.<\/p>\n<\/div>\n\n\n\n<div class=\"wp-block-column has-theme-palette-7-background-color has-background is-layout-flow wp-block-column-is-layout-flow\" style=\"border-radius:15px;padding-top:var(--wp--preset--spacing--30);padding-right:var(--wp--preset--spacing--30);padding-bottom:var(--wp--preset--spacing--30);padding-left:var(--wp--preset--spacing--30)\">\n<h5 class=\"wp-block-heading has-text-align-center\"><strong>Laser-Klassifizierungen<\/strong><\/h5>\n\n\n\n<p class=\"has-text-align-center\">Informationen zur Klassifizierung des Lasers, wie z. B. Klasse 1, Klasse 2, Klasse 3A, Klasse 3B oder Klasse 4, sind h\u00e4ufig in der N\u00e4he der Laser\u00f6ffnung angegeben. Diese Klassifizierung gibt Aufschluss \u00fcber die Sicherheit und m\u00f6gliche Gefahren des Lasers.<\/p>\n<\/div>\n<\/div>\n\n\n\n<div style=\"height:50px\" aria-hidden=\"true\" class=\"wp-block-spacer\"><\/div>\n\n\n\n<h3 class=\"wp-block-heading\">Bestelloptionen<\/h3>\n\n\n\n<p>Die Etiketten sind in f\u00fcnf verschiedenen Gr\u00f6\u00dfen erh\u00e4ltlich.<\/p>\n\n\n\n<div class=\"wp-block-columns is-layout-flex wp-container-core-columns-is-layout-9d6595d7 wp-block-columns-is-layout-flex\">\n<div class=\"wp-block-column is-layout-flow wp-block-column-is-layout-flow\" style=\"flex-basis:66.66%\"><div class=\"wp-block-image\">\n<figure class=\"aligncenter size-full\"><img decoding=\"async\" src=\"https:\/\/www.lasermet.com\/wp-content\/uploads\/2023\/10\/Size-diff-LA.png\" alt=\"Verschiedene Gr\u00f6\u00dfen von Laser-Apertur-Etiketten\" class=\"wp-image-12406\" style=\"object-fit:cover\" \/><\/figure>\n<\/div><\/div>\n\n\n\n<div class=\"wp-block-column is-vertically-aligned-center is-layout-flow wp-block-column-is-layout-flow\" style=\"border-style:none;border-width:0px;border-radius:21px;padding-top:var(--wp--preset--spacing--50);padding-right:var(--wp--preset--spacing--70);padding-bottom:var(--wp--preset--spacing--50);padding-left:var(--wp--preset--spacing--70);flex-basis:33.33%\">\n<ul class=\"wp-block-list\">\n<li>200 x 100 mm<\/li>\n\n\n\n<li>150 x 75 mm<\/li>\n\n\n\n<li>100 x 50 mm<\/li>\n\n\n\n<li>50 x 25 mm<\/li>\n\n\n\n<li>32 x 16 mm<\/li>\n<\/ul>\n<\/div>\n<\/div>\n\n\n\n<p><\/p>\n","protected":false},"excerpt":{"rendered":"<p>Ein Laser-Apertur-Etikett ist ein Sicherheitswarnschild oder eine Kennzeichnung, die an oder in der N\u00e4he der \u00d6ffnung oder des Austrittspunkts (Apertur) eines Laserger\u00e4ts angebracht wird.<\/p>\n<p>Der Zweck dieses Etiketts besteht darin, Personen, die mit dem Laser in Kontakt kommen k\u00f6nnten, insbesondere diejenigen, die f\u00fcr den Betrieb, die Wartung oder die Instandhaltung der Laserausr\u00fcstung verantwortlich sind, Informationen und Warnungen zu vermitteln. Laser-Apertur-Etiketten enthalten in der Regel wichtige Informationen zur Lasersicherheit und -nutzung.<\/p>\n","protected":false},"featured_media":9097,"comment_status":"open","ping_status":"closed","template":"","meta":{"_acf_changed":false,"_kad_blocks_custom_css":"","_kad_blocks_head_custom_js":"","_kad_blocks_body_custom_js":"","_kad_blocks_footer_custom_js":"","_EventAllDay":false,"_EventTimezone":"","_EventStartDate":"","_EventEndDate":"","_EventStartDateUTC":"","_EventEndDateUTC":"","_EventShowMap":false,"_EventShowMapLink":false,"_EventURL":"","_EventCost":"","_EventCostDescription":"","_EventCurrencySymbol":"","_EventCurrencyCode":"","_EventCurrencyPosition":"","_EventDateTimeSeparator":"","_EventTimeRangeSeparator":"","_EventOrganizerID":[],"_EventVenueID":[],"_OrganizerEmail":"","_OrganizerPhone":"","_OrganizerWebsite":"","_VenueAddress":"","_VenueCity":"","_VenueCountry":"","_VenueProvince":"","_VenueState":"","_VenueZip":"","_VenuePhone":"","_VenueURL":"","_VenueStateProvince":"","_VenueLat":"","_VenueLng":"","_VenueShowMap":false,"_VenueShowMapLink":false,"_kadence_starter_templates_imported_post":false,"_kad_post_transparent":"","_kad_post_title":"","_kad_post_layout":"","_kad_post_sidebar_id":"","_kad_post_content_style":"","_kad_post_vertical_padding":"","_kad_post_feature":"","_kad_post_feature_position":"","_kad_post_header":false,"_kad_post_footer":false,"_kad_post_classname":""},"product_brand":[],"product_cat":[43],"product_tag":[33,35,36,37,48],"class_list":{"0":"post-9031","1":"product","2":"type-product","3":"status-publish","4":"has-post-thumbnail","6":"product_cat-laser-warnschilder","7":"product_tag-aerospace","8":"product_tag-automobilindustrie","9":"product_tag-forschung","10":"product_tag-industriell","11":"product_tag-medizinische","13":"first","14":"instock","15":"shipping-taxable","16":"product-type-simple","17":"entry","18":"content-bg","19":"loop-entry"},"acf":[],"taxonomy_info":{"product_cat":[{"value":43,"label":"Laser-Warnschilder"}],"product_tag":[{"value":33,"label":"Aerospace"},{"value":35,"label":"Automobilindustrie"},{"value":36,"label":"Forschung und Entwicklung"},{"value":37,"label":"Industriell"},{"value":48,"label":"Medizinische"}]},"featured_image_src_large":["https:\/\/www.lasermet.com\/de\/wp-content\/uploads\/sites\/3\/2025\/07\/aperture-1024x1024.png",1024,1024,true],"author_info":[],"comment_info":0,"_links":{"self":[{"href":"https:\/\/www.lasermet.com\/de\/wp-json\/wp\/v2\/product\/9031","targetHints":{"allow":["GET"]}}],"collection":[{"href":"https:\/\/www.lasermet.com\/de\/wp-json\/wp\/v2\/product"}],"about":[{"href":"https:\/\/www.lasermet.com\/de\/wp-json\/wp\/v2\/types\/product"}],"replies":[{"embeddable":true,"href":"https:\/\/www.lasermet.com\/de\/wp-json\/wp\/v2\/comments?post=9031"}],"wp:featuredmedia":[{"embeddable":true,"href":"https:\/\/www.lasermet.com\/de\/wp-json\/wp\/v2\/media\/9097"}],"wp:attachment":[{"href":"https:\/\/www.lasermet.com\/de\/wp-json\/wp\/v2\/media?parent=9031"}],"wp:term":[{"taxonomy":"product_brand","embeddable":true,"href":"https:\/\/www.lasermet.com\/de\/wp-json\/wp\/v2\/product_brand?post=9031"},{"taxonomy":"product_cat","embeddable":true,"href":"https:\/\/www.lasermet.com\/de\/wp-json\/wp\/v2\/product_cat?post=9031"},{"taxonomy":"product_tag","embeddable":true,"href":"https:\/\/www.lasermet.com\/de\/wp-json\/wp\/v2\/product_tag?post=9031"}],"curies":[{"name":"wp","href":"https:\/\/api.w.org\/{rel}","templated":true}]}}