{"id":9028,"date":"2025-07-28T06:32:42","date_gmt":"2025-07-28T06:32:42","guid":{"rendered":"https:\/\/www.lasermet.com\/de\/?post_type=product&#038;p=9028"},"modified":"2025-07-28T06:33:43","modified_gmt":"2025-07-28T06:33:43","slug":"is-mech-2-interlock-switch","status":"publish","type":"product","link":"https:\/\/www.lasermet.com\/de\/laserschutzprodukte\/is-mech-2-interlock-switch\/","title":{"rendered":"IS-MECH 2 Verriegelungsschalter"},"content":{"rendered":"\n<p>Der IS-MECH-2 von Lasemet ist ein mechanischer Sicherheitsverriegelungsschalter mit hoher Integrit\u00e4t, der f\u00fcr die Positionserkennung von verschiebbaren, klappbaren oder abnehmbaren Maschinenschutzvorrichtungen entwickelt wurde. Er wurde f\u00fcr industrielle Sicherheitsanwendungen konzipiert und sorgt f\u00fcr eine zwangs\u00f6ffnende Sicherheitskontaktfunktion gem\u00e4\u00df IEC60947-5-1, wodurch eine zuverl\u00e4ssige Isolierung gef\u00e4hrlicher Maschinen bei einer \u00c4nderung der Schutzvorrichtungsposition gew\u00e4hrleistet ist.<\/p>\n\n\n<div class=\"wp-block-image\">\n<figure class=\"aligncenter size-large is-resized\"><img loading=\"lazy\" decoding=\"async\" width=\"1024\" height=\"499\" src=\"https:\/\/www.lasermet.com\/de\/wp-content\/uploads\/sites\/3\/2025\/07\/IS-MECH-2-Lock-1024x499.png\" alt=\"Mechanischer Verriegelungsschalter mit Bet\u00e4tiger.\" class=\"wp-image-9056\" style=\"width:706px;height:auto\" srcset=\"https:\/\/www.lasermet.com\/de\/wp-content\/uploads\/sites\/3\/2025\/07\/IS-MECH-2-Lock-1024x499.png 1024w, https:\/\/www.lasermet.com\/de\/wp-content\/uploads\/sites\/3\/2025\/07\/IS-MECH-2-Lock-300x146.png 300w, https:\/\/www.lasermet.com\/de\/wp-content\/uploads\/sites\/3\/2025\/07\/IS-MECH-2-Lock-768x374.png 768w, https:\/\/www.lasermet.com\/de\/wp-content\/uploads\/sites\/3\/2025\/07\/IS-MECH-2-Lock-600x293.png 600w, https:\/\/www.lasermet.com\/de\/wp-content\/uploads\/sites\/3\/2025\/07\/IS-MECH-2-Lock.png 1200w\" sizes=\"auto, (max-width: 1024px) 100vw, 1024px\" \/><figcaption class=\"wp-element-caption\">IS-MECH-2 Schalter mit Bet\u00e4tiger<\/figcaption><\/figure>\n<\/div>\n\n\n<p>Die Konstruktion des Stellantriebs umfasst einen manipulationssicheren Schl\u00fcssel, der beim Entfernen den internen Schaltkolben gewaltsam auslenkt. Dies gew\u00e4hrleistet eine erzwungene Unterbrechung des Sicherheitskreises, die bei einem Auszug von 6 mm aktiviert wird. Der Schalter verf\u00fcgt \u00fcber einen integrierten Manipulationsschutz und eignet sich f\u00fcr Anwendungen, die eine funktionale Sicherheit gem\u00e4\u00df PL \u201ae\u2018 Kategorie 4 nach ISO 13849-1 erfordern.<\/p>\n\n\n\n<p>See Lasermet&#8217;s <a href=\"https:\/\/www.lasermet.com\/de\/laserschutzprodukte\/wolf-laserschutzvorhang\/\">Wolf<\/a>, <a href=\"https:\/\/www.lasermet.com\/de\/laserschutzprodukte\/orca-laserschutzvorhang\/\">Orca<\/a>, <a href=\"https:\/\/www.lasermet.com\/de\/laserschutzprodukte\/dolphin-pod-laserschutzvorhang\/\">Dolphin<\/a>, and <a href=\"https:\/\/www.lasermet.com\/de\/laserschutzprodukte\/orcatina-laserschutzvorhang\/\">Orcatina;<\/a> these curtains are suitable for installation with the IS-MECH-2 Interlock Switch, ensuring seamless integration and enhanced safety for various environments, from industrial to medical applications.<\/p>\n\n\n\n<div style=\"height:113px\" aria-hidden=\"true\" class=\"wp-block-spacer\"><\/div>\n\n\n\n<h2 class=\"wp-block-heading\">Spezifikationen<\/h2>\n\n\n\n<figure class=\"wp-block-table is-style-regular\"><table class=\"has-fixed-layout\"><tbody><tr><td>Standard-Einbauma\u00dfe<\/td><td>52 x 98 x 40mm<\/td><\/tr><tr><td>Kontakttyp<\/td><td>Positiver \u00d6ffner (EN 60947-5-1)<\/td><\/tr><tr><td>Funktionale Sicherheit<\/td><td>PLE Cat. 4 (ISO 13849-1)<\/td><\/tr><tr><td>Verf\u00fcgbare Kontaktkonfigurationen<\/td><td>3-Pole <br>4-Pole<br>Explosionsgesch\u00fctzte Kontaktbl\u00f6cke<\/td><\/tr><tr><td>Ausfahrweg des Bet\u00e4tigers<\/td><td>6mm<\/td><\/tr><tr><td>Material <\/td><td>Edelstahl<\/td><\/tr><\/tbody><\/table><\/figure>\n\n\n\n<div style=\"height:20px\" aria-hidden=\"true\" class=\"wp-block-spacer\"><\/div>\n\n\n\n<hr class=\"wp-block-separator has-alpha-channel-opacity\" \/>\n\n\n\n<h2 class=\"wp-block-heading\">IS-MECH-2 mit Sperrfunktion<\/h2>\n\n\n\n<p>Diese Variante des IS-MECH-2 verf\u00fcgt \u00fcber einen Power-to-Lock-Mechanismus (P2L), der gro\u00dfe Schutzt\u00fcren sicher verschlie\u00dft, bis die Gefahr beseitigt ist. Die Schutzt\u00fcren oder Vorh\u00e4nge werden im Schalter arretiert und k\u00f6nnen nicht ge\u00f6ffnet werden, solange die Lasergefahr besteht.<\/p>\n\n\n\n<p>Der P2L IS-MECH-2-Schalter ist ein langlebiger, schlanker Sicherheitsschalter mit einer Haltekraft von 2000 N. Das robuste Druckgussgeh\u00e4use, optionale Edelstahlk\u00f6pfe und flexible Bet\u00e4tiger gew\u00e4hrleisten Langlebigkeit und Anpassungsf\u00e4higkeit auf engstem Raum. Mit Schutzart IP67 und 8 Bet\u00e4tiger-Eingangspositionen bietet er zuverl\u00e4ssige Leistung unter rauen Schutzbedingungen.<\/p>\n\n\n<div class=\"wp-block-image\">\n<figure class=\"aligncenter size-large is-resized\"><img loading=\"lazy\" decoding=\"async\" width=\"1024\" height=\"499\" src=\"https:\/\/www.lasermet.com\/de\/wp-content\/uploads\/sites\/3\/2025\/07\/IS-MECH-2-P2L-angled-view-1024x499.png\" alt=\"IS-MECH-2 P2L Switch\" class=\"wp-image-9064\" style=\"width:614px;height:auto\" srcset=\"https:\/\/www.lasermet.com\/de\/wp-content\/uploads\/sites\/3\/2025\/07\/IS-MECH-2-P2L-angled-view-1024x499.png 1024w, https:\/\/www.lasermet.com\/de\/wp-content\/uploads\/sites\/3\/2025\/07\/IS-MECH-2-P2L-angled-view-300x146.png 300w, https:\/\/www.lasermet.com\/de\/wp-content\/uploads\/sites\/3\/2025\/07\/IS-MECH-2-P2L-angled-view-768x374.png 768w, https:\/\/www.lasermet.com\/de\/wp-content\/uploads\/sites\/3\/2025\/07\/IS-MECH-2-P2L-angled-view-600x293.png 600w, https:\/\/www.lasermet.com\/de\/wp-content\/uploads\/sites\/3\/2025\/07\/IS-MECH-2-P2L-angled-view.png 1200w\" sizes=\"auto, (max-width: 1024px) 100vw, 1024px\" \/><figcaption class=\"wp-element-caption\">IS-MECH-2 P2L Switch<\/figcaption><\/figure>\n<\/div>\n\n\n<h2 class=\"wp-block-heading\">Spezifikationen<\/h2>\n\n\n\n<figure class=\"wp-block-table\"><table class=\"has-fixed-layout\"><tbody><tr><td>Magnetspannungsbereich<\/td><td>24VAC\/DC<\/td><\/tr><tr><td>Externe Sicherung<\/td><td>10A (FF)<\/td><\/tr><tr><td>Haltkraft<\/td><td>F1Max: 3000N,     Fzh: 2370N<\/td><\/tr><tr><td>Befestigung<\/td><td>4 X M5<\/td><\/tr><tr><td>Entspricht folgenden Normen<\/td><td>ISO14119<br>IEC 60947-5-1<br>UL60947-5-1<br>ISO13849-1<\/td><\/tr><\/tbody><\/table><\/figure>\n\n\n\n<div style=\"height:100px\" aria-hidden=\"true\" class=\"wp-block-spacer\"><\/div>\n\n\n\n<div class=\"wp-block-columns is-layout-flex wp-container-core-columns-is-layout-9d6595d7 wp-block-columns-is-layout-flex\">\n<div class=\"wp-block-column is-layout-flow wp-block-column-is-layout-flow\">\n<figure class=\"wp-block-embed is-type-wp-embed is-provider-lasermet-laserschutzl-sungen wp-block-embed-lasermet-laserschutzl-sungen\"><div class=\"wp-block-embed__wrapper\">\n<blockquote class=\"wp-embedded-content\" data-secret=\"zsKuVoEJAi\"><a href=\"https:\/\/www.lasermet.com\/de\/laserschutzprodukte\/wolf-laserschutzvorhang\/\">Wolf Laserschutzvorhang<\/a><\/blockquote><iframe loading=\"lazy\" class=\"wp-embedded-content\" sandbox=\"allow-scripts\" security=\"restricted\" style=\"position: absolute; visibility: hidden;\" title=\"&#8220;Wolf Laserschutzvorhang&#8221; &#8212; Lasermet Laserschutzl\u00f6sungen\" src=\"https:\/\/www.lasermet.com\/de\/laserschutzprodukte\/wolf-laserschutzvorhang\/embed\/#?secret=uk6D6mtTW4#?secret=zsKuVoEJAi\" data-secret=\"zsKuVoEJAi\" width=\"600\" height=\"338\" frameborder=\"0\" marginwidth=\"0\" marginheight=\"0\" scrolling=\"no\"><\/iframe>\n<\/div><\/figure>\n<\/div>\n\n\n\n<div class=\"wp-block-column is-layout-flow wp-block-column-is-layout-flow\">\n<figure class=\"wp-block-embed is-type-wp-embed is-provider-lasermet-laserschutzl-sungen wp-block-embed-lasermet-laserschutzl-sungen\"><div class=\"wp-block-embed__wrapper\">\n<blockquote class=\"wp-embedded-content\" data-secret=\"eqYhhLQZrT\"><a href=\"https:\/\/www.lasermet.com\/de\/laserschutzprodukte\/dolphin-pod-laserschutzvorhang\/\">Dolphin Pod Laserschutzvorhang<\/a><\/blockquote><iframe loading=\"lazy\" class=\"wp-embedded-content\" sandbox=\"allow-scripts\" security=\"restricted\" style=\"position: absolute; visibility: hidden;\" title=\"&#8220;Dolphin Pod Laserschutzvorhang&#8221; &#8212; Lasermet Laserschutzl\u00f6sungen\" src=\"https:\/\/www.lasermet.com\/de\/laserschutzprodukte\/dolphin-pod-laserschutzvorhang\/embed\/#?secret=hT4o5AyqF9#?secret=eqYhhLQZrT\" data-secret=\"eqYhhLQZrT\" width=\"600\" height=\"338\" frameborder=\"0\" marginwidth=\"0\" marginheight=\"0\" scrolling=\"no\"><\/iframe>\n<\/div><\/figure>\n<\/div>\n\n\n\n<div class=\"wp-block-column is-layout-flow wp-block-column-is-layout-flow\">\n<figure class=\"wp-block-embed is-type-wp-embed is-provider-lasermet-laserschutzl-sungen wp-block-embed-lasermet-laserschutzl-sungen\"><div class=\"wp-block-embed__wrapper\">\n<blockquote class=\"wp-embedded-content\" data-secret=\"jidM1YJjog\"><a href=\"https:\/\/www.lasermet.com\/de\/laserschutzprodukte\/orcatina-laserschutzvorhang\/\">Orcatina Laserschutzvorhang<\/a><\/blockquote><iframe loading=\"lazy\" class=\"wp-embedded-content\" sandbox=\"allow-scripts\" security=\"restricted\" style=\"position: absolute; visibility: hidden;\" title=\"&#8220;Orcatina Laserschutzvorhang&#8221; &#8212; Lasermet Laserschutzl\u00f6sungen\" src=\"https:\/\/www.lasermet.com\/de\/laserschutzprodukte\/orcatina-laserschutzvorhang\/embed\/#?secret=lMYhdn6qAN#?secret=jidM1YJjog\" data-secret=\"jidM1YJjog\" width=\"600\" height=\"338\" frameborder=\"0\" marginwidth=\"0\" marginheight=\"0\" scrolling=\"no\"><\/iframe>\n<\/div><\/figure>\n<\/div>\n\n\n\n<div class=\"wp-block-column is-layout-flow wp-block-column-is-layout-flow\">\n<figure class=\"wp-block-embed is-type-wp-embed is-provider-lasermet-laserschutzl-sungen wp-block-embed-lasermet-laserschutzl-sungen\"><div class=\"wp-block-embed__wrapper\">\n<blockquote class=\"wp-embedded-content\" data-secret=\"DWxHnyGI4t\"><a href=\"https:\/\/www.lasermet.com\/de\/laserschutzprodukte\/orca-laserschutzvorhang\/\">Orca Laserschutzvorhang<\/a><\/blockquote><iframe loading=\"lazy\" class=\"wp-embedded-content\" sandbox=\"allow-scripts\" security=\"restricted\" style=\"position: absolute; visibility: hidden;\" title=\"&#8220;Orca Laserschutzvorhang&#8221; &#8212; Lasermet Laserschutzl\u00f6sungen\" src=\"https:\/\/www.lasermet.com\/de\/laserschutzprodukte\/orca-laserschutzvorhang\/embed\/#?secret=8mpnGqXpEe#?secret=DWxHnyGI4t\" data-secret=\"DWxHnyGI4t\" width=\"600\" height=\"338\" frameborder=\"0\" marginwidth=\"0\" marginheight=\"0\" scrolling=\"no\"><\/iframe>\n<\/div><\/figure>\n<\/div>\n<\/div>\n\n\n\n<p><\/p>\n","protected":false},"excerpt":{"rendered":"<p class=\"\" data-start=\"104\" data-end=\"299\">Der IS-MECH-2 von Lasermet bietet zuverl\u00e4ssige Sicherheitsleistung dank robuster Konstruktion, Manipulationssicherheit und Einhaltung internationaler Sicherheitsstandards. Dieser Verriegelungsschalter verf\u00fcgt \u00fcber eine Vielzahl fortschrittlicher Funktionen, darunter:<\/p>\n<ul>\n<li data-start=\"125\" data-end=\"197\">Positiv \u00f6ffnende Kontakte f\u00fcr zuverl\u00e4ssige Sicherheitsabschaltung<\/li>\n<li data-start=\"200\" data-end=\"265\">Manipulationssicherer Bet\u00e4tiger mit sicherer Zwangsabschaltung<\/li>\n<li data-start=\"268\" data-end=\"341\">Passend f\u00fcr Schiebe-, Klapp- oder Abhebesicherungen f\u00fcr flexible Installationen<\/li>\n<li data-start=\"268\" data-end=\"341\">Hohe Sicherheitsbewertung bis PL &#8218;e&#8216;<\/li>\n<\/ul>\n","protected":false},"featured_media":9061,"comment_status":"open","ping_status":"closed","template":"","meta":{"_acf_changed":false,"_kad_blocks_custom_css":"","_kad_blocks_head_custom_js":"","_kad_blocks_body_custom_js":"","_kad_blocks_footer_custom_js":"","_EventAllDay":false,"_EventTimezone":"","_EventStartDate":"","_EventEndDate":"","_EventStartDateUTC":"","_EventEndDateUTC":"","_EventShowMap":false,"_EventShowMapLink":false,"_EventURL":"","_EventCost":"","_EventCostDescription":"","_EventCurrencySymbol":"","_EventCurrencyCode":"","_EventCurrencyPosition":"","_EventDateTimeSeparator":"","_EventTimeRangeSeparator":"","_EventOrganizerID":[],"_EventVenueID":[],"_OrganizerEmail":"","_OrganizerPhone":"","_OrganizerWebsite":"","_VenueAddress":"","_VenueCity":"","_VenueCountry":"","_VenueProvince":"","_VenueState":"","_VenueZip":"","_VenuePhone":"","_VenueURL":"","_VenueStateProvince":"","_VenueLat":"","_VenueLng":"","_VenueShowMap":false,"_VenueShowMapLink":false,"_kadence_starter_templates_imported_post":false,"_kad_post_transparent":"","_kad_post_title":"","_kad_post_layout":"","_kad_post_sidebar_id":"","_kad_post_content_style":"","_kad_post_vertical_padding":"","_kad_post_feature":"","_kad_post_feature_position":"","_kad_post_header":false,"_kad_post_footer":false,"_kad_post_classname":""},"product_brand":[],"product_cat":[41],"product_tag":[33,35,36,37,48],"class_list":{"0":"post-9028","1":"product","2":"type-product","3":"status-publish","4":"has-post-thumbnail","6":"product_cat-interlock-zubehoer","7":"product_tag-aerospace","8":"product_tag-automobilindustrie","9":"product_tag-forschung","10":"product_tag-industriell","11":"product_tag-medizinische","13":"first","14":"instock","15":"shipping-taxable","16":"product-type-simple","17":"entry","18":"content-bg","19":"loop-entry"},"acf":[],"taxonomy_info":{"product_cat":[{"value":41,"label":"Interlock-Zubeh\u00f6r"}],"product_tag":[{"value":33,"label":"Aerospace"},{"value":35,"label":"Automobilindustrie"},{"value":36,"label":"Forschung und Entwicklung"},{"value":37,"label":"Industriell"},{"value":48,"label":"Medizinische"}]},"featured_image_src_large":["https:\/\/www.lasermet.com\/de\/wp-content\/uploads\/sites\/3\/2025\/07\/IS-MECH-2-main.png",500,500,false],"author_info":[],"comment_info":0,"_links":{"self":[{"href":"https:\/\/www.lasermet.com\/de\/wp-json\/wp\/v2\/product\/9028","targetHints":{"allow":["GET"]}}],"collection":[{"href":"https:\/\/www.lasermet.com\/de\/wp-json\/wp\/v2\/product"}],"about":[{"href":"https:\/\/www.lasermet.com\/de\/wp-json\/wp\/v2\/types\/product"}],"replies":[{"embeddable":true,"href":"https:\/\/www.lasermet.com\/de\/wp-json\/wp\/v2\/comments?post=9028"}],"wp:featuredmedia":[{"embeddable":true,"href":"https:\/\/www.lasermet.com\/de\/wp-json\/wp\/v2\/media\/9061"}],"wp:attachment":[{"href":"https:\/\/www.lasermet.com\/de\/wp-json\/wp\/v2\/media?parent=9028"}],"wp:term":[{"taxonomy":"product_brand","embeddable":true,"href":"https:\/\/www.lasermet.com\/de\/wp-json\/wp\/v2\/product_brand?post=9028"},{"taxonomy":"product_cat","embeddable":true,"href":"https:\/\/www.lasermet.com\/de\/wp-json\/wp\/v2\/product_cat?post=9028"},{"taxonomy":"product_tag","embeddable":true,"href":"https:\/\/www.lasermet.com\/de\/wp-json\/wp\/v2\/product_tag?post=9028"}],"curies":[{"name":"wp","href":"https:\/\/api.w.org\/{rel}","templated":true}]}}