{"id":9026,"date":"2025-07-30T08:01:52","date_gmt":"2025-07-30T08:01:52","guid":{"rendered":"https:\/\/www.lasermet.com\/de\/?post_type=product&#038;p=9026"},"modified":"2025-07-30T09:01:34","modified_gmt":"2025-07-30T09:01:34","slug":"ics-ljm-laser-jailmaster","status":"publish","type":"product","link":"https:\/\/www.lasermet.com\/de\/laserschutzprodukte\/ics-ljm-laser-jailmaster\/","title":{"rendered":"ICS-LJM Laser JailMaster"},"content":{"rendered":"\n<div style=\"height:48px\" aria-hidden=\"true\" class=\"wp-block-spacer\"><\/div>\n\n\n\n<h2 class=\"wp-block-heading\">ICS-LJM f\u00fcr aktive Schutzsteuerung<\/h2>\n\n\n\n<div style=\"height:18px\" aria-hidden=\"true\" class=\"wp-block-spacer\"><\/div>\n\n\n\n<div class=\"wp-block-columns is-layout-flex wp-container-core-columns-is-layout-9d6595d7 wp-block-columns-is-layout-flex\">\n<div class=\"wp-block-column is-layout-flow wp-block-column-is-layout-flow\">\n<p>Der Laser JailMaster ICS-LJM ist der Laser-Interlock-Controller der n\u00e4chsten Generation von Lasermet, der einen zuverl\u00e4ssigen Schutz vor versehentlicher Exposition gegen\u00fcber Lasergefahren bietet.<\/p>\n\n\n\n<p>Fr\u00fcher bekannt als LJIM (Laser Jailer Interface Module), \u00fcberwacht der ICS-LJM Lasergeh\u00e4use mithilfe der Active Guarding-Technologie von Lasermet aktiv und gew\u00e4hrleistet so die Sicherheit von Personal und Ausr\u00fcstung.<\/p>\n<\/div>\n\n\n\n<div class=\"wp-block-column is-layout-flow wp-block-column-is-layout-flow\">\n<figure class=\"wp-block-image size-large\"><img loading=\"lazy\" decoding=\"async\" width=\"1024\" height=\"539\" src=\"https:\/\/www.lasermet.com\/de\/wp-content\/uploads\/sites\/3\/2025\/07\/ICS-LJIE-1.1-1024x539.png\" alt=\"\" class=\"wp-image-9107\" srcset=\"https:\/\/www.lasermet.com\/de\/wp-content\/uploads\/sites\/3\/2025\/07\/ICS-LJIE-1.1-1024x539.png 1024w, https:\/\/www.lasermet.com\/de\/wp-content\/uploads\/sites\/3\/2025\/07\/ICS-LJIE-1.1-300x158.png 300w, https:\/\/www.lasermet.com\/de\/wp-content\/uploads\/sites\/3\/2025\/07\/ICS-LJIE-1.1-768x404.png 768w, https:\/\/www.lasermet.com\/de\/wp-content\/uploads\/sites\/3\/2025\/07\/ICS-LJIE-1.1-600x316.png 600w, https:\/\/www.lasermet.com\/de\/wp-content\/uploads\/sites\/3\/2025\/07\/ICS-LJIE-1.1.png 1250w\" sizes=\"auto, (max-width: 1024px) 100vw, 1024px\" \/><\/figure>\n<\/div>\n<\/div>\n\n\n\n<div style=\"height:18px\" aria-hidden=\"true\" class=\"wp-block-spacer\"><\/div>\n\n\n\n<div class=\"wp-block-columns is-layout-flex wp-container-core-columns-is-layout-9d6595d7 wp-block-columns-is-layout-flex\">\n<div class=\"wp-block-column is-layout-flow wp-block-column-is-layout-flow\"><div class=\"wp-block-image\">\n<figure class=\"aligncenter size-full\"><img loading=\"lazy\" decoding=\"async\" width=\"2048\" height=\"1365\" src=\"https:\/\/www.lasermet.com\/de\/wp-content\/uploads\/sites\/3\/2025\/07\/Inside_Main_298538v3-scaled.jpg\" alt=\"\" class=\"wp-image-9108\" style=\"aspect-ratio:3\/2;object-fit:cover\" srcset=\"https:\/\/www.lasermet.com\/de\/wp-content\/uploads\/sites\/3\/2025\/07\/Inside_Main_298538v3-scaled.jpg 2048w, https:\/\/www.lasermet.com\/de\/wp-content\/uploads\/sites\/3\/2025\/07\/Inside_Main_298538v3-300x200.jpg 300w, https:\/\/www.lasermet.com\/de\/wp-content\/uploads\/sites\/3\/2025\/07\/Inside_Main_298538v3-1024x683.jpg 1024w, https:\/\/www.lasermet.com\/de\/wp-content\/uploads\/sites\/3\/2025\/07\/Inside_Main_298538v3-768x512.jpg 768w, https:\/\/www.lasermet.com\/de\/wp-content\/uploads\/sites\/3\/2025\/07\/Inside_Main_298538v3-1536x1024.jpg 1536w, https:\/\/www.lasermet.com\/de\/wp-content\/uploads\/sites\/3\/2025\/07\/Inside_Main_298538v3-600x400.jpg 600w\" sizes=\"auto, (max-width: 2048px) 100vw, 2048px\" \/><\/figure>\n<\/div><\/div>\n\n\n\n<div class=\"wp-block-column is-vertically-aligned-center is-layout-flow wp-block-column-is-layout-flow\"><div class=\"wp-block-image\">\n<figure class=\"aligncenter size-full\"><img loading=\"lazy\" decoding=\"async\" width=\"374\" height=\"115\" src=\"https:\/\/www.lasermet.com\/de\/wp-content\/uploads\/sites\/3\/2020\/03\/laser-jailer-logo.jpg\" alt=\"\" class=\"wp-image-6879\" srcset=\"https:\/\/www.lasermet.com\/de\/wp-content\/uploads\/sites\/3\/2020\/03\/laser-jailer-logo.jpg 374w, https:\/\/www.lasermet.com\/de\/wp-content\/uploads\/sites\/3\/2020\/03\/laser-jailer-logo-300x92.jpg 300w\" sizes=\"auto, (max-width: 374px) 100vw, 374px\" \/><\/figure>\n<\/div>\n\n\n<div style=\"height:20px\" aria-hidden=\"true\" class=\"wp-block-spacer\"><\/div>\n\n\n\n<p>Das ICS-LJM \u00fcberpr\u00fcft kontinuierlich die Unversehrtheit der Geh\u00e4usew\u00e4nde und Fenster, die mit dem Laser Jailer\u00ae Active Guarding System ausgestattet sind. Wenn ein Teil des Geh\u00e4uses besch\u00e4digt ist, schaltet das System den Laser sofort ab.<\/p>\n<\/div>\n<\/div>\n\n\n\n<div style=\"height:71px\" aria-hidden=\"true\" class=\"wp-block-spacer\"><\/div>\n\n\n\n<div class=\"wp-block-group has-theme-palette-7-background-color has-background is-vertical is-layout-flex wp-container-core-group-is-layout-8cf370e7 wp-block-group-is-layout-flex\">\n<h2 class=\"wp-block-heading\"><strong>Integrierte Interlock\u00ae-Steuerung<\/strong><\/h2>\n\n\n\n<p>Die Haupt-ICS-LJM-Einheit umfasst zwei Interlock-Bedienerausg\u00e4nge und vier unabh\u00e4ngige Active Guarding-Schaltkreise.<\/p>\n\n\n\n<h2 class=\"wp-block-heading\"><strong>Erweiterbar f\u00fcr komplexe Systeme<\/strong><\/h2>\n\n\n\n<p>Die Erweiterungseinheit ICS-LJM-SO, der Son of Laser JailMaster, kann f\u00fcr zus\u00e4tzliche Funktionen verwendet werden. Es k\u00f6nnen bis zu 31 Erweiterungseinheiten angeschlossen werden, die jeweils vier zus\u00e4tzliche Active Guarding-Schaltkreise bereitstellen und so einen skalierbaren Schutz f\u00fcr gro\u00dfe oder mehrr\u00e4umige Geh\u00e4use erm\u00f6glichen.<\/p>\n\n\n\n<h2 class=\"wp-block-heading\"><strong>Ausfallsichere Scharfschaltlogik<\/strong><\/h2>\n\n\n\n<p>Das System ist so konzipiert, dass es zwei externe potentialfreie Kontakte (in der Regel von einer SPS) ben\u00f6tigt, um scharf geschaltet zu werden. Das System wird nur scharf geschaltet, wenn alle Active Guarding-Schaltkreise g\u00fcltig sind und die Sicherheitsbedingungen erf\u00fcllt sind.<\/p>\n\n\n\n<h2 class=\"wp-block-heading\"><strong>Verhinderung einer unerwarteten Laseraktivierung<\/strong><\/h2>\n\n\n\n<p>Sobald w\u00e4hrend einer Scharfschaltanforderung ein Fehler erkannt wird, schaltet das System nicht scharf \u2013 selbst wenn der Fehler behoben wird \u2013, bis das Scharfschaltsignal zur\u00fcckgesetzt und erneut ausgegeben wird. Es ist nicht m\u00f6glich, das System zu scharf zu schalten, wenn bereits ein Fehler vorliegt.<\/p>\n<\/div>\n\n\n\n<div style=\"height:52px\" aria-hidden=\"true\" class=\"wp-block-spacer\"><\/div>\n\n\n\n<h1 class=\"wp-block-heading\">ICS-LJM-System\u00fcbersicht<\/h1>\n\n\n\n<div style=\"height:20px\" aria-hidden=\"true\" class=\"wp-block-spacer\"><\/div>\n\n\n<div class=\"wp-block-image\">\n<figure class=\"aligncenter size-full is-resized\"><img loading=\"lazy\" decoding=\"async\" width=\"1015\" height=\"677\" src=\"https:\/\/www.lasermet.com\/de\/wp-content\/uploads\/sites\/3\/2025\/07\/System-Overview.webp\" alt=\"\" class=\"wp-image-9109\" style=\"object-fit:cover;width:1015px;height:auto\" srcset=\"https:\/\/www.lasermet.com\/de\/wp-content\/uploads\/sites\/3\/2025\/07\/System-Overview.webp 1015w, https:\/\/www.lasermet.com\/de\/wp-content\/uploads\/sites\/3\/2025\/07\/System-Overview-300x200.webp 300w, https:\/\/www.lasermet.com\/de\/wp-content\/uploads\/sites\/3\/2025\/07\/System-Overview-768x512.webp 768w, https:\/\/www.lasermet.com\/de\/wp-content\/uploads\/sites\/3\/2025\/07\/System-Overview-600x400.webp 600w\" sizes=\"auto, (max-width: 1015px) 100vw, 1015px\" \/><\/figure>\n<\/div>\n\n\n<div style=\"height:20px\" aria-hidden=\"true\" class=\"wp-block-spacer\"><\/div>\n\n\n\n<div style=\"height:38px\" aria-hidden=\"true\" class=\"wp-block-spacer\"><\/div>\n\n\n\n<p>Das ICS-LJM dient als zentrale Steuereinheit in einem Hochleistungs-Lasersicherheitssystem. Es ist mit der Erweiterungseinheit ICS-LJM-SO verbunden, die wiederum Signale von den an den W\u00e4nden und Fenstern des Lasergeh\u00e4uses installierten aktiven Schutzschaltungen empf\u00e4ngt.<\/p>\n\n\n\n<p>Diese Schaltkreise \u00fcberwachen das Geh\u00e4use kontinuierlich auf Verst\u00f6\u00dfe oder Laserleckagen und gew\u00e4hrleisten so eine Sicherheits\u00fcberwachung in Echtzeit. Das ICS-LJM kann auch in das CaLM-System (Control and Laser Monitoring) von Lasermet integriert werden, sodass der Systemstatus und die aktiven Schutzpanels auf einem Monitor angezeigt werden k\u00f6nnen, was die Fehlererkennung und Systemdiagnose erleichtert.<\/p>\n\n\n\n<p>Der Laser ist \u00fcber zweikanalige potentialfreie Kontakte mit dem ICS-LJM verbunden, wodurch sichergestellt wird, dass er nur aktiviert wird, wenn alle Sicherheitsbedingungen erf\u00fcllt sind. Diese nahtlose Integration schafft eine zuverl\u00e4ssige, ausfallsichere L\u00f6sung f\u00fcr die Lasersicherheit und erm\u00f6glicht die Kennzeichnung verwandter Produkte wie ICS-LJM SO, aktive Schutzpanels, CaLM und zweikanalige verriegelte Laser.<\/p>\n\n\n\n<p>Diese integrierte Konfiguration bietet eine robuste und ausfallsichere L\u00f6sung f\u00fcr die Sicherheit von Hochleistungslasern und erleichtert die Kennzeichnung verwandter Produkte wie ICS-LJM-SO, aktive Schutzscheiben, CaLM und zweikanalige verriegelte Laser als Teil eines nahtlosen Sicherheitssystems.<\/p>\n\n\n\n<p><\/p>\n","protected":false},"excerpt":{"rendered":"<p class=\"\" data-start=\"137\" data-end=\"334\"><span data-mce-type=\"bookmark\" style=\"width: 0px;overflow: hidden;line-height: 0\" class=\"mce_SELRES_start\">\ufeff<\/span>Das ICS-LJM sch\u00fctzt Personen und Ger\u00e4te vor Gefahren durch Hochleistungslaser, indem es Geh\u00e4use mithilfe der Active Guarding-Technologie von Lasermet aktiv \u00fcberwacht.<\/p>\n<p class=\"\" data-start=\"137\" data-end=\"334\">Es verf\u00fcgt \u00fcber erweiterte \u00dcberwachungsfunktionen, darunter:<\/p>\n<ul>\n<li data-start=\"338\" data-end=\"385\">Echtzeit-Erkennung von Geh\u00e4useverletzungen<\/li>\n<li data-start=\"388\" data-end=\"451\">Vier aktive \u00dcberwachungskreise in der Haupteinheit\u00a0<\/li>\n<li data-start=\"388\" data-end=\"451\">Erweiterungseinheiten f\u00fcr erweiterte Funktionalit\u00e4t<\/li>\n<li data-start=\"454\" data-end=\"508\">Automatische Abschaltung des Lasers im Falle einer St\u00f6rung<\/li>\n<li data-start=\"511\" data-end=\"574\">Ausfallsichere Scharfschaltlogik zur Verhinderung einer versehentlichen Reaktivierung<\/li>\n<\/ul>\n","protected":false},"featured_media":9110,"comment_status":"open","ping_status":"closed","template":"","meta":{"_acf_changed":false,"_kad_blocks_custom_css":"","_kad_blocks_head_custom_js":"","_kad_blocks_body_custom_js":"","_kad_blocks_footer_custom_js":"","_EventAllDay":false,"_EventTimezone":"","_EventStartDate":"","_EventEndDate":"","_EventStartDateUTC":"","_EventEndDateUTC":"","_EventShowMap":false,"_EventShowMapLink":false,"_EventURL":"","_EventCost":"","_EventCostDescription":"","_EventCurrencySymbol":"","_EventCurrencyCode":"","_EventCurrencyPosition":"","_EventDateTimeSeparator":"","_EventTimeRangeSeparator":"","_EventOrganizerID":[],"_EventVenueID":[],"_OrganizerEmail":"","_OrganizerPhone":"","_OrganizerWebsite":"","_VenueAddress":"","_VenueCity":"","_VenueCountry":"","_VenueProvince":"","_VenueState":"","_VenueZip":"","_VenuePhone":"","_VenueURL":"","_VenueStateProvince":"","_VenueLat":"","_VenueLng":"","_VenueShowMap":false,"_VenueShowMapLink":false,"_kadence_starter_templates_imported_post":false,"_kad_post_transparent":"","_kad_post_title":"","_kad_post_layout":"","_kad_post_sidebar_id":"","_kad_post_content_style":"","_kad_post_vertical_padding":"","_kad_post_feature":"","_kad_post_feature_position":"","_kad_post_header":false,"_kad_post_footer":false,"_kad_post_classname":""},"product_brand":[],"product_cat":[40,41],"product_tag":[33,35,36,37],"class_list":{"0":"post-9026","1":"product","2":"type-product","3":"status-publish","4":"has-post-thumbnail","6":"product_cat-interlock-kontrollsystem","7":"product_cat-interlock-zubehoer","8":"product_tag-aerospace","9":"product_tag-automobilindustrie","10":"product_tag-forschung","11":"product_tag-industriell","13":"first","14":"instock","15":"shipping-taxable","16":"product-type-simple","17":"entry","18":"content-bg","19":"loop-entry"},"acf":[],"taxonomy_info":{"product_cat":[{"value":40,"label":"Interlock-Kontrollsystem"},{"value":41,"label":"Interlock-Zubeh\u00f6r"}],"product_tag":[{"value":33,"label":"Aerospace"},{"value":35,"label":"Automobilindustrie"},{"value":36,"label":"Forschung und Entwicklung"},{"value":37,"label":"Industriell"}]},"featured_image_src_large":["https:\/\/www.lasermet.com\/de\/wp-content\/uploads\/sites\/3\/2025\/07\/ICS-LJM_edited-1024x1024.png",1024,1024,true],"author_info":[],"comment_info":0,"_links":{"self":[{"href":"https:\/\/www.lasermet.com\/de\/wp-json\/wp\/v2\/product\/9026","targetHints":{"allow":["GET"]}}],"collection":[{"href":"https:\/\/www.lasermet.com\/de\/wp-json\/wp\/v2\/product"}],"about":[{"href":"https:\/\/www.lasermet.com\/de\/wp-json\/wp\/v2\/types\/product"}],"replies":[{"embeddable":true,"href":"https:\/\/www.lasermet.com\/de\/wp-json\/wp\/v2\/comments?post=9026"}],"wp:featuredmedia":[{"embeddable":true,"href":"https:\/\/www.lasermet.com\/de\/wp-json\/wp\/v2\/media\/9110"}],"wp:attachment":[{"href":"https:\/\/www.lasermet.com\/de\/wp-json\/wp\/v2\/media?parent=9026"}],"wp:term":[{"taxonomy":"product_brand","embeddable":true,"href":"https:\/\/www.lasermet.com\/de\/wp-json\/wp\/v2\/product_brand?post=9026"},{"taxonomy":"product_cat","embeddable":true,"href":"https:\/\/www.lasermet.com\/de\/wp-json\/wp\/v2\/product_cat?post=9026"},{"taxonomy":"product_tag","embeddable":true,"href":"https:\/\/www.lasermet.com\/de\/wp-json\/wp\/v2\/product_tag?post=9026"}],"curies":[{"name":"wp","href":"https:\/\/api.w.org\/{rel}","templated":true}]}}