{"id":9025,"date":"2025-07-30T09:21:19","date_gmt":"2025-07-30T09:21:19","guid":{"rendered":"https:\/\/www.lasermet.com\/de\/?post_type=product&#038;p=9025"},"modified":"2025-07-30T09:42:08","modified_gmt":"2025-07-30T09:42:08","slug":"hochleistungs-laser-sperrbildschirm","status":"publish","type":"product","link":"https:\/\/www.lasermet.com\/de\/laserschutzprodukte\/hochleistungs-laser-sperrbildschirm\/","title":{"rendered":"Hochleistungs-Laser-Sperrbildschirm"},"content":{"rendered":"\n<p>Die hochbelastbaren Laser-Abschirmungen von Lasermet bestehen aus einer 50 mm dicken Sandwichkonstruktion aus Stahl und einem speziellen leichten Laser-Abschirmmaterial mit einer wei\u00dfen Laminatbeschichtung auf beiden Seiten. Diese ist auf einem pulverbeschichteten Stahlrahmen mit hochbelastbaren, feststellbaren Rollen montiert. Sie kann alle Laserwellenl\u00e4ngen abschirmen und eignet sich besonders f\u00fcr Hochleistungslaser mit mehreren Kilowatt Leistung.<\/p>\n\n\n\n<p>Die Abschirmungen k\u00f6nnen an ihren Bestimmungsort gerollt und dort durch Feststellen der Rollen arretiert werden. Diese Abschirmungen k\u00f6nnen zur Bildung einer vollst\u00e4ndigen oder teilweisen Umschlie\u00dfung verwendet werden.<\/p>\n\n\n\n<div style=\"height:20px\" aria-hidden=\"true\" class=\"wp-block-spacer\"><\/div>\n\n\n\n<h5 class=\"wp-block-heading\">PEL RATINGS<\/h5>\n\n\n\n<figure class=\"wp-block-table\"><table class=\"has-fixed-layout\"><tbody><tr><td><strong>Bestrahlter Bereich<\/strong><\/td><td><strong>PEL (T3) 10s<\/strong><\/td><td><strong>PEL (T2) 100s<\/strong><\/td><\/tr><tr><td>4mm\u00b2<\/td><td>62 MW\/m\u00b2<\/td><td>35 MW\/m\u00b2<\/td><\/tr><tr><td>2000mm\u00b2<\/td><td>3.1 MW\/m\u00b2<\/td><td>1.7 MW\/m\u00b2<\/td><\/tr><\/tbody><\/table><\/figure>\n\n\n\n<div style=\"height:20px\" aria-hidden=\"true\" class=\"wp-block-spacer\"><\/div>\n\n\n\n<h3 class=\"wp-block-heading\">Bestelloptionen<\/h3>\n\n\n\n<p>Die Standardgr\u00f6\u00dfen sind unten aufgef\u00fchrt.<\/p>\n\n\n\n<figure class=\"wp-block-table\"><table class=\"has-fixed-layout\"><tbody><tr><td>Teilenummer<\/td><td><strong>Abmessung<\/strong><\/td><\/tr><tr><td>LBS-HD-8<\/td><td>2054 x 50 x 2458mm<\/td><\/tr><tr><td>LBS-HD-4<\/td><td>2054 x 50 x 1058mm<\/td><\/tr><tr><td>LBS-HD-RA<\/td><td>Rechtwinkliger Stecker<\/td><\/tr><\/tbody><\/table><\/figure>\n\n\n\n<p><\/p>\n","protected":false},"excerpt":{"rendered":"<p>Hochbelastbare Laser-Sichtschutzvorrichtungen dienen dazu, Bereiche, in denen Laser der Klassen 3B und 4 verwendet werden, zu umschlie\u00dfen, um vor versehentlicher Exposition zu sch\u00fctzen.<\/p>\n<ul>\n<li>Tragbar<\/li>\n<li>Entwickelt, um leistungsstarke Laser mit mehreren Kilowatt zu blockieren<\/li>\n<li>CE-gekennzeichnet und zertifiziert gem\u00e4\u00df BS EN IEC 60825-4 Sicherheit von Laserprodukten Teil 4: Laserschutzvorrichtungen<\/li>\n<\/ul>\n","protected":false},"featured_media":9113,"comment_status":"open","ping_status":"closed","template":"","meta":{"_acf_changed":false,"_kad_blocks_custom_css":"","_kad_blocks_head_custom_js":"","_kad_blocks_body_custom_js":"","_kad_blocks_footer_custom_js":"","_EventAllDay":false,"_EventTimezone":"","_EventStartDate":"","_EventEndDate":"","_EventStartDateUTC":"","_EventEndDateUTC":"","_EventShowMap":false,"_EventShowMapLink":false,"_EventURL":"","_EventCost":"","_EventCostDescription":"","_EventCurrencySymbol":"","_EventCurrencyCode":"","_EventCurrencyPosition":"","_EventDateTimeSeparator":"","_EventTimeRangeSeparator":"","_EventOrganizerID":[],"_EventVenueID":[],"_OrganizerEmail":"","_OrganizerPhone":"","_OrganizerWebsite":"","_VenueAddress":"","_VenueCity":"","_VenueCountry":"","_VenueProvince":"","_VenueState":"","_VenueZip":"","_VenuePhone":"","_VenueURL":"","_VenueStateProvince":"","_VenueLat":"","_VenueLng":"","_VenueShowMap":false,"_VenueShowMapLink":false,"_kadence_starter_templates_imported_post":false,"_kad_post_transparent":"","_kad_post_title":"","_kad_post_layout":"","_kad_post_sidebar_id":"","_kad_post_content_style":"","_kad_post_vertical_padding":"","_kad_post_feature":"","_kad_post_feature_position":"","_kad_post_header":false,"_kad_post_footer":false,"_kad_post_classname":""},"product_brand":[],"product_cat":[44],"product_tag":[33,35,36,37,48],"class_list":{"0":"post-9025","1":"product","2":"type-product","3":"status-publish","4":"has-post-thumbnail","6":"product_cat-laserschutzabschirmungen","7":"product_tag-aerospace","8":"product_tag-automobilindustrie","9":"product_tag-forschung","10":"product_tag-industriell","11":"product_tag-medizinische","13":"first","14":"instock","15":"shipping-taxable","16":"product-type-simple","17":"entry","18":"content-bg","19":"loop-entry"},"acf":[],"taxonomy_info":{"product_cat":[{"value":44,"label":"Laserschutzabschirmungen"}],"product_tag":[{"value":33,"label":"Aerospace"},{"value":35,"label":"Automobilindustrie"},{"value":36,"label":"Forschung und Entwicklung"},{"value":37,"label":"Industriell"},{"value":48,"label":"Medizinische"}]},"featured_image_src_large":["https:\/\/www.lasermet.com\/de\/wp-content\/uploads\/sites\/3\/2025\/07\/LBS-HD-8-for-web-1.png",500,500,false],"author_info":[],"comment_info":0,"_links":{"self":[{"href":"https:\/\/www.lasermet.com\/de\/wp-json\/wp\/v2\/product\/9025","targetHints":{"allow":["GET"]}}],"collection":[{"href":"https:\/\/www.lasermet.com\/de\/wp-json\/wp\/v2\/product"}],"about":[{"href":"https:\/\/www.lasermet.com\/de\/wp-json\/wp\/v2\/types\/product"}],"replies":[{"embeddable":true,"href":"https:\/\/www.lasermet.com\/de\/wp-json\/wp\/v2\/comments?post=9025"}],"wp:featuredmedia":[{"embeddable":true,"href":"https:\/\/www.lasermet.com\/de\/wp-json\/wp\/v2\/media\/9113"}],"wp:attachment":[{"href":"https:\/\/www.lasermet.com\/de\/wp-json\/wp\/v2\/media?parent=9025"}],"wp:term":[{"taxonomy":"product_brand","embeddable":true,"href":"https:\/\/www.lasermet.com\/de\/wp-json\/wp\/v2\/product_brand?post=9025"},{"taxonomy":"product_cat","embeddable":true,"href":"https:\/\/www.lasermet.com\/de\/wp-json\/wp\/v2\/product_cat?post=9025"},{"taxonomy":"product_tag","embeddable":true,"href":"https:\/\/www.lasermet.com\/de\/wp-json\/wp\/v2\/product_tag?post=9025"}],"curies":[{"name":"wp","href":"https:\/\/api.w.org\/{rel}","templated":true}]}}