{"id":9023,"date":"2025-07-31T02:10:32","date_gmt":"2025-07-31T02:10:32","guid":{"rendered":"https:\/\/www.lasermet.com\/de\/?post_type=product&#038;p=9023"},"modified":"2025-07-31T02:10:33","modified_gmt":"2025-07-31T02:10:33","slug":"flachfuss-laser-blockierbildschirm","status":"publish","type":"product","link":"https:\/\/www.lasermet.com\/de\/laserschutzprodukte\/flachfuss-laser-blockierbildschirm\/","title":{"rendered":"Flachfu\u00df-Laser-Blockierbildschirm"},"content":{"rendered":"\n<p>Die Flatfoot-Laser-Abschirmungen wurden zum Schutz vor versehentlicher Exposition oder zur langfristigen Abschirmung von Laserstrahlung bei geringeren Leistungsdichten entwickelt. Es handelt sich um modulare Laser-Abschirmungen, die mit anderen Laser-Abschirmungen verbunden werden k\u00f6nnen, um eine Geh\u00e4useerweiterung zu schaffen, was eine flexible Herangehensweise an Installationen erm\u00f6glicht.<\/p>\n\n\n\n<p>Sie bieten eine kosteng\u00fcnstige, einfach zu installierende, hochwertige und professionelle L\u00f6sung f\u00fcr Ihre Anforderungen an die Laserabschirmung.<\/p>\n\n\n\n<div style=\"height:37px\" aria-hidden=\"true\" class=\"wp-block-spacer\"><\/div>\n\n\n\n<h2 class=\"wp-block-heading\">Installation<\/h2>\n\n\n\n<p>Zwei Personen k\u00f6nnen die Bildschirme installieren und an ihren Platz bringen, um eine schnell aufbaubare Laser-Einhausung zu schaffen. Die Flatfoot-Option eliminiert<\/p>\n\n\n\n<div style=\"height:39px\" aria-hidden=\"true\" class=\"wp-block-spacer\"><\/div>\n\n\n\n<h5 class=\"wp-block-heading\">PEL BEWERTUNGEN<\/h5>\n\n\n\n<figure class=\"wp-block-table\"><table class=\"has-fixed-layout\"><tbody><tr><td>Bestrahlter Bereich<\/td><td><strong>PEL (T3) 10s<\/strong><\/td><td><strong>PEL (T2) 100s<\/strong><\/td><\/tr><tr><td>4mm\u00b2<\/td><td>310 MW\/m\u00b2<\/td><td>170 MW\/m\u00b2<\/td><\/tr><tr><td>2000mm\u00b2<\/td><td>1.8 MW\/m\u00b2<\/td><td>1.0 MW\/m\u00b2<\/td><\/tr><\/tbody><\/table><\/figure>\n\n\n\n<p><\/p>\n","protected":false},"excerpt":{"rendered":"<p>Die Flatfoot Laser Blocking Screens sind als semipermanente passive<span data-mce-type=\"bookmark\" style=\"width: 0px;overflow: hidden;line-height: 0\" class=\"mce_SELRES_start\">\ufeff<\/span>Schutzvorrichtung zum Umschlie\u00dfen eines Bereichs, in dem Laser der Klasse 3B oder Klasse 4 verwendet werden.<\/p>\n<ul>\n<li>Leichtgewicht<\/li>\n<li>Verhindert Stolpergefahr<\/li>\n<li>CE-gekennzeichnet und zertifiziert nach BS EN IEC 60825-4 Sicherheit von Laserprodukten Teil 4: Laserschutzvorrichtungen<\/li>\n<\/ul>\n","protected":false},"featured_media":9116,"comment_status":"open","ping_status":"closed","template":"","meta":{"_acf_changed":false,"_kad_blocks_custom_css":"","_kad_blocks_head_custom_js":"","_kad_blocks_body_custom_js":"","_kad_blocks_footer_custom_js":"","_EventAllDay":false,"_EventTimezone":"","_EventStartDate":"","_EventEndDate":"","_EventStartDateUTC":"","_EventEndDateUTC":"","_EventShowMap":false,"_EventShowMapLink":false,"_EventURL":"","_EventCost":"","_EventCostDescription":"","_EventCurrencySymbol":"","_EventCurrencyCode":"","_EventCurrencyPosition":"","_EventDateTimeSeparator":"","_EventTimeRangeSeparator":"","_EventOrganizerID":[],"_EventVenueID":[],"_OrganizerEmail":"","_OrganizerPhone":"","_OrganizerWebsite":"","_VenueAddress":"","_VenueCity":"","_VenueCountry":"","_VenueProvince":"","_VenueState":"","_VenueZip":"","_VenuePhone":"","_VenueURL":"","_VenueStateProvince":"","_VenueLat":"","_VenueLng":"","_VenueShowMap":false,"_VenueShowMapLink":false,"_kadence_starter_templates_imported_post":false,"_kad_post_transparent":"","_kad_post_title":"","_kad_post_layout":"","_kad_post_sidebar_id":"","_kad_post_content_style":"","_kad_post_vertical_padding":"","_kad_post_feature":"","_kad_post_feature_position":"","_kad_post_header":false,"_kad_post_footer":false,"_kad_post_classname":""},"product_brand":[],"product_cat":[44],"product_tag":[33,35,36,37,48],"class_list":{"0":"post-9023","1":"product","2":"type-product","3":"status-publish","4":"has-post-thumbnail","6":"product_cat-laserschutzabschirmungen","7":"product_tag-aerospace","8":"product_tag-automobilindustrie","9":"product_tag-forschung","10":"product_tag-industriell","11":"product_tag-medizinische","13":"first","14":"instock","15":"shipping-taxable","16":"product-type-simple","17":"entry","18":"content-bg","19":"loop-entry"},"acf":[],"taxonomy_info":{"product_cat":[{"value":44,"label":"Laserschutzabschirmungen"}],"product_tag":[{"value":33,"label":"Aerospace"},{"value":35,"label":"Automobilindustrie"},{"value":36,"label":"Forschung und Entwicklung"},{"value":37,"label":"Industriell"},{"value":48,"label":"Medizinische"}]},"featured_image_src_large":["https:\/\/www.lasermet.com\/de\/wp-content\/uploads\/sites\/3\/2025\/07\/Flatfoot-Screen-web.png",500,500,false],"author_info":[],"comment_info":0,"_links":{"self":[{"href":"https:\/\/www.lasermet.com\/de\/wp-json\/wp\/v2\/product\/9023","targetHints":{"allow":["GET"]}}],"collection":[{"href":"https:\/\/www.lasermet.com\/de\/wp-json\/wp\/v2\/product"}],"about":[{"href":"https:\/\/www.lasermet.com\/de\/wp-json\/wp\/v2\/types\/product"}],"replies":[{"embeddable":true,"href":"https:\/\/www.lasermet.com\/de\/wp-json\/wp\/v2\/comments?post=9023"}],"wp:featuredmedia":[{"embeddable":true,"href":"https:\/\/www.lasermet.com\/de\/wp-json\/wp\/v2\/media\/9116"}],"wp:attachment":[{"href":"https:\/\/www.lasermet.com\/de\/wp-json\/wp\/v2\/media?parent=9023"}],"wp:term":[{"taxonomy":"product_brand","embeddable":true,"href":"https:\/\/www.lasermet.com\/de\/wp-json\/wp\/v2\/product_brand?post=9023"},{"taxonomy":"product_cat","embeddable":true,"href":"https:\/\/www.lasermet.com\/de\/wp-json\/wp\/v2\/product_cat?post=9023"},{"taxonomy":"product_tag","embeddable":true,"href":"https:\/\/www.lasermet.com\/de\/wp-json\/wp\/v2\/product_tag?post=9023"}],"curies":[{"name":"wp","href":"https:\/\/api.w.org\/{rel}","templated":true}]}}