{"id":9022,"date":"2025-07-31T01:59:48","date_gmt":"2025-07-31T01:59:48","guid":{"rendered":"https:\/\/www.lasermet.com\/de\/?post_type=product&#038;p=9022"},"modified":"2025-07-31T02:01:31","modified_gmt":"2025-07-31T02:01:31","slug":"laserlicht-bildschirm","status":"publish","type":"product","link":"https:\/\/www.lasermet.com\/de\/laserschutzprodukte\/laserlicht-bildschirm\/","title":{"rendered":"Laserlicht-Bildschirm"},"content":{"rendered":"\n<div style=\"height:20px\" aria-hidden=\"true\" class=\"wp-block-spacer\"><\/div>\n\n\n\n<p>Die LaserLightScreen-Laserblendschirme sind so konzipiert, dass sie alle Wellenl\u00e4ngen blockieren. Sie verf\u00fcgen \u00fcber ein modulares Design, bei dem mehrere Schirme mithilfe von Verbindungselementen zu einer gr\u00f6\u00dferen Anzeigefl\u00e4che verbunden werden k\u00f6nnen. Mit einer H\u00f6he von nur 5 mm \u00fcber dem Boden bieten diese bodennahen Schirme einen angemessenen Laserschutz bis zu einer H\u00f6he von 2 m. Es gibt auch eine 2,5 m hohe Variante.<\/p>\n\n\n\n<div style=\"height:20px\" aria-hidden=\"true\" class=\"wp-block-spacer\"><\/div>\n\n\n\n<h5 class=\"wp-block-heading\">PEL BEWERTUNGEN<\/h5>\n\n\n\n<figure class=\"wp-block-table\"><table class=\"has-fixed-layout\"><tbody><tr><td><strong>Bestrahlter Bereich<\/strong><\/td><td><strong>PEL (T3) 10s<\/strong><\/td><td><strong>PEL (T2) 100s<\/strong><\/td><\/tr><tr><td>4mm\u00b2<\/td><td>150 MW\/m\u00b2<\/td><td>87 MW\/m\u00b2<\/td><\/tr><tr><td>2000mm\u00b2<\/td><td>1.2 MW\/m\u00b2<\/td><td>0.7 MW\/m\u00b2<\/td><\/tr><\/tbody><\/table><\/figure>\n\n\n\n<div style=\"height:40px\" aria-hidden=\"true\" class=\"wp-block-spacer\"><\/div>\n","protected":false},"excerpt":{"rendered":"<p>Der LaserLightScreen wurde entwickelt, um einen Bereich, in dem Laser der Klassen 3B und 4 verwendet werden, gegen versehentliche Exposition zu sch\u00fctzen oder um Laserstrahlung bei geringeren Leistungsdichten langfristig abzublocken.<\/p>\n<ul>\n<li>Entspricht EN 60825-4: Sicherheit von Laserprodukten Teil 4 \u2013 Laserschutzvorrichtungen<\/li>\n<li>Bodenhaftend, um Stolpergefahren zu vermeiden<\/li>\n<li>Tragbarer Bildschirm mit Rollen<\/li>\n<\/ul>\n","protected":false},"featured_media":9114,"comment_status":"open","ping_status":"closed","template":"","meta":{"_acf_changed":false,"_kad_blocks_custom_css":"","_kad_blocks_head_custom_js":"","_kad_blocks_body_custom_js":"","_kad_blocks_footer_custom_js":"","_EventAllDay":false,"_EventTimezone":"","_EventStartDate":"","_EventEndDate":"","_EventStartDateUTC":"","_EventEndDateUTC":"","_EventShowMap":false,"_EventShowMapLink":false,"_EventURL":"","_EventCost":"","_EventCostDescription":"","_EventCurrencySymbol":"","_EventCurrencyCode":"","_EventCurrencyPosition":"","_EventDateTimeSeparator":"","_EventTimeRangeSeparator":"","_EventOrganizerID":[],"_EventVenueID":[],"_OrganizerEmail":"","_OrganizerPhone":"","_OrganizerWebsite":"","_VenueAddress":"","_VenueCity":"","_VenueCountry":"","_VenueProvince":"","_VenueState":"","_VenueZip":"","_VenuePhone":"","_VenueURL":"","_VenueStateProvince":"","_VenueLat":"","_VenueLng":"","_VenueShowMap":false,"_VenueShowMapLink":false,"_kadence_starter_templates_imported_post":false,"_kad_post_transparent":"","_kad_post_title":"","_kad_post_layout":"","_kad_post_sidebar_id":"","_kad_post_content_style":"","_kad_post_vertical_padding":"","_kad_post_feature":"","_kad_post_feature_position":"","_kad_post_header":false,"_kad_post_footer":false,"_kad_post_classname":""},"product_brand":[],"product_cat":[44],"product_tag":[33,35,36,37,48],"class_list":{"0":"post-9022","1":"product","2":"type-product","3":"status-publish","4":"has-post-thumbnail","6":"product_cat-laserschutzabschirmungen","7":"product_tag-aerospace","8":"product_tag-automobilindustrie","9":"product_tag-forschung","10":"product_tag-industriell","11":"product_tag-medizinische","13":"first","14":"instock","15":"shipping-taxable","16":"product-type-simple","17":"entry","18":"content-bg","19":"loop-entry"},"acf":[],"taxonomy_info":{"product_cat":[{"value":44,"label":"Laserschutzabschirmungen"}],"product_tag":[{"value":33,"label":"Aerospace"},{"value":35,"label":"Automobilindustrie"},{"value":36,"label":"Forschung und Entwicklung"},{"value":37,"label":"Industriell"},{"value":48,"label":"Medizinische"}]},"featured_image_src_large":["https:\/\/www.lasermet.com\/de\/wp-content\/uploads\/sites\/3\/2025\/07\/LaserLight-Screen-for-web-300x300-1.png",300,300,false],"author_info":[],"comment_info":0,"_links":{"self":[{"href":"https:\/\/www.lasermet.com\/de\/wp-json\/wp\/v2\/product\/9022","targetHints":{"allow":["GET"]}}],"collection":[{"href":"https:\/\/www.lasermet.com\/de\/wp-json\/wp\/v2\/product"}],"about":[{"href":"https:\/\/www.lasermet.com\/de\/wp-json\/wp\/v2\/types\/product"}],"replies":[{"embeddable":true,"href":"https:\/\/www.lasermet.com\/de\/wp-json\/wp\/v2\/comments?post=9022"}],"wp:featuredmedia":[{"embeddable":true,"href":"https:\/\/www.lasermet.com\/de\/wp-json\/wp\/v2\/media\/9114"}],"wp:attachment":[{"href":"https:\/\/www.lasermet.com\/de\/wp-json\/wp\/v2\/media?parent=9022"}],"wp:term":[{"taxonomy":"product_brand","embeddable":true,"href":"https:\/\/www.lasermet.com\/de\/wp-json\/wp\/v2\/product_brand?post=9022"},{"taxonomy":"product_cat","embeddable":true,"href":"https:\/\/www.lasermet.com\/de\/wp-json\/wp\/v2\/product_cat?post=9022"},{"taxonomy":"product_tag","embeddable":true,"href":"https:\/\/www.lasermet.com\/de\/wp-json\/wp\/v2\/product_tag?post=9022"}],"curies":[{"name":"wp","href":"https:\/\/api.w.org\/{rel}","templated":true}]}}