{"id":9021,"date":"2025-07-31T02:42:46","date_gmt":"2025-07-31T02:42:46","guid":{"rendered":"https:\/\/www.lasermet.com\/de\/?post_type=product&#038;p=9021"},"modified":"2025-07-31T02:42:47","modified_gmt":"2025-07-31T02:42:47","slug":"led-stromversorgung-und-schalter","status":"publish","type":"product","link":"https:\/\/www.lasermet.com\/de\/laserschutzprodukte\/led-stromversorgung-und-schalter\/","title":{"rendered":"LED-Stromversorgung und Schalter"},"content":{"rendered":"\n<div style=\"height:59px\" aria-hidden=\"true\" class=\"wp-block-spacer\"><\/div>\n\n\n\n<h2 class=\"wp-block-heading\">Stromversorgung und manuelle Umschaltung f\u00fcr LED-Anzeigen<\/h2>\n\n\n\n<p>Take control of your laser laboratory&#8217;s safety with Lasermet\u2019s LED Power Supply and Switch \u2013 a compact, powerful solution that combines manual switching with a reliable 24V power supply. Compatible with both one-way and two-way (red\/green) LED signs, this controller ensures efficient status communication in controlled environments.<\/p>\n\n\n\n<div class=\"wp-block-columns is-layout-flex wp-container-core-columns-is-layout-9d6595d7 wp-block-columns-is-layout-flex\">\n<div class=\"wp-block-column is-layout-flow wp-block-column-is-layout-flow\"><div class=\"wp-block-image\">\n<figure class=\"aligncenter size-full is-resized\"><img loading=\"lazy\" decoding=\"async\" width=\"641\" height=\"855\" src=\"https:\/\/www.lasermet.com\/de\/wp-content\/uploads\/sites\/3\/2025\/07\/PS-LEDS-RG-1W2.png\" alt=\"\" class=\"wp-image-9122\" style=\"aspect-ratio:1;object-fit:cover;width:auto;height:400px\" srcset=\"https:\/\/www.lasermet.com\/de\/wp-content\/uploads\/sites\/3\/2025\/07\/PS-LEDS-RG-1W2.png 641w, https:\/\/www.lasermet.com\/de\/wp-content\/uploads\/sites\/3\/2025\/07\/PS-LEDS-RG-1W2-225x300.png 225w, https:\/\/www.lasermet.com\/de\/wp-content\/uploads\/sites\/3\/2025\/07\/PS-LEDS-RG-1W2-600x800.png 600w\" sizes=\"auto, (max-width: 641px) 100vw, 641px\" \/><figcaption class=\"wp-element-caption\">ZWEIWEGESCHALTER<\/figcaption><\/figure>\n<\/div><\/div>\n\n\n\n<div class=\"wp-block-column is-layout-flow wp-block-column-is-layout-flow\"><div class=\"wp-block-image\">\n<figure class=\"aligncenter size-full is-resized\"><img loading=\"lazy\" decoding=\"async\" width=\"641\" height=\"855\" src=\"https:\/\/www.lasermet.com\/de\/wp-content\/uploads\/sites\/3\/2025\/07\/PS-LEDS-RG-1W1.png\" alt=\"\" class=\"wp-image-9121\" style=\"aspect-ratio:1;object-fit:cover;width:400px;height:auto\" srcset=\"https:\/\/www.lasermet.com\/de\/wp-content\/uploads\/sites\/3\/2025\/07\/PS-LEDS-RG-1W1.png 641w, https:\/\/www.lasermet.com\/de\/wp-content\/uploads\/sites\/3\/2025\/07\/PS-LEDS-RG-1W1-225x300.png 225w, https:\/\/www.lasermet.com\/de\/wp-content\/uploads\/sites\/3\/2025\/07\/PS-LEDS-RG-1W1-600x800.png 600w\" sizes=\"auto, (max-width: 641px) 100vw, 641px\" \/><figcaption class=\"wp-element-caption\">EINWEGSCHALTER<\/figcaption><\/figure>\n<\/div><\/div>\n<\/div>\n\n\n\n<div style=\"height:20px\" aria-hidden=\"true\" class=\"wp-block-spacer\"><\/div>\n\n\n<style>.wp-block-kadence-advancedheading.kt-adv-heading9021_01f1a4-9c, .wp-block-kadence-advancedheading.kt-adv-heading9021_01f1a4-9c[data-kb-block=\"kb-adv-heading9021_01f1a4-9c\"]{font-style:normal;}.wp-block-kadence-advancedheading.kt-adv-heading9021_01f1a4-9c mark.kt-highlight, .wp-block-kadence-advancedheading.kt-adv-heading9021_01f1a4-9c[data-kb-block=\"kb-adv-heading9021_01f1a4-9c\"] mark.kt-highlight{font-style:normal;color:#f76a0c;-webkit-box-decoration-break:clone;box-decoration-break:clone;padding-top:0px;padding-right:0px;padding-bottom:0px;padding-left:0px;}.wp-block-kadence-advancedheading.kt-adv-heading9021_01f1a4-9c img.kb-inline-image, .wp-block-kadence-advancedheading.kt-adv-heading9021_01f1a4-9c[data-kb-block=\"kb-adv-heading9021_01f1a4-9c\"] img.kb-inline-image{width:150px;vertical-align:baseline;}<\/style>\n<h2 class=\"kt-adv-heading9021_01f1a4-9c wp-block-kadence-advancedheading\" data-kb-block=\"kb-adv-heading9021_01f1a4-9c\">Anwendungen<\/h2>\n\n\n\n<p>Das LED-Netzteil und der Schalter sind eine kompakte Einheit, die LED-Anzeigen mit Strom versorgt und manuell steuert.<\/p>\n\n\n<style>.kt-sc9021_7b45f9-16 .kt-sc-imgcol, .kt-sc9021_7b45f9-16 .kt-sc-textcol{min-height:0px;}.kt-sc9021_7b45f9-16 .kt-sc-textcol{padding-top:24px;padding-right:24px;padding-bottom:24px;padding-left:24px;margin-top:0px;margin-right:0px;margin-bottom:0px;margin-left:0px;}@media all and (max-width: 767px){.kt-sc9021_7b45f9-16 .kt-sc-imgcol, .kt-sc9021_7b45f9-16 .kt-sc-textcol{min-height:450px;}}<\/style>\n<div class=\"aligncenter kt-sc9021_7b45f9-16 wp-block-kadence-splitcontent\"><div class=\"kt-split-content-wrap kt-sc-media-side-left\" style=\"grid-template-columns:35% auto\"><div class=\"kt-sc-imgcol kt-sc-imgcol-bg-auto kt-sc-img-side-left\"><figure class=\"kt-split-content-media-image wp-image-container-14785\"><img loading=\"lazy\" decoding=\"async\" src=\"https:\/\/www.lasermet.com\/wp-content\/uploads\/2025\/05\/LEDS-BH-1WY.gif\" alt=\"One way mini sign in OFF and On state\" width=\"800\" height=\"800\" class=\"kt-split-content-img wp-image-14785\" \/><\/figure><\/div><div class=\"kt-sc-textcol kt-sc-text-valign-center kt-sc-text-halign-center\"><div class=\"kt-sc-innter-col\">\n<h3 class=\"wp-block-heading has-text-align-left\">LED-Minischilder<\/h3>\n\n\n<style>.wp-block-kadence-advancedheading.kt-adv-heading9021_6d7bfc-55, .wp-block-kadence-advancedheading.kt-adv-heading9021_6d7bfc-55[data-kb-block=\"kb-adv-heading9021_6d7bfc-55\"]{text-align:left;font-style:normal;}.wp-block-kadence-advancedheading.kt-adv-heading9021_6d7bfc-55 mark.kt-highlight, .wp-block-kadence-advancedheading.kt-adv-heading9021_6d7bfc-55[data-kb-block=\"kb-adv-heading9021_6d7bfc-55\"] mark.kt-highlight{font-style:normal;color:#f76a0c;-webkit-box-decoration-break:clone;box-decoration-break:clone;padding-top:0px;padding-right:0px;padding-bottom:0px;padding-left:0px;}.wp-block-kadence-advancedheading.kt-adv-heading9021_6d7bfc-55 img.kb-inline-image, .wp-block-kadence-advancedheading.kt-adv-heading9021_6d7bfc-55[data-kb-block=\"kb-adv-heading9021_6d7bfc-55\"] img.kb-inline-image{width:150px;vertical-align:baseline;}<\/style>\n<p class=\"kt-adv-heading9021_6d7bfc-55 wp-block-kadence-advancedheading\" data-kb-block=\"kb-adv-heading9021_6d7bfc-55\">Dieses Ger\u00e4t wurde f\u00fcr die Verwendung mit den LED-Minischildern von Lasermet entwickelt und erm\u00f6glicht die einfache manuelle Bedienung von Einwegschildern, um \u201eBlank\u201c (Aus-Zustand) und \u201eBernsteinfarbener Text\u201c (Gefahrenzustand) anzuzeigen.<\/p>\n\n\n<style>.wp-block-kadence-advancedbtn.kb-btns9021_48568b-b9{gap:var(--global-kb-gap-xs, 0.5rem );justify-content:flex-start;align-items:center;}.kt-btns9021_48568b-b9 .kt-button{font-weight:normal;font-style:normal;}.kt-btns9021_48568b-b9 .kt-btn-wrap-0{margin-right:5px;}.wp-block-kadence-advancedbtn.kt-btns9021_48568b-b9 .kt-btn-wrap-0 .kt-button{color:#555555;border-color:#555555;}.wp-block-kadence-advancedbtn.kt-btns9021_48568b-b9 .kt-btn-wrap-0 .kt-button:hover, .wp-block-kadence-advancedbtn.kt-btns9021_48568b-b9 .kt-btn-wrap-0 .kt-button:focus{color:#ffffff;border-color:#444444;}.wp-block-kadence-advancedbtn.kt-btns9021_48568b-b9 .kt-btn-wrap-0 .kt-button::before{display:none;}.wp-block-kadence-advancedbtn.kt-btns9021_48568b-b9 .kt-btn-wrap-0 .kt-button:hover, .wp-block-kadence-advancedbtn.kt-btns9021_48568b-b9 .kt-btn-wrap-0 .kt-button:focus{background:#444444;}<\/style>\n<div class=\"wp-block-kadence-advancedbtn kb-buttons-wrap kb-btns9021_48568b-b9\"><style>ul.menu .wp-block-kadence-advancedbtn .kb-btn9021_a5500a-13.kb-button{width:initial;}<\/style><a class=\"kb-button kt-button button kb-btn9021_a5500a-13 kt-btn-size-large kt-btn-width-type-auto kb-btn-global-fill  kt-btn-has-text-true kt-btn-has-svg-false  wp-block-kadence-singlebtn\" href=\"https:\/\/www.lasermet.com\/de\/laserschutzprodukte\/led-mini-schilder\/\"><span class=\"kt-btn-inner-text\">See more<\/span><\/a><\/div>\n<\/div><\/div><\/div><\/div>\n\n\n<style>.kt-sc9021_d87fdd-c4 .kt-sc-imgcol, .kt-sc9021_d87fdd-c4 .kt-sc-textcol{min-height:0px;}.kt-sc9021_d87fdd-c4 .kt-sc-textcol{padding-top:24px;padding-right:24px;padding-bottom:24px;padding-left:24px;margin-top:0px;margin-right:0px;margin-bottom:0px;margin-left:0px;}@media all and (max-width: 767px){.kt-sc9021_d87fdd-c4 .kt-sc-imgcol, .kt-sc9021_d87fdd-c4 .kt-sc-textcol{min-height:450px;}}<\/style>\n<div class=\"aligncenter kt-sc9021_d87fdd-c4 wp-block-kadence-splitcontent\"><div class=\"kt-split-content-wrap kt-sc-media-side-left\" style=\"grid-template-columns:35% auto\"><div class=\"kt-sc-imgcol kt-sc-imgcol-bg-auto kt-sc-img-side-left\"><figure class=\"kt-split-content-media-image wp-image-container-14786\"><img loading=\"lazy\" decoding=\"async\" src=\"https:\/\/www.lasermet.com\/wp-content\/uploads\/2025\/05\/LEDS-ULT-470-L-R.gif\" alt=\"Two Way Ultra Sign in ON, OFF and DANGER state.\" width=\"800\" height=\"800\" class=\"kt-split-content-img wp-image-14786\" \/><\/figure><\/div><div class=\"kt-sc-textcol kt-sc-text-valign-center kt-sc-text-halign-center\"><div class=\"kt-sc-innter-col\">\n<h3 class=\"wp-block-heading has-text-align-left\">LED-Ultra-Schilder<\/h3>\n\n\n<style>.wp-block-kadence-advancedheading.kt-adv-heading9021_3e0dfa-90, .wp-block-kadence-advancedheading.kt-adv-heading9021_3e0dfa-90[data-kb-block=\"kb-adv-heading9021_3e0dfa-90\"]{text-align:left;font-style:normal;}.wp-block-kadence-advancedheading.kt-adv-heading9021_3e0dfa-90 mark.kt-highlight, .wp-block-kadence-advancedheading.kt-adv-heading9021_3e0dfa-90[data-kb-block=\"kb-adv-heading9021_3e0dfa-90\"] mark.kt-highlight{font-style:normal;color:#f76a0c;-webkit-box-decoration-break:clone;box-decoration-break:clone;padding-top:0px;padding-right:0px;padding-bottom:0px;padding-left:0px;}.wp-block-kadence-advancedheading.kt-adv-heading9021_3e0dfa-90 img.kb-inline-image, .wp-block-kadence-advancedheading.kt-adv-heading9021_3e0dfa-90[data-kb-block=\"kb-adv-heading9021_3e0dfa-90\"] img.kb-inline-image{width:150px;vertical-align:baseline;}<\/style>\n<p class=\"kt-adv-heading9021_3e0dfa-90 wp-block-kadence-advancedheading\" data-kb-block=\"kb-adv-heading9021_3e0dfa-90\">Dieses Ger\u00e4t wurde f\u00fcr die Verwendung mit den LED-Ultra-Schildern von Lasermet entwickelt und erm\u00f6glicht die einfache manuelle Bedienung von Zweiwege-Schildern zur Anzeige klarer Echtzeitmeldungen wie \u201eLeer\u201c (Aus-Zustand), \u201eGefahr Laser ein\u201c (Gefahrenzustand) oder \u201eKeine Gefahr Laser aus\u201c (Sicherheitszustand), wodurch eine wichtige Lasersicherheitskommunikation in kompakten Aufbauten gew\u00e4hrleistet wird.<\/p>\n\n\n<style>.wp-block-kadence-advancedbtn.kb-btns9021_ee0df2-21{gap:var(--global-kb-gap-xs, 0.5rem );justify-content:flex-start;align-items:center;}.kt-btns9021_ee0df2-21 .kt-button{font-weight:normal;font-style:normal;}.kt-btns9021_ee0df2-21 .kt-btn-wrap-0{margin-right:5px;}.wp-block-kadence-advancedbtn.kt-btns9021_ee0df2-21 .kt-btn-wrap-0 .kt-button{color:#555555;border-color:#555555;}.wp-block-kadence-advancedbtn.kt-btns9021_ee0df2-21 .kt-btn-wrap-0 .kt-button:hover, .wp-block-kadence-advancedbtn.kt-btns9021_ee0df2-21 .kt-btn-wrap-0 .kt-button:focus{color:#ffffff;border-color:#444444;}.wp-block-kadence-advancedbtn.kt-btns9021_ee0df2-21 .kt-btn-wrap-0 .kt-button::before{display:none;}.wp-block-kadence-advancedbtn.kt-btns9021_ee0df2-21 .kt-btn-wrap-0 .kt-button:hover, .wp-block-kadence-advancedbtn.kt-btns9021_ee0df2-21 .kt-btn-wrap-0 .kt-button:focus{background:#444444;}<\/style>\n<div class=\"wp-block-kadence-advancedbtn kb-buttons-wrap kb-btns9021_ee0df2-21\"><style>ul.menu .wp-block-kadence-advancedbtn .kb-btn9021_2932dc-0e.kb-button{width:initial;}<\/style><a class=\"kb-button kt-button button kb-btn9021_2932dc-0e kt-btn-size-large kt-btn-width-type-auto kb-btn-global-fill  kt-btn-has-text-true kt-btn-has-svg-false  wp-block-kadence-singlebtn\" href=\"https:\/\/www.lasermet.com\/de\/laserschutzprodukte\/led-mini-schilder\/\"><span class=\"kt-btn-inner-text\">See more<\/span><\/a><\/div>\n<\/div><\/div><\/div><\/div>\n\n\n\n<div style=\"height:83px\" aria-hidden=\"true\" class=\"wp-block-spacer\"><\/div>\n\n\n\n<figure class=\"wp-block-embed is-type-video is-provider-youtube wp-block-embed-youtube wp-embed-aspect-16-9 wp-has-aspect-ratio\"><div class=\"wp-block-embed__wrapper\">\n<iframe loading=\"lazy\" title=\"Laseremet&#039;s LED Power Supply and Switch\" width=\"563\" height=\"1000\" src=\"https:\/\/www.youtube.com\/embed\/ONkE2Jv8BP4?feature=oembed\" frameborder=\"0\" allow=\"accelerometer; autoplay; clipboard-write; encrypted-media; gyroscope; picture-in-picture; web-share\" referrerpolicy=\"strict-origin-when-cross-origin\" allowfullscreen><\/iframe>\n<\/div><\/figure>\n\n\n\n<p><\/p>\n","protected":false},"excerpt":{"rendered":"<p>Das LED-Netzteil und der Schalter sind eine kompakte Zwei-Wege-Einheit, die die Mini- und Ultra-LED-Anzeigen von Lasermet mit Strom versorgt und manuell steuert. Es bietet eine klare Echtzeitanzeige des Laborstatus, einschlie\u00dflich:<\/p>\n<ul class=\"wp-block-list\"><!-- wp:list-item --><\/p>\n<li>Manuelle Steuerung f\u00fcr Mini- und Ultra-LED-Anzeigen<\/li>\n<p><!-- \/wp:list-item --><!-- wp:list-item --><\/p>\n<li>Kompakte Bauweise f\u00fcr einfache Installation<\/li>\n<li>Doppelfunktion: Schalter + Netzteil in einem Ger\u00e4t<\/li>\n<li>Kompatibel mit Lasermet-Lasersicherheitssystemen<\/li>\n<\/ul>\n<p><!-- \/wp:list-item --><\/p>\n","protected":false},"featured_media":9123,"comment_status":"open","ping_status":"closed","template":"","meta":{"_acf_changed":false,"_kad_blocks_custom_css":"","_kad_blocks_head_custom_js":"","_kad_blocks_body_custom_js":"","_kad_blocks_footer_custom_js":"","_EventAllDay":false,"_EventTimezone":"","_EventStartDate":"","_EventEndDate":"","_EventStartDateUTC":"","_EventEndDateUTC":"","_EventShowMap":false,"_EventShowMapLink":false,"_EventURL":"","_EventCost":"","_EventCostDescription":"","_EventCurrencySymbol":"","_EventCurrencyCode":"","_EventCurrencyPosition":"","_EventDateTimeSeparator":"","_EventTimeRangeSeparator":"","_EventOrganizerID":[],"_EventVenueID":[],"_OrganizerEmail":"","_OrganizerPhone":"","_OrganizerWebsite":"","_VenueAddress":"","_VenueCity":"","_VenueCountry":"","_VenueProvince":"","_VenueState":"","_VenueZip":"","_VenuePhone":"","_VenueURL":"","_VenueStateProvince":"","_VenueLat":"","_VenueLng":"","_VenueShowMap":false,"_VenueShowMapLink":false,"_kadence_starter_templates_imported_post":false,"_kad_post_transparent":"","_kad_post_title":"","_kad_post_layout":"","_kad_post_sidebar_id":"","_kad_post_content_style":"","_kad_post_vertical_padding":"","_kad_post_feature":"","_kad_post_feature_position":"","_kad_post_header":false,"_kad_post_footer":false,"_kad_post_classname":""},"product_brand":[],"product_cat":[41],"product_tag":[36,37,48],"class_list":{"0":"post-9021","1":"product","2":"type-product","3":"status-publish","4":"has-post-thumbnail","6":"product_cat-interlock-zubehoer","7":"product_tag-forschung","8":"product_tag-industriell","9":"product_tag-medizinische","11":"first","12":"instock","13":"shipping-taxable","14":"product-type-simple","15":"entry","16":"content-bg","17":"loop-entry"},"acf":[],"taxonomy_info":{"product_cat":[{"value":41,"label":"Interlock-Zubeh\u00f6r"}],"product_tag":[{"value":36,"label":"Forschung und Entwicklung"},{"value":37,"label":"Industriell"},{"value":48,"label":"Medizinische"}]},"featured_image_src_large":["https:\/\/www.lasermet.com\/de\/wp-content\/uploads\/sites\/3\/2025\/07\/PS-LEDS-RG-1.png",500,500,false],"author_info":[],"comment_info":0,"_links":{"self":[{"href":"https:\/\/www.lasermet.com\/de\/wp-json\/wp\/v2\/product\/9021","targetHints":{"allow":["GET"]}}],"collection":[{"href":"https:\/\/www.lasermet.com\/de\/wp-json\/wp\/v2\/product"}],"about":[{"href":"https:\/\/www.lasermet.com\/de\/wp-json\/wp\/v2\/types\/product"}],"replies":[{"embeddable":true,"href":"https:\/\/www.lasermet.com\/de\/wp-json\/wp\/v2\/comments?post=9021"}],"wp:featuredmedia":[{"embeddable":true,"href":"https:\/\/www.lasermet.com\/de\/wp-json\/wp\/v2\/media\/9123"}],"wp:attachment":[{"href":"https:\/\/www.lasermet.com\/de\/wp-json\/wp\/v2\/media?parent=9021"}],"wp:term":[{"taxonomy":"product_brand","embeddable":true,"href":"https:\/\/www.lasermet.com\/de\/wp-json\/wp\/v2\/product_brand?post=9021"},{"taxonomy":"product_cat","embeddable":true,"href":"https:\/\/www.lasermet.com\/de\/wp-json\/wp\/v2\/product_cat?post=9021"},{"taxonomy":"product_tag","embeddable":true,"href":"https:\/\/www.lasermet.com\/de\/wp-json\/wp\/v2\/product_tag?post=9021"}],"curies":[{"name":"wp","href":"https:\/\/api.w.org\/{rel}","templated":true}]}}