{"id":9020,"date":"2025-07-25T09:36:33","date_gmt":"2025-07-25T09:36:33","guid":{"rendered":"https:\/\/www.lasermet.com\/de\/?post_type=product&#038;p=9020"},"modified":"2025-07-28T02:23:59","modified_gmt":"2025-07-28T02:23:59","slug":"ics-7-alf-interlock-controller","status":"publish","type":"product","link":"https:\/\/www.lasermet.com\/de\/laserschutzprodukte\/ics-7-alf-interlock-controller\/","title":{"rendered":"ICS-7-ALF Interlock Controller"},"content":{"rendered":"\n<p>Das ICS-7-ALF ist ein zweikanaliges Lasersicherheits-Verriegelungssteuerungssystem, das sich nahtlos in SPS-Steuerungen, Laser und Robotersysteme integrieren l\u00e4sst. Als Teil einer kompletten Lasersicherheitsanlage stellt das ICS-7-ALF sicher, dass der Laser nur dann aktiviert werden kann, wenn alle Sicherheitsverriegelungen \u2013 einschlie\u00dflich des passiven Laserschwei\u00dfhelms \u2013 in einem sicheren Betriebszustand sind.<\/p>\n\n\n<div class=\"wp-block-image\">\n<figure class=\"aligncenter size-full\"><img loading=\"lazy\" decoding=\"async\" width=\"1024\" height=\"411\" src=\"https:\/\/www.lasermet.com\/de\/wp-content\/uploads\/sites\/3\/2025\/07\/ICS-7-ALF-1024x411-1.png\" alt=\"Seitenansicht des ICS-7-ALF-Verriegelungscontrollers mit dem erweiterbaren Anschluss f\u00fcr System\u00e4nderungen und zus\u00e4tzliche Verbindungen.\" class=\"wp-image-9045\" srcset=\"https:\/\/www.lasermet.com\/de\/wp-content\/uploads\/sites\/3\/2025\/07\/ICS-7-ALF-1024x411-1.png 1024w, https:\/\/www.lasermet.com\/de\/wp-content\/uploads\/sites\/3\/2025\/07\/ICS-7-ALF-1024x411-1-300x120.png 300w, https:\/\/www.lasermet.com\/de\/wp-content\/uploads\/sites\/3\/2025\/07\/ICS-7-ALF-1024x411-1-768x308.png 768w, https:\/\/www.lasermet.com\/de\/wp-content\/uploads\/sites\/3\/2025\/07\/ICS-7-ALF-1024x411-1-600x241.png 600w\" sizes=\"auto, (max-width: 1024px) 100vw, 1024px\" \/><\/figure>\n<\/div>\n\n\n<div class=\"wp-block-group has-theme-palette-7-background-color has-background is-vertical is-layout-flex wp-container-core-group-is-layout-8cf370e7 wp-block-group-is-layout-flex\">\n<div class=\"wp-block-group is-vertical is-layout-flex wp-container-core-group-is-layout-8cf370e7 wp-block-group-is-layout-flex\">\n<h3 class=\"wp-block-heading\"><strong>PLC Integration<\/strong><\/h3>\n\n\n\n<p style=\"border-radius:0px\">Arbeitet mit bestehenden Steuerungssystemen zusammen, um den Laserbetrieb auf der Grundlage gepr\u00fcfter Sicherheitsbedingungen zu steuern.<\/p>\n\n\n\n<div style=\"height:0px\" aria-hidden=\"true\" class=\"wp-block-spacer wp-container-content-16d1eb73\"><\/div>\n<\/div>\n\n\n\n<div class=\"wp-block-group is-vertical is-layout-flex wp-container-core-group-is-layout-8cf370e7 wp-block-group-is-layout-flex\">\n<h3 class=\"wp-block-heading\"><strong>Dual-Channel-Sicherheit<\/strong><\/h3>\n\n\n\n<p>Ausgestattet mit einer vollst\u00e4ndigen Dual-Channel-Architektur mit gegenseitiger \u00dcberpr\u00fcfung, konform mit EN ISO 13849-1, erreicht das Ger\u00e4t die Leistungsstufe \u201ee\u201c. Dies entspricht einer mittleren Zeit bis zum gef\u00e4hrlichen Ausfall von 381 Jahren \u2013 und gew\u00e4hrleistet somit eine herausragende Zuverl\u00e4ssigkeit.<\/p>\n\n\n\n<div style=\"height:0px\" aria-hidden=\"true\" class=\"wp-block-spacer wp-container-content-16d1eb73\"><\/div>\n<\/div>\n\n\n\n<div class=\"wp-block-group is-vertical is-layout-flex wp-container-core-group-is-layout-8cf370e7 wp-block-group-is-layout-flex\">\n<h3 class=\"wp-block-heading\"><strong><strong>Aktivierungssteuerung<\/strong><\/strong><\/h3>\n\n\n\n<p>Erfordert zwei externe potentialfreie Kontakte (in der Regel von einer SPS), um das System zu aktivieren. Der Laser wird erst aktiviert, wenn diese geschlossen sind und alle Verriegelungsbedingungen erf\u00fcllt sind.<\/p>\n\n\n\n<div style=\"height:0px\" aria-hidden=\"true\" class=\"wp-block-spacer wp-container-content-16d1eb73\"><\/div>\n<\/div>\n\n\n\n<div class=\"wp-block-group is-vertical is-layout-flex wp-container-core-group-is-layout-8cf370e7 wp-block-group-is-layout-flex\">\n<h3 class=\"wp-block-heading\"><strong>Ausfallsichere Ausg\u00e4nge<\/strong><\/h3>\n\n\n\n<p>Enth\u00e4lt ausfallsichere Verriegelungsausg\u00e4nge mit einer Nennleistung von 4 A ohmsch, 50 VDC, zur Steuerung des Laserbetriebs, von T\u00fcrschl\u00f6ssern oder zum Senden von Signalen an eine SPS. Alle Ausg\u00e4nge sind potentialfreie Kontakte und sind geschlossen, wenn das System aktiviert ist.<\/p>\n\n\n\n<div style=\"height:0px\" aria-hidden=\"true\" class=\"wp-block-spacer wp-container-content-16d1eb73\"><\/div>\n<\/div>\n\n\n\n<div class=\"wp-block-group is-vertical is-layout-flex wp-container-core-group-is-layout-8cf370e7 wp-block-group-is-layout-flex\">\n<h3 class=\"wp-block-heading\"><strong>Expandable Design<\/strong><\/h3>\n\n\n\n<p>Verf\u00fcgt \u00fcber einen Erweiterungsport f\u00fcr einfache System\u00e4nderungen oder -skalierungen.<\/p>\n\n\n\n<div style=\"height:0px\" aria-hidden=\"true\" class=\"wp-block-spacer wp-container-content-16d1eb73\"><\/div>\n<\/div>\n<\/div>\n\n\n\n<div style=\"height:50px\" aria-hidden=\"true\" class=\"wp-block-spacer\"><\/div>\n\n\n\n<h1 class=\"wp-block-heading\">\u00dcberwachung des Laserschwei\u00dfhelms<\/h1>\n\n\n\n<p>Das ICS-7-ALF \u00fcberwacht kontinuierlich den passiven Laserschwei\u00dfhelm, der mit integrierten Sicherheitsverriegelungsschaltern ausgestattet ist, um sicherzustellen, dass er vor der Laseraktivierung korrekt getragen wird.<\/p>\n\n\n\n<div class=\"wp-block-media-text has-media-on-the-right is-stacked-on-mobile\" style=\"grid-template-columns:auto 21%\"><div class=\"wp-block-media-text__content\"><div class=\"wp-block-image\">\n<figure class=\"aligncenter size-full is-resized\"><img loading=\"lazy\" decoding=\"async\" width=\"497\" height=\"128\" src=\"https:\/\/www.lasermet.com\/de\/wp-content\/uploads\/sites\/3\/2021\/07\/Passive-ALF-Passive-Laser-Welding-Helmet-logo-x.jpg\" alt=\"\" class=\"wp-image-7312\" style=\"width:431px;height:auto\" srcset=\"https:\/\/www.lasermet.com\/de\/wp-content\/uploads\/sites\/3\/2021\/07\/Passive-ALF-Passive-Laser-Welding-Helmet-logo-x.jpg 497w, https:\/\/www.lasermet.com\/de\/wp-content\/uploads\/sites\/3\/2021\/07\/Passive-ALF-Passive-Laser-Welding-Helmet-logo-x-300x77.jpg 300w\" sizes=\"auto, (max-width: 497px) 100vw, 497px\" \/><\/figure>\n<\/div>\n\n\n<p>Das System \u00fcberpr\u00fcft, ob der Helm sicher sitzt und das Visier vollst\u00e4ndig geschlossen ist. Wenn der Helm abgenommen, falsch ausgerichtet oder nicht ordnungsgem\u00e4\u00df getragen wird, wird die Verriegelung ausgel\u00f6st und das System sofort deaktiviert, wodurch die Laserleistung unterbrochen wird, um eine versehentliche Exposition zu verhindern.<\/p>\n\n\n\n<p>Das Foto auf der rechten Seite zeigt die H\u00e4ngevorrichtung, an der alle erforderlichen Ger\u00e4te befestigt sind, darunter ein Minischild, ein Not-Aus-Schalter und Verteilerk\u00e4sten.<\/p>\n\n\n<div class=\"wp-block-image\">\n<figure class=\"aligncenter size-full is-resized\"><img loading=\"lazy\" decoding=\"async\" width=\"500\" height=\"500\" src=\"https:\/\/www.lasermet.com\/de\/wp-content\/uploads\/sites\/3\/2023\/02\/ALF-Grey.png\" alt=\"Lasermet passive Alf Interlocked laser welding Helmet\" class=\"wp-image-8393\" style=\"width:390px;height:auto\" srcset=\"https:\/\/www.lasermet.com\/de\/wp-content\/uploads\/sites\/3\/2023\/02\/ALF-Grey.png 500w, https:\/\/www.lasermet.com\/de\/wp-content\/uploads\/sites\/3\/2023\/02\/ALF-Grey-300x300.png 300w, https:\/\/www.lasermet.com\/de\/wp-content\/uploads\/sites\/3\/2023\/02\/ALF-Grey-150x150.png 150w, https:\/\/www.lasermet.com\/de\/wp-content\/uploads\/sites\/3\/2023\/02\/ALF-Grey-100x100.png 100w\" sizes=\"auto, (max-width: 500px) 100vw, 500px\" \/><\/figure>\n<\/div><\/div><figure class=\"wp-block-media-text__media\"><img loading=\"lazy\" decoding=\"async\" width=\"410\" height=\"1024\" src=\"https:\/\/www.lasermet.com\/de\/wp-content\/uploads\/sites\/3\/2025\/07\/alf-kit.png\" alt=\"H\u00e4ngende Halterung, die alle erforderlichen Ger\u00e4te miteinander verbindet, darunter ein Mini-Schild, ein Not-Aus-Schalter und Verteilerk\u00e4sten.\" class=\"wp-image-9046 size-full\" srcset=\"https:\/\/www.lasermet.com\/de\/wp-content\/uploads\/sites\/3\/2025\/07\/alf-kit.png 410w, https:\/\/www.lasermet.com\/de\/wp-content\/uploads\/sites\/3\/2025\/07\/alf-kit-120x300.png 120w\" sizes=\"auto, (max-width: 410px) 100vw, 410px\" \/><\/figure><\/div>\n\n\n\n<div style=\"height:60px\" aria-hidden=\"true\" class=\"wp-block-spacer\"><\/div>\n\n\n\n<h2 class=\"wp-block-heading\">Block Diagram for ICS-7-ALF Interlock Control System<\/h2>\n\n\n\n<p>Dieses Blockdiagramm veranschaulicht die typische Systemarchitektur des ICS-7-ALF-Verriegelungssteuerungssystems. Der passive ALF-Laserschwei\u00dfhelm wird an die ALF-Eingangsverteilerbox (ICS-DB-ALF-IN) angeschlossen, die dann mit dem ICS-7-ALF-Controller verbunden ist. Der Controller sendet Signale an die Verriegelungsausgangsbox (ICS-DB-ALF-OUT), die schlie\u00dflich mit dem Lasersystem verbunden ist. Diese Konfiguration stellt sicher, dass der Laser nur dann aktiviert wird, wenn alle Verriegelungen sicher validiert sind, was ein hohes Ma\u00df an Sicherheit f\u00fcr den Bediener gew\u00e4hrleistet.<\/p>\n\n\n<div class=\"wp-block-image\">\n<figure class=\"aligncenter size-large is-resized\"><img loading=\"lazy\" decoding=\"async\" width=\"1024\" height=\"319\" src=\"https:\/\/www.lasermet.com\/de\/wp-content\/uploads\/sites\/3\/2025\/07\/ICS-7-ALF-block-diagram-1024x319.png\" alt=\"Blockdiagramm, das den Verbindungsfluss vom passiven ALF-Schwei\u00dfhelm zum ICS-DB-ALF-IN, dann zum ICS-7-ALF-Controller, gefolgt vom ICS-DB-ALF-OUT und schlie\u00dflich zum Laser zeigt.\" class=\"wp-image-9047\" style=\"width:1290px\" srcset=\"https:\/\/www.lasermet.com\/de\/wp-content\/uploads\/sites\/3\/2025\/07\/ICS-7-ALF-block-diagram-1024x319.png 1024w, https:\/\/www.lasermet.com\/de\/wp-content\/uploads\/sites\/3\/2025\/07\/ICS-7-ALF-block-diagram-300x93.png 300w, https:\/\/www.lasermet.com\/de\/wp-content\/uploads\/sites\/3\/2025\/07\/ICS-7-ALF-block-diagram-768x239.png 768w, https:\/\/www.lasermet.com\/de\/wp-content\/uploads\/sites\/3\/2025\/07\/ICS-7-ALF-block-diagram-600x187.png 600w, https:\/\/www.lasermet.com\/de\/wp-content\/uploads\/sites\/3\/2025\/07\/ICS-7-ALF-block-diagram.png 1536w\" sizes=\"auto, (max-width: 1024px) 100vw, 1024px\" \/><\/figure>\n<\/div>\n\n\n<p><\/p>\n","protected":false},"excerpt":{"rendered":"<h6>Interlock-Steuerung f\u00fcr ALF-f\u00e4hige Systeme<\/h6>\n<p>Die ICS-7-ALF sch\u00fctzt das Personal vor gef\u00e4hrlicher Lasereinstrahlung durch die Integration einer zweikanaligen Sicherheitssteuerung mit helmbasierter Interlock-\u00dcberwachung.<\/p>\n<p class=\"\" data-start=\"137\" data-end=\"334\">Er verf\u00fcgt \u00fcber fortschrittliche \u00dcberwachungsfunktionen, darunter:<\/p>\n<ul>\n<li data-start=\"388\" data-end=\"451\">Kontinuierliche \u00dcberwachung des Helmtragens und des Visierverschlusses<\/li>\n<li data-start=\"388\" data-end=\"451\">Zweikanalige, gegengepr\u00fcfte Architektur (PL \u201ee\u201c-konform)<\/li>\n<li data-start=\"454\" data-end=\"508\">Spannungsfreie, ausfallsichere Verriegelungsausg\u00e4nge f\u00fcr Laser- und SPS-Steuerung<\/li>\n<li data-start=\"454\" data-end=\"508\">Nahtlose Integration mit ALF-f\u00e4higen Ger\u00e4ten und Erweiterungsoptionen<\/li>\n<\/ul>\n","protected":false},"featured_media":9048,"comment_status":"open","ping_status":"closed","template":"","meta":{"_acf_changed":false,"_kad_blocks_custom_css":"","_kad_blocks_head_custom_js":"","_kad_blocks_body_custom_js":"","_kad_blocks_footer_custom_js":"","_EventAllDay":false,"_EventTimezone":"","_EventStartDate":"","_EventEndDate":"","_EventStartDateUTC":"","_EventEndDateUTC":"","_EventShowMap":false,"_EventShowMapLink":false,"_EventURL":"","_EventCost":"","_EventCostDescription":"","_EventCurrencySymbol":"","_EventCurrencyCode":"","_EventCurrencyPosition":"","_EventDateTimeSeparator":"","_EventTimeRangeSeparator":"","_EventOrganizerID":[],"_EventVenueID":[],"_OrganizerEmail":"","_OrganizerPhone":"","_OrganizerWebsite":"","_VenueAddress":"","_VenueCity":"","_VenueCountry":"","_VenueProvince":"","_VenueState":"","_VenueZip":"","_VenuePhone":"","_VenueURL":"","_VenueStateProvince":"","_VenueLat":"","_VenueLng":"","_VenueShowMap":false,"_VenueShowMapLink":false,"_kadence_starter_templates_imported_post":false,"_kad_post_transparent":"","_kad_post_title":"","_kad_post_layout":"","_kad_post_sidebar_id":"","_kad_post_content_style":"","_kad_post_vertical_padding":"","_kad_post_feature":"","_kad_post_feature_position":"","_kad_post_header":false,"_kad_post_footer":false,"_kad_post_classname":""},"product_brand":[],"product_cat":[40,41],"product_tag":[33,35,36,37,48],"class_list":{"0":"post-9020","1":"product","2":"type-product","3":"status-publish","4":"has-post-thumbnail","6":"product_cat-interlock-kontrollsystem","7":"product_cat-interlock-zubehoer","8":"product_tag-aerospace","9":"product_tag-automobilindustrie","10":"product_tag-forschung","11":"product_tag-industriell","12":"product_tag-medizinische","14":"first","15":"instock","16":"shipping-taxable","17":"product-type-simple","18":"entry","19":"content-bg","20":"loop-entry"},"acf":[],"taxonomy_info":{"product_cat":[{"value":40,"label":"Interlock-Kontrollsystem"},{"value":41,"label":"Interlock-Zubeh\u00f6r"}],"product_tag":[{"value":33,"label":"Aerospace"},{"value":35,"label":"Automobilindustrie"},{"value":36,"label":"Forschung und Entwicklung"},{"value":37,"label":"Industriell"},{"value":48,"label":"Medizinische"}]},"featured_image_src_large":["https:\/\/www.lasermet.com\/de\/wp-content\/uploads\/sites\/3\/2025\/07\/ics-7-alf-web.jpg",500,500,false],"author_info":[],"comment_info":0,"_links":{"self":[{"href":"https:\/\/www.lasermet.com\/de\/wp-json\/wp\/v2\/product\/9020","targetHints":{"allow":["GET"]}}],"collection":[{"href":"https:\/\/www.lasermet.com\/de\/wp-json\/wp\/v2\/product"}],"about":[{"href":"https:\/\/www.lasermet.com\/de\/wp-json\/wp\/v2\/types\/product"}],"replies":[{"embeddable":true,"href":"https:\/\/www.lasermet.com\/de\/wp-json\/wp\/v2\/comments?post=9020"}],"wp:featuredmedia":[{"embeddable":true,"href":"https:\/\/www.lasermet.com\/de\/wp-json\/wp\/v2\/media\/9048"}],"wp:attachment":[{"href":"https:\/\/www.lasermet.com\/de\/wp-json\/wp\/v2\/media?parent=9020"}],"wp:term":[{"taxonomy":"product_brand","embeddable":true,"href":"https:\/\/www.lasermet.com\/de\/wp-json\/wp\/v2\/product_brand?post=9020"},{"taxonomy":"product_cat","embeddable":true,"href":"https:\/\/www.lasermet.com\/de\/wp-json\/wp\/v2\/product_cat?post=9020"},{"taxonomy":"product_tag","embeddable":true,"href":"https:\/\/www.lasermet.com\/de\/wp-json\/wp\/v2\/product_tag?post=9020"}],"curies":[{"name":"wp","href":"https:\/\/api.w.org\/{rel}","templated":true}]}}