{"id":9000,"date":"2025-07-23T09:15:11","date_gmt":"2025-07-23T09:15:11","guid":{"rendered":"https:\/\/www.lasermet.com\/de\/?post_type=product&#038;p=9000"},"modified":"2026-04-07T03:21:14","modified_gmt":"2026-04-07T03:21:14","slug":"active-enclosure","status":"publish","type":"product","link":"https:\/\/www.lasermet.com\/de\/laserschutzprodukte\/active-enclosure\/","title":{"rendered":"Active Enclosure"},"content":{"rendered":"\n<div style=\"height:30px\" aria-hidden=\"true\" class=\"wp-block-spacer\"><\/div>\n\n\n\n<div class=\"wp-block-columns is-layout-flex wp-container-core-columns-is-layout-9d6595d7 wp-block-columns-is-layout-flex\">\n<div class=\"wp-block-column is-vertically-aligned-center is-layout-flow wp-block-column-is-layout-flow\" style=\"flex-basis:40%\"><div class=\"wp-block-image\">\n<figure class=\"aligncenter size-large\"><img loading=\"lazy\" decoding=\"async\" width=\"1024\" height=\"370\" src=\"https:\/\/www.lasermet.com\/de\/wp-content\/uploads\/sites\/3\/2025\/07\/Lasermet-Castle-Logo-transpa-1024x370.png\" alt=\"\" class=\"wp-image-8951\" srcset=\"https:\/\/www.lasermet.com\/de\/wp-content\/uploads\/sites\/3\/2025\/07\/Lasermet-Castle-Logo-transpa-1024x370.png 1024w, https:\/\/www.lasermet.com\/de\/wp-content\/uploads\/sites\/3\/2025\/07\/Lasermet-Castle-Logo-transpa-300x108.png 300w, https:\/\/www.lasermet.com\/de\/wp-content\/uploads\/sites\/3\/2025\/07\/Lasermet-Castle-Logo-transpa-768x277.png 768w, https:\/\/www.lasermet.com\/de\/wp-content\/uploads\/sites\/3\/2025\/07\/Lasermet-Castle-Logo-transpa-1536x555.png 1536w, https:\/\/www.lasermet.com\/de\/wp-content\/uploads\/sites\/3\/2025\/07\/Lasermet-Castle-Logo-transpa-scaled.png 2048w, https:\/\/www.lasermet.com\/de\/wp-content\/uploads\/sites\/3\/2025\/07\/Lasermet-Castle-Logo-transpa-600x217.png 600w\" sizes=\"auto, (max-width: 1024px) 100vw, 1024px\" \/><\/figure>\n<\/div><\/div>\n\n\n\n<div class=\"wp-block-column is-vertically-aligned-center is-layout-flow wp-block-column-is-layout-flow\" style=\"flex-basis:20%\">\n<h1 class=\"wp-block-heading has-text-align-center\">X<\/h1>\n<\/div>\n\n\n\n<div class=\"wp-block-column is-vertically-aligned-center is-layout-flow wp-block-column-is-layout-flow\" style=\"flex-basis:40%\"><div class=\"wp-block-image\">\n<figure class=\"aligncenter size-full is-resized\"><img loading=\"lazy\" decoding=\"async\" width=\"374\" height=\"115\" src=\"https:\/\/www.lasermet.com\/de\/wp-content\/uploads\/sites\/3\/2020\/03\/laser-jailer-logo.jpg\" alt=\"\" class=\"wp-image-6879\" style=\"width:374px;height:auto\" srcset=\"https:\/\/www.lasermet.com\/de\/wp-content\/uploads\/sites\/3\/2020\/03\/laser-jailer-logo.jpg 374w, https:\/\/www.lasermet.com\/de\/wp-content\/uploads\/sites\/3\/2020\/03\/laser-jailer-logo-300x92.jpg 300w\" sizes=\"auto, (max-width: 374px) 100vw, 374px\" \/><\/figure>\n<\/div><\/div>\n<\/div>\n\n\n\n<div style=\"height:30px\" aria-hidden=\"true\" class=\"wp-block-spacer\"><\/div>\n\n\n\n<p>Aktive Geh\u00e4use sind Lasersicherheitskabinen, die den passiven Schutz des <strong>Laser Castle<\/strong> mit den aktiven Schutzfunktionen des <strong>Laser Jailer\u00ae<\/strong>-Systems kombinieren. Diese aktiven Geh\u00e4use bestehen aus Paneelen, die aus lasersicherem Material hergestellt und mit Laser Jailer\u00ae Active Laser Guarding-Kacheln ausgestattet sind. Dieses patentierte modulare System verf\u00fcgt \u00fcber aktive Detektorpaneele, die die Innenw\u00e4nde und das Dach der Kabine bedecken, um hochleistungsf\u00e4hige Laserstrahlen zu erkennen. In diesem Fall isoliert die ausfallsichere Technologie von Lasermet den Lasersicherheitseingang in weniger als 25ms und der Laserbetrieb wird unterbrochen, bis alle Sicherheitsverriegelungen zur\u00fcckgesetzt sind.<\/p>\n\n\n\n<p>Die aktiven Geh\u00e4use werden mit dem <a href=\"https:\/\/www.lasermet.com\/de\/produkt-kategorie\/interlock-kontrollsystem\/\" target=\"_blank\" rel=\"noreferrer noopener\">Interlock\u00ae-Steuerungssystem von Lasermet<\/a> geliefert, das den Status des aktiven Schutzsystems \u00fcberwachen kann. Das aktive Schutzsystem Laser Jailer\u00ae ist gegen alle Laserwellenl\u00e4ngen wirksam, insbesondere gegen Hochleistungslaser mit einer Leistung von 1 kW und mehr. Das System wird auf Ihre spezifischen Anforderungen zugeschnitten und umfasst LED-Warnschilder, Interlock-Steuerungen, Interlock-Schalter, T\u00fcrmagnetverschl\u00fcsse, akustische Warnsignale und Upgrades f\u00fcr HD-CCTV-Systeme.<\/p>\n\n\n\n<div style=\"height:30px\" aria-hidden=\"true\" class=\"wp-block-spacer\"><\/div>\n\n\n\n<h2 class=\"wp-block-heading\">Anwendungen f\u00fcr aktive Lasergeh\u00e4use<\/h2>\n\n\n\n<p>Active Enclosures ist ein effektives Lasersicherheitssystem, das sich ideal f\u00fcr industrielle Laseranwendungen wie Luft- und Raumfahrt, Automobilindustrie und Energiewirtschaft eignet. Es dient auch der Sicherheit bei Anwendungen, bei denen Laser zur additiven Fertigung komplexer Teile und zum additiven Schwei\u00dfen eingesetzt werden.<\/p>\n\n\n\n<p>Dieses aktive Hochgeschwindigkeits-Lasersicherheitskontrollsystem verhindert die Zerst\u00f6rung der umgebenden Infrastruktur durch Laserstrahlen. Dazu geh\u00f6rt auch der Schutz des Geb\u00e4udes und seiner Einrichtungen vor Sch\u00e4den durch Laserstrahlen. Der Laser Jailer ist weit mehr als eine einfache Strahlblockierbarriere. Seine schnelle Reaktionszeit wird durch die Erkennung des Lasers erreicht, der auf die aktive Laserwand im Laserraum trifft. Wenn ein streunender Laserstrahl auf eine der Kacheln trifft, isoliert Interlock\u00ae den Lasersicherheitseingang in <strong>weniger als 25ms<\/strong>. Der Laser wird ausgeschaltet \u2013 die genaue Abschaltzeit h\u00e4ngt von der verwendeten Lasermaschine ab.<\/p>\n\n\n\n<div style=\"height:30px\" aria-hidden=\"true\" class=\"wp-block-spacer\"><\/div>\n\n\n\n<h2 class=\"wp-block-heading\">Compliance- und Sicherheitsstandards<\/h2>\n\n\n\n<div class=\"wp-block-columns is-layout-flex wp-container-core-columns-is-layout-9d6595d7 wp-block-columns-is-layout-flex\">\n<div class=\"wp-block-column is-layout-flow wp-block-column-is-layout-flow\" style=\"flex-basis:66.66%\">\n<p>Das System ist zertifiziert f\u00fcr und entspricht:<\/p>\n\n\n\n<ul class=\"wp-block-list\">\n<li>BS EN IEC 60825-4: Safety of Laser Products Part 4 \u2013 Laser Guards<\/li>\n\n\n\n<li>EN IEC 60825-1: 2014 Safety of Laser Products Part 1: Equipment classification and requirements<\/li>\n\n\n\n<li>Machinery Directive<\/li>\n\n\n\n<li>Low Voltage Directive<\/li>\n\n\n\n<li>EMC Directive<\/li>\n<\/ul>\n\n\n\n<p><\/p>\n<\/div>\n\n\n\n<div class=\"wp-block-column is-layout-flow wp-block-column-is-layout-flow\" style=\"flex-basis:33.33%\"><div class=\"wp-block-image\">\n<figure class=\"aligncenter size-large\"><img loading=\"lazy\" decoding=\"async\" width=\"1024\" height=\"458\" src=\"https:\/\/www.lasermet.com\/de\/wp-content\/uploads\/sites\/3\/2023\/03\/ce-ukca-1024x458.jpg\" alt=\"\" class=\"wp-image-7679\" srcset=\"https:\/\/www.lasermet.com\/de\/wp-content\/uploads\/sites\/3\/2023\/03\/ce-ukca-1024x458.jpg 1024w, https:\/\/www.lasermet.com\/de\/wp-content\/uploads\/sites\/3\/2023\/03\/ce-ukca-300x134.jpg 300w, https:\/\/www.lasermet.com\/de\/wp-content\/uploads\/sites\/3\/2023\/03\/ce-ukca-768x344.jpg 768w, https:\/\/www.lasermet.com\/de\/wp-content\/uploads\/sites\/3\/2023\/03\/ce-ukca-600x269.jpg 600w, https:\/\/www.lasermet.com\/de\/wp-content\/uploads\/sites\/3\/2023\/03\/ce-ukca.jpg 1032w\" sizes=\"auto, (max-width: 1024px) 100vw, 1024px\" \/><\/figure>\n<\/div><\/div>\n<\/div>\n\n\n\n<div style=\"height:30px\" aria-hidden=\"true\" class=\"wp-block-spacer\"><\/div>\n\n\n\n<h5 class=\"wp-block-heading\">PEL Bewertungen<\/h5>\n\n\n\n<p>Die Geh\u00e4useplatten sind in zwei verschiedenen St\u00e4rken erh\u00e4ltlich \u2013 50mm und 100mm. Die PEL-Bewertungen f\u00fcr die Platten sind unten aufgef\u00fchrt.<\/p>\n\n\n\n<figure class=\"wp-block-table\"><table class=\"has-fixed-layout\"><tbody><tr><td><strong>Panel Thickness<\/strong><\/td><td><strong>Irradiated Area<\/strong><\/td><td><strong>PEL (T3) 10S<\/strong><\/td><td><strong>PEL (T2) 100S<\/strong><\/td><\/tr><tr><td>50mm<\/td><td>4 mm\u00b2<\/td><td>150 MW\/m\u00b2<\/td><td>87 MW\/m\u00b2<\/td><\/tr><tr><td><\/td><td>2000 mm\u00b2<\/td><td>3.1 MW\/m\u00b2<\/td><td>1.7 MW\/m\u00b2<\/td><\/tr><tr><td>100mm<\/td><td>4 mm\u00b2<\/td><td>310 MW\/m\u00b2<\/td><td>170 MW\/m\u00b2<\/td><\/tr><tr><td><\/td><td>2000 mm\u00b2<\/td><td>5.1 MW\/m\u00b2<\/td><td>3.0 MW\/m\u00b2<\/td><\/tr><\/tbody><\/table><\/figure>\n\n\n\n<div style=\"height:30px\" aria-hidden=\"true\" class=\"wp-block-spacer\"><\/div>\n\n\n\n<h2 class=\"wp-block-heading\">Laser Castle Passive Geh\u00e4use Option<\/h2>\n\n\n\n<div class=\"wp-block-columns is-layout-flex wp-container-core-columns-is-layout-9d6595d7 wp-block-columns-is-layout-flex\">\n<div class=\"wp-block-column is-layout-flow wp-block-column-is-layout-flow\"><div class=\"wp-block-image\">\n<figure class=\"aligncenter size-full\"><img loading=\"lazy\" decoding=\"async\" width=\"500\" height=\"500\" src=\"https:\/\/www.lasermet.com\/de\/wp-content\/uploads\/sites\/3\/2023\/02\/Laser-Castle-D.png\" alt=\"\" class=\"wp-image-7681\" srcset=\"https:\/\/www.lasermet.com\/de\/wp-content\/uploads\/sites\/3\/2023\/02\/Laser-Castle-D.png 500w, https:\/\/www.lasermet.com\/de\/wp-content\/uploads\/sites\/3\/2023\/02\/Laser-Castle-D-300x300.png 300w, https:\/\/www.lasermet.com\/de\/wp-content\/uploads\/sites\/3\/2023\/02\/Laser-Castle-D-150x150.png 150w, https:\/\/www.lasermet.com\/de\/wp-content\/uploads\/sites\/3\/2023\/02\/Laser-Castle-D-100x100.png 100w\" sizes=\"auto, (max-width: 500px) 100vw, 500px\" \/><\/figure>\n<\/div><\/div>\n\n\n\n<div class=\"wp-block-column is-layout-flow wp-block-column-is-layout-flow\">\n<p>Eine passive Lasersicherheitskabine ist auch f\u00fcr Laserleistungen unter 1 kW (&lt; 1 kW) erh\u00e4ltlich. Die <a href=\"https:\/\/www.lasermet.com\/de\/laserschutzprodukte\/laser-castle\/\" target=\"_blank\" rel=\"noreferrer noopener\">Laser Castle <\/a>von Lasermet besteht aus passivem, lasersicherheitskonformem Material und ist nach der Lasersicherheitsnorm EN IEC 60825-4 zertifiziert.<\/p>\n\n\n\n<p>Die Paneele werden miteinander verbunden (einschlie\u00dflich eines Daches), um die Einhausung zu bilden. Es sind Vorkehrungen f\u00fcr Rauchabzugssysteme und eine Beleuchtungsanlage getroffen, sodass dies eine kosteng\u00fcnstige und \u00e4u\u00dferst einfache Methode zur Einhausung des Lasersystems darstellt, um internationale Lasersicherheitsnormen zu erf\u00fcllen.<\/p>\n<\/div>\n<\/div>\n\n\n\n<div style=\"height:30px\" aria-hidden=\"true\" class=\"wp-block-spacer\"><\/div>\n\n\n\n<h2 class=\"wp-block-heading\">Bestelloptionen<\/h2>\n\n\n\n<p>Um das von Ihnen ben\u00f6tigte aktive Geh\u00e4usesystem zu spezifizieren, m\u00fcssen die folgenden Punkte ber\u00fccksichtigt werden.<\/p>\n\n\n\n<ul class=\"wp-block-list\">\n<li>Spezifikation des Lasers<\/li>\n\n\n\n<li>Verwendungszweck des Lasers<\/li>\n\n\n\n<li>Abmessungen und Spezifikation des Lasersicherheitsgeh\u00e4uses \u2013 f\u00fcr ein gro\u00dfes Lasergeh\u00e4use sind m\u00f6glicherweise gesch\u00e4tzte Ma\u00dfe f\u00fcr die Angebotserstellung erforderlich<\/li>\n\n\n\n<li>Identifizierung der relevanten Sicherheitsverriegelungen \u2013 T\u00fcren, Schalter, Magnetverschl\u00fcsse<\/li>\n<\/ul>\n\n\n\n<p>Lasermet hilft Ihnen gerne weiter, wenn Sie mehr \u00fcber das System erfahren m\u00f6chten, und wir k\u00f6nnen arrangieren<\/p>\n\n\n\n<div class=\"wp-block-buttons is-layout-flex wp-block-buttons-is-layout-flex\">\n<div class=\"wp-block-button\"><a class=\"wp-block-button__link has-theme-palette-1-color has-text-color has-background has-link-color wp-element-button\" href=\"https:\/\/forms.monday.com\/forms\/6965a37ce95b746dcdfb800497fd1a21?r=use1\" style=\"background-color:#ffcc01\" target=\"_blank\" rel=\"noreferrer noopener\">Kontaktiere uns<\/a><\/div>\n<\/div>\n\n\n\n<div style=\"height:100px\" aria-hidden=\"true\" class=\"wp-block-spacer\"><\/div>\n\n\n\n<p><\/p>\n","protected":false},"excerpt":{"rendered":"<h6>Aktive Laser-Sicherheitskabine<\/h6>\n<p>Die Active Enclosures von Lasermet sind Lasersicherheitskabinen, die mit einem aktiven Schutzsystem \u2013 Laser Jailer \u2013 ausgestattet sind. Diese modularen, raumgro\u00dfen Geh\u00e4use der Klasse 1 sind nach internationalen Lasersicherheitsstandards gepr\u00fcft und zertifiziert und k\u00f6nnen von Lasermet schnell entworfen, gebaut und installiert werden.<\/p>\n<ul>\n<li>Schnell zu errichtende modulare Lasersicherheitskabine<\/li>\n<li>Geh\u00e4use der Klasse 1 f\u00fcr Laser der Klasse 4<\/li>\n<li>Aktives Schutzsystem mit ausfallsicherer Laserdetektionstechnik<\/li>\n<li>Geeignet f\u00fcr alle Laserwellenl\u00e4ngen<\/li>\n<\/ul>\n","protected":false},"featured_media":9001,"comment_status":"open","ping_status":"closed","template":"","meta":{"_acf_changed":false,"_kad_blocks_custom_css":"","_kad_blocks_head_custom_js":"","_kad_blocks_body_custom_js":"","_kad_blocks_footer_custom_js":"","_EventAllDay":false,"_EventTimezone":"","_EventStartDate":"","_EventEndDate":"","_EventStartDateUTC":"","_EventEndDateUTC":"","_EventShowMap":false,"_EventShowMapLink":false,"_EventURL":"","_EventCost":"","_EventCostDescription":"","_EventCurrencySymbol":"","_EventCurrencyCode":"","_EventCurrencyPosition":"","_EventDateTimeSeparator":"","_EventTimeRangeSeparator":"","_EventOrganizerID":[],"_EventVenueID":[],"_OrganizerEmail":"","_OrganizerPhone":"","_OrganizerWebsite":"","_VenueAddress":"","_VenueCity":"","_VenueCountry":"","_VenueProvince":"","_VenueState":"","_VenueZip":"","_VenuePhone":"","_VenueURL":"","_VenueStateProvince":"","_VenueLat":"","_VenueLng":"","_VenueShowMap":false,"_VenueShowMapLink":false,"_kadence_starter_templates_imported_post":false,"_kad_post_transparent":"","_kad_post_title":"","_kad_post_layout":"","_kad_post_sidebar_id":"","_kad_post_content_style":"","_kad_post_vertical_padding":"","_kad_post_feature":"","_kad_post_feature_position":"","_kad_post_header":false,"_kad_post_footer":false,"_kad_post_classname":""},"product_brand":[],"product_cat":[32,46],"product_tag":[33,35,36,37],"class_list":{"0":"post-9000","1":"product","2":"type-product","3":"status-publish","4":"has-post-thumbnail","6":"product_cat-active-guarding","7":"product_cat-laserschutzkabinen","8":"product_tag-aerospace","9":"product_tag-automobilindustrie","10":"product_tag-forschung","11":"product_tag-industriell","13":"first","14":"instock","15":"shipping-taxable","16":"product-type-simple","17":"entry","18":"content-bg","19":"loop-entry"},"acf":[],"taxonomy_info":{"product_cat":[{"value":32,"label":"Active Guarding"},{"value":46,"label":"Laserschutzkabinen"}],"product_tag":[{"value":33,"label":"Aerospace"},{"value":35,"label":"Automobilindustrie"},{"value":36,"label":"Forschung und Entwicklung"},{"value":37,"label":"Industriell"}]},"featured_image_src_large":["https:\/\/www.lasermet.com\/de\/wp-content\/uploads\/sites\/3\/2025\/07\/Inside-Active-Enclosure.png",500,500,false],"author_info":[],"comment_info":0,"_links":{"self":[{"href":"https:\/\/www.lasermet.com\/de\/wp-json\/wp\/v2\/product\/9000","targetHints":{"allow":["GET"]}}],"collection":[{"href":"https:\/\/www.lasermet.com\/de\/wp-json\/wp\/v2\/product"}],"about":[{"href":"https:\/\/www.lasermet.com\/de\/wp-json\/wp\/v2\/types\/product"}],"replies":[{"embeddable":true,"href":"https:\/\/www.lasermet.com\/de\/wp-json\/wp\/v2\/comments?post=9000"}],"wp:featuredmedia":[{"embeddable":true,"href":"https:\/\/www.lasermet.com\/de\/wp-json\/wp\/v2\/media\/9001"}],"wp:attachment":[{"href":"https:\/\/www.lasermet.com\/de\/wp-json\/wp\/v2\/media?parent=9000"}],"wp:term":[{"taxonomy":"product_brand","embeddable":true,"href":"https:\/\/www.lasermet.com\/de\/wp-json\/wp\/v2\/product_brand?post=9000"},{"taxonomy":"product_cat","embeddable":true,"href":"https:\/\/www.lasermet.com\/de\/wp-json\/wp\/v2\/product_cat?post=9000"},{"taxonomy":"product_tag","embeddable":true,"href":"https:\/\/www.lasermet.com\/de\/wp-json\/wp\/v2\/product_tag?post=9000"}],"curies":[{"name":"wp","href":"https:\/\/api.w.org\/{rel}","templated":true}]}}