{"id":90,"date":"2022-02-07T08:11:30","date_gmt":"2022-02-07T08:11:30","guid":{"rendered":"https:\/\/blooms.fuelthemes.net\/?post_type=product&#038;p=90"},"modified":"2025-07-31T07:03:08","modified_gmt":"2025-07-31T07:03:08","slug":"audio-alert","status":"publish","type":"product","link":"https:\/\/www.lasermet.com\/de\/laserschutzprodukte\/audio-alert\/","title":{"rendered":"AA-04 Audio Alert"},"content":{"rendered":"\n<div class=\"wp-block-columns is-layout-flex wp-container-core-columns-is-layout-9d6595d7 wp-block-columns-is-layout-flex\">\n<div class=\"wp-block-column is-layout-flow wp-block-column-is-layout-flow\" style=\"flex-basis:100%\">\n<div style=\"height:10px\" aria-hidden=\"true\" class=\"wp-block-spacer\"><\/div>\n\n\n\n<div class=\"wp-block-buttons is-layout-flex wp-block-buttons-is-layout-flex\">\n<div class=\"wp-block-button\"><a class=\"wp-block-button__link has-text-color has-background wp-element-button\" href=\"https:\/\/forms.monday.com\/forms\/3ca454a955eef622d654d0ecdca16729?r=use1\" style=\"color:#1d1f8c;background-color:#ffcc01\" rel=\"noopener\">Brosch\u00fcre herunterladen<\/a><\/div>\n<\/div>\n\n\n\n<div style=\"height:100px\" aria-hidden=\"true\" class=\"wp-block-spacer\"><\/div>\n\n\n\n<p>Das Audio Alert System ist ein lokales Beschallungssystem, das bei Ausl\u00f6sung eine vorprogrammierte Nachricht akustisch wiedergibt. Die Nachricht ert\u00f6nt aus einem in das kompakte Ger\u00e4t integrierten Lautsprecher, der entweder beim Einschalten oder durch eine Bewegung, die von einem in das Ger\u00e4t eingebauten Passiv-Infrarot-Detektor erkannt wird, ausgel\u00f6st wird.<\/p>\n\n\n\n<p>Diese Sprachnachricht kann bis zu 40 Sekunden lang sein und kann so eingestellt werden, dass sie automatisch so oft oder so selten wie n\u00f6tig bis zu einer Stunde lang wiederholt wird.<\/p>\n\n\n\n<p>Das AA-04 Audio Alert System ist f\u00fcr den Einsatz in Innenr\u00e4umen geeignet. Die Niederspannungs-Signalgebereinheit mit 24 VDC verf\u00fcgt \u00fcber einen integrierten Lautsprecher und kann entweder als Teil eines Interlock\u00ae-Kontrollsystems oder f\u00fcr praktisch jede andere relevante Anwendung in Innenr\u00e4umen verwendet werden.<\/p>\n\n\n\n<div class=\"wp-block-columns is-layout-flex wp-container-core-columns-is-layout-9d6595d7 wp-block-columns-is-layout-flex\">\n<div class=\"wp-block-column is-layout-flow wp-block-column-is-layout-flow\"><div class=\"wp-block-image\">\n<figure class=\"aligncenter size-full\"><img loading=\"lazy\" decoding=\"async\" width=\"500\" height=\"500\" src=\"https:\/\/www.lasermetgmbh.de\/wp-content\/uploads\/2022\/02\/AA-04.png\" alt=\"\" class=\"wp-image-5559\" srcset=\"https:\/\/www.lasermet.com\/de\/wp-content\/uploads\/sites\/3\/2022\/02\/AA-04.png 500w, https:\/\/www.lasermet.com\/de\/wp-content\/uploads\/sites\/3\/2022\/02\/AA-04-300x300.png 300w, https:\/\/www.lasermet.com\/de\/wp-content\/uploads\/sites\/3\/2022\/02\/AA-04-150x150.png 150w, https:\/\/www.lasermet.com\/de\/wp-content\/uploads\/sites\/3\/2022\/02\/AA-04-100x100.png 100w\" sizes=\"auto, (max-width: 500px) 100vw, 500px\" \/><figcaption class=\"wp-element-caption\">AA-04<br>Audio Alert <\/figcaption><\/figure>\n<\/div><\/div>\n\n\n\n<div class=\"wp-block-column is-layout-flow wp-block-column-is-layout-flow\"><div class=\"wp-block-image\">\n<figure class=\"aligncenter size-full\"><img loading=\"lazy\" decoding=\"async\" width=\"500\" height=\"500\" src=\"https:\/\/www.lasermetgmbh.de\/wp-content\/uploads\/2022\/02\/AA-04-PIR.png\" alt=\"\" class=\"wp-image-5560\" srcset=\"https:\/\/www.lasermet.com\/de\/wp-content\/uploads\/sites\/3\/2022\/02\/AA-04-PIR.png 500w, https:\/\/www.lasermet.com\/de\/wp-content\/uploads\/sites\/3\/2022\/02\/AA-04-PIR-300x300.png 300w, https:\/\/www.lasermet.com\/de\/wp-content\/uploads\/sites\/3\/2022\/02\/AA-04-PIR-150x150.png 150w, https:\/\/www.lasermet.com\/de\/wp-content\/uploads\/sites\/3\/2022\/02\/AA-04-PIR-100x100.png 100w\" sizes=\"auto, (max-width: 500px) 100vw, 500px\" \/><figcaption class=\"wp-element-caption\">AA-04-PIR<br>Audio Alert with Passive Infrared Detector <\/figcaption><\/figure>\n<\/div><\/div>\n<\/div>\n\n\n\n<div style=\"height:17px\" aria-hidden=\"true\" class=\"wp-block-spacer\"><\/div>\n\n\n\n<div style=\"height:20px\" aria-hidden=\"true\" class=\"wp-block-spacer\"><\/div>\n\n\n\n<p>Die Standardger\u00e4te AA-04 werden beim Einschalten ausgel\u00f6st, um Nachrichten zu \u00fcbermitteln. Der AA-04-PIR wird durch passive Infraroterkennung ausgel\u00f6st. Das Ger\u00e4t sendet nur dann Nachrichten, wenn eine Bewegung in der N\u00e4he erkannt wird,<\/p>\n\n\n\n<p>Das akustische Warnger\u00e4t ist in einer attraktiven, kompakten Wandhalterung untergebracht und kann als lokale Beschallungsanlage fungieren.<\/p>\n\n\n\n<p>Durch die Bereitstellung einer akustischen Nachricht kann die Lautsprecherfunktion in Krankenh\u00e4usern, B\u00fcros, technischen Einrichtungen, Wartezimmern von \u00c4rzten oder Zahn\u00e4rzten oder anderen Innenr\u00e4umen eingesetzt werden. Die akustischen Warnungen oder Nachrichten k\u00f6nnen visuelle Warnschilder erg\u00e4nzen.<\/p>\n\n\n\n<div style=\"height:20px\" aria-hidden=\"true\" class=\"wp-block-spacer\"><\/div>\n\n\n\n<figure class=\"wp-block-pullquote\"><blockquote><p>Das Audio Alert System macht das Leben leichter. Es kann akustische Warnmeldungen als Erg\u00e4nzung zu visuellen Warnungen ausgeben.<\/p><\/blockquote><\/figure>\n\n\n\n<div style=\"height:20px\" aria-hidden=\"true\" class=\"wp-block-spacer\"><\/div>\n\n\n\n<p><strong>INTEGRATION IN INTERLOCK\u00ae-SYSTEME<\/strong><\/p>\n\n\n\n<p>Der Audio Alert wird mit nur 24 VDC betrieben und kann in einen Interlock\u00ae-Controller oder ein Interlock\u00ae-Kontrollsystem integriert werden, um eine akustische Warnung zus\u00e4tzlich zu den verwendeten optischen Warnzeichen zu liefern.<\/p>\n\n\n\n<p>Lasermet Audio Alerts sind f\u00fcr die vollst\u00e4ndige Integration mit anderen Lasermet Interlock-Ger\u00e4ten vorbereitet. Wir k\u00f6nnen Ihnen eine sichere, schl\u00fcsselfertige L\u00f6sung f\u00fcr jeden Bedarf anbieten.<\/p>\n\n\n\n<p><strong>VOLLST\u00c4NDIG MASSGESCHNEIDERTE OPTIONEN<\/strong><\/p>\n\n\n\n<p>Vorprogrammiert bei Lasermet &#8211; mit praktisch jeder Nachricht &#8211; und in der Lautst\u00e4rke angepasst w\u00e4hrend der Installation vor Ort oder vor der Auslieferung &#8211; hat der Audio Alert eine fast unbegrenzte Anwendungsm\u00f6glichkeit im Innenbereich. Es kann praktisch alles, was ein verriegeltes automatisches akustisches Alarmsystem tun sollte.<\/p>\n\n\n\n<p>Die Wiederholung und die Lautst\u00e4rke der akustischen Durchsage k\u00f6nnen w\u00e4hrend der Installation vor Ort oder vor der Auslieferung bei Lasermet eingestellt werden. Um Manipulationen an der Lautst\u00e4rke zu verhindern, befindet sich die Einstellfunktion im Ger\u00e4t.<\/p>\n\n\n\n<p>Wenn das Ger\u00e4t nur vor\u00fcbergehend verwendet wird, kann es an Lasermet zur\u00fcckgeschickt werden, um mit einer anderen Nachricht neu programmiert zu werden.<\/p>\n\n\n\n<div style=\"height:20px\" aria-hidden=\"true\" class=\"wp-block-spacer\"><\/div>\n\n\n\n<h3 class=\"wp-block-heading\">Bestelloptionen<\/h3>\n\n\n\n<figure class=\"wp-block-table has-small-font-size\"><table><tbody><tr><td><strong>Teilenummer<\/strong><\/td><td><strong>Beschreibung<\/strong><\/td><\/tr><tr><td>AA-04<\/td><td>Standard Einheit<\/td><\/tr><tr><td>AA-04-PIR<\/td><td>Standardger\u00e4t mit Passiv-Infrarot-Detektor<\/td><\/tr><\/tbody><\/table><\/figure>\n<\/div>\n<\/div>\n\n\n\n<div style=\"height:20px\" aria-hidden=\"true\" class=\"wp-block-spacer\"><\/div>\n\n\n\n<p>Der AA-04 Audio Alert ist nur f\u00fcr die Verwendung in Innenr\u00e4umen vorgesehen.<\/p>\n\n\n\n<p>F\u00fcr Anwendungen im Freien sollten Sie sich unsere AA-05 Audio Alert-Ger\u00e4te ansehen, die der Schutzklasse IP65 entsprechen.<\/p>\n","protected":false},"excerpt":{"rendered":"<header class=\"entry-header\">\n<p><strong>Kompaktes Audio-Alarm-System<\/strong><\/p>\n<p>Das Audio Alert System ist ein lokales Beschallungssystem &#8211; PA-System &#8211; f\u00fcr automatische Durchsagen, Warnungen, Informationen oder Anweisungen, das f\u00fcr den Einsatz in Innenr\u00e4umen geeignet ist.<\/p>\n<ul>\n<li>Integrierbar in Interlock\u00ae Kontrollsysteme<\/li>\n<li>Vollst\u00e4ndig anpassbare Nachrichten, Wiederholungen und Lautst\u00e4rke<\/li>\n<li>Line-Out f\u00fcr externe Audioger\u00e4te<\/li>\n<li>Sicher bei 24VDC Niederspannung<\/li>\n<li>Professionelles, kompaktes, wandmontiertes Design<\/li>\n<\/ul>\n<\/header>\n","protected":false},"featured_media":9139,"comment_status":"closed","ping_status":"closed","template":"","meta":{"_acf_changed":false,"_kad_blocks_custom_css":"","_kad_blocks_head_custom_js":"","_kad_blocks_body_custom_js":"","_kad_blocks_footer_custom_js":"","_EventAllDay":false,"_EventTimezone":"","_EventStartDate":"","_EventEndDate":"","_EventStartDateUTC":"","_EventEndDateUTC":"","_EventShowMap":false,"_EventShowMapLink":false,"_EventURL":"","_EventCost":"","_EventCostDescription":"","_EventCurrencySymbol":"","_EventCurrencyCode":"","_EventCurrencyPosition":"","_EventDateTimeSeparator":"","_EventTimeRangeSeparator":"","_EventOrganizerID":[],"_EventVenueID":[],"_OrganizerEmail":"","_OrganizerPhone":"","_OrganizerWebsite":"","_VenueAddress":"","_VenueCity":"","_VenueCountry":"","_VenueProvince":"","_VenueState":"","_VenueZip":"","_VenuePhone":"","_VenueURL":"","_VenueStateProvince":"","_VenueLat":"","_VenueLng":"","_VenueShowMap":false,"_VenueShowMapLink":false,"_kadence_starter_templates_imported_post":false,"_kad_post_transparent":"","_kad_post_title":"","_kad_post_layout":"","_kad_post_sidebar_id":"","_kad_post_content_style":"","_kad_post_vertical_padding":"","_kad_post_feature":"","_kad_post_feature_position":"","_kad_post_header":false,"_kad_post_footer":false,"_kad_post_classname":""},"product_brand":[],"product_cat":[34],"product_tag":[33,35,36,37,48],"class_list":{"0":"post-90","1":"product","2":"type-product","3":"status-publish","4":"has-post-thumbnail","6":"product_cat-audio-alert","7":"product_tag-aerospace","8":"product_tag-automobilindustrie","9":"product_tag-forschung","10":"product_tag-industriell","11":"product_tag-medizinische","13":"first","14":"instock","15":"shipping-taxable","16":"product-type-simple","17":"entry","18":"content-bg","19":"loop-entry"},"acf":[],"taxonomy_info":{"product_cat":[{"value":34,"label":"Audio Alert"}],"product_tag":[{"value":33,"label":"Aerospace"},{"value":35,"label":"Automobilindustrie"},{"value":36,"label":"Forschung und Entwicklung"},{"value":37,"label":"Industriell"},{"value":48,"label":"Medizinische"}]},"featured_image_src_large":["https:\/\/www.lasermet.com\/de\/wp-content\/uploads\/sites\/3\/2022\/02\/AA-04-1.png",833,833,false],"author_info":[],"comment_info":0,"_links":{"self":[{"href":"https:\/\/www.lasermet.com\/de\/wp-json\/wp\/v2\/product\/90","targetHints":{"allow":["GET"]}}],"collection":[{"href":"https:\/\/www.lasermet.com\/de\/wp-json\/wp\/v2\/product"}],"about":[{"href":"https:\/\/www.lasermet.com\/de\/wp-json\/wp\/v2\/types\/product"}],"replies":[{"embeddable":true,"href":"https:\/\/www.lasermet.com\/de\/wp-json\/wp\/v2\/comments?post=90"}],"wp:featuredmedia":[{"embeddable":true,"href":"https:\/\/www.lasermet.com\/de\/wp-json\/wp\/v2\/media\/9139"}],"wp:attachment":[{"href":"https:\/\/www.lasermet.com\/de\/wp-json\/wp\/v2\/media?parent=90"}],"wp:term":[{"taxonomy":"product_brand","embeddable":true,"href":"https:\/\/www.lasermet.com\/de\/wp-json\/wp\/v2\/product_brand?post=90"},{"taxonomy":"product_cat","embeddable":true,"href":"https:\/\/www.lasermet.com\/de\/wp-json\/wp\/v2\/product_cat?post=90"},{"taxonomy":"product_tag","embeddable":true,"href":"https:\/\/www.lasermet.com\/de\/wp-json\/wp\/v2\/product_tag?post=90"}],"curies":[{"name":"wp","href":"https:\/\/api.w.org\/{rel}","templated":true}]}}