{"id":8997,"date":"2025-07-23T08:49:21","date_gmt":"2025-07-23T08:49:21","guid":{"rendered":"https:\/\/www.lasermet.com\/de\/?post_type=product&#038;p=8997"},"modified":"2025-09-17T05:23:41","modified_gmt":"2025-09-17T05:23:41","slug":"active-lucas-table-top","status":"publish","type":"product","link":"https:\/\/www.lasermet.com\/de\/laserschutzprodukte\/active-lucas-table-top\/","title":{"rendered":"Active Lucas Table Top"},"content":{"rendered":"\n<div style=\"height:30px\" aria-hidden=\"true\" class=\"wp-block-spacer\"><\/div>\n\n\n\n<div class=\"wp-block-columns is-layout-flex wp-container-core-columns-is-layout-9d6595d7 wp-block-columns-is-layout-flex\">\n<div class=\"wp-block-column is-vertically-aligned-center is-layout-flow wp-block-column-is-layout-flow\" style=\"flex-basis:40%\"><div class=\"wp-block-image\">\n<figure class=\"aligncenter size-full\"><img loading=\"lazy\" decoding=\"async\" width=\"374\" height=\"115\" src=\"https:\/\/www.lasermet.com\/de\/wp-content\/uploads\/sites\/3\/2020\/03\/laser-jailer-logo.jpg\" alt=\"\" class=\"wp-image-6879\" srcset=\"https:\/\/www.lasermet.com\/de\/wp-content\/uploads\/sites\/3\/2020\/03\/laser-jailer-logo.jpg 374w, https:\/\/www.lasermet.com\/de\/wp-content\/uploads\/sites\/3\/2020\/03\/laser-jailer-logo-300x92.jpg 300w\" sizes=\"auto, (max-width: 374px) 100vw, 374px\" \/><\/figure>\n<\/div><\/div>\n\n\n\n<div class=\"wp-block-column is-vertically-aligned-center is-layout-flow wp-block-column-is-layout-flow\" style=\"flex-basis:20%\">\n<h1 class=\"wp-block-heading has-text-align-center\">X<\/h1>\n<\/div>\n\n\n\n<div class=\"wp-block-column is-layout-flow wp-block-column-is-layout-flow\" style=\"flex-basis:40%\"><div class=\"wp-block-image\">\n<figure class=\"aligncenter size-full\"><img loading=\"lazy\" decoding=\"async\" width=\"473\" height=\"180\" src=\"https:\/\/www.lasermet.com\/de\/wp-content\/uploads\/sites\/3\/2022\/01\/lucas-logo-v4.jpg\" alt=\"\" class=\"wp-image-7665\" srcset=\"https:\/\/www.lasermet.com\/de\/wp-content\/uploads\/sites\/3\/2022\/01\/lucas-logo-v4.jpg 473w, https:\/\/www.lasermet.com\/de\/wp-content\/uploads\/sites\/3\/2022\/01\/lucas-logo-v4-300x114.jpg 300w\" sizes=\"auto, (max-width: 473px) 100vw, 473px\" \/><\/figure>\n<\/div><\/div>\n<\/div>\n\n\n\n<div style=\"height:30px\" aria-hidden=\"true\" class=\"wp-block-spacer\"><\/div>\n\n\n\n<p>Der <strong>Active Lucas Table Top<\/strong> ist die Lasermet-L\u00f6sung f\u00fcr den Laserschutz von Optiktischen. Die Optiktisch-Einhausung verf\u00fcgt \u00fcber mehrere Funktionen, die eine einfache und effiziente Verwendung erm\u00f6glichen, und l\u00e4sst sich problemlos auf Standard-Optiktischen montieren.<\/p>\n\n\n\n<ul class=\"wp-block-list\">\n<li>Flachverpackung f\u00fcr einfache Selbstmontage und Installation<\/li>\n\n\n\n<li>Magnetische Endplatten f\u00fcr einfachen Zugang und einfache Entfernung<\/li>\n\n\n\n<li>Das Geh\u00e4use sitzt auf Schienen, die am optischen Tisch befestigt sind, sodass sowohl die innere als auch die \u00e4u\u00dfere Einheit f\u00fcr den Zugang hin- und hergeschoben werden kann<\/li>\n\n\n\n<li>Ausgestattet mit einem zweikanaligen Interlock\u00ae-Steuerungssystem mit LED-Warnsignal<\/li>\n<\/ul>\n\n\n\n<div style=\"height:30px\" aria-hidden=\"true\" class=\"wp-block-spacer\"><\/div>\n\n\n\n<h2 class=\"wp-block-heading\">Aktive \u00dcberwachung f\u00fcr Tischsysteme<\/h2>\n\n\n\n<p>Der Active Lucas Table Top ist mit dem <strong>Laser Jailer\u00ae Active Guarding System<\/strong> ausgestattet, das dazu dient, hochleistungsf\u00e4hige Laserstrahlen in einem Lasergeh\u00e4use einzuschlie\u00dfen. Das komplette Laser Jailer\u00ae System besteht aus einem \u00e4u\u00dferen passiven Lasersicherheitsgeh\u00e4use, das vollst\u00e4ndig mit aktiven Schutzdetektorteilen ausgekleidet ist, die mit dem Lasermet Interlock\u00ae System verbunden sind. Jeder streunende Laserstrahl, der auf eines der Teile trifft, isoliert den Laser in <strong>weniger als 25ms<\/strong>.<\/p>\n\n\n\n<p>Aufgrund der extrem hohen Leistung einiger Laser wurden die Kacheln so konzipiert, dass sie leicht ausgetauscht werden k\u00f6nnen, wenn sie von einem hochenergetischen Laserstrahl getroffen werden. Diese Opferdetektorplatten k\u00f6nnen gefaltet und \u00fcberlappt werden, um in Ecken oder um Ger\u00e4te herum zu passen. Die Kacheln verf\u00fcgen an jedem Ende \u00fcber einen einfachen Stecker, um die Reparatur und den Austausch zu erleichtern.<\/p>\n\n\n\n<h5 class=\"wp-block-heading\">PEL Bewertungen<\/h5>\n\n\n\n<p>Die Bewertungen f\u00fcr das Lucas-Geh\u00e4use sind unten aufgef\u00fchrt.<\/p>\n\n\n\n<figure class=\"wp-block-table\"><table class=\"has-fixed-layout\"><tbody><tr><td><strong>Irradiated Area<\/strong><\/td><td><strong>PEL (T3) 10s<\/strong><\/td><td><strong>PEL (T2) 100s<\/strong><\/td><\/tr><tr><td>4 mm\u00b2<\/td><td>62 MW\/m\u00b2<\/td><td>35 MW\/m\u00b2<\/td><\/tr><tr><td>2000 mm\u00b2<\/td><td>0.6 MW\/m\u00b2<\/td><td>0.35 MW\/m\u00b2<\/td><\/tr><\/tbody><\/table><\/figure>\n\n\n\n<div style=\"height:30px\" aria-hidden=\"true\" class=\"wp-block-spacer\"><\/div>\n\n\n\n<div class=\"wp-block-columns has-theme-palette-8-background-color has-background is-layout-flex wp-container-core-columns-is-layout-9d6595d7 wp-block-columns-is-layout-flex\">\n<div class=\"wp-block-column is-layout-flow wp-block-column-is-layout-flow\"><div class=\"wp-block-image\">\n<figure class=\"aligncenter size-full\"><img loading=\"lazy\" decoding=\"async\" width=\"446\" height=\"321\" src=\"https:\/\/www.lasermet.com\/de\/wp-content\/uploads\/sites\/3\/2021\/03\/Lucas-optical-table-laser-guard-open-v1x.jpg\" alt=\"\" class=\"wp-image-7408\" srcset=\"https:\/\/www.lasermet.com\/de\/wp-content\/uploads\/sites\/3\/2021\/03\/Lucas-optical-table-laser-guard-open-v1x.jpg 446w, https:\/\/www.lasermet.com\/de\/wp-content\/uploads\/sites\/3\/2021\/03\/Lucas-optical-table-laser-guard-open-v1x-300x216.jpg 300w\" sizes=\"auto, (max-width: 446px) 100vw, 446px\" \/><\/figure>\n<\/div><\/div>\n\n\n\n<div class=\"wp-block-column is-layout-flow wp-block-column-is-layout-flow\">\n<h2 class=\"wp-block-heading\">Passive Lucas Table Top Enclosures<\/h2>\n\n\n\n<p>Die Standardausf\u00fchrungen der Lucas-Tischgeh\u00e4use bieten Lasersicherheit ohne Active Guarding-Technologie. Diese sind f\u00fcr Laser mit geringerer Leistung geeignet.<\/p>\n\n\n\n<div class=\"wp-block-buttons is-layout-flex wp-block-buttons-is-layout-flex\">\n<div class=\"wp-block-button\"><a class=\"wp-block-button__link wp-element-button\">Mehr erfahren<\/a><\/div>\n<\/div>\n<\/div>\n<\/div>\n\n\n\n<div style=\"height:30px\" aria-hidden=\"true\" class=\"wp-block-spacer\"><\/div>\n\n\n\n<h2 class=\"wp-block-heading\">Spezifikationen<\/h2>\n\n\n\n<p>Die unten angegebenen Gr\u00f6\u00dfen sind Standardma\u00dfe. Sondergr\u00f6\u00dfen sind auf Anfrage erh\u00e4ltlich.<\/p>\n\n\n\n<figure class=\"wp-block-table\"><table class=\"has-fixed-layout\"><tbody><tr><td>Innenh\u00f6he<\/td><td>600 mm<\/td><\/tr><tr><td>Standardgr\u00f6\u00dfen<\/td><td>1,2 x 2 m<br>1,2 x 4 m<\/td><\/tr><\/tbody><\/table><\/figure>\n\n\n\n<div style=\"height:100px\" aria-hidden=\"true\" class=\"wp-block-spacer\"><\/div>\n","protected":false},"excerpt":{"rendered":"<h6>Optical Table Top Enclosure<\/h6>\n<p>Der Lucas Table Top ist ein vollst\u00e4ndig geschlossenes Geh\u00e4use f\u00fcr Lasersicherheit, das auf Schienen auf einem Optiktisch montiert wird.<\/p>\n<ul>\n<li>Geh\u00e4use der Klasse 1 f\u00fcr Laser der Klasse 4<\/li>\n<li>Zertifiziert nach EN 60825-1 und ANSI Z136.1<\/li>\n<li>CE- und UKCA-gekennzeichnet<\/li>\n<\/ul>\n","protected":false},"featured_media":8999,"comment_status":"open","ping_status":"closed","template":"","meta":{"_acf_changed":false,"_kad_blocks_custom_css":"","_kad_blocks_head_custom_js":"","_kad_blocks_body_custom_js":"","_kad_blocks_footer_custom_js":"","_EventAllDay":false,"_EventTimezone":"","_EventStartDate":"","_EventEndDate":"","_EventStartDateUTC":"","_EventEndDateUTC":"","_EventShowMap":false,"_EventShowMapLink":false,"_EventURL":"","_EventCost":"","_EventCostDescription":"","_EventCurrencySymbol":"","_EventCurrencyCode":"","_EventCurrencyPosition":"","_EventDateTimeSeparator":"","_EventTimeRangeSeparator":"","_EventOrganizerID":[],"_EventVenueID":[],"_OrganizerEmail":"","_OrganizerPhone":"","_OrganizerWebsite":"","_VenueAddress":"","_VenueCity":"","_VenueCountry":"","_VenueProvince":"","_VenueState":"","_VenueZip":"","_VenuePhone":"","_VenueURL":"","_VenueStateProvince":"","_VenueLat":"","_VenueLng":"","_VenueShowMap":false,"_VenueShowMapLink":false,"_kadence_starter_templates_imported_post":false,"_kad_post_transparent":"","_kad_post_title":"","_kad_post_layout":"","_kad_post_sidebar_id":"","_kad_post_content_style":"","_kad_post_vertical_padding":"","_kad_post_feature":"","_kad_post_feature_position":"","_kad_post_header":false,"_kad_post_footer":false,"_kad_post_classname":""},"product_brand":[],"product_cat":[32,46,49],"product_tag":[36,37],"class_list":{"0":"post-8997","1":"product","2":"type-product","3":"status-publish","4":"has-post-thumbnail","6":"product_cat-active-guarding","7":"product_cat-laserschutzkabinen","8":"product_cat-optischer-tisch-laserschutz","9":"product_tag-forschung","10":"product_tag-industriell","12":"first","13":"instock","14":"shipping-taxable","15":"product-type-simple","16":"entry","17":"content-bg","18":"loop-entry"},"acf":[],"taxonomy_info":{"product_cat":[{"value":32,"label":"Active Guarding"},{"value":46,"label":"Laserschutzkabinen"},{"value":49,"label":"Optischer Tisch Laserschutz"}],"product_tag":[{"value":36,"label":"Forschung und Entwicklung"},{"value":37,"label":"Industriell"}]},"featured_image_src_large":["https:\/\/www.lasermet.com\/de\/wp-content\/uploads\/sites\/3\/2025\/07\/Active-Lucas-for-web.png",500,500,false],"author_info":[],"comment_info":0,"_links":{"self":[{"href":"https:\/\/www.lasermet.com\/de\/wp-json\/wp\/v2\/product\/8997","targetHints":{"allow":["GET"]}}],"collection":[{"href":"https:\/\/www.lasermet.com\/de\/wp-json\/wp\/v2\/product"}],"about":[{"href":"https:\/\/www.lasermet.com\/de\/wp-json\/wp\/v2\/types\/product"}],"replies":[{"embeddable":true,"href":"https:\/\/www.lasermet.com\/de\/wp-json\/wp\/v2\/comments?post=8997"}],"wp:featuredmedia":[{"embeddable":true,"href":"https:\/\/www.lasermet.com\/de\/wp-json\/wp\/v2\/media\/8999"}],"wp:attachment":[{"href":"https:\/\/www.lasermet.com\/de\/wp-json\/wp\/v2\/media?parent=8997"}],"wp:term":[{"taxonomy":"product_brand","embeddable":true,"href":"https:\/\/www.lasermet.com\/de\/wp-json\/wp\/v2\/product_brand?post=8997"},{"taxonomy":"product_cat","embeddable":true,"href":"https:\/\/www.lasermet.com\/de\/wp-json\/wp\/v2\/product_cat?post=8997"},{"taxonomy":"product_tag","embeddable":true,"href":"https:\/\/www.lasermet.com\/de\/wp-json\/wp\/v2\/product_tag?post=8997"}],"curies":[{"name":"wp","href":"https:\/\/api.w.org\/{rel}","templated":true}]}}