{"id":8567,"date":"2025-04-23T05:59:28","date_gmt":"2025-04-23T05:59:28","guid":{"rendered":"https:\/\/www.lasermetgmbh.de\/?post_type=product&#038;p=8567"},"modified":"2026-01-16T02:44:51","modified_gmt":"2026-01-16T02:44:51","slug":"caiman-laser-sicherheitsjalousien-fuer-fenster","status":"publish","type":"product","link":"https:\/\/www.lasermet.com\/de\/laserschutzprodukte\/caiman-laser-sicherheitsjalousien-fuer-fenster\/","title":{"rendered":"Caiman Laser Sicherheitsjalousien f\u00fcr Fenster"},"content":{"rendered":"\n<div style=\"height:57px\" aria-hidden=\"true\" class=\"wp-block-spacer\"><\/div>\n\n\n\n<h5 class=\"wp-block-heading\"><strong>Laser-Blocking Poly-carbonate CLaserblockierendes Polykarbonat-Verbundmaterialomposite Material<\/strong><\/h5>\n\n\n\n<p>Die Lamellen des Caiman-Fensters bestehen aus einem speziellen Verbundwerkstoff mit laserblockierenden Eigenschaften, der speziell daf\u00fcr entwickelt wurde, streuende Laserstrahlen abzuschirmen und gleichzeitig die Sicht zu erhalten. Dies macht es ideal f\u00fcr Umgebungen, in denen unkontrollierte Laserreflexionen ein Risiko darstellen k\u00f6nnten.<\/p>\n\n\n\n<h5 class=\"wp-block-heading\">Zertifizierter Laserschutz<\/h5>\n\n\n\n<p>Die Caiman-Jalousien wurden strengen Tests unterzogen und entsprechen der Norm IEC 60825-4 Sicherheit von Laserprodukten &#8211; Teil 4: Laserschutzeinrichtungen. Diese Jalousien schirmen alle medizinischen, industriellen und Forschungslaser effektiv ab und gew\u00e4hrleisten eine sichere Umgebung f\u00fcr Personal und Patienten. Die Caiman-Jalousien sind so konzipiert, dass sie Personen au\u00dferhalb des lasergesteuerten Bereichs abschirmen und gleichzeitig eine kontrollierte \u00dcberwachung innerhalb des Bereichs erm\u00f6glichen.<\/p>\n\n\n\n<h5 class=\"wp-block-heading\">Dual-Mode-Sichtbarkeit<\/h5>\n\n\n\n<p>Caiman Laser Safety Window Blinds bieten einen einzigartigen Dual-Sichtbarkeitsmodus, der es dem Benutzer erm\u00f6glicht, zwischen vollem Schutz und kontrollierter Transparenz zu wechseln.<\/p>\n\n\n\n<p>Mit einem einfachen Hebelmechanismus k\u00f6nnen die Benutzer die Lamellen m\u00fchelos verstellen und so zwischen voller Sicht und vollst\u00e4ndiger Laserblockade wechseln. Die Lamellen sorgen daf\u00fcr, dass externe Beobachter in der ge\u00f6ffneten Position gefahrlos in den lasergesteuerten Bereich hineinsehen k\u00f6nnen, w\u00e4hrend sie gleichzeitig vor st\u00f6renden Laserreflexionen gesch\u00fctzt sind. Diese Funktion ist besonders wichtig f\u00fcr Umgebungen, in denen eine kontinuierliche \u00dcberwachung von Laseroperationen erforderlich ist, ohne die Sicherheitsstandards zu gef\u00e4hrden.<\/p>\n\n\n<div class=\"wp-block-image\">\n<figure class=\"aligncenter size-full\"><img loading=\"lazy\" decoding=\"async\" width=\"320\" height=\"568\" src=\"https:\/\/www.lasermet.com\/de\/wp-content\/uploads\/sites\/3\/2025\/03\/caiman-demo.gif\" alt=\"\" class=\"wp-image-12644\" \/><\/figure>\n<\/div>\n\n\n<p>Die Einheit kann standardm\u00e4\u00dfig in die T\u00fcr- oder Fenster\u00f6ffnung eingebaut werden, oder sie kann b\u00fcndig eingebaut werden, wobei die Oberfl\u00e4chen der Einheit mit den Kanten der \u00d6ffnung \u00fcbereinstimmen. Sie kann auch in einige Lasermet-Kabinen und -Geh\u00e4use integriert werden.<\/p>\n\n\n\n<div style=\"height:25px\" aria-hidden=\"true\" class=\"wp-block-spacer\"><\/div>\n\n\n\n<h3 class=\"wp-block-heading\"><strong>Fenstereinbauoptionen<\/strong><\/h3>\n\n\n\n<div class=\"wp-block-group\"><div class=\"wp-block-group__inner-container is-layout-constrained wp-block-group-is-layout-constrained\">\n<p>Die Caiman-Jalousien k\u00f6nnen standardm\u00e4\u00dfig in die T\u00fcr- oder Fenster\u00f6ffnung eingebaut werden oder b\u00fcndig mit der Oberfl\u00e4che abschlie\u00dfen.<\/p>\n<\/div><\/div>\n\n\n\n<div class=\"wp-block-columns is-layout-flex wp-container-core-columns-is-layout-0c45af82 wp-block-columns-is-layout-flex\" style=\"border-style:none;border-width:0px;margin-top:0;margin-bottom:0;padding-top:var(--wp--preset--spacing--30);padding-right:0;padding-bottom:0;padding-left:0;font-size:11px\">\n<div class=\"wp-block-column is-vertically-aligned-top has-background has-small-font-size is-layout-flow wp-block-column-is-layout-flow\" style=\"background-color:#fffefe;padding-top:0;padding-bottom:0\">\n<div class=\"wp-block-columns is-layout-flex wp-container-core-columns-is-layout-9d6595d7 wp-block-columns-is-layout-flex\">\n<div class=\"wp-block-column is-layout-flow wp-block-column-is-layout-flow\">\n<h5 class=\"wp-block-heading has-text-align-center\">Standard Fit <\/h5>\n\n\n\n<p>Eliminiert die Notwendigkeit eines unhygienischen Metallgeh\u00e4uses und erm\u00f6glicht eine dichte Abdichtung zwischen Glas und Wulst. Wird entweder mittig \u00fcber die T\u00fcrdicke oder b\u00fcndig auf einer Seite mit einem einzelnen Wulst positioniert.<\/p>\n<\/div>\n<\/div>\n<\/div>\n\n\n\n<div class=\"wp-block-column is-layout-flow wp-block-column-is-layout-flow\">\n<div class=\"wp-block-columns is-layout-flex wp-container-core-columns-is-layout-9d6595d7 wp-block-columns-is-layout-flex\">\n<div class=\"wp-block-column is-layout-flow wp-block-column-is-layout-flow\">\n<h5 class=\"wp-block-heading has-text-align-center\">Flush Fit<\/h5>\n\n\n\n<p class=\"has-small-font-size\">Entwickelt und hergestellt, um der genauen Dicke des Geh\u00e4uses zu entsprechen. Die Versiegelung mit Silikonkitt sorgt f\u00fcr ein \u00e4u\u00dferst hygienisches Detail ohne Spalten oder R\u00e4nder, in denen sich Schmutz oder Bakterien festsetzen k\u00f6nnten.<\/p>\n<\/div>\n<\/div>\n<\/div>\n<\/div>\n\n\n\n<div style=\"height:20px\" aria-hidden=\"true\" class=\"wp-block-spacer\"><\/div>\n\n\n\n<h3 class=\"wp-block-heading\">Bestelloptionen<\/h3>\n\n\n\n<div style=\"height:36px\" aria-hidden=\"true\" class=\"wp-block-spacer\"><\/div>\n\n\n\n<h5 class=\"wp-block-heading\">Glasoptionen<\/h5>\n\n\n\n<ul class=\"wp-block-list\">\n<li>R\u00f6ntgenstrahlensicher &#8211; Bleigleichwert bis zu 3,3 mm dick<\/li>\n\n\n\n<li>Feuerschutzglas &#8211; 30 und 60 Minuten, isoliert und nicht isoliert<\/li>\n\n\n\n<li>Au\u00dfenscheiben aus geh\u00e4rtetem oder laminiertem Glas gem\u00e4\u00df BS 6262<\/li>\n<\/ul>\n\n\n\n<div style=\"height:20px\" aria-hidden=\"true\" class=\"wp-block-spacer\"><\/div>\n\n\n\n<h5 class=\"wp-block-heading\">Griffoptionen<\/h5>\n\n\n\n<ul class=\"wp-block-list\">\n<li>Standardhebel<\/li>\n<\/ul>\n\n\n\n<div style=\"height:20px\" aria-hidden=\"true\" class=\"wp-block-spacer\"><\/div>\n\n\n\n<h5 class=\"wp-block-heading\">Abmessungen<\/h5>\n\n\n\n<ul class=\"wp-block-list\">\n<li>Nenndicke f\u00fcr das Modell Flush Fit entsprechend der T\u00fcrdicke des Kunden.<\/li>\n\n\n\n<li>Standardbreiten und -h\u00f6hen f\u00fcr alle Modelle sind (B x H):<\/li>\n<\/ul>\n\n\n\n<p class=\"has-theme-palette-6-color has-text-color has-link-color has-small-font-size wp-elements-a6ebbbfc9eb6ad2488ebc8b26f178274\"><em>Beachten Sie, dass die Farben (rot und blau) in der Zeichnung nur zur Veranschaulichung der \u00fcberlappenden Paneele dienen. Die Handlung<\/em>.<\/p>\n\n\n\n<div class=\"wp-block-columns is-layout-flex wp-container-core-columns-is-layout-9d6595d7 wp-block-columns-is-layout-flex\">\n<div class=\"wp-block-column is-layout-flow wp-block-column-is-layout-flow\">\n<figure class=\"wp-block-image size-large\"><img loading=\"lazy\" decoding=\"async\" width=\"1024\" height=\"951\" src=\"https:\/\/www.lasermet.com\/de\/wp-content\/uploads\/sites\/3\/2025\/03\/600X200-Sizing-1-1024x951.png\" alt=\"\" class=\"wp-image-12798\" srcset=\"https:\/\/www.lasermet.com\/de\/wp-content\/uploads\/sites\/3\/2025\/03\/600X200-Sizing-1-1024x951.png 1024w, https:\/\/www.lasermet.com\/de\/wp-content\/uploads\/sites\/3\/2025\/03\/600X200-Sizing-1-300x279.png 300w, https:\/\/www.lasermet.com\/de\/wp-content\/uploads\/sites\/3\/2025\/03\/600X200-Sizing-1-768x713.png 768w, https:\/\/www.lasermet.com\/de\/wp-content\/uploads\/sites\/3\/2025\/03\/600X200-Sizing-1-600x557.png 600w, https:\/\/www.lasermet.com\/de\/wp-content\/uploads\/sites\/3\/2025\/03\/600X200-Sizing-1.png 1200w\" sizes=\"auto, (max-width: 1024px) 100vw, 1024px\" \/><figcaption class=\"wp-element-caption\">200 x 600mm<\/figcaption><\/figure>\n<\/div>\n\n\n\n<div class=\"wp-block-column is-layout-flow wp-block-column-is-layout-flow\">\n<figure class=\"wp-block-image size-large\"><img loading=\"lazy\" decoding=\"async\" width=\"1024\" height=\"953\" src=\"https:\/\/www.lasermet.com\/de\/wp-content\/uploads\/sites\/3\/2025\/03\/400X400-Sizing-1024x953.png\" alt=\"\" class=\"wp-image-12796\" srcset=\"https:\/\/www.lasermet.com\/de\/wp-content\/uploads\/sites\/3\/2025\/03\/400X400-Sizing-1024x953.png 1024w, https:\/\/www.lasermet.com\/de\/wp-content\/uploads\/sites\/3\/2025\/03\/400X400-Sizing-300x279.png 300w, https:\/\/www.lasermet.com\/de\/wp-content\/uploads\/sites\/3\/2025\/03\/400X400-Sizing-768x715.png 768w, https:\/\/www.lasermet.com\/de\/wp-content\/uploads\/sites\/3\/2025\/03\/400X400-Sizing-600x559.png 600w, https:\/\/www.lasermet.com\/de\/wp-content\/uploads\/sites\/3\/2025\/03\/400X400-Sizing.png 1200w\" sizes=\"auto, (max-width: 1024px) 100vw, 1024px\" \/><figcaption class=\"wp-element-caption\">400 x 400mm<\/figcaption><\/figure>\n<\/div>\n\n\n\n<div class=\"wp-block-column is-layout-flow wp-block-column-is-layout-flow\">\n<figure class=\"wp-block-image size-large\"><img loading=\"lazy\" decoding=\"async\" width=\"1024\" height=\"953\" src=\"https:\/\/www.lasermet.com\/de\/wp-content\/uploads\/sites\/3\/2025\/03\/400X200-Sizing-1024x953.png\" alt=\"\" class=\"wp-image-12795\" srcset=\"https:\/\/www.lasermet.com\/de\/wp-content\/uploads\/sites\/3\/2025\/03\/400X200-Sizing-1024x953.png 1024w, https:\/\/www.lasermet.com\/de\/wp-content\/uploads\/sites\/3\/2025\/03\/400X200-Sizing-300x279.png 300w, https:\/\/www.lasermet.com\/de\/wp-content\/uploads\/sites\/3\/2025\/03\/400X200-Sizing-768x715.png 768w, https:\/\/www.lasermet.com\/de\/wp-content\/uploads\/sites\/3\/2025\/03\/400X200-Sizing-600x559.png 600w, https:\/\/www.lasermet.com\/de\/wp-content\/uploads\/sites\/3\/2025\/03\/400X200-Sizing.png 1200w\" sizes=\"auto, (max-width: 1024px) 100vw, 1024px\" \/><figcaption class=\"wp-element-caption\">200 x 400mm<\/figcaption><\/figure>\n<\/div>\n\n\n\n<div class=\"wp-block-column is-layout-flow wp-block-column-is-layout-flow\">\n<figure class=\"wp-block-image size-large\"><img loading=\"lazy\" decoding=\"async\" width=\"1024\" height=\"951\" src=\"https:\/\/www.lasermet.com\/de\/wp-content\/uploads\/sites\/3\/2025\/03\/800X400-Sizing-1024x951.png\" alt=\"\" class=\"wp-image-12799\" srcset=\"https:\/\/www.lasermet.com\/de\/wp-content\/uploads\/sites\/3\/2025\/03\/800X400-Sizing-1024x951.png 1024w, https:\/\/www.lasermet.com\/de\/wp-content\/uploads\/sites\/3\/2025\/03\/800X400-Sizing-300x279.png 300w, https:\/\/www.lasermet.com\/de\/wp-content\/uploads\/sites\/3\/2025\/03\/800X400-Sizing-768x714.png 768w, https:\/\/www.lasermet.com\/de\/wp-content\/uploads\/sites\/3\/2025\/03\/800X400-Sizing-600x558.png 600w, https:\/\/www.lasermet.com\/de\/wp-content\/uploads\/sites\/3\/2025\/03\/800X400-Sizing.png 1200w\" sizes=\"auto, (max-width: 1024px) 100vw, 1024px\" \/><figcaption class=\"wp-element-caption\">400 x 800mm<\/figcaption><\/figure>\n<\/div>\n<\/div>\n\n\n\n<p><\/p>\n\n\n\n<p>Die Integration von Caiman Laserschutzjalousien in Ihre Anlage erh\u00f6ht nicht nur die Sicherheitsstandards, sondern verbessert auch die betriebliche Effizienz. Mit klarer Sicht bei Bedarf und sofortiger Laserblockierung machen diese Jalousien l\u00e4stige tempor\u00e4re Sicherheitsschilder oder die vollst\u00e4ndige Isolierung von lasergesteuerten Bereichen \u00fcberfl\u00fcssig.<\/p>\n\n\n\n<p><\/p>\n","protected":false},"excerpt":{"rendered":"<p><strong>Laserblockierende und r\u00f6ntgensichere Krankenhausfenster<\/strong> Die laserblockierenden Lamellenfenster von Lasermet sind ideal f\u00fcr den Einsatz in Operationss\u00e4len und blockieren alle medizinischen Laser effektiv. Es ist auch eine Option f\u00fcr r\u00f6ntgensichere Sichtfenster erh\u00e4ltlich.<\/p>\n<ul>\n<li>Gepr\u00fcft nach IEC 60825-4 Sicherheit von Laserprodukten (Laserschutzvorrichtungen)<\/li>\n<li>Standard- oder fl\u00e4chenb\u00fcndige Versionen erh\u00e4ltlich<\/li>\n<li>Dual-Mode-Sichtbarkeit<\/li>\n<li>Mehrere Glasoptionen<\/li>\n<\/ul>\n","protected":false},"featured_media":8568,"comment_status":"closed","ping_status":"closed","template":"","meta":{"_acf_changed":false,"_kad_blocks_custom_css":"","_kad_blocks_head_custom_js":"","_kad_blocks_body_custom_js":"","_kad_blocks_footer_custom_js":"","_EventAllDay":false,"_EventTimezone":"","_EventStartDate":"","_EventEndDate":"","_EventStartDateUTC":"","_EventEndDateUTC":"","_EventShowMap":false,"_EventShowMapLink":false,"_EventURL":"","_EventCost":"","_EventCostDescription":"","_EventCurrencySymbol":"","_EventCurrencyCode":"","_EventCurrencyPosition":"","_EventDateTimeSeparator":"","_EventTimeRangeSeparator":"","_EventOrganizerID":[],"_EventVenueID":[],"_OrganizerEmail":"","_OrganizerPhone":"","_OrganizerWebsite":"","_VenueAddress":"","_VenueCity":"","_VenueCountry":"","_VenueProvince":"","_VenueState":"","_VenueZip":"","_VenuePhone":"","_VenueURL":"","_VenueStateProvince":"","_VenueLat":"","_VenueLng":"","_VenueShowMap":false,"_VenueShowMapLink":false,"_kadence_starter_templates_imported_post":false,"_kad_post_transparent":"","_kad_post_title":"","_kad_post_layout":"","_kad_post_sidebar_id":"","_kad_post_content_style":"","_kad_post_vertical_padding":"","_kad_post_feature":"","_kad_post_feature_position":"","_kad_post_header":false,"_kad_post_footer":false,"_kad_post_classname":""},"product_brand":[],"product_cat":[45],"product_tag":[48],"class_list":{"0":"post-8567","1":"product","2":"type-product","3":"status-publish","4":"has-post-thumbnail","6":"product_cat-laserschutzfenster","7":"product_tag-medizinische","9":"first","10":"instock","11":"shipping-taxable","12":"product-type-simple","13":"entry","14":"content-bg","15":"loop-entry"},"acf":[],"taxonomy_info":{"product_cat":[{"value":45,"label":"Laserschutzfenster"}],"product_tag":[{"value":48,"label":"Medizinische"}]},"featured_image_src_large":["https:\/\/www.lasermet.com\/de\/wp-content\/uploads\/sites\/3\/2025\/04\/main-for-website.png",500,500,false],"author_info":[],"comment_info":0,"_links":{"self":[{"href":"https:\/\/www.lasermet.com\/de\/wp-json\/wp\/v2\/product\/8567","targetHints":{"allow":["GET"]}}],"collection":[{"href":"https:\/\/www.lasermet.com\/de\/wp-json\/wp\/v2\/product"}],"about":[{"href":"https:\/\/www.lasermet.com\/de\/wp-json\/wp\/v2\/types\/product"}],"replies":[{"embeddable":true,"href":"https:\/\/www.lasermet.com\/de\/wp-json\/wp\/v2\/comments?post=8567"}],"wp:featuredmedia":[{"embeddable":true,"href":"https:\/\/www.lasermet.com\/de\/wp-json\/wp\/v2\/media\/8568"}],"wp:attachment":[{"href":"https:\/\/www.lasermet.com\/de\/wp-json\/wp\/v2\/media?parent=8567"}],"wp:term":[{"taxonomy":"product_brand","embeddable":true,"href":"https:\/\/www.lasermet.com\/de\/wp-json\/wp\/v2\/product_brand?post=8567"},{"taxonomy":"product_cat","embeddable":true,"href":"https:\/\/www.lasermet.com\/de\/wp-json\/wp\/v2\/product_cat?post=8567"},{"taxonomy":"product_tag","embeddable":true,"href":"https:\/\/www.lasermet.com\/de\/wp-json\/wp\/v2\/product_tag?post=8567"}],"curies":[{"name":"wp","href":"https:\/\/api.w.org\/{rel}","templated":true}]}}