{"id":8513,"date":"2024-12-18T10:02:03","date_gmt":"2024-12-18T10:02:03","guid":{"rendered":"https:\/\/www.lasermetgmbh.de\/?post_type=product&#038;p=8513"},"modified":"2025-07-18T02:53:59","modified_gmt":"2025-07-18T02:53:59","slug":"realtime-lss","status":"publish","type":"product","link":"https:\/\/www.lasermet.com\/de\/laserschutzprodukte\/realtime-lss\/","title":{"rendered":"RealTime LSS"},"content":{"rendered":"\n<div style=\"height:32px\" aria-hidden=\"true\" class=\"wp-block-spacer\"><\/div>\n\n\n\n<p class=\"has-medium-font-size\"><strong style=\"color: var(--global-palette3)\"><em>Innovation von den Experten f\u00fcr Lasersicherheit \u2013 Ihre Sicherheit beginnt hier<\/em><\/strong><\/p>\n\n\n\n<p>Die Realtime<strong> Laser Safety Software (RTLSS)<\/strong> von Lasermet ist ein unverzichtbares Online-Tool f\u00fcr Fachleute, die mit Lasern arbeiten. Diese leistungsstarke Software hilft Ihnen bei der schnellen Berechnung kritischer Laserschutzparameter und gew\u00e4hrleistet die Einhaltung der internationalen Laserschutznormen (IEC 60825-1). Ganz gleich, ob Sie die Laserexposition beurteilen, sichere Arbeitsbedingungen festlegen oder den geeigneten Laserschutz f\u00fcr Ihre Brille ausw\u00e4hlen m\u00f6chten, dieses Tool vereinfacht den Prozess mit pr\u00e4zisen Ergebnissen in Echtzeit.<\/p>\n\n\n\n<div class=\"wp-block-buttons is-layout-flex wp-block-buttons-is-layout-flex\">\n<div class=\"wp-block-button\"><a class=\"wp-block-button__link has-luminous-vivid-amber-background-color has-background has-medium-font-size has-custom-font-size wp-element-button\" href=\"https:\/\/lasermet-laser-safety-software.onrender.com\/\" rel=\"noopener\">Try RTLSS Now<\/a><\/div>\n<\/div>\n\n\n\n<div style=\"height:46px\" aria-hidden=\"true\" class=\"wp-block-spacer\"><\/div>\n\n\n\n<p><strong><font style=\"vertical-align: inherit\"><font style=\"vertical-align: inherit\">RTLSS<\/font><\/font><\/strong><font style=\"vertical-align: inherit\"><font style=\"vertical-align: inherit\"> allows for mobile access, making it suitable for quick assessments in the lab or in the field. This tool allows users to calculate key laser safety parameters, including:<\/font><\/font><\/p>\n\n\n\n<div class=\"wp-block-columns is-layout-flex wp-container-core-columns-is-layout-9d6595d7 wp-block-columns-is-layout-flex\">\n<div class=\"wp-block-column is-layout-flow wp-block-column-is-layout-flow\">\n<figure class=\"wp-block-image size-full\"><img loading=\"lazy\" decoding=\"async\" width=\"720\" height=\"900\" src=\"https:\/\/www.lasermetgmbh.de\/wp-content\/uploads\/2024\/12\/Laser.png\" alt=\"\" class=\"wp-image-8514\" srcset=\"https:\/\/www.lasermet.com\/de\/wp-content\/uploads\/sites\/3\/2024\/12\/Laser.png 720w, https:\/\/www.lasermet.com\/de\/wp-content\/uploads\/sites\/3\/2024\/12\/Laser-240x300.png 240w, https:\/\/www.lasermet.com\/de\/wp-content\/uploads\/sites\/3\/2024\/12\/Laser-600x750.png 600w\" sizes=\"auto, (max-width: 720px) 100vw, 720px\" \/><\/figure>\n\n\n\n<p class=\"has-medium-font-size\">        <strong>Punkt und erweitert<\/strong><\/p>\n\n\n\n<p class=\"has-medium-font-size\">Genaue Bewertung der sicheren Expositionswerte f\u00fcr Punkt- und ausgedehnte Laserquellen.<\/p>\n<\/div>\n\n\n\n<div class=\"wp-block-column is-layout-flow wp-block-column-is-layout-flow\">\n<figure class=\"wp-block-image size-full\"><img loading=\"lazy\" decoding=\"async\" width=\"720\" height=\"900\" src=\"https:\/\/www.lasermetgmbh.de\/wp-content\/uploads\/2024\/12\/Fibre-Optics-P.png\" alt=\"\" class=\"wp-image-8515\" srcset=\"https:\/\/www.lasermet.com\/de\/wp-content\/uploads\/sites\/3\/2024\/12\/Fibre-Optics-P.png 720w, https:\/\/www.lasermet.com\/de\/wp-content\/uploads\/sites\/3\/2024\/12\/Fibre-Optics-P-240x300.png 240w, https:\/\/www.lasermet.com\/de\/wp-content\/uploads\/sites\/3\/2024\/12\/Fibre-Optics-P-600x750.png 600w\" sizes=\"auto, (max-width: 720px) 100vw, 720px\" \/><\/figure>\n\n\n\n<p class=\"has-medium-font-size\">            <strong>Glasfaserkabel<\/strong><\/p>\n\n\n\n<p class=\"has-medium-font-size\">F\u00fchren Sie ma\u00dfgeschneiderte Berechnungen f\u00fcr Faserlaser durch und ber\u00fccksichtigen Sie dabei deren spezifische Sicherheitsanforderungen.<\/p>\n<\/div>\n\n\n\n<div class=\"wp-block-column is-layout-flow wp-block-column-is-layout-flow\">\n<figure class=\"wp-block-image size-full\"><img loading=\"lazy\" decoding=\"async\" width=\"720\" height=\"900\" src=\"https:\/\/www.lasermetgmbh.de\/wp-content\/uploads\/2024\/12\/Diffuse-Reflection-P.png\" alt=\"\" class=\"wp-image-8516\" srcset=\"https:\/\/www.lasermet.com\/de\/wp-content\/uploads\/sites\/3\/2024\/12\/Diffuse-Reflection-P.png 720w, https:\/\/www.lasermet.com\/de\/wp-content\/uploads\/sites\/3\/2024\/12\/Diffuse-Reflection-P-240x300.png 240w, https:\/\/www.lasermet.com\/de\/wp-content\/uploads\/sites\/3\/2024\/12\/Diffuse-Reflection-P-600x750.png 600w\" sizes=\"auto, (max-width: 720px) 100vw, 720px\" \/><\/figure>\n\n\n\n<p class=\"has-medium-font-size\">              <strong>Diffuse Reflexion<\/strong><\/p>\n\n\n\n<p class=\"has-medium-font-size\">Bewertung potenzieller Gefahren durch indirekte Reflexionen zur Minderung der Expositionsrisiken.<\/p>\n<\/div>\n\n\n\n<div class=\"wp-block-column is-layout-flow wp-block-column-is-layout-flow\">\n<figure class=\"wp-block-image size-full\"><img loading=\"lazy\" decoding=\"async\" width=\"720\" height=\"900\" src=\"https:\/\/www.lasermetgmbh.de\/wp-content\/uploads\/2024\/12\/LookUp-Table-P.png\" alt=\"\" class=\"wp-image-8517\" srcset=\"https:\/\/www.lasermet.com\/de\/wp-content\/uploads\/sites\/3\/2024\/12\/LookUp-Table-P.png 720w, https:\/\/www.lasermet.com\/de\/wp-content\/uploads\/sites\/3\/2024\/12\/LookUp-Table-P-240x300.png 240w, https:\/\/www.lasermet.com\/de\/wp-content\/uploads\/sites\/3\/2024\/12\/LookUp-Table-P-600x750.png 600w\" sizes=\"auto, (max-width: 720px) 100vw, 720px\" \/><\/figure>\n\n\n\n<p class=\"has-medium-font-size\">Nachschlagetabelle<\/p>\n\n\n\n<p class=\"has-medium-font-size\">Zugriff auf vorberechnete Werte zum schnellen Nachschlagen, um bei allgemeinen Bewertungen Zeit zu sparen<\/p>\n<\/div>\n<\/div>\n\n\n\n<div style=\"height:54px\" aria-hidden=\"true\" class=\"wp-block-spacer\"><\/div>\n\n\n\n<h3 class=\"wp-block-heading has-medium-font-size\">Laser-Rechner-Leitfaden<\/h3>\n\n\n\n<p>Innerhalb eines Rechners finden Sie Bedienfelder zur Verwaltung gespeicherter Laserberechnungen, zur Einstellung von Laserbetriebsarten, zur Auswahl von Quellentypen usw. Jeder der vier Rechner bietet unterschiedliche Eingabefelder f\u00fcr bestimmte Laserszenarien. Im Feld CW-Einstellungen k\u00f6nnen Sie die wichtigsten Laserparameter eingeben: Wellenl\u00e4nge (nm), Belichtungsdauer (s), Laserleistung (W), Strahldurchmesser (mm), Strahldivergenz (mrad) und Entfernung zum Ziel (m). Ein Z\u00e4hler f\u00fcr verbleibende Berechnungen zeigt den Verbrauch gem\u00e4\u00df Ihrem Plan an.<\/p>\n\n\n\n<figure class=\"wp-block-image size-full\"><img loading=\"lazy\" decoding=\"async\" width=\"1200\" height=\"605\" src=\"https:\/\/www.lasermetgmbh.de\/wp-content\/uploads\/2024\/12\/CALCULATE.png\" alt=\"\" class=\"wp-image-8518\" srcset=\"https:\/\/www.lasermet.com\/de\/wp-content\/uploads\/sites\/3\/2024\/12\/CALCULATE.png 1200w, https:\/\/www.lasermet.com\/de\/wp-content\/uploads\/sites\/3\/2024\/12\/CALCULATE-300x151.png 300w, https:\/\/www.lasermet.com\/de\/wp-content\/uploads\/sites\/3\/2024\/12\/CALCULATE-1024x516.png 1024w, https:\/\/www.lasermet.com\/de\/wp-content\/uploads\/sites\/3\/2024\/12\/CALCULATE-768x387.png 768w, https:\/\/www.lasermet.com\/de\/wp-content\/uploads\/sites\/3\/2024\/12\/CALCULATE-600x303.png 600w\" sizes=\"auto, (max-width: 1200px) 100vw, 1200px\" \/><\/figure>\n\n\n\n<div style=\"height:64px\" aria-hidden=\"true\" class=\"wp-block-spacer\"><\/div>\n\n\n\n<h5 class=\"wp-block-heading\">Wichtigste Vorteile<\/h5>\n\n\n\n<ul class=\"wp-block-list\">\n<li><strong>Detaillierte Bewertung:<\/strong> Jede Berechnung liefert Ergebnisse zur m\u00f6glichen Gef\u00e4hrdung von Augen und Haut sowie detaillierte Strahleneigenschaften, so dass alle Sicherheitsaspekte ber\u00fccksichtigt werden.<\/li>\n\n\n\n<li><strong>Mehrere Berechnungsoptionen:<\/strong> Verwenden Sie verschiedene Rechner je nach Ihren spezifischen Anforderungen &#8211; ob Sie mit Faseroptik, diffusen Reflexionen oder anderen Lasertypen arbeiten.<\/li>\n\n\n\n<li><strong>Empfehlungen f\u00fcr Laserklassen und Laserschutzbrillen:<\/strong> Sie erhalten detaillierte Informationen zu Laserklassen und Empfehlungen zu geeigneten Laserschutzbrillen f\u00fcr jeden Laser.<\/li>\n\n\n\n<li><strong>Mobile Optimierung:<\/strong> Zugriff auf den Rechner von unterwegs. Ob im Labor oder im Au\u00dfendienst, RTLSS ist f\u00fcr alle mobilen Ger\u00e4te optimiert und erm\u00f6glicht schnelle und effiziente Bewertungen jederzeit und \u00fcberall.<\/li>\n\n\n\n<li><strong>Speichern und Abrufen von Daten:<\/strong> Sie k\u00f6nnen fr\u00fchere Berechnungen problemlos speichern, wieder aufrufen und \u00fcberpr\u00fcfen, um den Arbeitsablauf effizienter zu gestalten.<\/li>\n\n\n\n<li><strong>Aktualisierungen in Echtzeit:<\/strong> Bleiben Sie mit Echtzeit-Anpassungen auf der Grundlage der neuesten Sicherheitsstandards auf dem neuesten Stand, damit alle Berechnungen genau und konform bleiben.<\/li>\n\n\n\n<li><strong>Benutzerfreundliches Interface:<\/strong> Mit seinem einfachen, intuitiven Design erm\u00f6glicht RTLSS den Anwendern die schnelle Eingabe von Parametern und das Abrufen von Ergebnissen, was die Produktivit\u00e4t erh\u00f6ht und den Zeitaufwand f\u00fcr Bewertungen reduziert.<\/li>\n\n\n\n<li><strong>Einhaltung von Sicherheitsstandards:<\/strong> RTLSS gew\u00e4hrleistet die Einhaltung internationaler Sicherheitsstandards wie IEC 60825-1.<\/li>\n<\/ul>\n\n\n\n<div style=\"height:53px\" aria-hidden=\"true\" class=\"wp-block-spacer\"><\/div>\n\n\n\n<h5 class=\"wp-block-heading\">Infografiken &#8211; der Schl\u00fcssel zum besseren Verst\u00e4ndnis<\/h5>\n\n\n\n<div class=\"wp-block-columns is-layout-flex wp-container-core-columns-is-layout-9d6595d7 wp-block-columns-is-layout-flex\">\n<div class=\"wp-block-column is-layout-flow wp-block-column-is-layout-flow\">\n<p>RTLSS bietet klare, leicht verst\u00e4ndliche Grafiken, die wichtige Laser-Sicherheitsparameter visuell erkl\u00e4ren. <\/p>\n\n\n\n<p>Dazu geh\u00f6ren die Strahldivergenz, die zeigt, wie sich der Laserstrahl ausbreitet, die Grenz\u00f6ffnung, die den maximal zul\u00e4ssigen Strahldurchmesser f\u00fcr eine sichere Exposition angibt, und der anwendbare Strahlbereich, der den Bereich der Strahlinteraktion f\u00fcr die Sicherheit hervorhebt. Au\u00dferdem werden der nominale Augengef\u00e4hrdungsabstand (NOHD), der sichere Abstand f\u00fcr die Augenexposition, und der effektive nominale Augengef\u00e4hrdungsabstand (ENOHD), der die Strahldivergenz ber\u00fccksichtigt, angegeben. Dar\u00fcber hinaus geben die Spektralinformationen Aufschluss \u00fcber den Wellenl\u00e4ngenbereich des Lasers, um eine korrekte Klassifizierung und Sicherheit zu gew\u00e4hrleisten.<\/p>\n<\/div>\n\n\n\n<div class=\"wp-block-column is-layout-flow wp-block-column-is-layout-flow\">\n<figure class=\"wp-block-image size-full\"><img loading=\"lazy\" decoding=\"async\" width=\"1957\" height=\"1014\" src=\"https:\/\/www.lasermet.com\/de\/wp-content\/uploads\/sites\/3\/2024\/12\/LSS-INFOGRAPHICS-2.gif\" alt=\"LSS-INFOGRAPHICS\" class=\"wp-image-8554\"\/><\/figure>\n<\/div>\n<\/div>\n\n\n\n<h5 class=\"wp-block-heading\">Testimonials<\/h5>\n\n\n\n<blockquote class=\"wp-block-quote is-layout-flow wp-block-quote-is-layout-flow\">\n<blockquote class=\"wp-block-quote is-style-plain is-layout-flow wp-block-quote-is-layout-flow\">\n<p class=\"has-medium-font-size\"><em>\u2018Ich war sehr beeindruckt von der Software. Sie hat meine Erwartungen und Bed\u00fcrfnisse \u00fcbertroffen, ist sehr einfach zu bedienen und &#8211; was am wichtigsten ist &#8211; webbasiert! Ich glaube, dass sie ein sehr n\u00fctzliches Werkzeug f\u00fcr jeden Laserschutzberater sein wird.\u2019<\/em><\/p>\n\n\n\n<p><\/p>\n\n\n\n<p class=\"has-medium-font-size\">&#8211; <strong>Natalie Bales<\/strong>, Laser Protection Adviser of Musgrove Park Hospital<\/p>\n<\/blockquote>\n<\/blockquote>\n\n\n\n<h5 class=\"wp-block-heading\">Starten Sie Ihre Laserberechnungen noch heute!<\/h5>\n\n\n\n<div class=\"wp-block-buttons is-content-justification-center is-layout-flex wp-container-core-buttons-is-layout-16018d1d wp-block-buttons-is-layout-flex\">\n<div class=\"wp-block-button has-custom-width wp-block-button__width-25 is-style-fill\"><a class=\"wp-block-button__link has-luminous-vivid-amber-background-color has-background has-medium-font-size has-text-align-center has-custom-font-size wp-element-button\" href=\"https:\/\/lasermet-laser-safety-software.onrender.com\/\" rel=\"noopener\">Go to RealTime LSS<\/a><\/div>\n<\/div>\n\n\n\n<p><\/p>\n\n\n\n<p>\u00dcbernehmen Sie die Kontrolle \u00fcber Ihre Lasersicherheit mit dem Lasermet Realtime LSS. Ganz gleich, ob Sie neue Lasersysteme bewerten oder die Einhaltung von Normen sicherstellen m\u00f6chten, diese Software ist Ihr Werkzeug f\u00fcr genaue und zuverl\u00e4ssige Ergebnisse in Sachen Lasersicherheit.<\/p>\n","protected":false},"excerpt":{"rendered":"<p>Online-Rechner f\u00fcr Lasersicherheit RealTime LSS ist ein benutzerfreundlicher Online-Rechner f\u00fcr die Lasersicherheit, der die Anforderungen der IEC 60825-1: Sicherheit von Laserprodukten &#8211; Teil 1 erf\u00fcllt. Dieses Tool bietet auch Berechnungen f\u00fcr Laserschutzbrillen, um die erforderliche Einstufung f\u00fcr Laserschutzbrillen zu ermitteln und einen umfassenden Schutz zu gew\u00e4hrleisten. Die wichtigsten Funktionen des RTLSS-Rechners umfassen: :<\/p>\n<ul>\n<li>Berechnung der maximal zul\u00e4ssigen Exposition (MPE) und der erreichbaren Emissionsgrenzwerte (AEL)<\/li>\n<li>Laser-Klassifizierung<\/li>\n<li>Berechnungen der diffusen Reflexion<\/li>\n<li>Faseroptische Beurteilungen<\/li>\n<\/ul>\n","protected":false},"featured_media":8521,"comment_status":"closed","ping_status":"closed","template":"","meta":{"_acf_changed":false,"_kad_blocks_custom_css":"","_kad_blocks_head_custom_js":"","_kad_blocks_body_custom_js":"","_kad_blocks_footer_custom_js":"","_EventAllDay":false,"_EventTimezone":"","_EventStartDate":"","_EventEndDate":"","_EventStartDateUTC":"","_EventEndDateUTC":"","_EventShowMap":false,"_EventShowMapLink":false,"_EventURL":"","_EventCost":"","_EventCostDescription":"","_EventCurrencySymbol":"","_EventCurrencyCode":"","_EventCurrencyPosition":"","_EventDateTimeSeparator":"","_EventTimeRangeSeparator":"","_EventOrganizerID":[],"_EventVenueID":[],"_OrganizerEmail":"","_OrganizerPhone":"","_OrganizerWebsite":"","_VenueAddress":"","_VenueCity":"","_VenueCountry":"","_VenueProvince":"","_VenueState":"","_VenueZip":"","_VenuePhone":"","_VenueURL":"","_VenueStateProvince":"","_VenueLat":"","_VenueLng":"","_VenueShowMap":false,"_VenueShowMapLink":false,"_kadence_starter_templates_imported_post":false,"_kad_post_transparent":"","_kad_post_title":"","_kad_post_layout":"","_kad_post_sidebar_id":"","_kad_post_content_style":"","_kad_post_vertical_padding":"","_kad_post_feature":"","_kad_post_feature_position":"","_kad_post_header":false,"_kad_post_footer":false,"_kad_post_classname":""},"product_brand":[],"product_cat":[],"product_tag":[],"class_list":{"0":"post-8513","1":"product","2":"type-product","3":"status-publish","4":"has-post-thumbnail","7":"first","8":"instock","9":"shipping-taxable","10":"product-type-simple","11":"entry","12":"content-bg","13":"loop-entry"},"acf":[],"taxonomy_info":[],"featured_image_src_large":["https:\/\/www.lasermet.com\/de\/wp-content\/uploads\/sites\/3\/2024\/12\/LSS-Logo-4-1024x920.jpg",1024,920,true],"author_info":[],"comment_info":0,"_links":{"self":[{"href":"https:\/\/www.lasermet.com\/de\/wp-json\/wp\/v2\/product\/8513","targetHints":{"allow":["GET"]}}],"collection":[{"href":"https:\/\/www.lasermet.com\/de\/wp-json\/wp\/v2\/product"}],"about":[{"href":"https:\/\/www.lasermet.com\/de\/wp-json\/wp\/v2\/types\/product"}],"replies":[{"embeddable":true,"href":"https:\/\/www.lasermet.com\/de\/wp-json\/wp\/v2\/comments?post=8513"}],"wp:featuredmedia":[{"embeddable":true,"href":"https:\/\/www.lasermet.com\/de\/wp-json\/wp\/v2\/media\/8521"}],"wp:attachment":[{"href":"https:\/\/www.lasermet.com\/de\/wp-json\/wp\/v2\/media?parent=8513"}],"wp:term":[{"taxonomy":"product_brand","embeddable":true,"href":"https:\/\/www.lasermet.com\/de\/wp-json\/wp\/v2\/product_brand?post=8513"},{"taxonomy":"product_cat","embeddable":true,"href":"https:\/\/www.lasermet.com\/de\/wp-json\/wp\/v2\/product_cat?post=8513"},{"taxonomy":"product_tag","embeddable":true,"href":"https:\/\/www.lasermet.com\/de\/wp-json\/wp\/v2\/product_tag?post=8513"}],"curies":[{"name":"wp","href":"https:\/\/api.w.org\/{rel}","templated":true}]}}