{"id":8436,"date":"2024-08-01T03:13:19","date_gmt":"2024-08-01T03:13:19","guid":{"rendered":"https:\/\/www.lasermetgmbh.de\/?post_type=product&amp;p=8436"},"modified":"2024-08-01T03:13:19","modified_gmt":"2024-08-01T03:13:19","slug":"standard-doors","status":"publish","type":"product","link":"https:\/\/www.lasermet.com\/de\/laserschutzprodukte\/standard-doors\/","title":{"rendered":"Standard Doors"},"content":{"rendered":"\n<h5 class=\"wp-block-heading\">Bedienung<\/h5>\n\n\n\n<p>Diese Standardtore werden manuell bedient, aber bei gr\u00f6\u00dferen Toren kann ein automatischer Betrieb erforderlich sein. Der automatische Betrieb umfasst die Verwendung eines Druckknopfs und eines Motors zum \u00d6ffnen und Schlie\u00dfen der T\u00fcr.<\/p>\n\n\n\n<div style=\"height:20px\" aria-hidden=\"true\" class=\"wp-block-spacer\"><\/div>\n\n\n\n<h5 class=\"wp-block-heading\">Passive und aktive Schutzvorrichtungen<\/h5>\n\n\n\n<p>Alle T\u00fcrverkleidungen sind nach BS EN IEC 60825-4 Sicherheit von Laserprodukten &#8211; Teil 4: Laserschutzeinrichtungen &#8211; zertifiziert. Die T\u00fcren k\u00f6nnen auch mit Laserfilterfenstern ausgestattet werden, um die Sicht in den Laserraum zu erm\u00f6glichen.<\/p>\n\n\n\n<p>F\u00fcr Anwendungen mit h\u00f6herer Leistung k\u00f6nnen die T\u00fcrverkleidungen mit dem <a href=\"https:\/\/www.lasermetgmbh.de\/laserschutzprodukte\/laser-jailer-active-laser-guarding\/\" target=\"_blank\" rel=\"noreferrer noopener\">Laser Jailer<\/a> oder <a href=\"https:\/\/www.lasermetgmbh.de\/laserschutzprodukte\/glaser-jailer-active-laser-window\/\" target=\"_blank\" rel=\"noreferrer noopener\">Glaser Jailer<\/a> von Lasermet f\u00fcr zus\u00e4tzlichen Schutz ausgestattet werden. Mit diesen aktiven Schutzvorrichtungen wird der Laser automatisch abgeschaltet, wenn ein verirrter Laserstrahl auf das Paneel trifft. In dieser Konfiguration ist eine zus\u00e4tzliche Verriegelungseinrichtung erforderlich.<\/p>\n\n\n\n<div style=\"height:20px\" aria-hidden=\"true\" class=\"wp-block-spacer\"><\/div>\n\n\n\n<h5 class=\"wp-block-heading\">Sicherheitsstandards<\/h5>\n\n\n\n<p>Lasermet-Paneele erf\u00fcllen die Brandsicherheitsanforderungen nach ASTM E84-16 und EN 13823 Stufe C.<\/p>\n\n\n\n<div style=\"height:20px\" aria-hidden=\"true\" class=\"wp-block-spacer\"><\/div>\n\n\n\n<h5 class=\"wp-block-heading\">Standard-T\u00fcrgr\u00f6\u00dfen<\/h5>\n\n\n\n<p>Die unten aufgef\u00fchrten Gr\u00f6\u00dfen sind standardisiert. Abweichungen von den aufgef\u00fchrten Gr\u00f6\u00dfen gelten als Sonderbestellung.<\/p>\n\n\n\n<div class=\"wp-block-columns is-layout-flex wp-container-core-columns-is-layout-9d6595d7 wp-block-columns-is-layout-flex\">\n<div class=\"wp-block-column is-layout-flow wp-block-column-is-layout-flow\" style=\"flex-basis:100%\">\n<figure class=\"wp-block-table\"><table class=\"has-fixed-layout\"><thead><tr><th class=\"has-text-align-center\" data-align=\"center\">Teil Nummer<\/th><th class=\"has-text-align-center\" data-align=\"center\">Beschreibung<\/th><th class=\"has-text-align-center\" data-align=\"center\">Lichte \u00d6ffnung (BxH)<\/th><th class=\"has-text-align-center\" data-align=\"center\">Dicke der Platte<\/th><\/tr><\/thead><tbody><tr><td class=\"has-text-align-center\" data-align=\"center\">LD-10082-00<\/td><td class=\"has-text-align-center\" data-align=\"center\">Einzelt\u00fcr (rechtsseitiger Griff)<\/td><td class=\"has-text-align-center\" data-align=\"center\">886 x 2050mm<\/td><td class=\"has-text-align-center\" data-align=\"center\">100mm<\/td><\/tr><tr><td class=\"has-text-align-center\" data-align=\"center\">LD-10085-00<\/td><td class=\"has-text-align-center\" data-align=\"center\">Einzelt\u00fcr (rechtsseitiger Griff)<\/td><td class=\"has-text-align-center\" data-align=\"center\">896 x 2050mm<\/td><td class=\"has-text-align-center\" data-align=\"center\">50mm<\/td><\/tr><tr><td class=\"has-text-align-center\" data-align=\"center\">LD-10083-00<\/td><td class=\"has-text-align-center\" data-align=\"center\">Doppelt\u00fcr<\/td><td class=\"has-text-align-center\" data-align=\"center\">1860 x 2050mm<\/td><td class=\"has-text-align-center\" data-align=\"center\">100mm<\/td><\/tr><tr><td class=\"has-text-align-center\" data-align=\"center\">LD-10084-00<\/td><td class=\"has-text-align-center\" data-align=\"center\">Doppelt\u00fcr<\/td><td class=\"has-text-align-center\" data-align=\"center\">1886 x 2050mm<\/td><td class=\"has-text-align-center\" data-align=\"center\">50mm<\/td><\/tr><tr><td class=\"has-text-align-center\" data-align=\"center\">LD-10090-00<\/td><td class=\"has-text-align-center\" data-align=\"center\">Einzelne Schiebet\u00fcr<\/td><td class=\"has-text-align-center\" data-align=\"center\">1800 x 2500mm<\/td><td class=\"has-text-align-center\" data-align=\"center\">100mm<\/td><\/tr><tr><td class=\"has-text-align-center\" data-align=\"center\">LD-10093-00<\/td><td class=\"has-text-align-center\" data-align=\"center\">Einzelne Schiebet\u00fcr<\/td><td class=\"has-text-align-center\" data-align=\"center\">2800 x 2500mm<\/td><td class=\"has-text-align-center\" data-align=\"center\">100mm<\/td><\/tr><tr><td class=\"has-text-align-center\" data-align=\"center\">LD-10091-00<\/td><td class=\"has-text-align-center\" data-align=\"center\">Einzelne Schiebet\u00fcr<\/td><td class=\"has-text-align-center\" data-align=\"center\">1900 x 2500mm<\/td><td class=\"has-text-align-center\" data-align=\"center\">50mm<\/td><\/tr><tr><td class=\"has-text-align-center\" data-align=\"center\">LD-10094-00<\/td><td class=\"has-text-align-center\" data-align=\"center\">Einzelne Schiebet\u00fcr<\/td><td class=\"has-text-align-center\" data-align=\"center\">2900 x 2500mm<\/td><td class=\"has-text-align-center\" data-align=\"center\">50mm<\/td><\/tr><tr><td class=\"has-text-align-center\" data-align=\"center\">LD-10095-00<\/td><td class=\"has-text-align-center\" data-align=\"center\">Doppelschiebet\u00fcr<\/td><td class=\"has-text-align-center\" data-align=\"center\">3700 x 2500mm<\/td><td class=\"has-text-align-center\" data-align=\"center\">100mm<\/td><\/tr><\/tbody><\/table><\/figure>\n<\/div>\n<\/div>\n","protected":false},"excerpt":{"rendered":"<h6>F\u00fcr Laser Castle oder Stand-Alone-Systeme<\/h6>\n<p>Diese Standardt\u00fcren sind als integrierte Erg\u00e4nzungen zum Laser Castle erh\u00e4ltlich. Die passiven Schutzvorrichtungen sind nach BS EN IEC 60825-4 Sicherheit von Laserprodukten &#8211; Teil 4: Laserschutzvorrichtungen zertifiziert. F\u00fcr eine Vielzahl von Anwendungen sind verschiedene T\u00fcrvarianten erh\u00e4ltlich:<\/p>\n<ul>\n<li>Personent\u00fcr<\/li>\n<li>Doppelt\u00fcr<\/li>\n<li>Schiebet\u00fcr<\/li>\n<\/ul>\n","protected":false},"featured_media":8437,"comment_status":"closed","ping_status":"closed","template":"","meta":{"_acf_changed":false,"_kad_blocks_custom_css":"","_kad_blocks_head_custom_js":"","_kad_blocks_body_custom_js":"","_kad_blocks_footer_custom_js":"","_EventAllDay":false,"_EventTimezone":"","_EventStartDate":"","_EventEndDate":"","_EventStartDateUTC":"","_EventEndDateUTC":"","_EventShowMap":false,"_EventShowMapLink":false,"_EventURL":"","_EventCost":"","_EventCostDescription":"","_EventCurrencySymbol":"","_EventCurrencyCode":"","_EventCurrencyPosition":"","_EventDateTimeSeparator":"","_EventTimeRangeSeparator":"","_EventOrganizerID":[],"_EventVenueID":[],"_OrganizerEmail":"","_OrganizerPhone":"","_OrganizerWebsite":"","_VenueAddress":"","_VenueCity":"","_VenueCountry":"","_VenueProvince":"","_VenueState":"","_VenueZip":"","_VenuePhone":"","_VenueURL":"","_VenueStateProvince":"","_VenueLat":"","_VenueLng":"","_VenueShowMap":false,"_VenueShowMapLink":false,"_kadence_starter_templates_imported_post":false,"_kad_post_transparent":"","_kad_post_title":"","_kad_post_layout":"","_kad_post_sidebar_id":"","_kad_post_content_style":"","_kad_post_vertical_padding":"","_kad_post_feature":"","_kad_post_feature_position":"","_kad_post_header":false,"_kad_post_footer":false,"_kad_post_classname":""},"product_brand":[],"product_cat":[38],"product_tag":[33,35,37],"class_list":{"0":"post-8436","1":"product","2":"type-product","3":"status-publish","4":"has-post-thumbnail","6":"product_cat-industrietor","7":"product_tag-aerospace","8":"product_tag-automobilindustrie","9":"product_tag-industriell","11":"first","12":"instock","13":"shipping-taxable","14":"product-type-simple","15":"entry","16":"content-bg","17":"loop-entry"},"acf":[],"taxonomy_info":{"product_cat":[{"value":38,"label":"Industrietor"}],"product_tag":[{"value":33,"label":"Aerospace"},{"value":35,"label":"Automobilindustrie"},{"value":37,"label":"Industriell"}]},"featured_image_src_large":["https:\/\/www.lasermet.com\/de\/wp-content\/uploads\/sites\/3\/2024\/08\/Door.png",600,600,false],"author_info":[],"comment_info":0,"_links":{"self":[{"href":"https:\/\/www.lasermet.com\/de\/wp-json\/wp\/v2\/product\/8436","targetHints":{"allow":["GET"]}}],"collection":[{"href":"https:\/\/www.lasermet.com\/de\/wp-json\/wp\/v2\/product"}],"about":[{"href":"https:\/\/www.lasermet.com\/de\/wp-json\/wp\/v2\/types\/product"}],"replies":[{"embeddable":true,"href":"https:\/\/www.lasermet.com\/de\/wp-json\/wp\/v2\/comments?post=8436"}],"wp:featuredmedia":[{"embeddable":true,"href":"https:\/\/www.lasermet.com\/de\/wp-json\/wp\/v2\/media\/8437"}],"wp:attachment":[{"href":"https:\/\/www.lasermet.com\/de\/wp-json\/wp\/v2\/media?parent=8436"}],"wp:term":[{"taxonomy":"product_brand","embeddable":true,"href":"https:\/\/www.lasermet.com\/de\/wp-json\/wp\/v2\/product_brand?post=8436"},{"taxonomy":"product_cat","embeddable":true,"href":"https:\/\/www.lasermet.com\/de\/wp-json\/wp\/v2\/product_cat?post=8436"},{"taxonomy":"product_tag","embeddable":true,"href":"https:\/\/www.lasermet.com\/de\/wp-json\/wp\/v2\/product_tag?post=8436"}],"curies":[{"name":"wp","href":"https:\/\/api.w.org\/{rel}","templated":true}]}}