{"id":8431,"date":"2024-08-01T02:54:28","date_gmt":"2024-08-01T02:54:28","guid":{"rendered":"https:\/\/www.lasermetgmbh.de\/?post_type=product&amp;p=8431"},"modified":"2024-08-01T02:54:28","modified_gmt":"2024-08-01T02:54:28","slug":"storm-door-controller","status":"publish","type":"product","link":"https:\/\/www.lasermet.com\/de\/laserschutzprodukte\/storm-door-controller\/","title":{"rendered":"Storm Door Controller"},"content":{"rendered":"\n<div class=\"wp-block-buttons is-layout-flex wp-block-buttons-is-layout-flex\">\n<div class=\"wp-block-button\"><a class=\"wp-block-button__link has-black-color has-luminous-vivid-amber-background-color has-text-color has-background has-link-color wp-element-button\" href=\"https:\/\/forms.monday.com\/forms\/be0a8dd9babec3086ff86fef6870ba92?r=use1\" target=\"_blank\" rel=\"noreferrer noopener\">Brosch\u00fcre herunterladen<\/a><\/div>\n<\/div>\n\n\n\n<div style=\"height:30px\" aria-hidden=\"true\" class=\"wp-block-spacer\"><\/div>\n\n\n\n<p>Das Storm Universal Door Controller System erm\u00f6glicht den Benutzern die vollst\u00e4ndige Kontrolle und \u00dcberwachung des T\u00fcrstatus, wenn es in ein Verriegelungssystem integriert ist. Das System verf\u00fcgt \u00fcber mehrere Sicherheitsfunktionen:<\/p>\n\n\n\n<ul class=\"wp-block-list\">\n<li>Lichtvorhang &#8211; erkennt die Anwesenheit von Personen und Hindernissen in der N\u00e4he von T\u00fcren.<\/li>\n\n\n\n<li>Bumper \/ Bump Strip &#8211; die T\u00fcr stoppt automatisch bei Kontakt mit einem Hindernis.<\/li>\n\n\n\n<li>Zugangskontrolle &#8211; einfache Integration in Zugangskontrollsysteme zur Verwaltung und Einschr\u00e4nkung des Zugangs.<\/li>\n\n\n\n<li>Notstopp &#8211; sofortige Unterbrechung der T\u00fcrbewegung im Notfall.<\/li>\n\n\n\n<li>LED-Anzeigen &#8211; zeigen in Echtzeit den Status der Sicherheitseing\u00e4nge an.<\/li>\n\n\n\n<li>Kompatibilit\u00e4t mit Verriegelungssystemen &#8211; unendliche M\u00f6glichkeiten f\u00fcr \u00dcberwachung und Sicherheit mit Erweiterungskarten.<\/li>\n\n\n\n<li>Einstellbare Geschwindigkeit &#8211; Benutzer k\u00f6nnen die gew\u00fcnschte Geschwindigkeit werkseitig oder vor Ort einstellen.<\/li>\n<\/ul>\n\n\n\n<div style=\"height:20px\" aria-hidden=\"true\" class=\"wp-block-spacer\"><\/div>\n\n\n\n<h5 class=\"wp-block-heading\">CALM-System-Aufr\u00fcstung<\/h5>\n\n\n\n<p>Der Storm Universal Door Controller kann mit Lasermet&#8217;s <a href=\"https:\/\/www.lasermetgmbh.de\/laserschutzprodukte\/calm-control-and-laser-monitoring-system\/\" target=\"_blank\" rel=\"noreferrer noopener\">CALM Control and Laser Monitoring System<\/a> verbunden werden. Wenn es angeschlossen ist, kann der Benutzer den Status des Sicherheitseingangs auf einem gro\u00dfen Bildschirm zusammen mit anderen Verriegelungssystemen in einem lasergesteuerten Bereich anzeigen.<\/p>\n\n\n\n<div style=\"height:20px\" aria-hidden=\"true\" class=\"wp-block-spacer\"><\/div>\n\n\n\n<h4 class=\"wp-block-heading\">Standard- und Industrietore<\/h4>\n\n\n\n<p>Der Storm Universal Door Controller ist mit allen Standardtoroptionen von Lasermet kompatibel, von Schiebetoren bis zu Rolltoren.<\/p>\n\n\n\n<div style=\"height:20px\" aria-hidden=\"true\" class=\"wp-block-spacer\"><\/div>\n\n\n\n<h5 class=\"wp-block-heading\"><a href=\"https:\/\/www.lasermetgmbh.de\/laserschutzprodukte\/yoyo-guillotine-laserschutz-fur-tur\/\" data-type=\"link\" data-id=\"https:\/\/www.lasermetgmbh.de\/laserschutzprodukte\/yoyo-guillotine-laserschutz-fur-tur\/\" target=\"_blank\" rel=\"noreferrer noopener\">G-autodoor Laser Safety Guillotine Door<\/a><\/h5>\n\n\n\n<div class=\"wp-block-columns is-layout-flex wp-container-core-columns-is-layout-9d6595d7 wp-block-columns-is-layout-flex\">\n<div class=\"wp-block-column is-layout-flow wp-block-column-is-layout-flow\" style=\"flex-basis:100%\"><div class=\"wp-block-image\">\n<figure class=\"alignright size-full is-resized\"><img loading=\"lazy\" decoding=\"async\" width=\"500\" height=\"500\" src=\"https:\/\/www.lasermetgmbh.de\/wp-content\/uploads\/2023\/02\/500x500-NEW.png\" alt=\"\" class=\"wp-image-8430\" style=\"width:405px;height:auto\" srcset=\"https:\/\/www.lasermet.com\/de\/wp-content\/uploads\/sites\/3\/2023\/02\/500x500-NEW.png 500w, https:\/\/www.lasermet.com\/de\/wp-content\/uploads\/sites\/3\/2023\/02\/500x500-NEW-300x300.png 300w, https:\/\/www.lasermet.com\/de\/wp-content\/uploads\/sites\/3\/2023\/02\/500x500-NEW-150x150.png 150w, https:\/\/www.lasermet.com\/de\/wp-content\/uploads\/sites\/3\/2023\/02\/500x500-NEW-100x100.png 100w\" sizes=\"auto, (max-width: 500px) 100vw, 500px\" \/><figcaption class=\"wp-element-caption\">G-autodoor <\/figcaption><\/figure>\n<\/div>\n\n\n<p>Die G-autodoor ist eine Laserschutzt\u00fcr, die direkten Treffern von Laserstrahlen aus Lasern der Klasse 4 standhalten kann. Die T\u00fcr besteht aus dem Laser Castle-zertifizierten Laserschutzmaterial von Lasermet. Sie eignet sich daher ideal f\u00fcr Fertigungsumgebungen, in denen Laserbearbeitungsanwendungen zum Einsatz kommen, sowie f\u00fcr industrielle Anwendungen in Innenr\u00e4umen mit h\u00e4ufigem Hochgeschwindigkeitsverkehr, wie z. B. F\u00f6rderbandsysteme.<\/p>\n<\/div>\n<\/div>\n\n\n\n<div class=\"wp-block-columns is-layout-flex wp-container-core-columns-is-layout-9d6595d7 wp-block-columns-is-layout-flex\">\n<div class=\"wp-block-column is-layout-flow wp-block-column-is-layout-flow\" style=\"flex-basis:100%\"><div class=\"wp-block-image\">\n<figure class=\"alignright size-full is-resized\"><img decoding=\"async\" src=\"https:\/\/www.lasermet.com\/wp-content\/uploads\/2024\/07\/Falcon-Door.png\" alt=\"\" class=\"wp-image-10276\" style=\"width:434px;height:auto\" \/><figcaption class=\"wp-element-caption\">Falcon Active Speed Door<\/figcaption><\/figure>\n<\/div>\n\n\n<h5 class=\"wp-block-heading\"><a href=\"https:\/\/www.lasermetgmbh.de\/laserschutzprodukte\/falcon-roll-up-door\/\" target=\"_blank\" rel=\"noreferrer noopener\">Falcon Aktive Schnelllauftor<\/a><\/h5>\n\n\n\n<p>Das aktive Schnelllauf-Rolltor Falcon ist ein Industrietor, das sich ideal f\u00fcr Fertigungs- und Laserbearbeitungsanwendungen sowie f\u00fcr Logistikbereiche im Freien eignet, in denen h\u00e4ufig Hochgeschwindigkeitsverkehr herrscht.<\/p>\n\n\n\n<p>F\u00fcr Laserbearbeitungsanwendungen kann das Falcon-Tor mit dem aktiven Laserschutzsystem Laser Jailer ausgestattet werden, das aus flexiblen Schaltkreisen besteht, die von der Laserverriegelungssteuerung \u00fcberwacht werden. Wenn ein Laser auf das Schutzsystem trifft, das die T\u00fcr abdeckt, wird der Laser praktisch sofort abgeschaltet.<\/p>\n\n\n\n<div class=\"wp-block-columns is-layout-flex wp-container-core-columns-is-layout-9d6595d7 wp-block-columns-is-layout-flex\">\n<div class=\"wp-block-column is-layout-flow wp-block-column-is-layout-flow\" style=\"flex-basis:100%\"><\/div>\n<\/div>\n<\/div>\n\n\n\n<div class=\"wp-block-column is-layout-flow wp-block-column-is-layout-flow\"><\/div>\n<\/div>\n\n\n\n<div class=\"wp-block-columns is-layout-flex wp-container-core-columns-is-layout-9d6595d7 wp-block-columns-is-layout-flex\">\n<div class=\"wp-block-column is-layout-flow wp-block-column-is-layout-flow\">\n<div class=\"wp-block-columns is-layout-flex wp-container-core-columns-is-layout-9d6595d7 wp-block-columns-is-layout-flex\">\n<div class=\"wp-block-column is-layout-flow wp-block-column-is-layout-flow\" style=\"flex-basis:66.66%\">\n<h5 class=\"wp-block-heading\"><a href=\"https:\/\/www.lasermetgmbh.de\/laserschutzprodukte\/standard-doors\/\" target=\"_blank\" rel=\"noreferrer noopener\">Standard Sliding Doors<\/a><\/h5>\n\n\n\n<p>Standardt\u00fcren sind als Einbauelemente f\u00fcr die Laser Castle Laserschutzkabinen erh\u00e4ltlich. Das Material der Passive Guarding Paneele ist nach BS EN IEC 60825-4 zertifiziert. F\u00fcr eine Vielzahl von Anwendungen sind verschiedene T\u00fcrvarianten erh\u00e4ltlich:<\/p>\n\n\n\n<ul class=\"wp-block-list\">\n<li>Einzelne Schiebet\u00fcr<\/li>\n\n\n\n<li>Doppelschiebet\u00fcr<\/li>\n<\/ul>\n<\/div>\n\n\n\n<div class=\"wp-block-column is-layout-flow wp-block-column-is-layout-flow\" style=\"flex-basis:33.33%\"><div class=\"wp-block-image\">\n<figure class=\"alignright size-full is-resized\"><img decoding=\"async\" src=\"https:\/\/www.lasermet.com\/wp-content\/uploads\/2024\/07\/Inside-500x500-2.png\" alt=\"\" class=\"wp-image-10282\" style=\"width:427px;height:auto\" \/><figcaption class=\"wp-element-caption\">Standard Sliding Door<\/figcaption><\/figure>\n<\/div><\/div>\n<\/div>\n<\/div>\n<\/div>\n\n\n\n<div style=\"height:20px\" aria-hidden=\"true\" class=\"wp-block-spacer\"><\/div>\n\n\n\n<h5 class=\"wp-block-heading\">Spezifikationen<\/h5>\n\n\n\n<figure class=\"wp-block-table\"><table class=\"has-fixed-layout\"><tbody><tr><td>Spannung<\/td><td>24VDC<\/td><\/tr><tr><td>Abmessungen<\/td><td>90 x 212 x 58mm<\/td><\/tr><tr><td>Montage<\/td><td>DDIN-Schienenmontage<\/td><\/tr><tr><td>Sicherheitseinstufung<\/td><td>Dual channel, PL\u2019d\u2019<\/td><\/tr><\/tbody><\/table><\/figure>\n","protected":false},"excerpt":{"rendered":"<h6>Universal-T\u00fcr-Controller<\/h6>\n<p>Storm ist mit allen Lasermet T\u00fcren kompatibel, von Standardt\u00fcren bis hin zu T\u00fcren f\u00fcr den industriellen Einsatz &#8211; Falcon Roll-up Door und G-autodoor Guillotine Door. Der Storm Door Controller kann leicht in das Lasermet Laser Interlock System oder \u00fcber externe Controller integriert werden.<\/p>\n<ul>\n<li>Kompatibel mit allen T\u00fcren<\/li>\n<li>Einfache Integration in Verriegelungssysteme und Zugangskontrollsysteme<\/li>\n<li>PL&#8217;d&#8216;-gepr\u00fcft f\u00fcr Sicherheit<\/li>\n<li>Anpassbare Optionen f\u00fcr jede Anwendung<\/li>\n<li>Montage auf DIN-Schiene<\/li>\n<\/ul>\n","protected":false},"featured_media":8562,"comment_status":"closed","ping_status":"closed","template":"","meta":{"_acf_changed":false,"_kad_blocks_custom_css":"","_kad_blocks_head_custom_js":"","_kad_blocks_body_custom_js":"","_kad_blocks_footer_custom_js":"","_EventAllDay":false,"_EventTimezone":"","_EventStartDate":"","_EventEndDate":"","_EventStartDateUTC":"","_EventEndDateUTC":"","_EventShowMap":false,"_EventShowMapLink":false,"_EventURL":"","_EventCost":"","_EventCostDescription":"","_EventCurrencySymbol":"","_EventCurrencyCode":"","_EventCurrencyPosition":"","_EventDateTimeSeparator":"","_EventTimeRangeSeparator":"","_EventOrganizerID":[],"_EventVenueID":[],"_OrganizerEmail":"","_OrganizerPhone":"","_OrganizerWebsite":"","_VenueAddress":"","_VenueCity":"","_VenueCountry":"","_VenueProvince":"","_VenueState":"","_VenueZip":"","_VenuePhone":"","_VenueURL":"","_VenueStateProvince":"","_VenueLat":"","_VenueLng":"","_VenueShowMap":false,"_VenueShowMapLink":false,"_kadence_starter_templates_imported_post":false,"_kad_post_transparent":"","_kad_post_title":"","_kad_post_layout":"","_kad_post_sidebar_id":"","_kad_post_content_style":"","_kad_post_vertical_padding":"","_kad_post_feature":"","_kad_post_feature_position":"","_kad_post_header":false,"_kad_post_footer":false,"_kad_post_classname":""},"product_brand":[],"product_cat":[38],"product_tag":[33,35,37],"class_list":{"0":"post-8431","1":"product","2":"type-product","3":"status-publish","4":"has-post-thumbnail","6":"product_cat-industrietor","7":"product_tag-aerospace","8":"product_tag-automobilindustrie","9":"product_tag-industriell","11":"first","12":"instock","13":"shipping-taxable","14":"product-type-simple","15":"entry","16":"content-bg","17":"loop-entry"},"acf":[],"taxonomy_info":{"product_cat":[{"value":38,"label":"Industrietor"}],"product_tag":[{"value":33,"label":"Aerospace"},{"value":35,"label":"Automobilindustrie"},{"value":37,"label":"Industriell"}]},"featured_image_src_large":["https:\/\/www.lasermet.com\/de\/wp-content\/uploads\/sites\/3\/2024\/08\/Storm-Door-Controller-with-USB-500x500-1.png",500,500,false],"author_info":[],"comment_info":0,"_links":{"self":[{"href":"https:\/\/www.lasermet.com\/de\/wp-json\/wp\/v2\/product\/8431","targetHints":{"allow":["GET"]}}],"collection":[{"href":"https:\/\/www.lasermet.com\/de\/wp-json\/wp\/v2\/product"}],"about":[{"href":"https:\/\/www.lasermet.com\/de\/wp-json\/wp\/v2\/types\/product"}],"replies":[{"embeddable":true,"href":"https:\/\/www.lasermet.com\/de\/wp-json\/wp\/v2\/comments?post=8431"}],"wp:featuredmedia":[{"embeddable":true,"href":"https:\/\/www.lasermet.com\/de\/wp-json\/wp\/v2\/media\/8562"}],"wp:attachment":[{"href":"https:\/\/www.lasermet.com\/de\/wp-json\/wp\/v2\/media?parent=8431"}],"wp:term":[{"taxonomy":"product_brand","embeddable":true,"href":"https:\/\/www.lasermet.com\/de\/wp-json\/wp\/v2\/product_brand?post=8431"},{"taxonomy":"product_cat","embeddable":true,"href":"https:\/\/www.lasermet.com\/de\/wp-json\/wp\/v2\/product_cat?post=8431"},{"taxonomy":"product_tag","embeddable":true,"href":"https:\/\/www.lasermet.com\/de\/wp-json\/wp\/v2\/product_tag?post=8431"}],"curies":[{"name":"wp","href":"https:\/\/api.w.org\/{rel}","templated":true}]}}