{"id":8416,"date":"2024-07-04T07:15:42","date_gmt":"2024-07-04T07:15:42","guid":{"rendered":"https:\/\/www.lasermetgmbh.de\/?post_type=product&amp;p=8416"},"modified":"2024-07-04T07:15:42","modified_gmt":"2024-07-04T07:15:42","slug":"ics-lldc-light-lock-door-controller","status":"publish","type":"product","link":"https:\/\/www.lasermet.com\/de\/laserschutzprodukte\/ics-lldc-light-lock-door-controller\/","title":{"rendered":"ICS-LLDC Light Lock Door Controller"},"content":{"rendered":"\n<p>Das ICS-LLDC ist ein spezielles Produkt, das das gleichzeitige \u00d6ffnen von Innen- und Au\u00dfenlichtschrankt\u00fcren verhindern soll. Es erf\u00fcllt den kritischen Bedarf an verbesserter Sicherheit und Kontrolle in kontrollierten Umgebungen, indem es sicherstellt, dass beide T\u00fcren nicht gleichzeitig ge\u00f6ffnet werden k\u00f6nnen. Dieses Produkt bietet nicht nur eine zus\u00e4tzliche Sicherheitsebene, sondern rationalisiert auch den Betrieb von Schleusensystemen, minimiert das Risiko eines unbefugten Zugangs und bewahrt die Integrit\u00e4t von kontrollierten Umgebungen.<\/p>\n\n\n\n<p>Das vielseitige ICS-LLDC kann mit dem ICS Interlock Controller verbunden und an bis zu zwei (innere und \u00e4u\u00dfere) Lichtschleusen angeschlossen werden. IS-MDC-12, ICS-KP-23 und ein Druckknopf sind in jeder Light Lock Doors enthalten. Die Lichtschleusent\u00fcren dienen als Eingang und die Magnetschl\u00f6sser als Ausgang des Systems.<\/p>\n\n\n\n<p>Allgemeine Spezifikationen, die Lichtschleusent\u00fcr-Controller enthalten, um das gleichzeitige \u00d6ffnen von internen und externen Lichtschleusent\u00fcren zu verhindern:<\/p>\n\n\n\n<h6 class=\"wp-block-heading\">Verriegelungsmechanismus:<\/h6>\n\n\n\n<p>Integriertes Verriegelungssystem, um sicherzustellen, dass die Innen- und Au\u00dfent\u00fcren nicht gleichzeitig ge\u00f6ffnet werden k\u00f6nnen.<\/p>\n\n\n\n<h6 class=\"wp-block-heading\">Ann\u00e4herungssensoren:<\/h6>\n\n\n\n<p>Ausgestattet mit N\u00e4herungssensoren, die die Anwesenheit von Personen oder Gegenst\u00e4nden in der N\u00e4he der T\u00fcren erkennen.<\/p>\n\n\n\n<h6 class=\"wp-block-heading\">Integration der Zugangskontrolle:<\/h6>\n\n\n\n<p>Kompatibel mit Zugangskontrollsystemen zur Verwaltung und Beschr\u00e4nkung des Zutritts auf der Grundlage von Berechtigungen.<\/p>\n\n\n\n<h6 class=\"wp-block-heading\">Sicherheitsalarme:<\/h6>\n\n\n\n<p>Integration von Sicherheitsalarmen oder -warnungen zur Benachrichtigung \u00fcber unbefugte Versuche oder Unregelm\u00e4\u00dfigkeiten.<\/p>\n\n\n\n<h6 class=\"wp-block-heading\">Not\u00fcberbr\u00fcckung:<\/h6>\n\n\n\n<p>Vorkehrungen f\u00fcr Notfall\u00fcberbr\u00fcckungsmechanismen, um die Sicherheit in Notf\u00e4llen zu gew\u00e4hrleisten.<\/p>\n\n\n\n<h6 class=\"wp-block-heading\">Status-Anzeigen:<\/h6>\n\n\n\n<p>LED-Anzeigen oder Displays, die in Echtzeit \u00fcber die Position der T\u00fcren informieren.<\/p>\n\n\n\n<h6 class=\"wp-block-heading\">DIN-Schienen-Montage:<\/h6>\n\n\n\n<p>Konzipiert f\u00fcr die Montage auf DIN-Schienen, was eine bequeme Installation in Schalttafeln oder Schaltschr\u00e4nken erm\u00f6glicht.<\/p>\n","protected":false},"excerpt":{"rendered":"<h6>ICS-LLDC ist ein Verriegelungssystem f\u00fcr den sequenziellen Betrieb von Lichtschleusen, das eine Vielzahl fortschrittlicher Funktionen umfasst, darunter:<\/h6>\n<ul>\n<li>Ann\u00e4herungssensoren zur Erkennung der Anwesenheit von Personen in der N\u00e4he der T\u00fcren<\/li>\n<li>Sicherheitsalarme, die jeden unbefugten Versuch im System melden<\/li>\n<li>DIN-Schienen-Montage<\/li>\n<li>LED-Anzeigen liefern den Echtzeit-Status der T\u00fcren.<\/li>\n<\/ul>\n","protected":false},"featured_media":8417,"comment_status":"closed","ping_status":"closed","template":"","meta":{"_acf_changed":false,"_kad_blocks_custom_css":"","_kad_blocks_head_custom_js":"","_kad_blocks_body_custom_js":"","_kad_blocks_footer_custom_js":"","_EventAllDay":false,"_EventTimezone":"","_EventStartDate":"","_EventEndDate":"","_EventStartDateUTC":"","_EventEndDateUTC":"","_EventShowMap":false,"_EventShowMapLink":false,"_EventURL":"","_EventCost":"","_EventCostDescription":"","_EventCurrencySymbol":"","_EventCurrencyCode":"","_EventCurrencyPosition":"","_EventDateTimeSeparator":"","_EventTimeRangeSeparator":"","_EventOrganizerID":[],"_EventVenueID":[],"_OrganizerEmail":"","_OrganizerPhone":"","_OrganizerWebsite":"","_VenueAddress":"","_VenueCity":"","_VenueCountry":"","_VenueProvince":"","_VenueState":"","_VenueZip":"","_VenuePhone":"","_VenueURL":"","_VenueStateProvince":"","_VenueLat":"","_VenueLng":"","_VenueShowMap":false,"_VenueShowMapLink":false,"_kadence_starter_templates_imported_post":false,"_kad_post_transparent":"","_kad_post_title":"","_kad_post_layout":"","_kad_post_sidebar_id":"","_kad_post_content_style":"","_kad_post_vertical_padding":"","_kad_post_feature":"","_kad_post_feature_position":"","_kad_post_header":false,"_kad_post_footer":false,"_kad_post_classname":""},"product_brand":[],"product_cat":[40],"product_tag":[33,35,36,37,48],"class_list":{"0":"post-8416","1":"product","2":"type-product","3":"status-publish","4":"has-post-thumbnail","6":"product_cat-interlock-kontrollsystem","7":"product_tag-aerospace","8":"product_tag-automobilindustrie","9":"product_tag-forschung","10":"product_tag-industriell","11":"product_tag-medizinische","13":"first","14":"instock","15":"shipping-taxable","16":"product-type-simple","17":"entry","18":"content-bg","19":"loop-entry"},"acf":[],"taxonomy_info":{"product_cat":[{"value":40,"label":"Interlock-Kontrollsystem"}],"product_tag":[{"value":33,"label":"Aerospace"},{"value":35,"label":"Automobilindustrie"},{"value":36,"label":"Forschung und Entwicklung"},{"value":37,"label":"Industriell"},{"value":48,"label":"Medizinische"}]},"featured_image_src_large":["https:\/\/www.lasermet.com\/de\/wp-content\/uploads\/sites\/3\/2024\/07\/LLDC_Web.png",500,500,false],"author_info":[],"comment_info":0,"_links":{"self":[{"href":"https:\/\/www.lasermet.com\/de\/wp-json\/wp\/v2\/product\/8416","targetHints":{"allow":["GET"]}}],"collection":[{"href":"https:\/\/www.lasermet.com\/de\/wp-json\/wp\/v2\/product"}],"about":[{"href":"https:\/\/www.lasermet.com\/de\/wp-json\/wp\/v2\/types\/product"}],"replies":[{"embeddable":true,"href":"https:\/\/www.lasermet.com\/de\/wp-json\/wp\/v2\/comments?post=8416"}],"wp:featuredmedia":[{"embeddable":true,"href":"https:\/\/www.lasermet.com\/de\/wp-json\/wp\/v2\/media\/8417"}],"wp:attachment":[{"href":"https:\/\/www.lasermet.com\/de\/wp-json\/wp\/v2\/media?parent=8416"}],"wp:term":[{"taxonomy":"product_brand","embeddable":true,"href":"https:\/\/www.lasermet.com\/de\/wp-json\/wp\/v2\/product_brand?post=8416"},{"taxonomy":"product_cat","embeddable":true,"href":"https:\/\/www.lasermet.com\/de\/wp-json\/wp\/v2\/product_cat?post=8416"},{"taxonomy":"product_tag","embeddable":true,"href":"https:\/\/www.lasermet.com\/de\/wp-json\/wp\/v2\/product_tag?post=8416"}],"curies":[{"name":"wp","href":"https:\/\/api.w.org\/{rel}","templated":true}]}}