{"id":8410,"date":"2024-07-03T08:00:17","date_gmt":"2024-07-03T08:00:17","guid":{"rendered":"https:\/\/www.lasermetgmbh.de\/?post_type=product&amp;p=8410"},"modified":"2024-07-03T08:00:17","modified_gmt":"2024-07-03T08:00:17","slug":"wellenlaengenindikator-fuer-brillen","status":"publish","type":"product","link":"https:\/\/www.lasermet.com\/de\/laserschutzprodukte\/wellenlaengenindikator-fuer-brillen\/","title":{"rendered":"Wellenl\u00e4ngenindikator f\u00fcr Brillen"},"content":{"rendered":"\n<p>Der Wavelength Indicator For Eyewear (oder W.I.F.E.) wurde von Lasermet speziell zur Anzeige der Wellenl\u00e4nge jedes im Labor oder Laserraum verwendeten Lasers entwickelt. Er \u00fcberwacht jeden Shutter und l\u00e4sst die entsprechende LED auf dem Display aufleuchten, je nachdem, welcher Shutter ge\u00f6ffnet ist.<\/p>\n\n\n\n<div style=\"height:10px\" aria-hidden=\"true\" class=\"wp-block-spacer\"><\/div>\n\n\n\n<p>Das Ger\u00e4t ist so positioniert, dass das Personal vor dem Betreten des Raums die richtige Laserschutzbrille ausw\u00e4hlen kann (angezeigt durch die entsprechende leuchtende LED).<\/p>\n\n\n<div class=\"wp-block-image\">\n<figure class=\"aligncenter size-full is-resized\"><img loading=\"lazy\" decoding=\"async\" width=\"759\" height=\"441\" src=\"https:\/\/www.lasermetgmbh.de\/wp-content\/uploads\/2024\/07\/Wavelength-Indicator-diagram-1.jpg\" alt=\"\" class=\"wp-image-8411\" style=\"width:576px;height:auto\" srcset=\"https:\/\/www.lasermet.com\/de\/wp-content\/uploads\/sites\/3\/2024\/07\/Wavelength-Indicator-diagram-1.jpg 759w, https:\/\/www.lasermet.com\/de\/wp-content\/uploads\/sites\/3\/2024\/07\/Wavelength-Indicator-diagram-1-300x174.jpg 300w, https:\/\/www.lasermet.com\/de\/wp-content\/uploads\/sites\/3\/2024\/07\/Wavelength-Indicator-diagram-1-600x349.jpg 600w\" sizes=\"auto, (max-width: 759px) 100vw, 759px\" \/><\/figure>\n<\/div>\n\n\n<div style=\"height:20px\" aria-hidden=\"true\" class=\"wp-block-spacer\"><\/div>\n\n\n\n<p>Die Wellenl\u00e4nge des im Labor verwendeten Lasers wird angezeigt, so dass das Personal beim Betreten des Raums die entsprechende Laserschutzbrille aufsetzen kann.<\/p>\n\n\n<div class=\"wp-block-image\">\n<figure class=\"aligncenter size-full is-resized\"><img loading=\"lazy\" decoding=\"async\" width=\"768\" height=\"365\" src=\"https:\/\/www.lasermetgmbh.de\/wp-content\/uploads\/2024\/07\/Wavelength-Indicator-diagram-2a-768x365-1.jpg\" alt=\"\" class=\"wp-image-8412\" style=\"width:642px;height:auto\" srcset=\"https:\/\/www.lasermet.com\/de\/wp-content\/uploads\/sites\/3\/2024\/07\/Wavelength-Indicator-diagram-2a-768x365-1.jpg 768w, https:\/\/www.lasermet.com\/de\/wp-content\/uploads\/sites\/3\/2024\/07\/Wavelength-Indicator-diagram-2a-768x365-1-300x143.jpg 300w, https:\/\/www.lasermet.com\/de\/wp-content\/uploads\/sites\/3\/2024\/07\/Wavelength-Indicator-diagram-2a-768x365-1-600x285.jpg 600w\" sizes=\"auto, (max-width: 768px) 100vw, 768px\" \/><\/figure>\n<\/div>\n\n\n<div style=\"height:10px\" aria-hidden=\"true\" class=\"wp-block-spacer\"><\/div>\n\n\n\n<p>Das WIFE kann an die jeweiligen Laser-Shutter im Labor angeschlossen werden.<\/p>\n\n\n<div class=\"wp-block-image\">\n<figure class=\"aligncenter size-full is-resized\"><img loading=\"lazy\" decoding=\"async\" width=\"768\" height=\"399\" src=\"https:\/\/www.lasermetgmbh.de\/wp-content\/uploads\/2024\/07\/Wavelength-Indicator-diagram-2b-768x399-1.jpg\" alt=\"\" class=\"wp-image-8413\" style=\"width:637px;height:auto\" srcset=\"https:\/\/www.lasermet.com\/de\/wp-content\/uploads\/sites\/3\/2024\/07\/Wavelength-Indicator-diagram-2b-768x399-1.jpg 768w, https:\/\/www.lasermet.com\/de\/wp-content\/uploads\/sites\/3\/2024\/07\/Wavelength-Indicator-diagram-2b-768x399-1-300x156.jpg 300w, https:\/\/www.lasermet.com\/de\/wp-content\/uploads\/sites\/3\/2024\/07\/Wavelength-Indicator-diagram-2b-768x399-1-600x312.jpg 600w\" sizes=\"auto, (max-width: 768px) 100vw, 768px\" \/><\/figure>\n<\/div>\n\n\n<div style=\"height:20px\" aria-hidden=\"true\" class=\"wp-block-spacer\"><\/div>\n\n\n\n<p>Alternativ kann das WIFE auch \u00fcber den Verteilerkasten angeschlossen werden.<\/p>\n\n\n\n<p>Mit dem WIFE-System soll sichergestellt werden, dass das Personal vor dem Betreten des Raums die richtige Schutzbrille ausw\u00e4hlt, da das Tragen der falschen Schutzbrille eine Gefahr f\u00fcr den Tr\u00e4ger darstellen k\u00f6nnte.<\/p>\n","protected":false},"excerpt":{"rendered":"<h6>LED-WIFE Laser-Wellenl\u00e4ngen-Warnschild<\/h6>\n<p>Das WIFE ist ein automatisches LED-Schild, das anzeigt, welche Laserwellenl\u00e4ngen im Labor verwendet werden, so dass Sie vor dem Betreten des Labors die richtige Laserschutzbrille ausw\u00e4hlen k\u00f6nnen.<\/p>\n","protected":false},"featured_media":8415,"comment_status":"closed","ping_status":"closed","template":"","meta":{"_acf_changed":false,"_kad_blocks_custom_css":"","_kad_blocks_head_custom_js":"","_kad_blocks_body_custom_js":"","_kad_blocks_footer_custom_js":"","_EventAllDay":false,"_EventTimezone":"","_EventStartDate":"","_EventEndDate":"","_EventStartDateUTC":"","_EventEndDateUTC":"","_EventShowMap":false,"_EventShowMapLink":false,"_EventURL":"","_EventCost":"","_EventCostDescription":"","_EventCurrencySymbol":"","_EventCurrencyCode":"","_EventCurrencyPosition":"","_EventDateTimeSeparator":"","_EventTimeRangeSeparator":"","_EventOrganizerID":[],"_EventVenueID":[],"_OrganizerEmail":"","_OrganizerPhone":"","_OrganizerWebsite":"","_VenueAddress":"","_VenueCity":"","_VenueCountry":"","_VenueProvince":"","_VenueState":"","_VenueZip":"","_VenuePhone":"","_VenueURL":"","_VenueStateProvince":"","_VenueLat":"","_VenueLng":"","_VenueShowMap":false,"_VenueShowMapLink":false,"_kadence_starter_templates_imported_post":false,"_kad_post_transparent":"","_kad_post_title":"","_kad_post_layout":"","_kad_post_sidebar_id":"","_kad_post_content_style":"","_kad_post_vertical_padding":"","_kad_post_feature":"","_kad_post_feature_position":"","_kad_post_header":false,"_kad_post_footer":false,"_kad_post_classname":""},"product_brand":[],"product_cat":[41,42],"product_tag":[36,48],"class_list":{"0":"post-8410","1":"product","2":"type-product","3":"status-publish","4":"has-post-thumbnail","6":"product_cat-interlock-zubehoer","7":"product_cat-laser-schutzbrillen","8":"product_tag-forschung","9":"product_tag-medizinische","11":"first","12":"instock","13":"shipping-taxable","14":"product-type-simple","15":"entry","16":"content-bg","17":"loop-entry"},"acf":[],"taxonomy_info":{"product_cat":[{"value":41,"label":"Interlock-Zubeh\u00f6r"},{"value":42,"label":"Laser-Schutzbrillen"}],"product_tag":[{"value":36,"label":"Forschung und Entwicklung"},{"value":48,"label":"Medizinische"}]},"featured_image_src_large":["https:\/\/www.lasermet.com\/de\/wp-content\/uploads\/sites\/3\/2024\/07\/WIFE-1.png",500,500,false],"author_info":[],"comment_info":0,"_links":{"self":[{"href":"https:\/\/www.lasermet.com\/de\/wp-json\/wp\/v2\/product\/8410","targetHints":{"allow":["GET"]}}],"collection":[{"href":"https:\/\/www.lasermet.com\/de\/wp-json\/wp\/v2\/product"}],"about":[{"href":"https:\/\/www.lasermet.com\/de\/wp-json\/wp\/v2\/types\/product"}],"replies":[{"embeddable":true,"href":"https:\/\/www.lasermet.com\/de\/wp-json\/wp\/v2\/comments?post=8410"}],"wp:featuredmedia":[{"embeddable":true,"href":"https:\/\/www.lasermet.com\/de\/wp-json\/wp\/v2\/media\/8415"}],"wp:attachment":[{"href":"https:\/\/www.lasermet.com\/de\/wp-json\/wp\/v2\/media?parent=8410"}],"wp:term":[{"taxonomy":"product_brand","embeddable":true,"href":"https:\/\/www.lasermet.com\/de\/wp-json\/wp\/v2\/product_brand?post=8410"},{"taxonomy":"product_cat","embeddable":true,"href":"https:\/\/www.lasermet.com\/de\/wp-json\/wp\/v2\/product_cat?post=8410"},{"taxonomy":"product_tag","embeddable":true,"href":"https:\/\/www.lasermet.com\/de\/wp-json\/wp\/v2\/product_tag?post=8410"}],"curies":[{"name":"wp","href":"https:\/\/api.w.org\/{rel}","templated":true}]}}