{"id":8403,"date":"2024-07-03T07:11:39","date_gmt":"2024-07-03T07:11:39","guid":{"rendered":"https:\/\/www.lasermetgmbh.de\/?post_type=product&amp;p=8403"},"modified":"2024-07-03T07:11:39","modified_gmt":"2024-07-03T07:11:39","slug":"brillen-fuer-kosmetische-laser-und-ipl","status":"publish","type":"product","link":"https:\/\/www.lasermet.com\/de\/laserschutzprodukte\/brillen-fuer-kosmetische-laser-und-ipl\/","title":{"rendered":"Brillen f\u00fcr kosmetische Laser und IPL"},"content":{"rendered":"\n<h5 class=\"wp-block-heading\">Beschreibung<\/h5>\n\n\n\n<p>Brillen f\u00fcr Patienten, die sich einer Laser- oder Intense Pulsed Light-Behandlung unterziehen, sind so konzipiert, dass sie die Augen des Patienten sch\u00fctzen und gleichzeitig einen maximalen Zugang zum Gesicht des Patienten erm\u00f6glichen. Dies ist besonders wichtig f\u00fcr kosmetische Eingriffe im Gesicht.<\/p>\n\n\n\n<div style=\"height:40px\" aria-hidden=\"true\" class=\"wp-block-spacer\"><\/div>\n\n\n\n<h6 class=\"wp-block-heading\">IPL SCHATTIERUNG 3 &amp; SCHATTIERUNG 5<\/h6>\n\n\n\n<p>Je h\u00f6her die Farbnummer, desto gr\u00f6\u00dfer der Schutz und desto geringer die Sichtbarkeit. Wir empfehlen die Schutzbrille der Stufe 3 f\u00fcr den Arzt\/Bediener und die Schutzbrille der Stufe 5 f\u00fcr den Patienten. F\u00fcr Behandlungen, die im oder in der N\u00e4he des Gesichts durchgef\u00fchrt werden, sollten jedoch andere Patientenbrillen verwendet werden. Bei Lasermet sind verschiedene Brillenmodelle erh\u00e4ltlich.<\/p>\n\n\n\n<div style=\"height:40px\" aria-hidden=\"true\" class=\"wp-block-spacer\"><\/div>\n\n\n\n<h5 class=\"wp-block-heading\">Augapfel-Schutzbrillen<\/h5>\n\n\n\n<p>Die Eyeball Protector-Brille ist f\u00fcr alle Lasertypen geeignet und blockiert das gesamte Licht.<\/p>\n\n\n\n<p>Dieser Patienten-Augenschutz ist f\u00fcr alle Wellenl\u00e4ngen geeignet und enth\u00e4lt keine Metallteile. Er bietet den erforderlichen sehr hohen Schutz vor Laserstrahlung, insbesondere im UV-, sichtbaren, nahen Infrarot- und Infrarotbereich. Er ist ideal f\u00fcr die Laserbehandlung im Gesicht und erm\u00f6glicht einen guten Zugang zur Stirn, zur Nase und zum Schl\u00e4fenbereich. Es ist bequem und komfortabel zu tragen, da das verstellbare Band einen sicheren und druckfreien Sitz gew\u00e4hrleistet.<\/p>\n\n\n\n<p>Der aus Aluminium gefertigte Laser-Augenschutz ist mit einem verstellbaren, gebogenen Aluminiumstab verbunden, der einen guten Zugang zum Gesicht erm\u00f6glicht. Geeignet f\u00fcr alle Arten von Lasern.<\/p>\n\n\n\n<div style=\"height:20px\" aria-hidden=\"true\" class=\"wp-block-spacer\"><\/div>\n\n\n\n<figure class=\"wp-block-table is-style-regular\"><table class=\"has-fixed-layout\"><tbody><tr><td><strong>Bestellm\u00f6glichkeiten<\/strong><\/td><td><strong>EN 207 Markierungen<\/strong><\/td><\/tr><tr><td>LV-EBP<\/td><td>180 \u2013 315 D L10, R L5<br>315 \u2013 1400 D L6, IR L8<br>1400 \u2013 10600 DR L4, I L5<\/td><\/tr><\/tbody><\/table><\/figure>\n\n\n\n<div style=\"height:40px\" aria-hidden=\"true\" class=\"wp-block-spacer\"><\/div>\n\n\n\n<h5 class=\"wp-block-heading\">Augenkappen<\/h5>\n\n\n\n<p>Die Eyecaps sind aus rostfreiem Stahl und passen unter das Augenlid, so dass eine vollst\u00e4ndige Behandlung des Gesichts m\u00f6glich ist. Die IPL Aid sind Einweg-Augenschutzkappen f\u00fcr eine einzelne Behandlung. Beide sind f\u00fcr alle Arten von IPL-Systemen geeignet (nicht f\u00fcr Laser, da sie nicht nach EN 207 gepr\u00fcft sind). Transparente Patientenbrillen sch\u00fctzen den Patienten vor bestimmten Lasern und erm\u00f6glichen ihm gleichzeitig das Sehen.<\/p>\n\n\n\n<p>Die Augenkappen sind in verschiedenen Gr\u00f6\u00dfen erh\u00e4ltlich (siehe unten). Da sie nicht nach EN 207 gepr\u00fcft sind, eignen sie sich eher f\u00fcr IPL-Anwendungen als f\u00fcr Laser.<\/p>\n\n\n\n<div style=\"height:20px\" aria-hidden=\"true\" class=\"wp-block-spacer\"><\/div>\n\n\n\n<figure class=\"wp-block-table\"><table><tbody><tr><td><strong>Gr\u00f6\u00dfe<\/strong><\/td><td><strong>Bestelloptionen<br>(Paar Augenkappen mit Saugnapf)<\/strong><\/td><\/tr><tr><td>Sehr klein (22 mm)<\/td><td><br>LV-EC-VS<\/td><\/tr><tr><td>Klein (24 mm)<\/td><td>LV-EC-S<\/td><\/tr><tr><td>Mittel (25,5 mm)<\/td><td>LV-EC-M<\/td><\/tr><tr><td>Gro\u00df (26,5 mm)<\/td><td>LV-EC-L<\/td><\/tr><\/tbody><\/table><\/figure>\n","protected":false},"excerpt":{"rendered":"<h6>Laser-Schutzbrillen<\/h6>\n<p>IPL-Systeme (Intense Pulsed Light), die h\u00e4ufig f\u00fcr kosmetische Anwendungen wie Haarentfernung und Hauterneuerung eingesetzt werden, stellen eine Gefahr f\u00fcr die Augen von Anwendern und Patienten gleicherma\u00dfen dar. Wir bieten eine Reihe von Optionen an, die Schutz bei minimaler Behinderung der Verfahren bieten.<\/p>\n<ul>\n<li>CE-gekennzeichnet<\/li>\n<li>Entspricht der europ\u00e4ischen PSA-Richtlinie gem\u00e4\u00df der Norm EN 207<\/li>\n<\/ul>\n","protected":false},"featured_media":8409,"comment_status":"closed","ping_status":"closed","template":"","meta":{"_acf_changed":false,"_kad_blocks_custom_css":"","_kad_blocks_head_custom_js":"","_kad_blocks_body_custom_js":"","_kad_blocks_footer_custom_js":"","_EventAllDay":false,"_EventTimezone":"","_EventStartDate":"","_EventEndDate":"","_EventStartDateUTC":"","_EventEndDateUTC":"","_EventShowMap":false,"_EventShowMapLink":false,"_EventURL":"","_EventCost":"","_EventCostDescription":"","_EventCurrencySymbol":"","_EventCurrencyCode":"","_EventCurrencyPosition":"","_EventDateTimeSeparator":"","_EventTimeRangeSeparator":"","_EventOrganizerID":[],"_EventVenueID":[],"_OrganizerEmail":"","_OrganizerPhone":"","_OrganizerWebsite":"","_VenueAddress":"","_VenueCity":"","_VenueCountry":"","_VenueProvince":"","_VenueState":"","_VenueZip":"","_VenuePhone":"","_VenueURL":"","_VenueStateProvince":"","_VenueLat":"","_VenueLng":"","_VenueShowMap":false,"_VenueShowMapLink":false,"_kadence_starter_templates_imported_post":false,"_kad_post_transparent":"","_kad_post_title":"","_kad_post_layout":"","_kad_post_sidebar_id":"","_kad_post_content_style":"","_kad_post_vertical_padding":"","_kad_post_feature":"","_kad_post_feature_position":"","_kad_post_header":false,"_kad_post_footer":false,"_kad_post_classname":""},"product_brand":[],"product_cat":[42],"product_tag":[48],"class_list":{"0":"post-8403","1":"product","2":"type-product","3":"status-publish","4":"has-post-thumbnail","6":"product_cat-laser-schutzbrillen","7":"product_tag-medizinische","9":"first","10":"instock","11":"shipping-taxable","12":"product-type-simple","13":"entry","14":"content-bg","15":"loop-entry"},"acf":[],"taxonomy_info":{"product_cat":[{"value":42,"label":"Laser-Schutzbrillen"}],"product_tag":[{"value":48,"label":"Medizinische"}]},"featured_image_src_large":["https:\/\/www.lasermet.com\/de\/wp-content\/uploads\/sites\/3\/2024\/07\/cosmetic.png",500,500,false],"author_info":[],"comment_info":0,"_links":{"self":[{"href":"https:\/\/www.lasermet.com\/de\/wp-json\/wp\/v2\/product\/8403","targetHints":{"allow":["GET"]}}],"collection":[{"href":"https:\/\/www.lasermet.com\/de\/wp-json\/wp\/v2\/product"}],"about":[{"href":"https:\/\/www.lasermet.com\/de\/wp-json\/wp\/v2\/types\/product"}],"replies":[{"embeddable":true,"href":"https:\/\/www.lasermet.com\/de\/wp-json\/wp\/v2\/comments?post=8403"}],"wp:featuredmedia":[{"embeddable":true,"href":"https:\/\/www.lasermet.com\/de\/wp-json\/wp\/v2\/media\/8409"}],"wp:attachment":[{"href":"https:\/\/www.lasermet.com\/de\/wp-json\/wp\/v2\/media?parent=8403"}],"wp:term":[{"taxonomy":"product_brand","embeddable":true,"href":"https:\/\/www.lasermet.com\/de\/wp-json\/wp\/v2\/product_brand?post=8403"},{"taxonomy":"product_cat","embeddable":true,"href":"https:\/\/www.lasermet.com\/de\/wp-json\/wp\/v2\/product_cat?post=8403"},{"taxonomy":"product_tag","embeddable":true,"href":"https:\/\/www.lasermet.com\/de\/wp-json\/wp\/v2\/product_tag?post=8403"}],"curies":[{"name":"wp","href":"https:\/\/api.w.org\/{rel}","templated":true}]}}