{"id":8398,"date":"2024-07-03T06:37:03","date_gmt":"2024-07-03T06:37:03","guid":{"rendered":"https:\/\/www.lasermetgmbh.de\/?post_type=product&#038;p=8398"},"modified":"2025-07-30T05:16:00","modified_gmt":"2025-07-30T05:16:00","slug":"laserschutzbrillen-aus-polycarbonat","status":"publish","type":"product","link":"https:\/\/www.lasermet.com\/de\/laserschutzprodukte\/laserschutzbrillen-aus-polycarbonat\/","title":{"rendered":"Laserschutzbrillen aus Polycarbonat"},"content":{"rendered":"\n<figure class=\"wp-block-table\"><table class=\"has-fixed-layout\"><tbody><tr><td class=\"has-text-align-center\" data-align=\"center\">LASERTYP<\/td><td class=\"has-text-align-center\" data-align=\"center\">FASSUNGSTYP \/ BESTELLCODE<\/td><td class=\"has-text-align-center\" data-align=\"center\">WELLENL\u00c4NGENBEREICH(E) (NM)<\/td><td class=\"has-text-align-center\" data-align=\"center\">OPTISCHE DICHTE<\/td><td class=\"has-text-align-center\" data-align=\"center\">DURCHL\u00c4SSIGKEIT F\u00dcR SICHTBARES LICHT (%)<\/td><\/tr><tr><td class=\"has-text-align-center\" data-align=\"center\">F\u00e4rben<\/td><td class=\"has-text-align-center\" data-align=\"center\">LM-A-30,<br>LM-B-30<\/td><td class=\"has-text-align-center\" data-align=\"center\">180 \u2013 315<br>315 \u2013 395<br>575 \u2013 600<br>582 \u2013 598<br>585 \u2013 595<\/td><td class=\"has-text-align-center\" data-align=\"center\">5<br>5<br>6<br>5<br>7<\/td><td class=\"has-text-align-center\" data-align=\"center\">14%<br>Lila<\/td><\/tr><tr><td class=\"has-text-align-center\" data-align=\"center\">Rot Ausrichten<\/td><td class=\"has-text-align-center\" data-align=\"center\">LM-A-25,<br>LM-B-25<\/td><td class=\"has-text-align-center\" data-align=\"center\">180 \u2013 315<br>315 \u2013 395<br>605 \u2013 675<br>676 \u2013 695<br>696 \u2013 700<\/td><td class=\"has-text-align-center\" data-align=\"center\">5<br>0<br>0<br>1<br>1<\/td><td class=\"has-text-align-center\" data-align=\"center\">38%<br>Smaragdgr\u00fcn<\/td><\/tr><tr><td class=\"has-text-align-center\" data-align=\"center\">HeNe, Rubin, Rote Diode<\/td><td class=\"has-text-align-center\" data-align=\"center\">LM-A-20,<br>LM-B-20<\/td><td class=\"has-text-align-center\" data-align=\"center\">180 \u2013 315<br>315 \u2013 400<br>615 \u2013 660<br>660 \u2013 665<br>665 \u2013 715<br>694 \u2013 694<\/td><td class=\"has-text-align-center\" data-align=\"center\">6<br>6<br>3<br>4<br>5<br>7<\/td><td class=\"has-text-align-center\" data-align=\"center\">34%<br>Hellblau<\/td><\/tr><tr><td class=\"has-text-align-center\" data-align=\"center\">Rubin\/ Diode<\/td><td class=\"has-text-align-center\" data-align=\"center\">LM-A-4,<br>LM-B-4<\/td><td class=\"has-text-align-center\" data-align=\"center\">676 \u2013 842<br>680 \u2013 710<br>710 \u2013 835<\/td><td class=\"has-text-align-center\" data-align=\"center\">5<br>6<br>6<\/td><td class=\"has-text-align-center\" data-align=\"center\">17%<br>Blau\/Gr\u00fcn<\/td><\/tr><tr><td class=\"has-text-align-center\" data-align=\"center\">Therapie-Laser<\/td><td class=\"has-text-align-center\" data-align=\"center\">LM-A-50,<br>LM-B-50,<br>LM-C-50<\/td><td class=\"has-text-align-center\" data-align=\"center\">610 \u2013 664<br>665 \u2013 670<br>670 \u2013 690<br>690 \u2013 698<br>735 \u2013 789<br>790 \u2013 808<br>808 \u2013 1050<br>1050 \u2013 1080<\/td><td class=\"has-text-align-center\" data-align=\"center\">1<br>2<br>3<br>2<br>1<br>2<br>3<br>2<\/td><td class=\"has-text-align-center\" data-align=\"center\">35%<br>Gr\u00fcn<\/td><\/tr><tr><td class=\"has-text-align-center\" data-align=\"center\">Alexandrit \/ Diode<\/td><td class=\"has-text-align-center\" data-align=\"center\">LM-A-3,<br>LM-B-3<\/td><td class=\"has-text-align-center\" data-align=\"center\">720 \u2013 830<br>720 \u2013 840<br>830 \u2013 840<\/td><td class=\"has-text-align-center\" data-align=\"center\">7<br>7<br>6<\/td><td class=\"has-text-align-center\" data-align=\"center\">21%<br>Rosa<\/td><\/tr><tr><td class=\"has-text-align-center\" data-align=\"center\">Breitband-YAG<\/td><td class=\"has-text-align-center\" data-align=\"center\">LM-A-12,<br>LM-B-12,<br>LM-C-12<\/td><td class=\"has-text-align-center\" data-align=\"center\">1064 \u2013 1075<br>180 \u2013 315<br>315 \u2013 400<br>720 \u2013 725<br>720 \u2013 750<br>725 \u2013 1075<br>750 \u2013 1064<\/td><td class=\"has-text-align-center\" data-align=\"center\">5<br>6<br>5<br>5<br>5<br>5<br>7<\/td><td class=\"has-text-align-center\" data-align=\"center\">25%<br>Hellbraun<\/td><\/tr><tr><td class=\"has-text-align-center\" data-align=\"center\">Nd: YAG<\/td><td class=\"has-text-align-center\" data-align=\"center\">LM-A-11,<br>LM-B-11,<br>LM-C-11<\/td><td class=\"has-text-align-center\" data-align=\"center\">808 \u2013 840<br>840 \u2013 950<br>950 \u2013 1080<br>1080 \u2013 1090<\/td><td class=\"has-text-align-center\" data-align=\"center\">4<br>5<br>7<br>5<\/td><td class=\"has-text-align-center\" data-align=\"center\">59%<br>Hellgr\u00fcn<\/td><\/tr><tr><td class=\"has-text-align-center\" data-align=\"center\">YAG-Harmonische<\/td><td class=\"has-text-align-center\" data-align=\"center\">LM-A-6,<br>LM-B-6,<br>LM-C-6<\/td><td class=\"has-text-align-center\" data-align=\"center\">180 \u2013 315<br>315 \u2013 534<br>850 \u2013 925<br>925 \u2013 980<br>980 \u2013 1064<br>1064 \u2013 1085<\/td><td class=\"has-text-align-center\" data-align=\"center\">7<br>7<br>5<br>6<br>7<br>4<\/td><td class=\"has-text-align-center\" data-align=\"center\">16% <br>Braun<\/td><\/tr><tr><td class=\"has-text-align-center\" data-align=\"center\">YAG-Harmonik &amp; Diode<\/td><td class=\"has-text-align-center\" data-align=\"center\">LM-A-14,<br>LM-B-14,<br>LM-C-14<\/td><td class=\"has-text-align-center\" data-align=\"center\">180 \u2013 315<br>315 \u2013 534<br>730 \u2013 740<br>740 \u2013 1070<\/td><td class=\"has-text-align-center\" data-align=\"center\">7<br>7<br>6<br>7<\/td><td class=\"has-text-align-center\" data-align=\"center\">11%<br>Braun<\/td><\/tr><tr><td class=\"has-text-align-center\" data-align=\"center\">Telekommunikation<\/td><td class=\"has-text-align-center\" data-align=\"center\">LM-A-40,<br>LM-B-40<\/td><td class=\"has-text-align-center\" data-align=\"center\">180 \u2013 315<br>315 \u2013 400<br>770 \u2013 820<br>820 \u2013 865<br>865 \u2013 940<br>940 \u2013 1064<br>1064 \u2013 1400<br>1400 \u2013 1850<\/td><td class=\"has-text-align-center\" data-align=\"center\">6<br>6<br>2<br>3<br>4<br>5<br>4<br>2<\/td><td class=\"has-text-align-center\" data-align=\"center\">19%<br>Gr\u00fcn<\/td><\/tr><\/tbody><\/table><\/figure>\n","protected":false},"excerpt":{"rendered":"<h6>LM-Serie von Laserschutzbrillen aus Polycarbonat<\/h6>\n<p>Die LM-Serie der Laserschutzbrillen aus Polycarbonat wurde speziell f\u00fcr Sicherheit entwickelt und bietet zuverl\u00e4ssigen Schutz vor bestimmten Laserwellenl\u00e4ngen, ohne die Sicht oder den Tragekomfort zu beeintr\u00e4chtigen. Diese leichten Brillen bestehen aus strapazierf\u00e4higem Polycarbonat mit optischer Klarheit, erf\u00fcllen internationale Sicherheitsstandards und eignen sich ideal f\u00fcr industrielle, medizinische und Forschungsanwendungen.<\/p>\n<p>Die LM-Serie wurde f\u00fcr l\u00e4ngeres Tragen entwickelt und gew\u00e4hrleistet maximalen Augenschutz bei minimaler Verzerrung, sodass Fachleute in risikoreichen Laserumgebungen sicher arbeiten k\u00f6nnen.<\/p>\n","protected":false},"featured_media":8406,"comment_status":"closed","ping_status":"closed","template":"","meta":{"_acf_changed":false,"_kad_blocks_custom_css":"","_kad_blocks_head_custom_js":"","_kad_blocks_body_custom_js":"","_kad_blocks_footer_custom_js":"","_EventAllDay":false,"_EventTimezone":"","_EventStartDate":"","_EventEndDate":"","_EventStartDateUTC":"","_EventEndDateUTC":"","_EventShowMap":false,"_EventShowMapLink":false,"_EventURL":"","_EventCost":"","_EventCostDescription":"","_EventCurrencySymbol":"","_EventCurrencyCode":"","_EventCurrencyPosition":"","_EventDateTimeSeparator":"","_EventTimeRangeSeparator":"","_EventOrganizerID":[],"_EventVenueID":[],"_OrganizerEmail":"","_OrganizerPhone":"","_OrganizerWebsite":"","_VenueAddress":"","_VenueCity":"","_VenueCountry":"","_VenueProvince":"","_VenueState":"","_VenueZip":"","_VenuePhone":"","_VenueURL":"","_VenueStateProvince":"","_VenueLat":"","_VenueLng":"","_VenueShowMap":false,"_VenueShowMapLink":false,"_kadence_starter_templates_imported_post":false,"_kad_post_transparent":"","_kad_post_title":"","_kad_post_layout":"","_kad_post_sidebar_id":"","_kad_post_content_style":"","_kad_post_vertical_padding":"","_kad_post_feature":"","_kad_post_feature_position":"","_kad_post_header":false,"_kad_post_footer":false,"_kad_post_classname":""},"product_brand":[],"product_cat":[42],"product_tag":[48],"class_list":{"0":"post-8398","1":"product","2":"type-product","3":"status-publish","4":"has-post-thumbnail","6":"product_cat-laser-schutzbrillen","7":"product_tag-medizinische","9":"first","10":"instock","11":"shipping-taxable","12":"product-type-simple","13":"entry","14":"content-bg","15":"loop-entry"},"acf":[],"taxonomy_info":{"product_cat":[{"value":42,"label":"Laser-Schutzbrillen"}],"product_tag":[{"value":48,"label":"Medizinische"}]},"featured_image_src_large":["https:\/\/www.lasermet.com\/de\/wp-content\/uploads\/sites\/3\/2024\/07\/Orange-Web.png",500,500,false],"author_info":[],"comment_info":0,"_links":{"self":[{"href":"https:\/\/www.lasermet.com\/de\/wp-json\/wp\/v2\/product\/8398","targetHints":{"allow":["GET"]}}],"collection":[{"href":"https:\/\/www.lasermet.com\/de\/wp-json\/wp\/v2\/product"}],"about":[{"href":"https:\/\/www.lasermet.com\/de\/wp-json\/wp\/v2\/types\/product"}],"replies":[{"embeddable":true,"href":"https:\/\/www.lasermet.com\/de\/wp-json\/wp\/v2\/comments?post=8398"}],"wp:featuredmedia":[{"embeddable":true,"href":"https:\/\/www.lasermet.com\/de\/wp-json\/wp\/v2\/media\/8406"}],"wp:attachment":[{"href":"https:\/\/www.lasermet.com\/de\/wp-json\/wp\/v2\/media?parent=8398"}],"wp:term":[{"taxonomy":"product_brand","embeddable":true,"href":"https:\/\/www.lasermet.com\/de\/wp-json\/wp\/v2\/product_brand?post=8398"},{"taxonomy":"product_cat","embeddable":true,"href":"https:\/\/www.lasermet.com\/de\/wp-json\/wp\/v2\/product_cat?post=8398"},{"taxonomy":"product_tag","embeddable":true,"href":"https:\/\/www.lasermet.com\/de\/wp-json\/wp\/v2\/product_tag?post=8398"}],"curies":[{"name":"wp","href":"https:\/\/api.w.org\/{rel}","templated":true}]}}