{"id":8396,"date":"2024-07-03T03:53:35","date_gmt":"2024-07-03T03:53:35","guid":{"rendered":"https:\/\/www.lasermetgmbh.de\/?post_type=product&amp;p=8396"},"modified":"2024-07-03T03:53:35","modified_gmt":"2024-07-03T03:53:35","slug":"mulex-fuer-multiroom-labore","status":"publish","type":"product","link":"https:\/\/www.lasermet.com\/de\/laserschutzprodukte\/mulex-fuer-multiroom-labore\/","title":{"rendered":"MULEX f\u00fcr Multiroom-Labore"},"content":{"rendered":"\n<h4 class=\"wp-block-heading\">Beschreibung<\/h4>\n\n\n\n<p>In vielen gro\u00dfen Labors werden Laserschutzvorrichtungen oder Vorh\u00e4nge verwendet, um den Bereich in mehrere kleinere R\u00e4ume zu unterteilen. Das MULEX-System erm\u00f6glicht den Anschluss von bis zu f\u00fcnf lasergesteuerten Bereichen oder Interlock-Controllern und kann zusammen mit anderen Erweiterungskarten f\u00fcr den Interlock-Controller von Lasermet gestapelt werden.<\/p>\n\n\n\n<div style=\"height:40px\" aria-hidden=\"true\" class=\"wp-block-spacer\"><\/div>\n\n\n\n<h4 class=\"wp-block-heading\">Systemfunktionen<\/h4>\n\n\n\n<div style=\"height:20px\" aria-hidden=\"true\" class=\"wp-block-spacer\"><\/div>\n\n\n\n<h6 class=\"wp-block-heading\">Modus &#8222;Labore getrennt<\/h6>\n\n\n\n<p>Wenn die Trennw\u00e4nde geschlossen sind, befindet sich das System im Modus &#8222;Labore getrennt&#8220;. Jeder Bereich wird von einem separaten ICS gesteuert und agiert unabh\u00e4ngig voneinander. Ein Schild zeigt die Meldung &#8222;LABS SEPARATE&#8220; an.<\/p>\n\n\n\n<p>In diesem Modus funktionieren die Labore unabh\u00e4ngig voneinander.<\/p>\n\n\n\n<div style=\"height:20px\" aria-hidden=\"true\" class=\"wp-block-spacer\"><\/div>\n\n\n\n<h6 class=\"wp-block-heading\">Modus &#8222;Verbundene Labore<\/h6>\n\n\n\n<p>Wenn die Trennw\u00e4nde ge\u00f6ffnet sind, \u00fcbernimmt das Haupt-ICS die Kontrolle \u00fcber den gesamten Raum, und das ICS f\u00fcr den Sekund\u00e4rbereich kann nicht aktiviert werden. Die Labore verhalten sich nun wie ein einziger Raum. Ein Schild zeigt die Meldung &#8222;LABS JOINED&#8220; an.<\/p>\n\n\n\n<p>Wenn das MASTER-ICS aktiviert wird, werden automatisch alle SLAVE-ICS aktiviert. Wird eines der ICS deaktiviert, schaltet sich automatisch das gesamte System ab, so dass der Laserbetrieb nicht mehr m\u00f6glich ist.<\/p>\n\n\n\n<p>Befindet sich eines der SLAVE-ICS im Fehlerzustand, zeigt es einen Erweiterungsfehler auf dem MASTER-ICS an, so dass der Benutzer das System nicht aktivieren kann.<\/p>\n\n\n\n<div style=\"height:20px\" aria-hidden=\"true\" class=\"wp-block-spacer\"><\/div>\n\n\n\n<h6 class=\"wp-block-heading\">MULEX-Selektor<\/h6>\n\n\n\n<p>Eine gro\u00dfe Anlage, die mit lasersicheren Trennw\u00e4nden in mehrere kleinere Bereiche aufgeteilt werden kann. Jeder kleinere Bereich hat seine eigene Verriegelungssteuerung, aber wenn er als ein gro\u00dfer Raum konfiguriert wird und die Trennw\u00e4nde mit dem Moduswahlschalter ge\u00f6ffnet sind, wird er von der Hauptverriegelungssteuerung gesteuert.<\/p>\n","protected":false},"excerpt":{"rendered":"<h6>Die MULEX Multi-Room Expansion Card soll die Implementierung und den Betrieb von Schleusensystemen bei der Kombination mehrerer lasergesteuerter Bereiche vereinfachen. MULEX bringt Fortschritte in:<\/h6>\n<ul>\n<li>Raumausnutzung<\/li>\n<li>Raumsicherheit<\/li>\n<li>Einfacher Systemzugang<\/li>\n<li>Kann bis zu f\u00fcnf LCA beherbergen<\/li>\n<\/ul>\n","protected":false},"featured_media":8397,"comment_status":"closed","ping_status":"closed","template":"","meta":{"_acf_changed":false,"_kad_blocks_custom_css":"","_kad_blocks_head_custom_js":"","_kad_blocks_body_custom_js":"","_kad_blocks_footer_custom_js":"","_EventAllDay":false,"_EventTimezone":"","_EventStartDate":"","_EventEndDate":"","_EventStartDateUTC":"","_EventEndDateUTC":"","_EventShowMap":false,"_EventShowMapLink":false,"_EventURL":"","_EventCost":"","_EventCostDescription":"","_EventCurrencySymbol":"","_EventCurrencyCode":"","_EventCurrencyPosition":"","_EventDateTimeSeparator":"","_EventTimeRangeSeparator":"","_EventOrganizerID":[],"_EventVenueID":[],"_OrganizerEmail":"","_OrganizerPhone":"","_OrganizerWebsite":"","_VenueAddress":"","_VenueCity":"","_VenueCountry":"","_VenueProvince":"","_VenueState":"","_VenueZip":"","_VenuePhone":"","_VenueURL":"","_VenueStateProvince":"","_VenueLat":"","_VenueLng":"","_VenueShowMap":false,"_VenueShowMapLink":false,"_kadence_starter_templates_imported_post":false,"_kad_post_transparent":"","_kad_post_title":"","_kad_post_layout":"","_kad_post_sidebar_id":"","_kad_post_content_style":"","_kad_post_vertical_padding":"","_kad_post_feature":"","_kad_post_feature_position":"","_kad_post_header":false,"_kad_post_footer":false,"_kad_post_classname":""},"product_brand":[],"product_cat":[40],"product_tag":[33,35,36,37,48],"class_list":{"0":"post-8396","1":"product","2":"type-product","3":"status-publish","4":"has-post-thumbnail","6":"product_cat-interlock-kontrollsystem","7":"product_tag-aerospace","8":"product_tag-automobilindustrie","9":"product_tag-forschung","10":"product_tag-industriell","11":"product_tag-medizinische","13":"first","14":"instock","15":"shipping-taxable","16":"product-type-simple","17":"entry","18":"content-bg","19":"loop-entry"},"acf":[],"taxonomy_info":{"product_cat":[{"value":40,"label":"Interlock-Kontrollsystem"}],"product_tag":[{"value":33,"label":"Aerospace"},{"value":35,"label":"Automobilindustrie"},{"value":36,"label":"Forschung und Entwicklung"},{"value":37,"label":"Industriell"},{"value":48,"label":"Medizinische"}]},"featured_image_src_large":["https:\/\/www.lasermet.com\/de\/wp-content\/uploads\/sites\/3\/2024\/07\/MULEX-1024x768.png",1024,768,true],"author_info":[],"comment_info":0,"_links":{"self":[{"href":"https:\/\/www.lasermet.com\/de\/wp-json\/wp\/v2\/product\/8396","targetHints":{"allow":["GET"]}}],"collection":[{"href":"https:\/\/www.lasermet.com\/de\/wp-json\/wp\/v2\/product"}],"about":[{"href":"https:\/\/www.lasermet.com\/de\/wp-json\/wp\/v2\/types\/product"}],"replies":[{"embeddable":true,"href":"https:\/\/www.lasermet.com\/de\/wp-json\/wp\/v2\/comments?post=8396"}],"wp:featuredmedia":[{"embeddable":true,"href":"https:\/\/www.lasermet.com\/de\/wp-json\/wp\/v2\/media\/8397"}],"wp:attachment":[{"href":"https:\/\/www.lasermet.com\/de\/wp-json\/wp\/v2\/media?parent=8396"}],"wp:term":[{"taxonomy":"product_brand","embeddable":true,"href":"https:\/\/www.lasermet.com\/de\/wp-json\/wp\/v2\/product_brand?post=8396"},{"taxonomy":"product_cat","embeddable":true,"href":"https:\/\/www.lasermet.com\/de\/wp-json\/wp\/v2\/product_cat?post=8396"},{"taxonomy":"product_tag","embeddable":true,"href":"https:\/\/www.lasermet.com\/de\/wp-json\/wp\/v2\/product_tag?post=8396"}],"curies":[{"name":"wp","href":"https:\/\/api.w.org\/{rel}","templated":true}]}}