{"id":8390,"date":"2024-06-06T07:37:57","date_gmt":"2024-06-06T07:37:57","guid":{"rendered":"https:\/\/www.lasermetgmbh.de\/?post_type=product&amp;p=8390"},"modified":"2024-06-06T07:37:57","modified_gmt":"2024-06-06T07:37:57","slug":"grossflaechige-led-ultra-schilder","status":"publish","type":"product","link":"https:\/\/www.lasermet.com\/de\/laserschutzprodukte\/grossflaechige-led-ultra-schilder\/","title":{"rendered":"Gro\u00dffl\u00e4chige LED Ultra Schilder"},"content":{"rendered":"\n<p>Die Lasermet Dual Fault Finding (DFF) und Lamp Fail Detect (LFD) Kits sind f\u00fcr den Einsatz mit den LED Ultra Signs in hochgradig sicherheitskritischen Umgebungen, wie z.B. solchen mit ionisierender Strahlung und R\u00f6ntgenstrahlen, konzipiert. Diese Kits enthalten fortschrittliche Funktionen zur Verbesserung der Sicherheit und Zuverl\u00e4ssigkeit und gew\u00e4hrleisten die effektive \u00dcberwachung von Schildern in kritischen Anwendungen. Zu den wichtigsten Komponenten und Funktionalit\u00e4ten geh\u00f6ren:<\/p>\n\n\n\n<p class=\"has-medium-font-size\"><strong>Ausfallsicherheit der Kommunikation<\/strong><\/p>\n\n\n\n<p>Die Integration von Kommunikationsschnittstellen mit beliebigen Interlock-Controllern gew\u00e4hrleistet eine zuverl\u00e4ssige Daten\u00fcbertragung und Kommunikation innerhalb des Systems, um die Sicherheit vor und w\u00e4hrend des Lasereinsatzes zu gew\u00e4hrleisten.<\/p>\n\n\n\n<p class=\"has-medium-font-size\"><strong>Duale Fehlersuche<\/strong><\/p>\n\n\n\n<p>Implementierung eines dualen Fehlersuchsystems, das die Fehlertoleranz durch Redundanz und verschiedene Fehlererkennungsmechanismen erh\u00f6ht. Dadurch wird ein robuster und zuverl\u00e4ssiger Betrieb auch unter schwierigen Bedingungen gew\u00e4hrleistet.<\/p>\n\n\n\n<p class=\"has-medium-font-size\"><strong>Lampenausfallerkennung<\/strong><\/p>\n\n\n\n<p>Integration eines Systems zur Erkennung von Lampenausf\u00e4llen, das den Status der LED Ultra Signs kontinuierlich \u00fcberwacht. Diese Funktion sorgt f\u00fcr rechtzeitige Warnungen und die sofortige Erkennung von Lampenausf\u00e4llen und tr\u00e4gt so zur allgemeinen Sicherheit der \u00fcberwachten Schilder bei.<\/p>\n\n\n\n<p class=\"has-medium-font-size\"><strong>Funktionen zur Fern\u00fcberwachung<\/strong><\/p>\n\n\n\n<p>Einschlie\u00dflich Fern\u00fcberwachungsfunktionen, die eine Echtzeitbeobachtung des Status der LED Ultra Signs erm\u00f6glichen. Dies erleichtert die proaktive Wartung und Fehlersuche ohne direkte Strahlenbelastung und erh\u00f6ht die Sicherheit f\u00fcr das Personal.<\/p>\n\n\n\n<p class=\"has-medium-font-size\"><strong>Ausfallsicherer Design-Ansatz<\/strong><\/p>\n\n\n\n<p>Bei der Entwicklung der Kits wurde ein ausfallsicherer Ansatz gew\u00e4hlt, um sicherzustellen, dass das System im Falle eines Ausfalls in einen sicheren Zustand \u00fcbergeht. Zur Aufrechterhaltung kritischer Funktionen sind Notabschaltverfahren und Backup-Systeme integriert.<\/p>\n\n\n\n<p class=\"has-medium-font-size\"><strong>Betrieb im erweiterten Temperaturbereich<\/strong><\/p>\n\n\n\n<p>Es wird sichergestellt, dass die Baus\u00e4tze in einem erweiterten Temperaturbereich betrieben werden k\u00f6nnen, um die durch ionisierende Strahlung verursachten Schwankungen auszugleichen. Komponenten, die f\u00fcr ein breiteres Temperaturspektrum ausgelegt sind, tragen zur dauerhaften Zuverl\u00e4ssigkeit bei.<\/p>\n\n\n\n<p class=\"has-medium-font-size\"><strong>Langfristige Verl\u00e4sslichkeit<\/strong><\/p>\n\n\n\n<p>Ber\u00fccksichtigung der Langzeitzuverl\u00e4ssigkeit von Komponenten und Materialien unter Ber\u00fccksichtigung einer m\u00f6glichen Verschlechterung aufgrund einer l\u00e4ngeren Exposition gegen\u00fcber ionisierender Strahlung. Planung regelm\u00e4\u00dfiger Wartung und Austausch von Komponenten, falls erforderlich.<\/p>\n\n\n\n<p>Die Lasermet-Kits Dual Fault Finding (DFF) und Lamp Fail Detect (LFD) bieten eine umfassende L\u00f6sung f\u00fcr den zuverl\u00e4ssigen und sicheren Betrieb des Sign Ultra Systems in sehr anspruchsvollen und sicherheitskritischen Anwendungen.<\/p>\n","protected":false},"excerpt":{"rendered":"<p><strong>\u00dcberwachte Schilder f\u00fcr hochgradig sicherheitskritische Anwendungen<\/strong><\/p>\n<p>Die Ultra Signs von Lasermet sind attraktive, professionelle, beleuchtete, wandmontierte Schilder f\u00fcr den Einsatz in Innenr\u00e4umen. Mit diesen Kits k\u00f6nnen Ultra Signs noch zuverl\u00e4ssiger und effektiver arbeiten.<\/p>\n<ul>\n<li>Kann f\u00fcr die Verwendung mit Zwei- oder Drei-Wege-Schildern modifiziert werden.<\/li>\n<li>Kann mit jedem Interlock Controller verbunden werden.<\/li>\n<li>\u00dcberwachung von Lampenausf\u00e4llen<\/li>\n<\/ul>\n","protected":false},"featured_media":8221,"comment_status":"closed","ping_status":"closed","template":"","meta":{"_acf_changed":false,"_kad_blocks_custom_css":"","_kad_blocks_head_custom_js":"","_kad_blocks_body_custom_js":"","_kad_blocks_footer_custom_js":"","_EventAllDay":false,"_EventTimezone":"","_EventStartDate":"","_EventEndDate":"","_EventStartDateUTC":"","_EventEndDateUTC":"","_EventShowMap":false,"_EventShowMapLink":false,"_EventURL":"","_EventCost":"","_EventCostDescription":"","_EventCurrencySymbol":"","_EventCurrencyCode":"","_EventCurrencyPosition":"","_EventDateTimeSeparator":"","_EventTimeRangeSeparator":"","_EventOrganizerID":[],"_EventVenueID":[],"_OrganizerEmail":"","_OrganizerPhone":"","_OrganizerWebsite":"","_VenueAddress":"","_VenueCity":"","_VenueCountry":"","_VenueProvince":"","_VenueState":"","_VenueZip":"","_VenuePhone":"","_VenueURL":"","_VenueStateProvince":"","_VenueLat":"","_VenueLng":"","_VenueShowMap":false,"_VenueShowMapLink":false,"_kadence_starter_templates_imported_post":false,"_kad_post_transparent":"","_kad_post_title":"","_kad_post_layout":"","_kad_post_sidebar_id":"","_kad_post_content_style":"","_kad_post_vertical_padding":"","_kad_post_feature":"","_kad_post_feature_position":"","_kad_post_header":false,"_kad_post_footer":false,"_kad_post_classname":""},"product_brand":[],"product_cat":[50],"product_tag":[33,35,36,37,48],"class_list":{"0":"post-8390","1":"product","2":"type-product","3":"status-publish","4":"has-post-thumbnail","6":"product_cat-schilder","7":"product_tag-aerospace","8":"product_tag-automobilindustrie","9":"product_tag-forschung","10":"product_tag-industriell","11":"product_tag-medizinische","13":"first","14":"instock","15":"shipping-taxable","16":"product-type-simple","17":"entry","18":"content-bg","19":"loop-entry"},"acf":[],"taxonomy_info":{"product_cat":[{"value":50,"label":"Schilder"}],"product_tag":[{"value":33,"label":"Aerospace"},{"value":35,"label":"Automobilindustrie"},{"value":36,"label":"Forschung und Entwicklung"},{"value":37,"label":"Industriell"},{"value":48,"label":"Medizinische"}]},"featured_image_src_large":["https:\/\/www.lasermet.com\/de\/wp-content\/uploads\/sites\/3\/2023\/05\/german_ultrasign.png",1024,1024,false],"author_info":[],"comment_info":0,"_links":{"self":[{"href":"https:\/\/www.lasermet.com\/de\/wp-json\/wp\/v2\/product\/8390","targetHints":{"allow":["GET"]}}],"collection":[{"href":"https:\/\/www.lasermet.com\/de\/wp-json\/wp\/v2\/product"}],"about":[{"href":"https:\/\/www.lasermet.com\/de\/wp-json\/wp\/v2\/types\/product"}],"replies":[{"embeddable":true,"href":"https:\/\/www.lasermet.com\/de\/wp-json\/wp\/v2\/comments?post=8390"}],"wp:featuredmedia":[{"embeddable":true,"href":"https:\/\/www.lasermet.com\/de\/wp-json\/wp\/v2\/media\/8221"}],"wp:attachment":[{"href":"https:\/\/www.lasermet.com\/de\/wp-json\/wp\/v2\/media?parent=8390"}],"wp:term":[{"taxonomy":"product_brand","embeddable":true,"href":"https:\/\/www.lasermet.com\/de\/wp-json\/wp\/v2\/product_brand?post=8390"},{"taxonomy":"product_cat","embeddable":true,"href":"https:\/\/www.lasermet.com\/de\/wp-json\/wp\/v2\/product_cat?post=8390"},{"taxonomy":"product_tag","embeddable":true,"href":"https:\/\/www.lasermet.com\/de\/wp-json\/wp\/v2\/product_tag?post=8390"}],"curies":[{"name":"wp","href":"https:\/\/api.w.org\/{rel}","templated":true}]}}