{"id":8389,"date":"2024-06-06T07:10:37","date_gmt":"2024-06-06T07:10:37","guid":{"rendered":"https:\/\/www.lasermetgmbh.de\/?post_type=product&amp;p=8389"},"modified":"2024-06-06T07:10:37","modified_gmt":"2024-06-06T07:10:37","slug":"48v-led-ultra-schilder","status":"publish","type":"product","link":"https:\/\/www.lasermet.com\/de\/laserschutzprodukte\/48v-led-ultra-schilder\/","title":{"rendered":"48V LED Ultra Schilder"},"content":{"rendered":"\n<p>Die Ultra-Schilder von Lasermet k\u00f6nnen so gestaltet werden, dass sie jede beliebige Botschaft oder jedes beliebige Symbol in einer Reihe von Farben darstellen. Die Schilder der Ultra-Reihe vermitteln den Kunden ein hochwertiges, professionelles Bild. Da sie mit LEDs hinterleuchtet sind, sieht die Anzeige immer elegant aus. Es gibt keine Pixelbildung auf dem Bildschirm, die bei Matrix-LED-Anzeigen auftreten kann.<\/p>\n\n\n\n<p>LED-Schilder f\u00fcr Krankenh\u00e4user, Reinraumumgebungen und medizinische Bereiche sind mit einer wei\u00dfen Umrandung als Alternative zur schwarzen Standardumrandung erh\u00e4ltlich.<\/p>\n\n\n<div class=\"wp-block-image\">\n<figure class=\"aligncenter size-full\"><img loading=\"lazy\" decoding=\"async\" width=\"300\" height=\"139\" src=\"https:\/\/www.lasermetgmbh.de\/wp-content\/uploads\/2023\/02\/470-Black-surround-red-green-Enter-animation.gif\" alt=\"\" class=\"wp-image-5284\" \/><\/figure>\n<\/div>\n\n\n<div style=\"height:20px\" aria-hidden=\"true\" class=\"wp-block-spacer\"><\/div>\n\n\n\n<h6 class=\"wp-block-heading\">DOPPELTE FARBE &amp; DOPPELTE BOTSCHAFT<\/h6>\n\n\n\n<p>Einer der Hauptvorteile dieser begehrten Schilder ist ihre F\u00e4higkeit, zwei Botschaften in verschiedenen Farben auf derselben Fl\u00e4che darzustellen. Dadurch verringert sich die ben\u00f6tigte Gesamtfl\u00e4che und es besteht keine Notwendigkeit, mehr als ein Schild f\u00fcr denselben Zweck zu verwenden.<\/p>\n\n\n<div class=\"wp-block-image\">\n<figure class=\"aligncenter size-full\"><img loading=\"lazy\" decoding=\"async\" width=\"674\" height=\"220\" src=\"https:\/\/www.lasermetgmbh.de\/wp-content\/uploads\/2023\/02\/large-area-led-signs.jpeg\" alt=\"\" class=\"wp-image-5287\" srcset=\"https:\/\/www.lasermet.com\/de\/wp-content\/uploads\/sites\/3\/2023\/02\/large-area-led-signs.jpeg 674w, https:\/\/www.lasermet.com\/de\/wp-content\/uploads\/sites\/3\/2023\/02\/large-area-led-signs-300x98.jpeg 300w, https:\/\/www.lasermet.com\/de\/wp-content\/uploads\/sites\/3\/2023\/02\/large-area-led-signs-600x196.jpeg 600w\" sizes=\"auto, (max-width: 674px) 100vw, 674px\" \/><\/figure>\n<\/div>\n\n\n<div style=\"height:20px\" aria-hidden=\"true\" class=\"wp-block-spacer\"><\/div>\n\n\n\n<p>Kunden k\u00f6nnen das Design, die Form und die Beschriftung nach ihren eigenen W\u00fcnschen gestalten oder vorhandene Standarddesigns verwenden. Kundenspezifische Designs und Beschriftungen k\u00f6nnen vom Endverbraucher festgelegt werden.<\/p>\n\n\n\n<p>Typische Einsatzgebiete sind sicherheitskritische Bereiche, Arztpraxen und Zahnarztpraxen, Krankenh\u00e4user (auch Privatkliniken), Hotels, B\u00fcros, Flugh\u00e4fen, Banken, Versicherungen, Finanzinstitute, Regierungsgeb\u00e4ude und viele mehr.<\/p>\n\n\n<div class=\"wp-block-image\">\n<figure class=\"aligncenter size-full\"><img loading=\"lazy\" decoding=\"async\" width=\"667\" height=\"270\" src=\"https:\/\/www.lasermetgmbh.de\/wp-content\/uploads\/2023\/02\/large-led-signs-1a.jpeg\" alt=\"\" class=\"wp-image-5288\" srcset=\"https:\/\/www.lasermet.com\/de\/wp-content\/uploads\/sites\/3\/2023\/02\/large-led-signs-1a.jpeg 667w, https:\/\/www.lasermet.com\/de\/wp-content\/uploads\/sites\/3\/2023\/02\/large-led-signs-1a-300x121.jpeg 300w, https:\/\/www.lasermet.com\/de\/wp-content\/uploads\/sites\/3\/2023\/02\/large-led-signs-1a-600x243.jpeg 600w\" sizes=\"auto, (max-width: 667px) 100vw, 667px\" \/><\/figure>\n<\/div>\n\n\n<div style=\"height:20px\" aria-hidden=\"true\" class=\"wp-block-spacer\"><\/div>\n\n\n\n<h3 class=\"wp-block-heading\">Optionale Merkmale<\/h3>\n\n\n\n<h6 class=\"wp-block-heading\">AUTOMATIC VARIABLE BRIGHTNESS AUTOMATISCHE VARIABLE HELLIGKEIT<\/h6>\n\n\n\n<p>Wenn Sie die automatische variable Helligkeit als optionales Merkmal der gro\u00dfen LED-Schilder bestellen, kann die Helligkeit des Ultra Range-Schildes automatisch je nach den Lichtverh\u00e4ltnissen in der Umgebung variieren.<\/p>\n\n\n\n<p>Bei schlechten Lichtverh\u00e4ltnissen wird das Schild gedimmt (um \u00fcberm\u00e4\u00dfige Blendung zu vermeiden und den Stromverbrauch zu senken) und bei hellem Sonnenlicht wird die Helligkeit erh\u00f6ht, um die erh\u00f6hte Lichtintensit\u00e4t zu kompensieren. Bei Bedarf kann die Helligkeit des Schildes auf den Maximalwert eingestellt oder \u00fcber eine externe 24-V-DC-Versorgung gesteuert werden. Diese dimmbaren LED-Schilder verwenden einen Lichtsensor, um die Lichtverh\u00e4ltnisse in der Umgebung zu erkennen und die Lichtintensit\u00e4t des Schildes entsprechend anzupassen.<\/p>\n\n\n\n<div style=\"height:20px\" aria-hidden=\"true\" class=\"wp-block-spacer\"><\/div>\n\n\n\n<h6 class=\"wp-block-heading\">DOPPELTE REDUNDANZ<\/h6>\n\n\n\n<p>Die Schilder werden normalerweise mit zwei LED-Beleuchtungsplatinen geliefert, die im Falle eines LED-Ausfalls f\u00fcr Redundanz sorgen. Wenn echte Redundanz erforderlich ist, sollten Sie eine zweite Steuerplatine anfordern (Teilenummer: LEDS-ULT-CB). Diese passt in das Schild und bietet echte doppelte Redundanz im Falle eines LED- oder Steuerplatinenausfalls. Das Schild kann dann mit einer einzigen Stromversorgung oder mit zwei Stromversorgungen f\u00fcr besonders sicherheitskritische Anwendungen betrieben werden. \u00dcberwachungskontakte k\u00f6nnen als Option geliefert werden.<\/p>\n\n\n\n<div style=\"height:20px\" aria-hidden=\"true\" class=\"wp-block-spacer\"><\/div>\n\n\n\n<h6 class=\"wp-block-heading\">STROMVERSORGUNG<\/h6>\n\n\n\n<p>Lasermet liefert ein 24V DC Netzteil und einen Schalter.<\/p>\n\n\n\n<figure class=\"wp-block-table has-small-font-size\"><table><tbody><tr><td><\/td><td><strong>LEDS-ULT-470<\/strong> (Standard) (Standardm\u00e4\u00dfig)<\/td><td><strong>LEDS-ULT-790<\/strong> (Large) (Gro\u00df)<\/td><\/tr><tr><td>Gesamtabmessungen<\/td><td>470 x 178 x 24 mm<\/td><td>790 x 178 x 24 mm<\/td><\/tr><tr><td>Bereich verf\u00fcgbar f\u00fcr Legende<\/td><td>340 x 90 mm<\/td><td>660 x 90 mm<\/td><\/tr><tr><td>Gewicht<\/td><td>2 kg<\/td><td>3 kg<\/td><\/tr><tr><td>Betriebsspannung<\/td><td>24 VDC <br>(optional 48VDC auf Anfrage)<\/td><td>24 VDC <br>(optional 48VDC auf Anfrage)<\/td><\/tr><tr><td>Helligkeitssteuerung Spannung  <br>(optional)<\/td><td>0 \u2013 24 VDC<\/td><td>0 \u2013 24 VDC<\/td><\/tr><tr><td>Maximaler Strom<\/td><td>0.65 A<\/td><td>1.3 A<\/td><\/tr><tr><td>Minimaler Betriebsstrom<\/td><td>0.15 A<\/td><td>0.3 A<\/td><\/tr><tr><td>Kabeleingang<\/td><td>R\u00fcckseite oder Seite (via 20 mm dia knockouts)<br>Bei Verwendung der optionalen Backbox ist der Einstieg von oben oder unten m\u00f6glich <\/td><td>R\u00fcckseite oder Seite (via 20 mm dia knockouts)<br>Bei Verwendung der optionalen Backbox ist der Einstieg von oben oder unten m\u00f6glich <\/td><\/tr><tr><td>Optionale Backbox-Gr\u00f6\u00dfe<br>(mm)<\/td><td>Single (Einzeln) : 362 x 162 x 35<br>Double (Doppelter) : 362 x 343 x 35<br>Triple (Dreifach) : 362 x 524 x 35<br>Quadruple (Vierfaches) : 362 x 705 x 35<\/td><td>Single (Einzeln) : 682 x 162 x 35<br>Double (Doppelter) : 682 x 343 x 35<br>Triple (Dreifach) : 682 x 524 x 35<br>Quadruple (Vierfaches) : 682 x 705 x 35<\/td><\/tr><\/tbody><\/table><\/figure>\n\n\n\n<div style=\"height:20px\" aria-hidden=\"true\" class=\"wp-block-spacer\"><\/div>\n\n\n\n<h3 class=\"wp-block-heading\">Standard Optionen<\/h3>\n\n\n\n<p>Standard-Ultra-Schilder sind als Einzel- oder Doppelbotschaft erh\u00e4ltlich. Erh\u00e4ltlich in den Farben Wei\u00df, Gelb, Gr\u00fcn und Rot, aber auch andere Farben sind auf Anfrage erh\u00e4ltlich.<\/p>\n\n\n\n<div style=\"height:20px\" aria-hidden=\"true\" class=\"wp-block-spacer\"><\/div>\n\n\n\n<div class=\"wp-block-columns is-layout-flex wp-container-core-columns-is-layout-9d6595d7 wp-block-columns-is-layout-flex\">\n<div class=\"wp-block-column is-layout-flow wp-block-column-is-layout-flow\">\n<h6 class=\"wp-block-heading\">&#8218;LASER-GEFAHR&#8216; SIGNS<\/h6>\n<\/div>\n\n\n\n<div class=\"wp-block-column is-layout-flow wp-block-column-is-layout-flow\">\n<h6 class=\"wp-block-heading\">470 VERSION<\/h6>\n\n\n\n<figure class=\"wp-block-image size-full\"><img loading=\"lazy\" decoding=\"async\" width=\"195\" height=\"130\" src=\"https:\/\/www.lasermetgmbh.de\/wp-content\/uploads\/2023\/02\/large-area-sign-470-yellow.jpeg\" alt=\"\" class=\"wp-image-5293\" \/><figcaption class=\"wp-element-caption\">LEDS-ULT-470-L-Y<\/figcaption><\/figure>\n\n\n\n<figure class=\"wp-block-image size-full\"><img loading=\"lazy\" decoding=\"async\" width=\"195\" height=\"130\" src=\"https:\/\/www.lasermetgmbh.de\/wp-content\/uploads\/2023\/02\/large-area-sign-470-green.jpeg\" alt=\"\" class=\"wp-image-5291\" \/><\/figure>\n\n\n\n<figure class=\"wp-block-image size-full\"><img loading=\"lazy\" decoding=\"async\" width=\"195\" height=\"130\" src=\"https:\/\/www.lasermetgmbh.de\/wp-content\/uploads\/2023\/02\/large-area-sign-470-red.jpeg\" alt=\"\" class=\"wp-image-5292\" \/><figcaption class=\"wp-element-caption\">LEDS-ULT-470-L-2W<\/figcaption><\/figure>\n<\/div>\n\n\n\n<div class=\"wp-block-column is-layout-flow wp-block-column-is-layout-flow\">\n<h6 class=\"wp-block-heading\">790 VERSION<\/h6>\n\n\n\n<figure class=\"wp-block-image size-full\"><img loading=\"lazy\" decoding=\"async\" width=\"195\" height=\"130\" src=\"https:\/\/www.lasermetgmbh.de\/wp-content\/uploads\/2023\/02\/large-area-sign-790-white.jpeg\" alt=\"\" class=\"wp-image-5300\" \/><figcaption class=\"wp-element-caption\">LEDS-ULT-790-L<\/figcaption><\/figure>\n\n\n\n<figure class=\"wp-block-image size-full\"><img loading=\"lazy\" decoding=\"async\" width=\"195\" height=\"130\" src=\"https:\/\/www.lasermetgmbh.de\/wp-content\/uploads\/2023\/02\/large-area-sign-790-green.jpeg\" alt=\"\" class=\"wp-image-5297\" \/><\/figure>\n\n\n\n<figure class=\"wp-block-image size-full\"><img loading=\"lazy\" decoding=\"async\" width=\"195\" height=\"130\" src=\"https:\/\/www.lasermetgmbh.de\/wp-content\/uploads\/2023\/02\/large-area-sign-790-red.jpeg\" alt=\"\" class=\"wp-image-5299\" \/><figcaption class=\"wp-element-caption\">LEDS-ULT-790-L-2W<\/figcaption><\/figure>\n<\/div>\n<\/div>\n\n\n\n<div style=\"height:20px\" aria-hidden=\"true\" class=\"wp-block-spacer\"><\/div>\n\n\n\n<div class=\"wp-block-columns is-layout-flex wp-container-core-columns-is-layout-9d6595d7 wp-block-columns-is-layout-flex\">\n<div class=\"wp-block-column is-layout-flow wp-block-column-is-layout-flow\">\n<h6 class=\"wp-block-heading\">&#8218;R\u00d6NTGEN-WARNUNG&#8216; SIGNS<\/h6>\n<\/div>\n\n\n\n<div class=\"wp-block-column is-layout-flow wp-block-column-is-layout-flow\">\n<h6 class=\"wp-block-heading\">470 VERSION<\/h6>\n\n\n<div class=\"wp-block-image\">\n<figure class=\"aligncenter size-full\"><img loading=\"lazy\" decoding=\"async\" width=\"195\" height=\"130\" src=\"https:\/\/www.lasermetgmbh.de\/wp-content\/uploads\/2023\/02\/xray-sign-470-white.jpeg\" alt=\"\" class=\"wp-image-5306\" \/><figcaption class=\"wp-element-caption\">LEDS-ULT-470-XR<\/figcaption><\/figure>\n<\/div>\n\n<div class=\"wp-block-image\">\n<figure class=\"aligncenter size-full\"><img loading=\"lazy\" decoding=\"async\" width=\"195\" height=\"130\" src=\"https:\/\/www.lasermetgmbh.de\/wp-content\/uploads\/2023\/02\/xray-sign-470-green.jpeg\" alt=\"\" class=\"wp-image-5304\" \/><\/figure>\n<\/div>\n\n<div class=\"wp-block-image\">\n<figure class=\"aligncenter size-full\"><img loading=\"lazy\" decoding=\"async\" width=\"195\" height=\"130\" src=\"https:\/\/www.lasermetgmbh.de\/wp-content\/uploads\/2023\/02\/xray-sign-470-red.jpeg\" alt=\"\" class=\"wp-image-5305\" \/><figcaption class=\"wp-element-caption\">LEDS-ULT-470-XR-2W<\/figcaption><\/figure>\n<\/div><\/div>\n\n\n\n<div class=\"wp-block-column is-layout-flow wp-block-column-is-layout-flow\">\n<h6 class=\"wp-block-heading\">790 VERSION<\/h6>\n\n\n<div class=\"wp-block-image\">\n<figure class=\"aligncenter size-full\"><img loading=\"lazy\" decoding=\"async\" width=\"195\" height=\"130\" src=\"https:\/\/www.lasermetgmbh.de\/wp-content\/uploads\/2023\/02\/xray-sign-790-yellow.jpeg\" alt=\"\" class=\"wp-image-5313\" \/><figcaption class=\"wp-element-caption\">LEDS-ULT-790-XR-Y<\/figcaption><\/figure>\n<\/div>\n\n<div class=\"wp-block-image\">\n<figure class=\"aligncenter size-full\"><img loading=\"lazy\" decoding=\"async\" width=\"195\" height=\"130\" src=\"https:\/\/www.lasermetgmbh.de\/wp-content\/uploads\/2023\/02\/xray-sign-790-green.jpeg\" alt=\"\" class=\"wp-image-5311\" \/><\/figure>\n<\/div>\n\n<div class=\"wp-block-image\">\n<figure class=\"aligncenter size-full\"><img loading=\"lazy\" decoding=\"async\" width=\"195\" height=\"130\" src=\"https:\/\/www.lasermetgmbh.de\/wp-content\/uploads\/2023\/02\/xray-sign-790-red.jpeg\" alt=\"\" class=\"wp-image-5312\" \/><figcaption class=\"wp-element-caption\">LEDS-ULT-790-XR-2W<\/figcaption><\/figure>\n<\/div><\/div>\n<\/div>\n\n\n\n<div style=\"height:20px\" aria-hidden=\"true\" class=\"wp-block-spacer\"><\/div>\n\n\n\n<div class=\"wp-block-columns is-layout-flex wp-container-core-columns-is-layout-9d6595d7 wp-block-columns-is-layout-flex\">\n<div class=\"wp-block-column is-layout-flow wp-block-column-is-layout-flow\">\n<h6 class=\"wp-block-heading\">&#8218;ZUGANG VERBOTEN&#8216; SIGNS<\/h6>\n<\/div>\n\n\n\n<div class=\"wp-block-column is-layout-flow wp-block-column-is-layout-flow\">\n<h6 class=\"wp-block-heading\">470 VERSION<\/h6>\n\n\n<div class=\"wp-block-image\">\n<figure class=\"aligncenter size-full\"><img loading=\"lazy\" decoding=\"async\" width=\"195\" height=\"130\" src=\"https:\/\/www.lasermetgmbh.de\/wp-content\/uploads\/2023\/02\/prohibited-470-yellow-1.jpeg\" alt=\"\" class=\"wp-image-5318\" \/><figcaption class=\"wp-element-caption\">LEDS-ULT-470-AP-Y<\/figcaption><\/figure>\n<\/div>\n\n<div class=\"wp-block-image\">\n<figure class=\"aligncenter size-full\"><img loading=\"lazy\" decoding=\"async\" width=\"195\" height=\"130\" src=\"https:\/\/www.lasermetgmbh.de\/wp-content\/uploads\/2023\/02\/prohibited-470-green.jpeg\" alt=\"\" class=\"wp-image-5316\" \/><\/figure>\n<\/div>\n\n<div class=\"wp-block-image\">\n<figure class=\"aligncenter size-full\"><img loading=\"lazy\" decoding=\"async\" width=\"195\" height=\"130\" src=\"https:\/\/www.lasermetgmbh.de\/wp-content\/uploads\/2023\/02\/prohibited-470-red.jpeg\" alt=\"\" class=\"wp-image-5317\" \/><figcaption class=\"wp-element-caption\">LEDS-ULT-470-AP-2W<\/figcaption><\/figure>\n<\/div><\/div>\n\n\n\n<div class=\"wp-block-column is-layout-flow wp-block-column-is-layout-flow\">\n<h6 class=\"wp-block-heading\">790 VERSION<\/h6>\n\n\n<div class=\"wp-block-image\">\n<figure class=\"aligncenter size-full\"><img loading=\"lazy\" decoding=\"async\" width=\"195\" height=\"130\" src=\"https:\/\/www.lasermetgmbh.de\/wp-content\/uploads\/2023\/02\/prohibited-790-yellow.jpeg\" alt=\"\" class=\"wp-image-5324\" \/><figcaption class=\"wp-element-caption\">LEDS-ULT-790-AP-Y<\/figcaption><\/figure>\n<\/div>\n\n<div class=\"wp-block-image\">\n<figure class=\"aligncenter size-full\"><img loading=\"lazy\" decoding=\"async\" width=\"195\" height=\"130\" src=\"https:\/\/www.lasermetgmbh.de\/wp-content\/uploads\/2023\/02\/prohibited-790-green.jpeg\" alt=\"\" class=\"wp-image-5322\" \/><\/figure>\n<\/div>\n\n<div class=\"wp-block-image\">\n<figure class=\"aligncenter size-full\"><img loading=\"lazy\" decoding=\"async\" width=\"195\" height=\"130\" src=\"https:\/\/www.lasermetgmbh.de\/wp-content\/uploads\/2023\/02\/prohibited-790-red.jpeg\" alt=\"\" class=\"wp-image-5323\" \/><figcaption class=\"wp-element-caption\">LEDS-ULT-790-AP-2W<\/figcaption><\/figure>\n<\/div><\/div>\n<\/div>\n\n\n\n<div style=\"height:20px\" aria-hidden=\"true\" class=\"wp-block-spacer\"><\/div>\n\n\n\n<div class=\"wp-block-columns is-layout-flex wp-container-core-columns-is-layout-9d6595d7 wp-block-columns-is-layout-flex\">\n<div class=\"wp-block-column is-layout-flow wp-block-column-is-layout-flow\">\n<h6 class=\"wp-block-heading\">&#8218;NICHT BETRETEN&#8216; SIGNS<\/h6>\n<\/div>\n\n\n\n<div class=\"wp-block-column is-layout-flow wp-block-column-is-layout-flow\">\n<h6 class=\"wp-block-heading\">470 VERSION<\/h6>\n\n\n<div class=\"wp-block-image\">\n<figure class=\"aligncenter size-full\"><img loading=\"lazy\" decoding=\"async\" width=\"195\" height=\"130\" src=\"https:\/\/www.lasermetgmbh.de\/wp-content\/uploads\/2023\/02\/donotenter-470-white.jpeg\" alt=\"\" class=\"wp-image-5327\" \/><figcaption class=\"wp-element-caption\">LEDS-ULT-470-DNE<\/figcaption><\/figure>\n<\/div>\n\n<div class=\"wp-block-image\">\n<figure class=\"aligncenter size-full\"><img loading=\"lazy\" decoding=\"async\" width=\"195\" height=\"130\" src=\"https:\/\/www.lasermetgmbh.de\/wp-content\/uploads\/2023\/02\/donotenter-470-green.jpeg\" alt=\"\" class=\"wp-image-5329\" \/><\/figure>\n<\/div>\n\n<div class=\"wp-block-image\">\n<figure class=\"aligncenter size-full\"><img loading=\"lazy\" decoding=\"async\" width=\"195\" height=\"130\" src=\"https:\/\/www.lasermetgmbh.de\/wp-content\/uploads\/2023\/02\/donotenter-470-red.jpeg\" alt=\"\" class=\"wp-image-5328\" \/><figcaption class=\"wp-element-caption\">LEDS-ULT-470-DNE-2W<\/figcaption><\/figure>\n<\/div><\/div>\n\n\n\n<div class=\"wp-block-column is-layout-flow wp-block-column-is-layout-flow\">\n<h6 class=\"wp-block-heading\">790 VERSION<\/h6>\n\n\n<div class=\"wp-block-image\">\n<figure class=\"aligncenter size-full\"><img loading=\"lazy\" decoding=\"async\" width=\"195\" height=\"130\" src=\"https:\/\/www.lasermetgmbh.de\/wp-content\/uploads\/2023\/02\/donotenter-790-yellow.jpeg\" alt=\"\" class=\"wp-image-5332\" \/><figcaption class=\"wp-element-caption\">LEDS-ULT-790-DNE-Y<\/figcaption><\/figure>\n<\/div>\n\n<div class=\"wp-block-image\">\n<figure class=\"aligncenter size-full\"><img loading=\"lazy\" decoding=\"async\" width=\"195\" height=\"130\" src=\"https:\/\/www.lasermetgmbh.de\/wp-content\/uploads\/2023\/02\/donotenter-790-green.jpeg\" alt=\"\" class=\"wp-image-5334\" \/><\/figure>\n<\/div>\n\n<div class=\"wp-block-image\">\n<figure class=\"aligncenter size-full\"><img loading=\"lazy\" decoding=\"async\" width=\"195\" height=\"130\" src=\"https:\/\/www.lasermetgmbh.de\/wp-content\/uploads\/2023\/02\/donotenter-790-red.jpeg\" alt=\"\" class=\"wp-image-5333\" \/><figcaption class=\"wp-element-caption\">LEDS-ULT-790-DNE-2W<\/figcaption><\/figure>\n<\/div><\/div>\n<\/div>\n\n\n\n<div style=\"height:20px\" aria-hidden=\"true\" class=\"wp-block-spacer\"><\/div>\n\n\n\n<div class=\"wp-block-columns is-layout-flex wp-container-core-columns-is-layout-9d6595d7 wp-block-columns-is-layout-flex\">\n<div class=\"wp-block-column is-layout-flow wp-block-column-is-layout-flow\">\n<h6 class=\"wp-block-heading\">&#8218;GE\u00d6FFNET \/ GESCHLOSSEN&#8216; SIGNS<\/h6>\n<\/div>\n\n\n\n<div class=\"wp-block-column is-layout-flow wp-block-column-is-layout-flow\">\n<h6 class=\"wp-block-heading\">470 VERSION<\/h6>\n\n\n<div class=\"wp-block-image\">\n<figure class=\"aligncenter size-full\"><img loading=\"lazy\" decoding=\"async\" width=\"195\" height=\"130\" src=\"https:\/\/www.lasermetgmbh.de\/wp-content\/uploads\/2023\/02\/openclosed-470-open-yellow.jpeg\" alt=\"\" class=\"wp-image-5342\" \/><figcaption class=\"wp-element-caption\">LEDS-ULT-470-OP-Y<\/figcaption><\/figure>\n<\/div>\n\n<div class=\"wp-block-image\">\n<figure class=\"aligncenter size-full\"><img loading=\"lazy\" decoding=\"async\" width=\"195\" height=\"130\" src=\"https:\/\/www.lasermetgmbh.de\/wp-content\/uploads\/2023\/02\/openclosed-470-closed-yellow.jpeg\" alt=\"\" class=\"wp-image-5340\" \/><figcaption class=\"wp-element-caption\">LEDS-ULT-470-CD-Y<\/figcaption><\/figure>\n<\/div>\n\n<div class=\"wp-block-image\">\n<figure class=\"aligncenter size-full\"><img loading=\"lazy\" decoding=\"async\" width=\"195\" height=\"130\" src=\"https:\/\/www.lasermetgmbh.de\/wp-content\/uploads\/2023\/02\/openclosed-470-open-green.jpeg\" alt=\"\" class=\"wp-image-5341\" \/><\/figure>\n<\/div>\n\n<div class=\"wp-block-image\">\n<figure class=\"aligncenter size-full\"><img loading=\"lazy\" decoding=\"async\" width=\"195\" height=\"130\" src=\"https:\/\/www.lasermetgmbh.de\/wp-content\/uploads\/2023\/02\/openclosed-470-closed-red.jpeg\" alt=\"\" class=\"wp-image-5339\" \/><figcaption class=\"wp-element-caption\">LEDS-ULT-470-CD-2W<\/figcaption><\/figure>\n<\/div><\/div>\n\n\n\n<div class=\"wp-block-column is-layout-flow wp-block-column-is-layout-flow\">\n<h6 class=\"wp-block-heading\">790 VERSION<\/h6>\n\n\n<div class=\"wp-block-image\">\n<figure class=\"aligncenter size-full\"><img loading=\"lazy\" decoding=\"async\" width=\"195\" height=\"130\" src=\"https:\/\/www.lasermetgmbh.de\/wp-content\/uploads\/2023\/02\/openclosed-790-open-yellow.jpeg\" alt=\"\" class=\"wp-image-5349\" \/><figcaption class=\"wp-element-caption\">LEDS-ULT-790-OP-Y<\/figcaption><\/figure>\n<\/div>\n\n<div class=\"wp-block-image\">\n<figure class=\"aligncenter size-full\"><img loading=\"lazy\" decoding=\"async\" width=\"195\" height=\"130\" src=\"https:\/\/www.lasermetgmbh.de\/wp-content\/uploads\/2023\/02\/openclosed-790-closed-yellow.jpeg\" alt=\"\" class=\"wp-image-5347\" \/><figcaption class=\"wp-element-caption\">LEDS-ULT-790-CD-Y<\/figcaption><\/figure>\n<\/div>\n\n<div class=\"wp-block-image\">\n<figure class=\"aligncenter size-full\"><img loading=\"lazy\" decoding=\"async\" width=\"195\" height=\"130\" src=\"https:\/\/www.lasermetgmbh.de\/wp-content\/uploads\/2023\/02\/openclosed-790-open-green.jpeg\" alt=\"\" class=\"wp-image-5348\" \/><\/figure>\n<\/div>\n\n<div class=\"wp-block-image\">\n<figure class=\"aligncenter size-full\"><img loading=\"lazy\" decoding=\"async\" width=\"195\" height=\"130\" src=\"https:\/\/www.lasermetgmbh.de\/wp-content\/uploads\/2023\/02\/openclosed-790-closed-red.jpeg\" alt=\"\" class=\"wp-image-5346\" \/><figcaption class=\"wp-element-caption\">LEDS-ULT-790-CD-2W<\/figcaption><\/figure>\n<\/div><\/div>\n<\/div>\n\n\n\n<div style=\"height:20px\" aria-hidden=\"true\" class=\"wp-block-spacer\"><\/div>\n\n\n\n<div class=\"wp-block-columns is-layout-flex wp-container-core-columns-is-layout-9d6595d7 wp-block-columns-is-layout-flex\">\n<div class=\"wp-block-column is-layout-flow wp-block-column-is-layout-flow\">\n<h6 class=\"wp-block-heading\">&#8218;BOARDING&#8216; SIGNS<\/h6>\n<\/div>\n\n\n\n<div class=\"wp-block-column is-layout-flow wp-block-column-is-layout-flow\">\n<h6 class=\"wp-block-heading\"><\/h6>\n<\/div>\n\n\n\n<div class=\"wp-block-column is-layout-flow wp-block-column-is-layout-flow\">\n<h6 class=\"wp-block-heading\">790 VERSION<\/h6>\n\n\n<div class=\"wp-block-image\">\n<figure class=\"aligncenter size-full\"><img loading=\"lazy\" decoding=\"async\" width=\"195\" height=\"130\" src=\"https:\/\/www.lasermetgmbh.de\/wp-content\/uploads\/2023\/02\/boarding-on.jpeg\" alt=\"\" class=\"wp-image-5352\" \/><figcaption class=\"wp-element-caption\">LEDS-ULT-790-BDG-Y<\/figcaption><\/figure>\n<\/div><\/div>\n<\/div>\n","protected":false},"excerpt":{"rendered":"<h6>Gro\u00dffl\u00e4chige LED-Schilder<\/h6>\n<p>Die Ultra Signs von Lasermet sind attraktive, professionelle, beleuchtete, wandmontierte Schilder f\u00fcr den Innenbereich. Im Gegensatz zu gepixelten Matrix-LED-Displays sorgt das hintergrundbeleuchtete LED-Design f\u00fcr eine nahtlose, qualitativ hochwertige Anzeige und Optik.<\/p>\n<ul>\n<li>Hochwertiges, professionelles Produkt f\u00fcr den internen Gebrauch<\/li>\n<li>Niedrige Energie, Niederspannung 24VDC (48VDC Option verf\u00fcgbar)<\/li>\n<li>LED-Lebensdauer bis zu 50,000 Stunden<\/li>\n<li>Stapelbar mit der ineinander greifenden Kunststoffblende oder der speziell entworfenen r\u00fcckseitigen Montagebox f\u00fcr bis zu vier Schilder<\/li>\n<li>Das niedrige 24-mm-Profil ist ideal f\u00fcr die Verwendung in jeder H\u00f6he und eliminiert praktisch das Risiko einer Behinderung oder eines Unfalls durch eine Kollision.<\/li>\n<\/ul>\n","protected":false},"featured_media":8221,"comment_status":"closed","ping_status":"closed","template":"","meta":{"_acf_changed":false,"_kad_blocks_custom_css":"","_kad_blocks_head_custom_js":"","_kad_blocks_body_custom_js":"","_kad_blocks_footer_custom_js":"","_EventAllDay":false,"_EventTimezone":"","_EventStartDate":"","_EventEndDate":"","_EventStartDateUTC":"","_EventEndDateUTC":"","_EventShowMap":false,"_EventShowMapLink":false,"_EventURL":"","_EventCost":"","_EventCostDescription":"","_EventCurrencySymbol":"","_EventCurrencyCode":"","_EventCurrencyPosition":"","_EventDateTimeSeparator":"","_EventTimeRangeSeparator":"","_EventOrganizerID":[],"_EventVenueID":[],"_OrganizerEmail":"","_OrganizerPhone":"","_OrganizerWebsite":"","_VenueAddress":"","_VenueCity":"","_VenueCountry":"","_VenueProvince":"","_VenueState":"","_VenueZip":"","_VenuePhone":"","_VenueURL":"","_VenueStateProvince":"","_VenueLat":"","_VenueLng":"","_VenueShowMap":false,"_VenueShowMapLink":false,"_kadence_starter_templates_imported_post":false,"_kad_post_transparent":"","_kad_post_title":"","_kad_post_layout":"","_kad_post_sidebar_id":"","_kad_post_content_style":"","_kad_post_vertical_padding":"","_kad_post_feature":"","_kad_post_feature_position":"","_kad_post_header":false,"_kad_post_footer":false,"_kad_post_classname":""},"product_brand":[],"product_cat":[50],"product_tag":[],"class_list":{"0":"post-8389","1":"product","2":"type-product","3":"status-publish","4":"has-post-thumbnail","6":"product_cat-schilder","8":"first","9":"instock","10":"shipping-taxable","11":"product-type-simple","12":"entry","13":"content-bg","14":"loop-entry"},"acf":[],"taxonomy_info":{"product_cat":[{"value":50,"label":"Schilder"}]},"featured_image_src_large":["https:\/\/www.lasermet.com\/de\/wp-content\/uploads\/sites\/3\/2023\/05\/german_ultrasign.png",1024,1024,false],"author_info":[],"comment_info":0,"_links":{"self":[{"href":"https:\/\/www.lasermet.com\/de\/wp-json\/wp\/v2\/product\/8389","targetHints":{"allow":["GET"]}}],"collection":[{"href":"https:\/\/www.lasermet.com\/de\/wp-json\/wp\/v2\/product"}],"about":[{"href":"https:\/\/www.lasermet.com\/de\/wp-json\/wp\/v2\/types\/product"}],"replies":[{"embeddable":true,"href":"https:\/\/www.lasermet.com\/de\/wp-json\/wp\/v2\/comments?post=8389"}],"wp:featuredmedia":[{"embeddable":true,"href":"https:\/\/www.lasermet.com\/de\/wp-json\/wp\/v2\/media\/8221"}],"wp:attachment":[{"href":"https:\/\/www.lasermet.com\/de\/wp-json\/wp\/v2\/media?parent=8389"}],"wp:term":[{"taxonomy":"product_brand","embeddable":true,"href":"https:\/\/www.lasermet.com\/de\/wp-json\/wp\/v2\/product_brand?post=8389"},{"taxonomy":"product_cat","embeddable":true,"href":"https:\/\/www.lasermet.com\/de\/wp-json\/wp\/v2\/product_cat?post=8389"},{"taxonomy":"product_tag","embeddable":true,"href":"https:\/\/www.lasermet.com\/de\/wp-json\/wp\/v2\/product_tag?post=8389"}],"curies":[{"name":"wp","href":"https:\/\/api.w.org\/{rel}","templated":true}]}}