{"id":8386,"date":"2024-06-06T06:55:34","date_gmt":"2024-06-06T06:55:34","guid":{"rendered":"https:\/\/www.lasermetgmbh.de\/?post_type=product&amp;p=8386"},"modified":"2024-06-06T06:55:34","modified_gmt":"2024-06-06T06:55:34","slug":"ics-rbx-wireless-roller-blind-controller","status":"publish","type":"product","link":"https:\/\/www.lasermet.com\/de\/laserschutzprodukte\/ics-rbx-wireless-roller-blind-controller\/","title":{"rendered":"ICS-RBX Wireless Roller Blind Controller"},"content":{"rendered":"\n<p>Die ICS-RBX-Erweiterungskarte erweitert das ICS-9-System um eine nahtlose Steuerung von drahtlosen Rolladenmotoren. Sie passt in das ICS-9 und verf\u00fcgt \u00fcber eingebaute Auf-\/Ab-Schalter, eine \u201eStopp\u201c-Taste und eine \u201eProgramm\u201c-Taste, mit einer Option f\u00fcr einen fliegenden Leitungsschalter zur Endeinstellung. Der ICS-RBX unterst\u00fctzt den automatischen Betrieb \u00fcber den ICS-9-Schl\u00fcsselschalter und die Fernsteuerung \u00fcber ein ICS-BUDDY-Tablet, wenn es mit der ICS-BUDDY-NIC-Karte gekoppelt ist. LED-Anzeigen zeigen den Status der Stromversorgung und der HF-\u00dcbertragung an. Der einfach zu installierende ICS-RBX mit Sicherheitshinweisen ist eine zuverl\u00e4ssige und flexible L\u00f6sung f\u00fcr die Rolladensteuerung.<\/p>\n\n\n\n<h4 class=\"wp-block-heading\">Wesentliche Merkmale<\/h4>\n\n\n\n<p class=\"has-medium-font-size\"><strong>Kompatibilit\u00e4t:<\/strong><\/p>\n\n\n\n<p>Passt zu ICS-9 mit Standard-Erweiterungskartenlayout.<\/p>\n\n\n\n<p>Kommuniziert direkt mit drahtlosen Rollo-Motoren.<\/p>\n\n\n\n<p class=\"has-medium-font-size\"><strong>Steuermechanismen:<\/strong><\/p>\n\n\n\n<p>Integrierte Auf-\/Ab-Schalter, \u201eStopp\u201c-Taste und \u201eProgramm\u201c-Taste.<\/p>\n\n\n\n<p>Vorgesehener Auf-\/Ab-Schalter an einem fliegenden Kabel zur einfachen Grenzwerteinstellung.<\/p>\n\n\n\n<p class=\"has-medium-font-size\"><strong>Modusumschaltung:<\/strong><\/p>\n\n\n\n<p>Schalter oder Link auf der Karte zum Umschalten zwischen den Modi.<\/p>\n\n\n\n<p>Unterst\u00fctzt Modus 1-Betrieb auch bei installierter ICS-BUDDY-NIC-Karte.<\/p>\n\n\n\n<h4 class=\"wp-block-heading\">Modi des Betriebs<\/h4>\n\n\n\n<p class=\"has-medium-font-size\"><strong>Modus 1 &#8211; Automatischer Betrieb:<\/strong><\/p>\n\n\n\n<p>Jalousien schlie\u00dfen, wenn der ICS-9-Schl\u00fcsselschalter auf \u201eScharf\u201c steht.<\/p>\n\n\n\n<p>Jalousien \u00f6ffnen, wenn der Schl\u00fcsselschalter \u201eEntsch\u00e4rft\u201c ist.<\/p>\n\n\n\n<p>Jalousien \u00f6ffnen, wenn der Strom aus ist und der Schl\u00fcsselschalter auf \u201eScharf\u201c steht.<\/p>\n\n\n\n<p>Jalousien schlie\u00dfen, wenn der Strom eingeschaltet ist und der Schl\u00fcsselschalter auf \u201eArmed\u201c steht.<\/p>\n\n\n\n<p class=\"has-medium-font-size\"><strong>Modus 2 &#8211; Fernsteuerung mit ICS-BUDDY:<\/strong><\/p>\n\n\n\n<p>Bei Kopplung mit einer ICS-BUDDY-NIC-Karte erfolgt die Fernsteuerung \u00fcber ein ICS-BUDDY-Tablet.<\/p>\n\n\n\n<p>Das Tablet bietet intuitive Bedienelemente zum \u00d6ffnen und Schlie\u00dfen der Jalousien.<\/p>\n\n\n\n<p>Besuchen Sie den YouTube-Kanal von Lasermet oder klicken Sie auf das Video unten, um einen detaillierten Einblick in die Merkmale, die Einrichtung und die Funktionalit\u00e4t des ICS-RBX zu erhalten. Das Video demonstriert die F\u00e4higkeiten und die Benutzerfreundlichkeit in realen Anwendungen.<\/p>\n\n\n\n<figure class=\"wp-block-embed is-type-video is-provider-youtube wp-block-embed-youtube wp-embed-aspect-16-9 wp-has-aspect-ratio\"><div class=\"wp-block-embed__wrapper\">\n<iframe loading=\"lazy\" title=\"Discover Lasermet&#039;s ICS-RBX Wireless Roller Blind Controller\" width=\"720\" height=\"405\" src=\"https:\/\/www.youtube.com\/embed\/lBI1LCHUNXQ?feature=oembed\" frameborder=\"0\" allow=\"accelerometer; autoplay; clipboard-write; encrypted-media; gyroscope; picture-in-picture; web-share\" referrerpolicy=\"strict-origin-when-cross-origin\" allowfullscreen><\/iframe>\n<\/div><\/figure>\n","protected":false},"excerpt":{"rendered":"<p>Die ICS-RBX ist eine Erweiterungskarte f\u00fcr den ICS-9 Interlock Controller, die f\u00fcr den drahtlosen Betrieb von Lasermet&#8217;s Laser Blocking Rollos entwickelt wurde. Dieses System verf\u00fcgt \u00fcber eine Vielzahl von fortschrittlichen Funktionen, darunter:<\/p>\n<ul>\n<li>Integration mit ICS-9 Interlock Controller und ICS-BUDDY<\/li>\n<li>Passt in ICS-9 mit Standard-Erweiterungskartenlayout.<\/li>\n<li>Eingebaute Auf-\/Ab-Schalter, \u201eStopp\u201c-Taste und \u201eProgramm\u201c-Taste.<\/li>\n<li>Unterst\u00fctzt automatische und ferngesteuerte Betriebsmodi.<\/li>\n<\/ul>\n","protected":false},"featured_media":8388,"comment_status":"closed","ping_status":"closed","template":"","meta":{"_acf_changed":false,"_kad_blocks_custom_css":"","_kad_blocks_head_custom_js":"","_kad_blocks_body_custom_js":"","_kad_blocks_footer_custom_js":"","_EventAllDay":false,"_EventTimezone":"","_EventStartDate":"","_EventEndDate":"","_EventStartDateUTC":"","_EventEndDateUTC":"","_EventShowMap":false,"_EventShowMapLink":false,"_EventURL":"","_EventCost":"","_EventCostDescription":"","_EventCurrencySymbol":"","_EventCurrencyCode":"","_EventCurrencyPosition":"","_EventDateTimeSeparator":"","_EventTimeRangeSeparator":"","_EventOrganizerID":[],"_EventVenueID":[],"_OrganizerEmail":"","_OrganizerPhone":"","_OrganizerWebsite":"","_VenueAddress":"","_VenueCity":"","_VenueCountry":"","_VenueProvince":"","_VenueState":"","_VenueZip":"","_VenuePhone":"","_VenueURL":"","_VenueStateProvince":"","_VenueLat":"","_VenueLng":"","_VenueShowMap":false,"_VenueShowMapLink":false,"_kadence_starter_templates_imported_post":false,"_kad_post_transparent":"","_kad_post_title":"","_kad_post_layout":"","_kad_post_sidebar_id":"","_kad_post_content_style":"","_kad_post_vertical_padding":"","_kad_post_feature":"","_kad_post_feature_position":"","_kad_post_header":false,"_kad_post_footer":false,"_kad_post_classname":""},"product_brand":[],"product_cat":[40,41],"product_tag":[33,35,36,37,48],"class_list":{"0":"post-8386","1":"product","2":"type-product","3":"status-publish","4":"has-post-thumbnail","6":"product_cat-interlock-kontrollsystem","7":"product_cat-interlock-zubehoer","8":"product_tag-aerospace","9":"product_tag-automobilindustrie","10":"product_tag-forschung","11":"product_tag-industriell","12":"product_tag-medizinische","14":"first","15":"instock","16":"shipping-taxable","17":"product-type-simple","18":"entry","19":"content-bg","20":"loop-entry"},"acf":[],"taxonomy_info":{"product_cat":[{"value":40,"label":"Interlock-Kontrollsystem"},{"value":41,"label":"Interlock-Zubeh\u00f6r"}],"product_tag":[{"value":33,"label":"Aerospace"},{"value":35,"label":"Automobilindustrie"},{"value":36,"label":"Forschung und Entwicklung"},{"value":37,"label":"Industriell"},{"value":48,"label":"Medizinische"}]},"featured_image_src_large":["https:\/\/www.lasermet.com\/de\/wp-content\/uploads\/sites\/3\/2024\/06\/2-1024x1024.png",1024,1024,true],"author_info":[],"comment_info":0,"_links":{"self":[{"href":"https:\/\/www.lasermet.com\/de\/wp-json\/wp\/v2\/product\/8386","targetHints":{"allow":["GET"]}}],"collection":[{"href":"https:\/\/www.lasermet.com\/de\/wp-json\/wp\/v2\/product"}],"about":[{"href":"https:\/\/www.lasermet.com\/de\/wp-json\/wp\/v2\/types\/product"}],"replies":[{"embeddable":true,"href":"https:\/\/www.lasermet.com\/de\/wp-json\/wp\/v2\/comments?post=8386"}],"wp:featuredmedia":[{"embeddable":true,"href":"https:\/\/www.lasermet.com\/de\/wp-json\/wp\/v2\/media\/8388"}],"wp:attachment":[{"href":"https:\/\/www.lasermet.com\/de\/wp-json\/wp\/v2\/media?parent=8386"}],"wp:term":[{"taxonomy":"product_brand","embeddable":true,"href":"https:\/\/www.lasermet.com\/de\/wp-json\/wp\/v2\/product_brand?post=8386"},{"taxonomy":"product_cat","embeddable":true,"href":"https:\/\/www.lasermet.com\/de\/wp-json\/wp\/v2\/product_cat?post=8386"},{"taxonomy":"product_tag","embeddable":true,"href":"https:\/\/www.lasermet.com\/de\/wp-json\/wp\/v2\/product_tag?post=8386"}],"curies":[{"name":"wp","href":"https:\/\/api.w.org\/{rel}","templated":true}]}}