{"id":8283,"date":"2024-03-05T09:42:00","date_gmt":"2024-03-05T09:42:00","guid":{"rendered":"https:\/\/www.lasermetgmbh.de\/?post_type=product&#038;p=8283"},"modified":"2025-07-31T05:56:41","modified_gmt":"2025-07-31T05:56:41","slug":"glaser-castle-window","status":"publish","type":"product","link":"https:\/\/www.lasermet.com\/de\/laserschutzprodukte\/glaser-castle-window\/","title":{"rendered":"Glaser Castle Window"},"content":{"rendered":"\n<div class=\"wp-block-buttons is-layout-flex wp-block-buttons-is-layout-flex\">\n<div class=\"wp-block-button\"><a class=\"wp-block-button__link has-text-color has-background wp-element-button\" href=\"https:\/\/forms.monday.com\/forms\/6044817861ab33fe85eff4e46e6728a7?r=use1\" style=\"color:#1d1f8c;background-color:#ffcc01\" rel=\"noopener\">Brosch\u00fcre herunterladen<\/a><\/div>\n<\/div>\n\n\n\n<div style=\"height:29px\" aria-hidden=\"true\" class=\"wp-block-spacer\"><\/div>\n\n\n\n<div style=\"height:29px\" aria-hidden=\"true\" class=\"wp-block-spacer\"><\/div>\n\n\n\n<p>Das Glaser Castle Window ist ein passives Laserschutzfenster, das in das Laser Castle von Lasermet oder in jede andere Laserschutzkabine geeigneter Gr\u00f6\u00dfe integriert werden kann.<\/p>\n\n\n\n<p>Diese passiven Laserschutzfenster sch\u00fctzen Personen, die sich au\u00dferhalb einer Laserschutzkabine befinden, vor Laserstrahlung oder Streustrahlen. Gleichzeitig erm\u00f6glicht es einer Person, gesch\u00fctzt in das Innere einer Laserschutzkabine zu sehen.<\/p>\n\n\n\n<p>Die Gr\u00f6\u00dfe kann je nach den Bed\u00fcrfnissen des Kunden angepasst werden.<\/p>\n\n\n\n<h6 class=\"wp-block-heading\">Standardgr\u00f6\u00dfen verf\u00fcgbar<\/h6>\n\n\n\n<figure class=\"wp-block-table\"><table><tbody><tr><td>A4 Gr\u00f6\u00dfe<\/td><td>276 x 368mm<br>(210mm x 297mm Sichtbereich)<\/td><\/tr><tr><td>Volle Gr\u00f6\u00dfe<\/td><td>830mm x 630mm<br>(770mm x 570mm Sichtbereich)<\/td><\/tr><\/tbody><\/table><\/figure>\n\n\n\n<div style=\"height:20px\" aria-hidden=\"true\" class=\"wp-block-spacer\"><\/div>\n\n\n\n<h6 class=\"wp-block-heading\">Spezifikationen<\/h6>\n\n\n\n<figure class=\"wp-block-table\"><table class=\"has-fixed-layout\"><tbody><tr><td class=\"has-text-align-center\" data-align=\"center\"><strong><strong>Wellenl\u00e4nge<\/strong> (nm)<\/strong><\/td><td class=\"has-text-align-center\" data-align=\"center\"><strong>EN 12254: 2010 + AC:2011<\/strong><\/td><\/tr><tr><td class=\"has-text-align-center\" data-align=\"center\">180 &#8211; 315<\/td><td class=\"has-text-align-center\" data-align=\"center\">D AB8 + IR AB3<\/td><\/tr><tr><td class=\"has-text-align-center\" data-align=\"center\">&gt;315 &#8211; 380<\/td><td class=\"has-text-align-center\" data-align=\"center\">D AB5 + IR AB6 + M AB6Y<\/td><\/tr><tr><td class=\"has-text-align-center\" data-align=\"center\">915 -1180<\/td><td class=\"has-text-align-center\" data-align=\"center\">D AB5 + IR AB7<\/td><\/tr><tr><td class=\"has-text-align-center\" data-align=\"center\">2720 &#8211; 2940<\/td><td class=\"has-text-align-center\" data-align=\"center\">D AB2<\/td><\/tr><tr><td class=\"has-text-align-center\" data-align=\"center\">5000 &#8211; 11000<\/td><td class=\"has-text-align-center\" data-align=\"center\">D AB2 + I AB3<\/td><\/tr><\/tbody><\/table><\/figure>\n\n\n\n<div style=\"height:43px\" aria-hidden=\"true\" class=\"wp-block-spacer\"><\/div>\n\n\n\n<div style=\"height:70px\" aria-hidden=\"true\" class=\"wp-block-spacer\"><\/div>\n","protected":false},"excerpt":{"rendered":"<h6>Passives Laserschutzfenster<\/h6>\n<p>Das Glaser Castle Window erm\u00f6glicht es einer Person, in das Innere einer Laserkabine zu sehen, w\u00e4hrend sie vor der Laserstrahlung gesch\u00fctzt ist, und bietet Schutz bei minimalen Unannehmlichkeiten.<\/p>\n","protected":false},"featured_media":8297,"comment_status":"closed","ping_status":"closed","template":"","meta":{"_acf_changed":false,"_kad_blocks_custom_css":"","_kad_blocks_head_custom_js":"","_kad_blocks_body_custom_js":"","_kad_blocks_footer_custom_js":"","_EventAllDay":false,"_EventTimezone":"","_EventStartDate":"","_EventEndDate":"","_EventStartDateUTC":"","_EventEndDateUTC":"","_EventShowMap":false,"_EventShowMapLink":false,"_EventURL":"","_EventCost":"","_EventCostDescription":"","_EventCurrencySymbol":"","_EventCurrencyCode":"","_EventCurrencyPosition":"","_EventDateTimeSeparator":"","_EventTimeRangeSeparator":"","_EventOrganizerID":[],"_EventVenueID":[],"_OrganizerEmail":"","_OrganizerPhone":"","_OrganizerWebsite":"","_VenueAddress":"","_VenueCity":"","_VenueCountry":"","_VenueProvince":"","_VenueState":"","_VenueZip":"","_VenuePhone":"","_VenueURL":"","_VenueStateProvince":"","_VenueLat":"","_VenueLng":"","_VenueShowMap":false,"_VenueShowMapLink":false,"_kadence_starter_templates_imported_post":false,"_kad_post_transparent":"","_kad_post_title":"","_kad_post_layout":"","_kad_post_sidebar_id":"","_kad_post_content_style":"","_kad_post_vertical_padding":"","_kad_post_feature":"","_kad_post_feature_position":"","_kad_post_header":false,"_kad_post_footer":false,"_kad_post_classname":""},"product_brand":[],"product_cat":[58],"product_tag":[33,35,36,37],"class_list":{"0":"post-8283","1":"product","2":"type-product","3":"status-publish","4":"has-post-thumbnail","6":"product_cat-fensterblockierung","7":"product_tag-aerospace","8":"product_tag-automobilindustrie","9":"product_tag-forschung","10":"product_tag-industriell","12":"first","13":"instock","14":"shipping-taxable","15":"product-type-simple","16":"entry","17":"content-bg","18":"loop-entry"},"acf":[],"taxonomy_info":{"product_cat":[{"value":58,"label":"Fensterblockierung"}],"product_tag":[{"value":33,"label":"Aerospace"},{"value":35,"label":"Automobilindustrie"},{"value":36,"label":"Forschung und Entwicklung"},{"value":37,"label":"Industriell"}]},"featured_image_src_large":["https:\/\/www.lasermet.com\/de\/wp-content\/uploads\/sites\/3\/2024\/03\/A4-Size-1.png",550,550,false],"author_info":[],"comment_info":0,"_links":{"self":[{"href":"https:\/\/www.lasermet.com\/de\/wp-json\/wp\/v2\/product\/8283","targetHints":{"allow":["GET"]}}],"collection":[{"href":"https:\/\/www.lasermet.com\/de\/wp-json\/wp\/v2\/product"}],"about":[{"href":"https:\/\/www.lasermet.com\/de\/wp-json\/wp\/v2\/types\/product"}],"replies":[{"embeddable":true,"href":"https:\/\/www.lasermet.com\/de\/wp-json\/wp\/v2\/comments?post=8283"}],"wp:featuredmedia":[{"embeddable":true,"href":"https:\/\/www.lasermet.com\/de\/wp-json\/wp\/v2\/media\/8297"}],"wp:attachment":[{"href":"https:\/\/www.lasermet.com\/de\/wp-json\/wp\/v2\/media?parent=8283"}],"wp:term":[{"taxonomy":"product_brand","embeddable":true,"href":"https:\/\/www.lasermet.com\/de\/wp-json\/wp\/v2\/product_brand?post=8283"},{"taxonomy":"product_cat","embeddable":true,"href":"https:\/\/www.lasermet.com\/de\/wp-json\/wp\/v2\/product_cat?post=8283"},{"taxonomy":"product_tag","embeddable":true,"href":"https:\/\/www.lasermet.com\/de\/wp-json\/wp\/v2\/product_tag?post=8283"}],"curies":[{"name":"wp","href":"https:\/\/api.w.org\/{rel}","templated":true}]}}