{"id":8265,"date":"2024-02-22T02:35:45","date_gmt":"2024-02-22T02:35:45","guid":{"rendered":"https:\/\/www.lasermetgmbh.de\/?post_type=product&amp;p=8265"},"modified":"2024-02-22T02:35:45","modified_gmt":"2024-02-22T02:35:45","slug":"orca-laser-sicherheitsfensterbloecke","status":"publish","type":"product","link":"https:\/\/www.lasermet.com\/de\/laserschutzprodukte\/orca-laser-sicherheitsfensterbloecke\/","title":{"rendered":"Orca Laser-Sicherheitsfensterbl\u00f6cke"},"content":{"rendered":"\n<div class=\"wp-block-buttons is-layout-flex wp-block-buttons-is-layout-flex\">\n<div class=\"wp-block-button\"><a class=\"wp-block-button__link has-text-color has-background wp-element-button\" href=\"https:\/\/forms.monday.com\/forms\/4a7d866b0b9c67ec14fc594714af4bd9?r=use1\" style=\"color:#1d1f8c;background-color:#ffcc01\" rel=\"noopener\">Brosch\u00fcre herunterladen<\/a><\/div>\n<\/div>\n\n\n\n<div style=\"height:49px\" aria-hidden=\"true\" class=\"wp-block-spacer\"><\/div>\n\n\n\n<p>Das Laserschutzfenster von Lasermet bietet den notwendigen Schutz vor versehentlichem Kontakt mit Laserstrahlen und blockiert Laserstrahlung bei niedrigen Leistungsdichten. Dies ist ideal f\u00fcr Krankenh\u00e4user und medizinische Umgebungen, Reinr\u00e4ume, Labore und Universit\u00e4ten.<\/p>\n\n\n\n<p>Die Laserschutzfensterbl\u00f6cke werden aus dem speziell entwickelten Orca-Laserschutzmaterial hergestellt. Bei einer Bestrahlung mit mehr als 0,5 MW\/m\u00b2 gibt es einen ungef\u00e4hrlichen Rauch ab und kann gl\u00fchen, was auf einen streuenden Laserstrahl hinweist.<\/p>\n\n\n\n<div style=\"height:20px\" aria-hidden=\"true\" class=\"wp-block-spacer\"><\/div>\n\n\n\n<p>Es gibt drei M\u00f6glichkeiten, das Material an der Wand zu befestigen:<\/p>\n\n\n\n<ul class=\"wp-block-list\">\n<li>Der Klettverschluss wird am Stoff und an der Wand befestigt.<\/li>\n\n\n\n<li>Diese werden mit Drehkn\u00f6pfen an der Wand befestigt und das Material wird durch \u00d6sen an den R\u00e4ndern fixiert.<\/li>\n\n\n\n<li>Kleine Magnete k\u00f6nnen in die Kanten des Materials eingen\u00e4ht werden. Dies funktioniert nur, wenn gen\u00fcgend Stahl an der Wand oder am Rahmen vorhanden ist.<\/li>\n<\/ul>\n\n\n\n<div style=\"height:20px\" aria-hidden=\"true\" class=\"wp-block-spacer\"><\/div>\n\n\n\n<h6 class=\"wp-block-heading\">PEL-Bewertungen<\/h6>\n\n\n\n<p>Die Orca Laserschutzfensterbl\u00f6cke von Lasermet sind CE-gekennzeichnet und zertifiziert nach BS EN IEC 60825-4 Sicherheit von Laserprodukten &#8211; Teil 4: Laserschutzeinrichtungen.<\/p>\n\n\n\n<p>Die Schutzzeiten, die das Material bei verschiedenen Leistungsdichten bietet, sind in den nachstehenden Spezifikationen aufgef\u00fchrt.<\/p>\n\n\n\n<div style=\"height:20px\" aria-hidden=\"true\" class=\"wp-block-spacer\"><\/div>\n\n\n\n<figure class=\"wp-block-table\"><table><tbody><tr><td><strong>Bestrahlte Fl\u00e4che<\/strong><\/td><td><strong>PEL (T3) 10s<\/strong><\/td><td><strong>PEL (T2) 100s<\/strong><\/td><\/tr><tr><td>4 mm\u00b2<\/td><td>3.9 MW\/m\u00b2<\/td><td>2.2 MW\/m\u00b2<\/td><\/tr><tr><td>2000 mm\u00b2<\/td><td>0.62 MW\/m\u00b2<\/td><td>0.35 MW\/m\u00b2<\/td><\/tr><\/tbody><\/table><\/figure>\n","protected":false},"excerpt":{"rendered":"<p><strong>Zertifizierte Laserschutzfensterbl\u00f6cke f\u00fcr Laser der Klasse 3B und Klasse 4<\/strong><\/p>\n<p>&nbsp;<\/p>\n<p>Die Laserschutzfensterbl\u00f6cke von Lasermet sind passive Schutzvorrichtungen, die ein Fenster abdecken oder einen Bereich umschlie\u00dfen, in dem Laser der Klassen 3B und 4 verwendet werden, entweder zum Schutz vor versehentlicher Exposition gegen\u00fcber dem Laserstrahl oder zur langfristigen Blockierung von Laserstrahlung bei niedrigen Leistungsdichten.<\/p>\n","protected":false},"featured_media":8281,"comment_status":"closed","ping_status":"closed","template":"","meta":{"_acf_changed":false,"_kad_blocks_custom_css":"","_kad_blocks_head_custom_js":"","_kad_blocks_body_custom_js":"","_kad_blocks_footer_custom_js":"","_EventAllDay":false,"_EventTimezone":"","_EventStartDate":"","_EventEndDate":"","_EventStartDateUTC":"","_EventEndDateUTC":"","_EventShowMap":false,"_EventShowMapLink":false,"_EventURL":"","_EventCost":"","_EventCostDescription":"","_EventCurrencySymbol":"","_EventCurrencyCode":"","_EventCurrencyPosition":"","_EventDateTimeSeparator":"","_EventTimeRangeSeparator":"","_EventOrganizerID":[],"_EventVenueID":[],"_OrganizerEmail":"","_OrganizerPhone":"","_OrganizerWebsite":"","_VenueAddress":"","_VenueCity":"","_VenueCountry":"","_VenueProvince":"","_VenueState":"","_VenueZip":"","_VenuePhone":"","_VenueURL":"","_VenueStateProvince":"","_VenueLat":"","_VenueLng":"","_VenueShowMap":false,"_VenueShowMapLink":false,"_kadence_starter_templates_imported_post":false,"_kad_post_transparent":"","_kad_post_title":"","_kad_post_layout":"","_kad_post_sidebar_id":"","_kad_post_content_style":"","_kad_post_vertical_padding":"","_kad_post_feature":"","_kad_post_feature_position":"","_kad_post_header":false,"_kad_post_footer":false,"_kad_post_classname":""},"product_brand":[],"product_cat":[47],"product_tag":[36,48],"class_list":{"0":"post-8265","1":"product","2":"type-product","3":"status-publish","4":"has-post-thumbnail","6":"product_cat-laserschutzvorhang","7":"product_tag-forschung","8":"product_tag-medizinische","10":"first","11":"instock","12":"shipping-taxable","13":"product-type-simple","14":"entry","15":"content-bg","16":"loop-entry"},"acf":[],"taxonomy_info":{"product_cat":[{"value":47,"label":"Laserschutzvorhang"}],"product_tag":[{"value":36,"label":"Forschung und Entwicklung"},{"value":48,"label":"Medizinische"}]},"featured_image_src_large":["https:\/\/www.lasermet.com\/de\/wp-content\/uploads\/sites\/3\/2024\/02\/Window-block.png",500,500,false],"author_info":[],"comment_info":0,"_links":{"self":[{"href":"https:\/\/www.lasermet.com\/de\/wp-json\/wp\/v2\/product\/8265","targetHints":{"allow":["GET"]}}],"collection":[{"href":"https:\/\/www.lasermet.com\/de\/wp-json\/wp\/v2\/product"}],"about":[{"href":"https:\/\/www.lasermet.com\/de\/wp-json\/wp\/v2\/types\/product"}],"replies":[{"embeddable":true,"href":"https:\/\/www.lasermet.com\/de\/wp-json\/wp\/v2\/comments?post=8265"}],"wp:featuredmedia":[{"embeddable":true,"href":"https:\/\/www.lasermet.com\/de\/wp-json\/wp\/v2\/media\/8281"}],"wp:attachment":[{"href":"https:\/\/www.lasermet.com\/de\/wp-json\/wp\/v2\/media?parent=8265"}],"wp:term":[{"taxonomy":"product_brand","embeddable":true,"href":"https:\/\/www.lasermet.com\/de\/wp-json\/wp\/v2\/product_brand?post=8265"},{"taxonomy":"product_cat","embeddable":true,"href":"https:\/\/www.lasermet.com\/de\/wp-json\/wp\/v2\/product_cat?post=8265"},{"taxonomy":"product_tag","embeddable":true,"href":"https:\/\/www.lasermet.com\/de\/wp-json\/wp\/v2\/product_tag?post=8265"}],"curies":[{"name":"wp","href":"https:\/\/api.w.org\/{rel}","templated":true}]}}