{"id":8234,"date":"2024-01-22T06:31:27","date_gmt":"2024-01-22T06:31:27","guid":{"rendered":"https:\/\/www.lasermetgmbh.de\/?post_type=product&#038;p=8234"},"modified":"2025-08-14T06:51:11","modified_gmt":"2025-08-14T06:51:11","slug":"ls-300-series","status":"publish","type":"product","link":"https:\/\/www.lasermet.com\/de\/laserschutzprodukte\/ls-300-series\/","title":{"rendered":"LS-300 Series Large Aperture Laser Shutters"},"content":{"rendered":"\n<div style=\"height:30px\" aria-hidden=\"true\" class=\"wp-block-spacer\"><\/div>\n\n\n\n<div class=\"wp-block-buttons is-layout-flex wp-block-buttons-is-layout-flex\">\n<div class=\"wp-block-button\"><a class=\"wp-block-button__link has-text-color has-background wp-element-button\" href=\"https:\/\/forms.monday.com\/forms\/b9b7485b385f55f8b36612aab5ec3b76?r=use1\" style=\"color:#1d1f8c;background-color:#ffcc01\" rel=\"noopener\">Brosch\u00fcre herunterladen<\/a><\/div>\n<\/div>\n\n\n\n<div style=\"height:30px\" aria-hidden=\"true\" class=\"wp-block-spacer\"><\/div>\n\n\n\n<div class=\"wp-block-columns is-layout-flex wp-container-core-columns-is-layout-9d6595d7 wp-block-columns-is-layout-flex\">\n<div class=\"wp-block-column is-layout-flow wp-block-column-is-layout-flow\">\n<p>Die Verschl\u00fcsse der Serie LS-300 verf\u00fcgen \u00fcber eine motorbetriebene Lamelle und sind als Teil eines hochintegrierten Sicherheitssystems konzipiert. Sie eignen sich f\u00fcr Laseranwendungen, bei denen der Laserstrahl in horizontaler Richtung verl\u00e4uft.<\/p>\n\n\n\n<p>Im geschlossenen Zustand lenkt der Shutter den einfallenden Laserstrahl auf einen internen Strahlabfang, wo die Energie in W\u00e4rme umgewandelt und \u00fcber das Aluminiumgeh\u00e4use des Shutters abgeleitet wird. Im ge\u00f6ffneten Zustand passiert der Laserstrahl den Shutter ohne Unterbrechung. F\u00fcr Laseranwendungen mit h\u00f6herer Leistung kann er mit einem externen Strahlabfang verbunden werden.<\/p>\n<\/div>\n\n\n\n<div class=\"wp-block-column is-layout-flow wp-block-column-is-layout-flow\">\n<figure class=\"wp-block-embed is-type-video is-provider-youtube wp-block-embed-youtube wp-embed-aspect-16-9 wp-has-aspect-ratio\"><div class=\"wp-block-embed__wrapper\">\n<iframe loading=\"lazy\" title=\"Equip laser systems with Lasermet\u2019s LS-30 and LS-300 Series of Beam Shutters\" width=\"720\" height=\"405\" src=\"https:\/\/www.youtube.com\/embed\/gOhLTOHOxiw?feature=oembed\" frameborder=\"0\" allow=\"accelerometer; autoplay; clipboard-write; encrypted-media; gyroscope; picture-in-picture; web-share\" referrerpolicy=\"strict-origin-when-cross-origin\" allowfullscreen><\/iframe>\n<\/div><\/figure>\n<\/div>\n<\/div>\n\n\n\n<div style=\"height:20px\" aria-hidden=\"true\" class=\"wp-block-spacer\"><\/div>\n\n\n\n<div class=\"wp-block-columns is-layout-flex wp-container-core-columns-is-layout-9d6595d7 wp-block-columns-is-layout-flex\">\n<div class=\"wp-block-column is-layout-flow wp-block-column-is-layout-flow\">\n<p>Die LS-300-Serie ist in sechs Varianten erh\u00e4ltlich:<\/p>\n\n\n\n<ul class=\"wp-block-list\">\n<li>LS-300-50<\/li>\n\n\n\n<li>LS-300SIL-50<\/li>\n\n\n\n<li>LS-300-75<\/li>\n\n\n\n<li>LS-300SIL-75<\/li>\n\n\n\n<li>LS-300-100<\/li>\n\n\n\n<li>LS-300SIL-100<\/li>\n<\/ul>\n\n\n\n<div style=\"height:20px\" aria-hidden=\"true\" class=\"wp-block-spacer\"><\/div>\n\n\n\n<h3 class=\"wp-block-heading\">SIL-Rated Version<\/h3>\n\n\n\n<p>Es ist eine &#8218;SIL3&#8216;-Version erh\u00e4ltlich, die bei korrekter Verdrahtung mit einem Lasermet Interlock\u00ae-Steuerungssystem eine Sicherheitsverriegelung\u00ae bietet, die die Sicherheitsintegrit\u00e4tsstufe 3 gem\u00e4\u00df IEC 61508-1 und die Leistungsstufe &#8218;e&#8216; gem\u00e4\u00df EN 13849-1 erf\u00fcllt.<\/p>\n<\/div>\n\n\n\n<div class=\"wp-block-column is-layout-flow wp-block-column-is-layout-flow\"><div class=\"wp-block-image\">\n<figure class=\"aligncenter size-full\"><img loading=\"lazy\" decoding=\"async\" width=\"500\" height=\"500\" src=\"https:\/\/www.lasermet.com\/de\/wp-content\/uploads\/sites\/3\/2024\/01\/ALL-500x500-v2.png\" alt=\"\" class=\"wp-image-8454\" srcset=\"https:\/\/www.lasermet.com\/de\/wp-content\/uploads\/sites\/3\/2024\/01\/ALL-500x500-v2.png 500w, https:\/\/www.lasermet.com\/de\/wp-content\/uploads\/sites\/3\/2024\/01\/ALL-500x500-v2-300x300.png 300w, https:\/\/www.lasermet.com\/de\/wp-content\/uploads\/sites\/3\/2024\/01\/ALL-500x500-v2-150x150.png 150w, https:\/\/www.lasermet.com\/de\/wp-content\/uploads\/sites\/3\/2024\/01\/ALL-500x500-v2-100x100.png 100w\" sizes=\"auto, (max-width: 500px) 100vw, 500px\" \/><\/figure>\n<\/div><\/div>\n<\/div>\n\n\n\n<div style=\"height:20px\" aria-hidden=\"true\" class=\"wp-block-spacer\"><\/div>\n\n\n\n<h3 class=\"wp-block-heading\">Shutter and Beam Dump Compatibility<\/h3>\n\n\n\n<div style=\"height:20px\" aria-hidden=\"true\" class=\"wp-block-spacer\"><\/div>\n\n\n\n<div class=\"wp-block-columns is-layout-flex wp-container-core-columns-is-layout-9d6595d7 wp-block-columns-is-layout-flex\">\n<div class=\"wp-block-column is-layout-flow wp-block-column-is-layout-flow\">\n<div class=\"wp-block-columns has-theme-palette-8-background-color has-background is-layout-flex wp-container-core-columns-is-layout-9d6595d7 wp-block-columns-is-layout-flex\">\n<div class=\"wp-block-column is-vertically-aligned-center is-layout-flow wp-block-column-is-layout-flow\"><div class=\"wp-block-image\">\n<figure class=\"aligncenter size-medium\"><img loading=\"lazy\" decoding=\"async\" width=\"300\" height=\"295\" src=\"https:\/\/www.lasermet.com\/de\/wp-content\/uploads\/sites\/3\/2025\/08\/LS30050-to-BDHCX-45-300x295.png\" alt=\"\" class=\"wp-image-9177\" srcset=\"https:\/\/www.lasermet.com\/de\/wp-content\/uploads\/sites\/3\/2025\/08\/LS30050-to-BDHCX-45-300x295.png 300w, https:\/\/www.lasermet.com\/de\/wp-content\/uploads\/sites\/3\/2025\/08\/LS30050-to-BDHCX-45.png 569w\" sizes=\"auto, (max-width: 300px) 100vw, 300px\" \/><figcaption class=\"wp-element-caption\">LS-300-50 with BD-HCX-45<\/figcaption><\/figure>\n<\/div><\/div>\n\n\n\n<div class=\"wp-block-column is-vertically-aligned-center is-layout-flow wp-block-column-is-layout-flow\">\n<h4 class=\"wp-block-heading\">Water-cooled Beam Dump<\/h4>\n\n\n\n<p>Der <strong>BD-HCX-45<\/strong> verwendet ein geschlossenes Wasserversorgungssystem zur Absorption der Energie von Hochleistungslaserstrahlen.<\/p>\n\n\n\n<div class=\"wp-block-buttons is-layout-flex wp-block-buttons-is-layout-flex\">\n<div class=\"wp-block-button\"><a class=\"wp-block-button__link wp-element-button\" href=\"https:\/\/www.lasermet.com\/de\/laserschutzprodukte\/water-cooled-beam-dump\/\">Learn more<\/a><\/div>\n<\/div>\n<\/div>\n<\/div>\n\n\n\n<div class=\"wp-block-columns has-theme-palette-8-background-color has-background is-layout-flex wp-container-core-columns-is-layout-9d6595d7 wp-block-columns-is-layout-flex\">\n<div class=\"wp-block-column is-vertically-aligned-center is-layout-flow wp-block-column-is-layout-flow\"><div class=\"wp-block-image\">\n<figure class=\"aligncenter size-medium\"><img loading=\"lazy\" decoding=\"async\" width=\"300\" height=\"275\" src=\"https:\/\/www.lasermet.com\/de\/wp-content\/uploads\/sites\/3\/2025\/08\/LS30050-to-LS200-BD-300x275.png\" alt=\"\" class=\"wp-image-9173\" srcset=\"https:\/\/www.lasermet.com\/de\/wp-content\/uploads\/sites\/3\/2025\/08\/LS30050-to-LS200-BD-300x275.png 300w, https:\/\/www.lasermet.com\/de\/wp-content\/uploads\/sites\/3\/2025\/08\/LS30050-to-LS200-BD.png 573w\" sizes=\"auto, (max-width: 300px) 100vw, 300px\" \/><figcaption class=\"wp-element-caption\">LS-300-50 with LS-200-BD-HP<\/figcaption><\/figure>\n<\/div><\/div>\n\n\n\n<div class=\"wp-block-column is-vertically-aligned-center is-layout-flow wp-block-column-is-layout-flow\">\n<h4 class=\"wp-block-heading\">Laser Beam Dump<\/h4>\n\n\n\n<p>Der <strong>LS-200-BD-HP<\/strong> kann eine Laserleistung von bis zu 100 W verarbeiten.<\/p>\n\n\n\n<div class=\"wp-block-buttons is-layout-flex wp-block-buttons-is-layout-flex\">\n<div class=\"wp-block-button\"><a class=\"wp-block-button__link wp-element-button\" href=\"https:\/\/www.lasermet.com\/de\/laserschutzprodukte\/high-power-beam-dump\/\">Learn more<\/a><\/div>\n<\/div>\n<\/div>\n<\/div>\n<\/div>\n<\/div>\n\n\n\n<div style=\"height:20px\" aria-hidden=\"true\" class=\"wp-block-spacer\"><\/div>\n\n\n\n<h3 class=\"wp-block-heading\">Beam Dump f\u00fcr SIL-Rated Laser Shutter<\/h3>\n\n\n\n<p>Der LS-300SIL-50 ist ein Laser-Shutter mit zwei Klingen und separaten Austritts\u00f6ffnungen. Er kann gem\u00e4\u00df den unten gezeigten Abbildungen eingerichtet werden.<\/p>\n\n\n\n<div class=\"wp-block-columns has-theme-palette-8-background-color has-background is-layout-flex wp-container-core-columns-is-layout-9d6595d7 wp-block-columns-is-layout-flex\">\n<div class=\"wp-block-column is-layout-flow wp-block-column-is-layout-flow\">\n<div class=\"wp-block-columns are-vertically-aligned-center is-layout-flex wp-container-core-columns-is-layout-9d6595d7 wp-block-columns-is-layout-flex\">\n<div class=\"wp-block-column is-vertically-aligned-center is-layout-flow wp-block-column-is-layout-flow\"><div class=\"wp-block-image\">\n<figure class=\"aligncenter size-full\"><img loading=\"lazy\" decoding=\"async\" width=\"661\" height=\"574\" src=\"https:\/\/www.lasermet.com\/de\/wp-content\/uploads\/sites\/3\/2025\/08\/LS300SIL50-to-LS200-BD-BDHCX-45.png\" alt=\"\" class=\"wp-image-9176\" srcset=\"https:\/\/www.lasermet.com\/de\/wp-content\/uploads\/sites\/3\/2025\/08\/LS300SIL50-to-LS200-BD-BDHCX-45.png 661w, https:\/\/www.lasermet.com\/de\/wp-content\/uploads\/sites\/3\/2025\/08\/LS300SIL50-to-LS200-BD-BDHCX-45-300x261.png 300w, https:\/\/www.lasermet.com\/de\/wp-content\/uploads\/sites\/3\/2025\/08\/LS300SIL50-to-LS200-BD-BDHCX-45-600x521.png 600w\" sizes=\"auto, (max-width: 661px) 100vw, 661px\" \/><figcaption class=\"wp-element-caption\">LS-300SIL-50 with BD-HCX-45 and LS-200-BD-HP<\/figcaption><\/figure>\n<\/div><\/div>\n\n\n\n<div class=\"wp-block-column is-vertically-aligned-center is-layout-flow wp-block-column-is-layout-flow\"><div class=\"wp-block-image\">\n<figure class=\"aligncenter size-full\"><img loading=\"lazy\" decoding=\"async\" width=\"539\" height=\"551\" src=\"https:\/\/www.lasermet.com\/de\/wp-content\/uploads\/sites\/3\/2025\/08\/LS300SIL50-to-BDHCX-45.png\" alt=\"\" class=\"wp-image-9174\" srcset=\"https:\/\/www.lasermet.com\/de\/wp-content\/uploads\/sites\/3\/2025\/08\/LS300SIL50-to-BDHCX-45.png 539w, https:\/\/www.lasermet.com\/de\/wp-content\/uploads\/sites\/3\/2025\/08\/LS300SIL50-to-BDHCX-45-293x300.png 293w\" sizes=\"auto, (max-width: 539px) 100vw, 539px\" \/><figcaption class=\"wp-element-caption\">LS-300SIL-50 with 2x BD-HCX-45<\/figcaption><\/figure>\n<\/div><\/div>\n\n\n\n<div class=\"wp-block-column is-vertically-aligned-center is-layout-flow wp-block-column-is-layout-flow\"><div class=\"wp-block-image\">\n<figure class=\"aligncenter size-full\"><img loading=\"lazy\" decoding=\"async\" width=\"649\" height=\"587\" src=\"https:\/\/www.lasermet.com\/de\/wp-content\/uploads\/sites\/3\/2025\/08\/LS300SIL50-to-LS200-BD.png\" alt=\"\" class=\"wp-image-9175\" srcset=\"https:\/\/www.lasermet.com\/de\/wp-content\/uploads\/sites\/3\/2025\/08\/LS300SIL50-to-LS200-BD.png 649w, https:\/\/www.lasermet.com\/de\/wp-content\/uploads\/sites\/3\/2025\/08\/LS300SIL50-to-LS200-BD-300x271.png 300w, https:\/\/www.lasermet.com\/de\/wp-content\/uploads\/sites\/3\/2025\/08\/LS300SIL50-to-LS200-BD-600x543.png 600w\" sizes=\"auto, (max-width: 649px) 100vw, 649px\" \/><figcaption class=\"wp-element-caption\">LS-300SIL-50 with 2x LS-200-BD-HP<\/figcaption><\/figure>\n<\/div><\/div>\n<\/div>\n<\/div>\n<\/div>\n\n\n\n<div style=\"height:20px\" aria-hidden=\"true\" class=\"wp-block-spacer\"><\/div>\n\n\n\n<h3 class=\"wp-block-heading\">Shutter Blade Optionen<\/h3>\n\n\n\n<p>Die Lamellen bestehen aus rostfreiem Stahl, der f\u00fcr die meisten Anwendungen ausreichend ist. Keramik-, Spiegel- oder Kupferklingen k\u00f6nnen bei Bedarf werkseitig an der Klinge angebracht werden.<\/p>\n\n\n\n<div style=\"height:20px\" aria-hidden=\"true\" class=\"wp-block-spacer\"><\/div>\n\n\n\n<h3 class=\"wp-block-heading\">Spezifikationen<\/h3>\n\n\n\n<figure class=\"wp-block-table\"><table class=\"has-fixed-layout\"><tbody><tr><td>Modell Nr.<\/td><td><strong>LS-300-50<\/strong><\/td><td><strong>LS-300SIL-50<\/strong><\/td><td><strong>LS-300-75<\/strong><\/td><td><strong>LS-300SIL-75<\/strong><\/td><td><strong>LS-300-100<\/strong><\/td><td><strong>LS-300SIL-100<\/strong><\/td><\/tr><tr><td>Kan\u00e4le<\/td><td>Single<\/td><td>Dual<\/td><td>Single<\/td><td>Dual<\/td><td>Single<\/td><td>Dual<\/td><\/tr><tr><td>Strahlenblende<\/td><td>50mm<\/td><td>50mm<\/td><td>75mm<\/td><td>75mm<\/td><td>100mm<\/td><td>100mm<\/td><\/tr><tr><td>Betriebsspannung<\/td><td>24VDC<\/td><td>24VDC<\/td><td>24VDC<\/td><td>24VDC<\/td><td>24VDC<\/td><td>24VDC<\/td><\/tr><tr><td>Gr\u00f6\u00dfe<\/td><td>105 x 166 x 130mm<\/td><td>210 x 166 x 130mm<\/td><td>142 x 202 x 171mm<\/td><td>260 x 196 x 171mm<\/td><td>160 x 233 x 225mm<\/td><td>300 x 233 x 225<\/td><\/tr><\/tbody><\/table><\/figure>\n\n\n\n<div style=\"height:100px\" aria-hidden=\"true\" class=\"wp-block-spacer\"><\/div>\n","protected":false},"excerpt":{"rendered":"<p>Die Laserschutzblenden der Serie Lasermet LS-300 mit gro\u00dfer \u00d6ffnung sollen verhindern, dass man versehentlich einem potenziell sch\u00e4dlichen Laserstrahl ausgesetzt wird. Die gr\u00f6\u00dferen Laserblenden<br \/>k\u00f6nnen wesentlich h\u00f6here Laserleistungen verarbeiten.<\/p>\n<p>Folgende Blendengr\u00f6\u00dfen sind erh\u00e4ltlich:<\/p>\n<ul>\n<li>50mm<\/li>\n<li>75mm<\/li>\n<li>100mm<\/li>\n<\/ul>\n","protected":false},"featured_media":8453,"comment_status":"closed","ping_status":"closed","template":"","meta":{"_acf_changed":false,"_kad_blocks_custom_css":"","_kad_blocks_head_custom_js":"","_kad_blocks_body_custom_js":"","_kad_blocks_footer_custom_js":"","_EventAllDay":false,"_EventTimezone":"","_EventStartDate":"","_EventEndDate":"","_EventStartDateUTC":"","_EventEndDateUTC":"","_EventShowMap":false,"_EventShowMapLink":false,"_EventURL":"","_EventCost":"","_EventCostDescription":"","_EventCurrencySymbol":"","_EventCurrencyCode":"","_EventCurrencyPosition":"","_EventDateTimeSeparator":"","_EventTimeRangeSeparator":"","_EventOrganizerID":[],"_EventVenueID":[],"_OrganizerEmail":"","_OrganizerPhone":"","_OrganizerWebsite":"","_VenueAddress":"","_VenueCity":"","_VenueCountry":"","_VenueProvince":"","_VenueState":"","_VenueZip":"","_VenuePhone":"","_VenueURL":"","_VenueStateProvince":"","_VenueLat":"","_VenueLng":"","_VenueShowMap":false,"_VenueShowMapLink":false,"_kadence_starter_templates_imported_post":false,"_kad_post_transparent":"","_kad_post_title":"","_kad_post_layout":"","_kad_post_sidebar_id":"","_kad_post_content_style":"","_kad_post_vertical_padding":"","_kad_post_feature":"","_kad_post_feature_position":"","_kad_post_header":false,"_kad_post_footer":false,"_kad_post_classname":""},"product_brand":[],"product_cat":[53],"product_tag":[36],"class_list":{"0":"post-8234","1":"product","2":"type-product","3":"status-publish","4":"has-post-thumbnail","6":"product_cat-strahlfaenger","7":"product_tag-forschung","9":"first","10":"instock","11":"shipping-taxable","12":"product-type-simple","13":"entry","14":"content-bg","15":"loop-entry"},"acf":[],"taxonomy_info":{"product_cat":[{"value":53,"label":"Strahlf\u00e4nger"}],"product_tag":[{"value":36,"label":"Forschung und Entwicklung"}]},"featured_image_src_large":["https:\/\/www.lasermet.com\/de\/wp-content\/uploads\/sites\/3\/2024\/01\/500x500.png",500,500,false],"author_info":[],"comment_info":0,"_links":{"self":[{"href":"https:\/\/www.lasermet.com\/de\/wp-json\/wp\/v2\/product\/8234","targetHints":{"allow":["GET"]}}],"collection":[{"href":"https:\/\/www.lasermet.com\/de\/wp-json\/wp\/v2\/product"}],"about":[{"href":"https:\/\/www.lasermet.com\/de\/wp-json\/wp\/v2\/types\/product"}],"replies":[{"embeddable":true,"href":"https:\/\/www.lasermet.com\/de\/wp-json\/wp\/v2\/comments?post=8234"}],"wp:featuredmedia":[{"embeddable":true,"href":"https:\/\/www.lasermet.com\/de\/wp-json\/wp\/v2\/media\/8453"}],"wp:attachment":[{"href":"https:\/\/www.lasermet.com\/de\/wp-json\/wp\/v2\/media?parent=8234"}],"wp:term":[{"taxonomy":"product_brand","embeddable":true,"href":"https:\/\/www.lasermet.com\/de\/wp-json\/wp\/v2\/product_brand?post=8234"},{"taxonomy":"product_cat","embeddable":true,"href":"https:\/\/www.lasermet.com\/de\/wp-json\/wp\/v2\/product_cat?post=8234"},{"taxonomy":"product_tag","embeddable":true,"href":"https:\/\/www.lasermet.com\/de\/wp-json\/wp\/v2\/product_tag?post=8234"}],"curies":[{"name":"wp","href":"https:\/\/api.w.org\/{rel}","templated":true}]}}