{"id":8182,"date":"2023-10-17T07:20:19","date_gmt":"2023-10-17T07:20:19","guid":{"rendered":"https:\/\/www.lasermetgmbh.de\/?post_type=product&#038;p=8182"},"modified":"2025-07-31T07:01:30","modified_gmt":"2025-07-31T07:01:30","slug":"maas-multiple-audio-alert-system","status":"publish","type":"product","link":"https:\/\/www.lasermet.com\/de\/laserschutzprodukte\/maas-multiple-audio-alert-system\/","title":{"rendered":"MAAS Multiple Audio Alert System"},"content":{"rendered":"\n<div style=\"height:50px\" aria-hidden=\"true\" class=\"wp-block-spacer\"><\/div>\n\n\n\n<div class=\"wp-block-buttons is-layout-flex wp-block-buttons-is-layout-flex\">\n<div class=\"wp-block-button\"><a class=\"wp-block-button__link has-text-color has-background wp-element-button\" href=\"https:\/\/forms.monday.com\/forms\/de8d6d6842669887e525f47e1c8e09fe?r=use1\" style=\"color:#1d1f8c;background-color:#ffcc01\" rel=\"noopener\">Brosch\u00fcre Herunterladen<\/a><\/div>\n<\/div>\n\n\n\n<div style=\"height:38px\" aria-hidden=\"true\" class=\"wp-block-spacer\"><\/div>\n\n\n\n<p>Das MAAS ist eine Verbesserung des beliebten AA-04 Audio Alert Systems von Lasermet. Es handelt sich um ein lokales Beschallungssystem, das bei Ausl\u00f6sung eine vorprogrammierte Nachricht akustisch wiedergibt. W\u00e4hrend das AA-04 nur eine einzige Nachricht bietet, kann das MAAS bis zu 16 verschiedene, individuell anpassbare Nachrichten aufzeichnen und wiedergeben.<\/p>\n\n\n\n<p>Jede Nachricht kann bis zu 15 Sekunden lang sein und kann so eingestellt werden, dass sie bis zu einer Stunde lang automatisch so oft oder so selten wie n\u00f6tig wiederholt wird.<\/p>\n\n\n\n<p>Durch die Bereitstellung einer akustischen Meldung kann die Lautsprecherfunktion in Krankenh\u00e4usern, B\u00fcros, technischen Einrichtungen, Wartezimmern von \u00c4rzten oder Zahn\u00e4rzten oder anderen Innenr\u00e4umen eingesetzt werden. Die akustischen Warnungen oder Meldungen k\u00f6nnen die optischen Warnzeichen erg\u00e4nzen.<\/p>\n\n\n\n<div style=\"height:43px\" aria-hidden=\"true\" class=\"wp-block-spacer\"><\/div>\n\n\n\n<h6 class=\"wp-block-heading\">INTEGRATION INTO INTERLOCK\u00ae SYSTEMS<\/h6>\n\n\n\n<p>Der Audio Alert ist mit nur 24 VDC sicher und kann in eine Interlock\u00ae-Steuerung oder ein Interlock\u00ae-Kontrollsystem integriert werden, um eine akustische Warnung zus\u00e4tzlich zu den verwendeten optischen Warnzeichen zu liefern.<\/p>\n\n\n\n<p>Lasermet Audio Alerts sind f\u00fcr die vollst\u00e4ndige Integration mit anderen Lasermet Interlock-Ger\u00e4ten vorbereitet. Wir k\u00f6nnen eine sichere, schl\u00fcsselfertige L\u00f6sung anbieten, die allen Anforderungen gerecht wird.<\/p>\n","protected":false},"excerpt":{"rendered":"<p><strong>Aufnehmen und Wiedergeben von bis zu 16 einzigartigen Nachrichten<\/strong> Das MAAS Multiple Audio Alert System ist ein lokales PA-System f\u00fcr automatische Durchsagen, Warnungen, Informationen oder Anweisungen, das f\u00fcr den Einsatz in Innenr\u00e4umen geeignet ist. Es kann leicht in die Interlock\u00ae Kontrollsysteme von Lasermet integriert werden.<\/p>\n<ul>\n<li>Vollst\u00e4ndig angepasste Nachrichten, Wiederholungen und Lautst\u00e4rke<\/li>\n<li>Line-out f\u00fcr externe Audioger\u00e4te, Lautsprecher<\/li>\n<li>Sicher bei 24VDC Niederspannung<\/li>\n<li>Professionelles, kompaktes, wandmontiertes Design<\/li>\n<\/ul>\n","protected":false},"featured_media":9138,"comment_status":"closed","ping_status":"closed","template":"","meta":{"_acf_changed":false,"_kad_blocks_custom_css":"","_kad_blocks_head_custom_js":"","_kad_blocks_body_custom_js":"","_kad_blocks_footer_custom_js":"","_EventAllDay":false,"_EventTimezone":"","_EventStartDate":"","_EventEndDate":"","_EventStartDateUTC":"","_EventEndDateUTC":"","_EventShowMap":false,"_EventShowMapLink":false,"_EventURL":"","_EventCost":"","_EventCostDescription":"","_EventCurrencySymbol":"","_EventCurrencyCode":"","_EventCurrencyPosition":"","_EventDateTimeSeparator":"","_EventTimeRangeSeparator":"","_EventOrganizerID":[],"_EventVenueID":[],"_OrganizerEmail":"","_OrganizerPhone":"","_OrganizerWebsite":"","_VenueAddress":"","_VenueCity":"","_VenueCountry":"","_VenueProvince":"","_VenueState":"","_VenueZip":"","_VenuePhone":"","_VenueURL":"","_VenueStateProvince":"","_VenueLat":"","_VenueLng":"","_VenueShowMap":false,"_VenueShowMapLink":false,"_kadence_starter_templates_imported_post":false,"_kad_post_transparent":"","_kad_post_title":"","_kad_post_layout":"","_kad_post_sidebar_id":"","_kad_post_content_style":"","_kad_post_vertical_padding":"","_kad_post_feature":"","_kad_post_feature_position":"","_kad_post_header":false,"_kad_post_footer":false,"_kad_post_classname":""},"product_brand":[],"product_cat":[34],"product_tag":[33,35,36,37,48],"class_list":{"0":"post-8182","1":"product","2":"type-product","3":"status-publish","4":"has-post-thumbnail","6":"product_cat-audio-alert","7":"product_tag-aerospace","8":"product_tag-automobilindustrie","9":"product_tag-forschung","10":"product_tag-industriell","11":"product_tag-medizinische","13":"first","14":"instock","15":"shipping-taxable","16":"product-type-simple","17":"entry","18":"content-bg","19":"loop-entry"},"acf":[],"taxonomy_info":{"product_cat":[{"value":34,"label":"Audio Alert"}],"product_tag":[{"value":33,"label":"Aerospace"},{"value":35,"label":"Automobilindustrie"},{"value":36,"label":"Forschung und Entwicklung"},{"value":37,"label":"Industriell"},{"value":48,"label":"Medizinische"}]},"featured_image_src_large":["https:\/\/www.lasermet.com\/de\/wp-content\/uploads\/sites\/3\/2023\/10\/MAAS_WEB6.png",500,501,false],"author_info":[],"comment_info":0,"_links":{"self":[{"href":"https:\/\/www.lasermet.com\/de\/wp-json\/wp\/v2\/product\/8182","targetHints":{"allow":["GET"]}}],"collection":[{"href":"https:\/\/www.lasermet.com\/de\/wp-json\/wp\/v2\/product"}],"about":[{"href":"https:\/\/www.lasermet.com\/de\/wp-json\/wp\/v2\/types\/product"}],"replies":[{"embeddable":true,"href":"https:\/\/www.lasermet.com\/de\/wp-json\/wp\/v2\/comments?post=8182"}],"wp:featuredmedia":[{"embeddable":true,"href":"https:\/\/www.lasermet.com\/de\/wp-json\/wp\/v2\/media\/9138"}],"wp:attachment":[{"href":"https:\/\/www.lasermet.com\/de\/wp-json\/wp\/v2\/media?parent=8182"}],"wp:term":[{"taxonomy":"product_brand","embeddable":true,"href":"https:\/\/www.lasermet.com\/de\/wp-json\/wp\/v2\/product_brand?post=8182"},{"taxonomy":"product_cat","embeddable":true,"href":"https:\/\/www.lasermet.com\/de\/wp-json\/wp\/v2\/product_cat?post=8182"},{"taxonomy":"product_tag","embeddable":true,"href":"https:\/\/www.lasermet.com\/de\/wp-json\/wp\/v2\/product_tag?post=8182"}],"curies":[{"name":"wp","href":"https:\/\/api.w.org\/{rel}","templated":true}]}}