{"id":8155,"date":"2023-08-07T03:00:07","date_gmt":"2023-08-07T03:00:07","guid":{"rendered":"https:\/\/www.lasermetgmbh.de\/?post_type=product&amp;p=8155"},"modified":"2023-08-07T03:00:07","modified_gmt":"2023-08-07T03:00:07","slug":"zugangstastatur-mit-override","status":"publish","type":"product","link":"https:\/\/www.lasermet.com\/de\/laserschutzprodukte\/zugangstastatur-mit-override\/","title":{"rendered":"Access Keypad with Override"},"content":{"rendered":"\n<div class=\"wp-block-buttons is-layout-flex wp-block-buttons-is-layout-flex\">\n<div class=\"wp-block-button\"><a class=\"wp-block-button__link has-text-color has-background wp-element-button\" href=\"https:\/\/forms.monday.com\/forms\/cdb24e18256b0484a3ac255975b94ffe?r=use1\" style=\"color:#1d1f8c;background-color:#ffcc01\" rel=\"noopener\">Brosch\u00fcre herunterladen<\/a><\/div>\n<\/div>\n\n\n\n<p><\/p>\n\n\n\n<p>Die ICS-KP23-Tastatur ist f\u00fcr den Einsatz in Verbindung mit Lasermet-Laserverriegelungssystemen vorgesehen, um den Zugang von Unbefugten zu Gefahrenbereichen zu verhindern. In der Regel handelt es sich dabei um Personen, die nicht \u00fcber die erforderliche Ausbildung und pers\u00f6nliche Schutzausr\u00fcstung f\u00fcr den betreffenden Bereich verf\u00fcgen.<\/p>\n\n\n\n<p>Die \u00dcberbr\u00fcckungszeitschaltuhr hat eine zweikanalige, gegengepr\u00fcfte Konfiguration und ist so ausgelegt, dass sie bei korrekter Verdrahtung mit einem geeigneten Verriegelungssystem ein Sicherheitsniveau von PL &#8218;e&#8216; gem\u00e4\u00df EN 13849 erreicht.<\/p>\n\n\n\n<p>SPEZIFIKATIONEN<\/p>\n\n\n\n<figure class=\"wp-block-table\"><table><tbody><tr><td>Betriebsspannung<\/td><td>24VDC<\/td><\/tr><tr><td>Abmessungen<\/td><td>160 x 108 x 38.5 mm<\/td><\/tr><tr><td>Gewicht<\/td><td>200g<\/td><\/tr><\/tbody><\/table><\/figure>\n","protected":false},"excerpt":{"rendered":"<h6>ICS-KP23<\/h6>\n<p>Die ICS-KP23 Zugangstastatur von Lasermet mit Zweikanal\u00fcberbr\u00fcckung erm\u00f6glicht dem Benutzer die \u00dcberbr\u00fcckung einer zugeh\u00f6rigen T\u00fcr oder die globale \u00dcberbr\u00fcckung aller T\u00fcren in einem lasergesteuerten Bereich.<\/p>\n<ul>\n<li>Globale \u00dcberbr\u00fcckung &#8211; \u00dcberbr\u00fcckung aller T\u00fcrschalter<\/li>\n<li>Lokale \u00dcberbr\u00fcckung &#8211; \u00dcberbr\u00fcckung nur der benachbarten T\u00fcr<\/li>\n<\/ul>\n","protected":false},"featured_media":8156,"comment_status":"closed","ping_status":"closed","template":"","meta":{"_acf_changed":false,"_kad_blocks_custom_css":"","_kad_blocks_head_custom_js":"","_kad_blocks_body_custom_js":"","_kad_blocks_footer_custom_js":"","_EventAllDay":false,"_EventTimezone":"","_EventStartDate":"","_EventEndDate":"","_EventStartDateUTC":"","_EventEndDateUTC":"","_EventShowMap":false,"_EventShowMapLink":false,"_EventURL":"","_EventCost":"","_EventCostDescription":"","_EventCurrencySymbol":"","_EventCurrencyCode":"","_EventCurrencyPosition":"","_EventDateTimeSeparator":"","_EventTimeRangeSeparator":"","_EventOrganizerID":[],"_EventVenueID":[],"_OrganizerEmail":"","_OrganizerPhone":"","_OrganizerWebsite":"","_VenueAddress":"","_VenueCity":"","_VenueCountry":"","_VenueProvince":"","_VenueState":"","_VenueZip":"","_VenuePhone":"","_VenueURL":"","_VenueStateProvince":"","_VenueLat":"","_VenueLng":"","_VenueShowMap":false,"_VenueShowMapLink":false,"_kadence_starter_templates_imported_post":false,"_kad_post_transparent":"","_kad_post_title":"","_kad_post_layout":"","_kad_post_sidebar_id":"","_kad_post_content_style":"","_kad_post_vertical_padding":"","_kad_post_feature":"","_kad_post_feature_position":"","_kad_post_header":false,"_kad_post_footer":false,"_kad_post_classname":""},"product_brand":[],"product_cat":[41],"product_tag":[36,48],"class_list":{"0":"post-8155","1":"product","2":"type-product","3":"status-publish","4":"has-post-thumbnail","6":"product_cat-interlock-zubehoer","7":"product_tag-forschung","8":"product_tag-medizinische","10":"first","11":"instock","12":"shipping-taxable","13":"product-type-simple","14":"entry","15":"content-bg","16":"loop-entry"},"acf":[],"taxonomy_info":{"product_cat":[{"value":41,"label":"Interlock-Zubeh\u00f6r"}],"product_tag":[{"value":36,"label":"Forschung und Entwicklung"},{"value":48,"label":"Medizinische"}]},"featured_image_src_large":["https:\/\/www.lasermet.com\/de\/wp-content\/uploads\/sites\/3\/2023\/08\/large-ICS-KP23.png",500,500,false],"author_info":[],"comment_info":0,"_links":{"self":[{"href":"https:\/\/www.lasermet.com\/de\/wp-json\/wp\/v2\/product\/8155","targetHints":{"allow":["GET"]}}],"collection":[{"href":"https:\/\/www.lasermet.com\/de\/wp-json\/wp\/v2\/product"}],"about":[{"href":"https:\/\/www.lasermet.com\/de\/wp-json\/wp\/v2\/types\/product"}],"replies":[{"embeddable":true,"href":"https:\/\/www.lasermet.com\/de\/wp-json\/wp\/v2\/comments?post=8155"}],"wp:featuredmedia":[{"embeddable":true,"href":"https:\/\/www.lasermet.com\/de\/wp-json\/wp\/v2\/media\/8156"}],"wp:attachment":[{"href":"https:\/\/www.lasermet.com\/de\/wp-json\/wp\/v2\/media?parent=8155"}],"wp:term":[{"taxonomy":"product_brand","embeddable":true,"href":"https:\/\/www.lasermet.com\/de\/wp-json\/wp\/v2\/product_brand?post=8155"},{"taxonomy":"product_cat","embeddable":true,"href":"https:\/\/www.lasermet.com\/de\/wp-json\/wp\/v2\/product_cat?post=8155"},{"taxonomy":"product_tag","embeddable":true,"href":"https:\/\/www.lasermet.com\/de\/wp-json\/wp\/v2\/product_tag?post=8155"}],"curies":[{"name":"wp","href":"https:\/\/api.w.org\/{rel}","templated":true}]}}