{"id":8111,"date":"2023-07-28T01:58:56","date_gmt":"2023-07-28T01:58:56","guid":{"rendered":"https:\/\/www.lasermetgmbh.de\/?post_type=product&#038;p=8111"},"modified":"2025-05-29T07:58:39","modified_gmt":"2025-05-29T07:58:39","slug":"air-cooled-beam-dump","status":"publish","type":"product","link":"https:\/\/www.lasermet.com\/de\/laserschutzprodukte\/air-cooled-beam-dump\/","title":{"rendered":"Air-Cooled Beam Dump"},"content":{"rendered":"\r\n<div class=\"wp-block-buttons is-layout-flex wp-block-buttons-is-layout-flex\">\r\n<div class=\"wp-block-button\"><a class=\"wp-block-button__link has-text-color has-background wp-element-button\" style=\"color: #1d1f8c;background-color: #ffcc01\" href=\"https:\/\/forms.monday.com\/forms\/707fedf3a0edd1496c8b5a1b0c4fc12e?r=use1\" target=\"_blank\" rel=\"noreferrer noopener\">Brosch\u00fcre herunterladen<\/a><\/div>\r\n<\/div>\r\n\r\n\r\n\r\n<div aria-hidden=\"true\">\u00a0<\/div>\r\n<div aria-hidden=\"true\">\u00a0<\/div>\r\n<div aria-hidden=\"true\">Der luftgek\u00fchlte Strahlabwurf von Lasermet ist f\u00fcr die Verwendung mit einem geeigneten Laserstrahl-Shutter mit einer \u00d6ffnung von 16 mm konzipiert. Der luftgek\u00fchlte Strahlabwurf von Lasermet dient zur Absorption und Ableitung von Laserenergie, die von einem Laser-Shutter durch Konvektionsk\u00fchlung abgelenkt wird.<\/div>\r\n<div aria-hidden=\"true\">\u00a0<\/div>\r\n<h5 aria-hidden=\"true\">Temperaturanzeige-Monitor<\/h5>\r\n<div aria-hidden=\"true\">Der BD-AC-16 kann mit einer eingebauten Temperaturanzeige aufger\u00fcstet werden, die es dem Benutzer erm\u00f6glicht, die Temperatur des Beam Dumps w\u00e4hrend des Betriebs zu \u00fcberwachen. Um den Betrieb zu starten, schlie\u00dfen Sie eine Stromversorgung \u00fcber ein Gleichstromkabel an den Stromanschluss der Strahlenkontrolle an. Die Temperatureinheit kann in Celsius (\u00b0C) oder Fahrenheit (\u00b0F) angegeben werden.<\/div>\r\n<div aria-hidden=\"true\">\u00a0<\/div>\r\n<div aria-hidden=\"true\">\r\n<h5>Shutter-Kompatibilit\u00e4t<\/h5>\r\n<\/div>\r\n<div aria-hidden=\"true\">Die BD-AC-16-Serie ist mit der Lasermet-Serie von Laserstrahlverschl\u00fcssen kompatibel. Diese Laser-Shutter sind mit Edelstahlklingen ausgestattet und k\u00f6nnen bei Bedarf werkseitig mit Spiegel-, Keramik- und Kupferklingen ausgestattet werden.<\/div>\r\n<div aria-hidden=\"true\">\u00a0<\/div>\r\n<div aria-hidden=\"true\"><img loading=\"lazy\" decoding=\"async\" class=\"alignright\" src=\"https:\/\/www.lasermet.com\/wp-content\/uploads\/2023\/07\/BD-AC-TR-to-LS-30.png\" alt=\"BD AC TR to LS 30 by Lasermet Laser Safety Solutions\" width=\"533\" height=\"368\" \/><\/div>\r\n<div aria-hidden=\"true\">\r\n<div class=\"wp-block-columns is-layout-flex wp-container-core-columns-is-layout-1 wp-block-columns-is-layout-flex\">\r\n<div class=\"wp-block-column is-layout-flow wp-block-column-is-layout-flow\">\r\n<h6 class=\"wp-block-heading\">LS-20 High Integrity Laser Shutters<\/h6>\r\n<p>Der LS-20 verf\u00fcgt \u00fcber eine durch Schwerkraft schlie\u00dfende Klinge und kraftschl\u00fcssige Pr\u00fcfkontakte.<\/p>\r\n<div class=\"wp-block-kadence-advancedbtn kb-buttons-wrap kb-btns7921_0cf339-c8\"><a class=\"kb-button kt-button button kb-btn7921_fa15fd-1b kt-btn-size-small kt-btn-width-type-auto kb-btn-global-fill kt-btn-has-text-true kt-btn-has-svg-true wp-block-kadence-singlebtn\" href=\"https:\/\/www.lasermet.com\/us\/laser-safety-products\/ls-20-high-intensity-laser-shutters\/\" target=\"_blank\" rel=\"noreferrer noopener\"><span class=\"kt-btn-inner-text\">Mehr erfahren<\/span><\/a><\/div>\r\n<div class=\"wp-block-spacer\" aria-hidden=\"true\">\u00a0<\/div>\r\n<h6 class=\"wp-block-heading\">LS-30 Series of Laser Shutters<\/h6>\r\n<p>Der LS-30 verf\u00fcgt \u00fcber eine federbelastete Klinge, die eine Montage in verschiedenen Ausrichtungen erm\u00f6glicht.<\/p>\r\n<div class=\"wp-block-kadence-advancedbtn kb-buttons-wrap kb-btns7921_4b3c6d-dc\"><a class=\"kb-button kt-button button kb-btn7921_c1b371-bd kt-btn-size-small kt-btn-width-type-auto kb-btn-global-fill kt-btn-has-text-true kt-btn-has-svg-true wp-block-kadence-singlebtn\" href=\"https:\/\/www.lasermet.com\/us\/laser-safety-products\/ls-30-series-laser-shutters\/\" target=\"_blank\" rel=\"noreferrer noopener\"><span class=\"kt-btn-inner-text\">Mehr erfahren<\/span><\/a><\/div>\r\n<\/div>\r\n<\/div>\r\n<\/div>\r\n\r\n\r\n\r\n<h5 class=\"wp-block-heading\">\u00a0<\/h5>\r\n<h5>\u00a0<\/h5>\r\n<h5>\u00a0<\/h5>\r\n<h5 class=\"wp-block-heading\">Spezifikationen<\/h5>\r\n<table class=\"has-fixed-layout\" style=\"height: 344px\" width=\"1354\">\r\n<tbody>\r\n<tr>\r\n<td>Model Number<\/td>\r\n<td><strong>BD-AC-16<\/strong><\/td>\r\n<td><strong>BD-AC-16-TR<\/strong><\/td>\r\n<\/tr>\r\n<tr>\r\n<td>Dimensions<\/td>\r\n<td>94 x 50 x 56mm<\/td>\r\n<td>94 x 50 x 63mm<\/td>\r\n<\/tr>\r\n<tr>\r\n<td>Aperture Diameter<\/td>\r\n<td>16mm<\/td>\r\n<td>16mm<\/td>\r\n<\/tr>\r\n<tr>\r\n<td>Mounting Feature<\/td>\r\n<td>Metric (M6)<br \/>Imperial (1\/4 \u2013 20)<\/td>\r\n<td>Metric (M6)<br \/>Imperial (1\/4 \u2013 20)<\/td>\r\n<\/tr>\r\n<tr>\r\n<td>Shutter Compatibility<\/td>\r\n<td>LS-20<br \/>LS-30<\/td>\r\n<td>LS-20<br \/>LS-30<\/td>\r\n<\/tr>\r\n<tr>\r\n<td>Operating Voltage<\/td>\r\n<td>\u2013<\/td>\r\n<td>24V<\/td>\r\n<\/tr>\r\n<tr>\r\n<td>Material<\/td>\r\n<td>Anodised Aluminium<\/td>\r\n<td>Anodised Aluminium<\/td>\r\n<\/tr>\r\n<\/tbody>\r\n<\/table>\r\n<p>&nbsp;<\/p>\r\n<p>&nbsp;<\/p>\r\n<figure class=\"wp-block-table has-small-font-size\"><\/figure>\r\n","protected":false},"excerpt":{"rendered":"<h6>BD-AC-16 and BD-AC-16-TR<\/h6>\n<p>Das luftgek\u00fchlte Laserstrahl-Dump von Lasermet nutzt die Konvektionsk\u00fchlung, um die Energie des Laserstrahls zu absorbieren, wenn es an einen Laserstrahl-Shutter angeschlossen ist. Das Luftk\u00fchlungssystem hilft bei der Absorption der Strahlenergie und leitet mehr Laserenergie ab als ein Shutter selbst.<\/p>\n<p>Die aufger\u00fcsteten Modelle verf\u00fcgen \u00fcber eine integrierte Temperatur\u00fcberwachung.<\/p>\n","protected":false},"featured_media":8815,"comment_status":"closed","ping_status":"closed","template":"","meta":{"_acf_changed":false,"_kad_blocks_custom_css":"","_kad_blocks_head_custom_js":"","_kad_blocks_body_custom_js":"","_kad_blocks_footer_custom_js":"","_EventAllDay":false,"_EventTimezone":"","_EventStartDate":"","_EventEndDate":"","_EventStartDateUTC":"","_EventEndDateUTC":"","_EventShowMap":false,"_EventShowMapLink":false,"_EventURL":"","_EventCost":"","_EventCostDescription":"","_EventCurrencySymbol":"","_EventCurrencyCode":"","_EventCurrencyPosition":"","_EventDateTimeSeparator":"","_EventTimeRangeSeparator":"","_EventOrganizerID":[],"_EventVenueID":[],"_OrganizerEmail":"","_OrganizerPhone":"","_OrganizerWebsite":"","_VenueAddress":"","_VenueCity":"","_VenueCountry":"","_VenueProvince":"","_VenueState":"","_VenueZip":"","_VenuePhone":"","_VenueURL":"","_VenueStateProvince":"","_VenueLat":"","_VenueLng":"","_VenueShowMap":false,"_VenueShowMapLink":false,"_kadence_starter_templates_imported_post":false,"_kad_post_transparent":"default","_kad_post_title":"","_kad_post_layout":"default","_kad_post_sidebar_id":"","_kad_post_content_style":"default","_kad_post_vertical_padding":"default","_kad_post_feature":"","_kad_post_feature_position":"","_kad_post_header":false,"_kad_post_footer":false,"_kad_post_classname":""},"product_brand":[],"product_cat":[53],"product_tag":[36],"class_list":{"0":"post-8111","1":"product","2":"type-product","3":"status-publish","4":"has-post-thumbnail","6":"product_cat-strahlfaenger","7":"product_tag-forschung","9":"first","10":"instock","11":"shipping-taxable","12":"product-type-simple","13":"entry","14":"content-bg","15":"loop-entry"},"acf":[],"taxonomy_info":{"product_cat":[{"value":53,"label":"Strahlf\u00e4nger"}],"product_tag":[{"value":36,"label":"Forschung und Entwicklung"}]},"featured_image_src_large":["https:\/\/www.lasermet.com\/de\/wp-content\/uploads\/sites\/3\/2025\/05\/BD-AC-16-facing-left.png",500,500,false],"author_info":[],"comment_info":0,"_links":{"self":[{"href":"https:\/\/www.lasermet.com\/de\/wp-json\/wp\/v2\/product\/8111","targetHints":{"allow":["GET"]}}],"collection":[{"href":"https:\/\/www.lasermet.com\/de\/wp-json\/wp\/v2\/product"}],"about":[{"href":"https:\/\/www.lasermet.com\/de\/wp-json\/wp\/v2\/types\/product"}],"replies":[{"embeddable":true,"href":"https:\/\/www.lasermet.com\/de\/wp-json\/wp\/v2\/comments?post=8111"}],"wp:featuredmedia":[{"embeddable":true,"href":"https:\/\/www.lasermet.com\/de\/wp-json\/wp\/v2\/media\/8815"}],"wp:attachment":[{"href":"https:\/\/www.lasermet.com\/de\/wp-json\/wp\/v2\/media?parent=8111"}],"wp:term":[{"taxonomy":"product_brand","embeddable":true,"href":"https:\/\/www.lasermet.com\/de\/wp-json\/wp\/v2\/product_brand?post=8111"},{"taxonomy":"product_cat","embeddable":true,"href":"https:\/\/www.lasermet.com\/de\/wp-json\/wp\/v2\/product_cat?post=8111"},{"taxonomy":"product_tag","embeddable":true,"href":"https:\/\/www.lasermet.com\/de\/wp-json\/wp\/v2\/product_tag?post=8111"}],"curies":[{"name":"wp","href":"https:\/\/api.w.org\/{rel}","templated":true}]}}