{"id":7726,"date":"2023-04-13T05:38:07","date_gmt":"2023-04-13T05:38:07","guid":{"rendered":"https:\/\/www.lasermetgmbh.de\/?post_type=product&amp;p=7726"},"modified":"2023-04-13T05:38:07","modified_gmt":"2023-04-13T05:38:07","slug":"swallow-4000","status":"publish","type":"product","link":"https:\/\/www.lasermet.com\/de\/laserschutzprodukte\/swallow-4000\/","title":{"rendered":"Swallow 4000"},"content":{"rendered":"\n<div class=\"wp-block-buttons is-layout-flex wp-block-buttons-is-layout-flex\">\n<div class=\"wp-block-button\"><a class=\"wp-block-button__link has-text-color has-background wp-element-button\" href=\"https:\/\/forms.monday.com\/forms\/71dc5bfe9581717902fcaf4d558b31d7?r=use1\" style=\"color:#1d1f8c;background-color:#ffcc01\" rel=\"noopener\">Brosch\u00fcre herunterladen<\/a><\/div>\n<\/div>\n\n\n\n<div style=\"height:100px\" aria-hidden=\"true\" class=\"wp-block-spacer\"><\/div>\n\n\n\n<p>Er wurde speziell f\u00fcr Anwendungen in Bereichen mit hoher Partikelbelastung entwickelt, z. B. beim Laserschwei\u00dfen, wo die direkte Erfassung der Quelle schwierig sein kann. Laserdampf-Absorptionsbeh\u00e4lter sind ebenfalls eine optionale Filterstufe zur Kontrolle von Ger\u00fcchen und Gasen.<\/p>\n\n\n\n<p>Die 4000cfm-Einheit (6800m\u00b3\/Std.) erm\u00f6glicht mehrere Stufen der Luftfiltration, bei denen der Benutzer je nach Laserprozess aus einer Vielzahl von Partikel- oder Gas-\/Chemiefiltern w\u00e4hlen kann.<\/p>\n\n\n\n<div style=\"height:20px\" aria-hidden=\"true\" class=\"wp-block-spacer\"><\/div>\n\n\n\n<h6 class=\"wp-block-heading\">MERKMALE<\/h6>\n\n\n\n<ul class=\"wp-block-list\">\n<li>Der Lufteinlass in voller Gr\u00f6\u00dfe saugt Verunreinigungen an und f\u00fchrt gefilterte Luft zur\u00fcck<\/li>\n\n\n\n<li>Interne Luftfilter sind mit Volldichtungen versiegelt<\/li>\n\n\n\n<li>Zu den Filteroptionen geh\u00f6ren: Vorfilterung, ein Sekund\u00e4rfilter, HEPA- oder Absorptionsfilter<\/li>\n\n\n\n<li>4000cfm (6800m\u00b3&#8217;hr) Einheit<\/li>\n\n\n\n<li>Richtungsabh\u00e4ngige Lamellen f\u00fcr die R\u00fcckluft einstellbar<\/li>\n\n\n\n<li>LED-Anzeigen f\u00fcr Filterdruckabfall und Ger\u00e4tebetrieb.<\/li>\n\n\n\n<li>Serviceklappe bietet Zugang zu allen Komponenten<\/li>\n\n\n\n<li>Stromoptionen: 120VAC-1Ph, 230VAC-3Ph,480VAC-3Ph<\/li>\n<\/ul>\n\n\n\n<div style=\"height:20px\" aria-hidden=\"true\" class=\"wp-block-spacer\"><\/div>\n\n\n\n<h6 class=\"wp-block-heading\">SPEZIFIKATIONEN<\/h6>\n\n\n\n<figure class=\"wp-block-table has-small-font-size\"><table><tbody><tr><td>Teilenummer<\/td><td>FES-SW-4000<\/td><\/tr><tr><td>Nennluftstrom<\/td><td>4000 cfm <br>(6800 m<sup>3<\/sup>\/hr)<\/td><\/tr><tr><td>Luftwechsel pro Stunde f\u00fcr 140m3 Kabine<\/td><td>50<\/td><\/tr><tr><td>Vorfilter<\/td><td>optional<\/td><\/tr><tr><td>Endg\u00fcltiger Filter<\/td><td>HEPA or Absorbent filter<\/td><\/tr><tr><td>Kanister<\/td><td>optional<\/td><\/tr><tr><td>Schallpegel im Umkreis von 5 Fu\u00df<\/td><td>73 dB<\/td><\/tr><tr><td>Betriebsgewicht<\/td><td>227 kg<\/td><\/tr><tr><td>Abmessungen<\/td><td>1.4 x 0.8 x 1.9 m <\/td><\/tr><tr><td>Spannung<\/td><td>120VAC 1-Ph<br>230VAC 3-Ph<br>480VAC 3-Ph<\/td><\/tr><tr><td>Stromverbrauch<\/td><td>1030 W<\/td><\/tr><tr><td>Wurf (Entfernung bei 100fpm)<\/td><td>30.5 m<\/td><\/tr><\/tbody><\/table><\/figure>\n","protected":false},"excerpt":{"rendered":"<header class=\"entry-header\">\n<h6 class=\"entry-title\">Gefiltertes Rauchabsaugsystem f\u00fcr Laser<\/h6>\n<p>Der Swallow ist ein Luftreiniger, der f\u00fcr die Entfernung von Partikeln und gasf\u00f6rmigen Verunreinigungen entwickelt wurde und normalerweise \u00fcber dem Arbeitsbereich des Laserprozesses aufgeh\u00e4ngt wird.<\/p>\n<\/header>\n","protected":false},"featured_media":7729,"comment_status":"closed","ping_status":"closed","template":"","meta":{"_acf_changed":false,"_kad_blocks_custom_css":"","_kad_blocks_head_custom_js":"","_kad_blocks_body_custom_js":"","_kad_blocks_footer_custom_js":"","_EventAllDay":false,"_EventTimezone":"","_EventStartDate":"","_EventEndDate":"","_EventStartDateUTC":"","_EventEndDateUTC":"","_EventShowMap":false,"_EventShowMapLink":false,"_EventURL":"","_EventCost":"","_EventCostDescription":"","_EventCurrencySymbol":"","_EventCurrencyCode":"","_EventCurrencyPosition":"","_EventDateTimeSeparator":"","_EventTimeRangeSeparator":"","_EventOrganizerID":[],"_EventVenueID":[],"_OrganizerEmail":"","_OrganizerPhone":"","_OrganizerWebsite":"","_VenueAddress":"","_VenueCity":"","_VenueCountry":"","_VenueProvince":"","_VenueState":"","_VenueZip":"","_VenuePhone":"","_VenueURL":"","_VenueStateProvince":"","_VenueLat":"","_VenueLng":"","_VenueShowMap":false,"_VenueShowMapLink":false,"_kadence_starter_templates_imported_post":false,"_kad_post_transparent":"","_kad_post_title":"","_kad_post_layout":"","_kad_post_sidebar_id":"","_kad_post_content_style":"","_kad_post_vertical_padding":"","_kad_post_feature":"","_kad_post_feature_position":"","_kad_post_header":false,"_kad_post_footer":false,"_kad_post_classname":""},"product_brand":[],"product_cat":[46],"product_tag":[33,35,37],"class_list":{"0":"post-7726","1":"product","2":"type-product","3":"status-publish","4":"has-post-thumbnail","6":"product_cat-laserschutzkabinen","7":"product_tag-aerospace","8":"product_tag-automobilindustrie","9":"product_tag-industriell","11":"first","12":"instock","13":"shipping-taxable","14":"product-type-simple","15":"entry","16":"content-bg","17":"loop-entry"},"acf":[],"taxonomy_info":{"product_cat":[{"value":46,"label":"Laserschutzkabinen"}],"product_tag":[{"value":33,"label":"Aerospace"},{"value":35,"label":"Automobilindustrie"},{"value":37,"label":"Industriell"}]},"featured_image_src_large":["https:\/\/www.lasermet.com\/de\/wp-content\/uploads\/sites\/3\/2023\/04\/Swallow.png",500,500,false],"author_info":[],"comment_info":0,"_links":{"self":[{"href":"https:\/\/www.lasermet.com\/de\/wp-json\/wp\/v2\/product\/7726","targetHints":{"allow":["GET"]}}],"collection":[{"href":"https:\/\/www.lasermet.com\/de\/wp-json\/wp\/v2\/product"}],"about":[{"href":"https:\/\/www.lasermet.com\/de\/wp-json\/wp\/v2\/types\/product"}],"replies":[{"embeddable":true,"href":"https:\/\/www.lasermet.com\/de\/wp-json\/wp\/v2\/comments?post=7726"}],"wp:featuredmedia":[{"embeddable":true,"href":"https:\/\/www.lasermet.com\/de\/wp-json\/wp\/v2\/media\/7729"}],"wp:attachment":[{"href":"https:\/\/www.lasermet.com\/de\/wp-json\/wp\/v2\/media?parent=7726"}],"wp:term":[{"taxonomy":"product_brand","embeddable":true,"href":"https:\/\/www.lasermet.com\/de\/wp-json\/wp\/v2\/product_brand?post=7726"},{"taxonomy":"product_cat","embeddable":true,"href":"https:\/\/www.lasermet.com\/de\/wp-json\/wp\/v2\/product_cat?post=7726"},{"taxonomy":"product_tag","embeddable":true,"href":"https:\/\/www.lasermet.com\/de\/wp-json\/wp\/v2\/product_tag?post=7726"}],"curies":[{"name":"wp","href":"https:\/\/api.w.org\/{rel}","templated":true}]}}