{"id":77,"date":"2022-02-07T07:40:46","date_gmt":"2022-02-07T07:40:46","guid":{"rendered":"https:\/\/blooms.fuelthemes.net\/?post_type=product&#038;p=77"},"modified":"2025-09-17T05:24:56","modified_gmt":"2025-09-17T05:24:56","slug":"glaser-jailer-active-laser-window","status":"publish","type":"product","link":"https:\/\/www.lasermet.com\/de\/laserschutzprodukte\/glaser-jailer-active-laser-window\/","title":{"rendered":"Glaser Jailer"},"content":{"rendered":"\n<div class=\"wp-block-buttons is-layout-flex wp-block-buttons-is-layout-flex\">\n<div class=\"wp-block-button\"><a class=\"wp-block-button__link has-text-color has-background wp-element-button\" href=\"https:\/\/forms.monday.com\/forms\/a2f3f0ed66e014763250d36101a64a80?r=use1\" style=\"color:#1d1f8c;background-color:#ffcc01\" rel=\"noopener\">Brosch\u00fcre herunterladen<\/a><\/div>\n<\/div>\n\n\n\n<div style=\"height:29px\" aria-hidden=\"true\" class=\"wp-block-spacer\"><\/div>\n\n\n<div class=\"wp-block-image\">\n<figure class=\"aligncenter size-full is-resized\"><img loading=\"lazy\" decoding=\"async\" width=\"679\" height=\"203\" src=\"https:\/\/www.lasermetgmbh.de\/wp-content\/uploads\/2022\/02\/Glaser-Jailer-2.png\" alt=\"\" class=\"wp-image-5465\" style=\"width:456px;height:136px\" srcset=\"https:\/\/www.lasermet.com\/de\/wp-content\/uploads\/sites\/3\/2022\/02\/Glaser-Jailer-2.png 679w, https:\/\/www.lasermet.com\/de\/wp-content\/uploads\/sites\/3\/2022\/02\/Glaser-Jailer-2-300x90.png 300w, https:\/\/www.lasermet.com\/de\/wp-content\/uploads\/sites\/3\/2022\/02\/Glaser-Jailer-2-600x179.png 600w\" sizes=\"auto, (max-width: 679px) 100vw, 679px\" \/><\/figure>\n<\/div>\n\n\n<div style=\"height:29px\" aria-hidden=\"true\" class=\"wp-block-spacer\"><\/div>\n\n\n\n<div class=\"wp-block-cover alignright is-light\"><img decoding=\"async\" class=\"wp-block-cover__image-background wp-image-8175\" alt=\"\" src=\"https:\/\/www.lasermetgmbh.de\/wp-content\/uploads\/2022\/02\/glaser-jailer_@0.5x-scaled.jpg\" data-object-fit=\"cover\" \/><span aria-hidden=\"true\" class=\"wp-block-cover__background has-background-dim\"><\/span><div class=\"wp-block-cover__inner-container is-layout-flow wp-block-cover-is-layout-flow\">\n<p class=\"has-text-align-center has-large-font-size\"><\/p>\n<\/div><\/div>\n\n\n\n<p>Der Glaser Jailer wird in der Regel in die Paneele oder T\u00fcren der Laserschutzkabine von Laser Castle eingebaut und ist mit dem Interlock\u00ae-Kontrollsystem verbunden, so dass Laserschwei\u00dfarbeiten sicher von au\u00dferhalb der Kabine beobachtet werden k\u00f6nnen.<\/p>\n\n\n\n<p>Auf diese Weise k\u00f6nnen Laser mit mehreren Kilowatt Leistung (bis zu 10 kW), die zum Schwei\u00dfen, Schneiden und Beschichten verwendet werden, sicher gemacht werden, so dass weder das Personal noch die umliegende Infrastruktur besch\u00e4digt werden. Das Glaser Jailer Fenster ist f\u00fcr alle Laserleistungen, Wellenl\u00e4ngen und Wellenformen geeignet.<\/p>\n\n\n\n<p>In Verbindung mit dem aktiven Laserschutzsystem Lasermet Laser Jailer bietet es eine komplette aktive L\u00f6sung. Diese revolution\u00e4re, aktive und patentierte Technologie ist bereits weltweit im Einsatz und hat sich bereits bew\u00e4hrt.<\/p>\n\n\n\n<p>Die Glaser Jailer-Fenster werden st\u00e4ndig vom Interlock\u00ae-Kontrollsystem \u00fcberwacht, wenn der Laser in Betrieb ist. Ein direkter Treffer durch einen starken Laser f\u00fchrt dazu, dass das Fenster die Interlock\u00ae-Steuerung aktiviert, die dann den Laser ausschaltet. Diese ausfallsichere Technologie isoliert den Lasersicherheitseingang in weniger als 25 Millisekunden.<\/p>\n\n\n\n<p>Das Fenster sollte nach einem Volltreffer ausgetauscht werden, aber erst, nachdem die Ursache des Volltreffers untersucht wurde und wenn Korrekturma\u00dfnahmen ergriffen wurden, um eine Wiederholung zu verhindern.<\/p>\n\n\n\n<h6 class=\"wp-block-heading\">STANDARDGR\u00d6SSEN<\/h6>\n\n\n\n<figure class=\"wp-block-table\"><table><tbody><tr><td>A4 Gr\u00f6\u00dfe<\/td><td>276 x 368mm<br>(210mm x 297mm Sichtbereich)<\/td><\/tr><tr><td>Volle Gr\u00f6\u00dfe<\/td><td>830mm x 630mm<br>(770mm x 570mm Sichtbereich)<\/td><\/tr><\/tbody><\/table><\/figure>\n\n\n\n<p>Kundenspezifische Gr\u00f6\u00dfen sind erh\u00e4ltlich, um die Anforderungen der Kunden zu erf\u00fcllen.<\/p>\n\n\n\n<div style=\"height:20px\" aria-hidden=\"true\" class=\"wp-block-spacer\"><\/div>\n\n\n\n<h6 class=\"wp-block-heading\">ZERTIFIZIERTE LASERSICHERHEIT<\/h6>\n\n\n\n<p>Der Glaser Jailer kann in eine zertifizierte Laserschutzkabine der Klasse 1 (f\u00fcr Multi-kW-Laser der Klasse 4) gem\u00e4\u00df BS EN IEC 60825-4 eingebaut werden und Teil dieser Kabine sein.<\/p>\n\n\n\n<div style=\"height:43px\" aria-hidden=\"true\" class=\"wp-block-spacer\"><\/div>\n\n\n\n<figure class=\"wp-block-gallery has-nested-images columns-default is-cropped wp-block-gallery-1 is-layout-flex wp-block-gallery-is-layout-flex\">\n<figure class=\"wp-block-image size-large\"><img loading=\"lazy\" decoding=\"async\" width=\"640\" height=\"480\" data-id=\"5477\" src=\"https:\/\/www.lasermetgmbh.de\/wp-content\/uploads\/2022\/02\/2.jpg\" alt=\"\" class=\"wp-image-5477\" srcset=\"https:\/\/www.lasermet.com\/de\/wp-content\/uploads\/sites\/3\/2022\/02\/2.jpg 640w, https:\/\/www.lasermet.com\/de\/wp-content\/uploads\/sites\/3\/2022\/02\/2-300x225.jpg 300w, https:\/\/www.lasermet.com\/de\/wp-content\/uploads\/sites\/3\/2022\/02\/2-600x450.jpg 600w\" sizes=\"auto, (max-width: 640px) 100vw, 640px\" \/><\/figure>\n\n\n\n<figure class=\"wp-block-image size-large\"><img loading=\"lazy\" decoding=\"async\" width=\"640\" height=\"480\" data-id=\"5482\" src=\"https:\/\/www.lasermetgmbh.de\/wp-content\/uploads\/2022\/02\/30.jpg\" alt=\"\" class=\"wp-image-5482\" srcset=\"https:\/\/www.lasermet.com\/de\/wp-content\/uploads\/sites\/3\/2022\/02\/30.jpg 640w, https:\/\/www.lasermet.com\/de\/wp-content\/uploads\/sites\/3\/2022\/02\/30-300x225.jpg 300w, https:\/\/www.lasermet.com\/de\/wp-content\/uploads\/sites\/3\/2022\/02\/30-600x450.jpg 600w\" sizes=\"auto, (max-width: 640px) 100vw, 640px\" \/><\/figure>\n\n\n\n<figure class=\"wp-block-image size-large\"><img loading=\"lazy\" decoding=\"async\" width=\"640\" height=\"480\" data-id=\"5481\" src=\"https:\/\/www.lasermetgmbh.de\/wp-content\/uploads\/2022\/02\/27.jpg\" alt=\"\" class=\"wp-image-5481\" srcset=\"https:\/\/www.lasermet.com\/de\/wp-content\/uploads\/sites\/3\/2022\/02\/27.jpg 640w, https:\/\/www.lasermet.com\/de\/wp-content\/uploads\/sites\/3\/2022\/02\/27-300x225.jpg 300w, https:\/\/www.lasermet.com\/de\/wp-content\/uploads\/sites\/3\/2022\/02\/27-600x450.jpg 600w\" sizes=\"auto, (max-width: 640px) 100vw, 640px\" \/><\/figure>\n\n\n\n<figure class=\"wp-block-image size-large\"><img loading=\"lazy\" decoding=\"async\" width=\"640\" height=\"480\" data-id=\"5480\" src=\"https:\/\/www.lasermetgmbh.de\/wp-content\/uploads\/2022\/02\/20.jpg\" alt=\"\" class=\"wp-image-5480\" srcset=\"https:\/\/www.lasermet.com\/de\/wp-content\/uploads\/sites\/3\/2022\/02\/20.jpg 640w, https:\/\/www.lasermet.com\/de\/wp-content\/uploads\/sites\/3\/2022\/02\/20-300x225.jpg 300w, https:\/\/www.lasermet.com\/de\/wp-content\/uploads\/sites\/3\/2022\/02\/20-600x450.jpg 600w\" sizes=\"auto, (max-width: 640px) 100vw, 640px\" \/><\/figure>\n\n\n\n<figure class=\"wp-block-image size-large\"><img loading=\"lazy\" decoding=\"async\" width=\"640\" height=\"480\" data-id=\"5479\" src=\"https:\/\/www.lasermetgmbh.de\/wp-content\/uploads\/2022\/02\/18.jpg\" alt=\"\" class=\"wp-image-5479\" srcset=\"https:\/\/www.lasermet.com\/de\/wp-content\/uploads\/sites\/3\/2022\/02\/18.jpg 640w, https:\/\/www.lasermet.com\/de\/wp-content\/uploads\/sites\/3\/2022\/02\/18-300x225.jpg 300w, https:\/\/www.lasermet.com\/de\/wp-content\/uploads\/sites\/3\/2022\/02\/18-600x450.jpg 600w\" sizes=\"auto, (max-width: 640px) 100vw, 640px\" \/><\/figure>\n\n\n\n<figure class=\"wp-block-image size-large\"><img loading=\"lazy\" decoding=\"async\" width=\"640\" height=\"480\" data-id=\"5478\" src=\"https:\/\/www.lasermetgmbh.de\/wp-content\/uploads\/2022\/02\/16.jpg\" alt=\"\" class=\"wp-image-5478\" srcset=\"https:\/\/www.lasermet.com\/de\/wp-content\/uploads\/sites\/3\/2022\/02\/16.jpg 640w, https:\/\/www.lasermet.com\/de\/wp-content\/uploads\/sites\/3\/2022\/02\/16-300x225.jpg 300w, https:\/\/www.lasermet.com\/de\/wp-content\/uploads\/sites\/3\/2022\/02\/16-600x450.jpg 600w\" sizes=\"auto, (max-width: 640px) 100vw, 640px\" \/><\/figure>\n<figcaption class=\"blocks-gallery-caption wp-element-caption\">Enclosure Installations with the Glaser Jailer<\/figcaption><\/figure>\n\n\n\n<div style=\"height:70px\" aria-hidden=\"true\" class=\"wp-block-spacer\"><\/div>\n\n\n\n<figure class=\"wp-block-embed is-type-video is-provider-youtube wp-block-embed-youtube wp-embed-aspect-4-3 wp-has-aspect-ratio\"><div class=\"wp-block-embed__wrapper\">\n<iframe loading=\"lazy\" title=\"Laser filter windows struck by kW lasers - the results\" width=\"720\" height=\"540\" src=\"https:\/\/www.youtube.com\/embed\/ul0HNMP5LZ8?start=2&#038;feature=oembed\" frameborder=\"0\" allow=\"accelerometer; autoplay; clipboard-write; encrypted-media; gyroscope; picture-in-picture; web-share\" referrerpolicy=\"strict-origin-when-cross-origin\" allowfullscreen><\/iframe>\n<\/div><\/figure>\n","protected":false},"excerpt":{"rendered":"<h6>Aktives Laserschutzfenster<\/h6>\n<p>Aktives Laserschutzfenster<br \/>Der Glaser Jailer ist ein ausfallsicheres Sicherheitssystem, mit dem Hochleistungslaser praktisch sofort abgeschaltet werden k\u00f6nnen, wenn der Laserstrahl versehentlich auf das Fenster trifft. Es ist f\u00fcr alle Laserleistungen, Wellenl\u00e4ngen und Wellenformen geeignet. Das Glaser Jailer System isoliert den Lasersicherheitseingang innerhalb von 25 ms nach einem unbeabsichtigten Auftreffen auf das Laserfenster und macht den Laser damit sicher.<\/p>\n<ul>\n<li>Interlock\u00ae Sicherheit<\/li>\n<li>Geeignet f\u00fcr Laserschutzkabinen der Klasse 1<\/li>\n<li>Zertifiziert nach BS EN IEC 60825-4<\/li>\n<\/ul>\n","protected":false},"featured_media":8175,"comment_status":"closed","ping_status":"closed","template":"","meta":{"_acf_changed":false,"_kad_blocks_custom_css":"","_kad_blocks_head_custom_js":"","_kad_blocks_body_custom_js":"","_kad_blocks_footer_custom_js":"","_EventAllDay":false,"_EventTimezone":"","_EventStartDate":"","_EventEndDate":"","_EventStartDateUTC":"","_EventEndDateUTC":"","_EventShowMap":false,"_EventShowMapLink":false,"_EventURL":"","_EventCost":"","_EventCostDescription":"","_EventCurrencySymbol":"","_EventCurrencyCode":"","_EventCurrencyPosition":"","_EventDateTimeSeparator":"","_EventTimeRangeSeparator":"","_EventOrganizerID":[],"_EventVenueID":[],"_OrganizerEmail":"","_OrganizerPhone":"","_OrganizerWebsite":"","_VenueAddress":"","_VenueCity":"","_VenueCountry":"","_VenueProvince":"","_VenueState":"","_VenueZip":"","_VenuePhone":"","_VenueURL":"","_VenueStateProvince":"","_VenueLat":"","_VenueLng":"","_VenueShowMap":false,"_VenueShowMapLink":false,"_kadence_starter_templates_imported_post":false,"_kad_post_transparent":"","_kad_post_title":"","_kad_post_layout":"","_kad_post_sidebar_id":"","_kad_post_content_style":"","_kad_post_vertical_padding":"","_kad_post_feature":"","_kad_post_feature_position":"","_kad_post_header":false,"_kad_post_footer":false,"_kad_post_classname":""},"product_brand":[],"product_cat":[32],"product_tag":[33,35,36,37],"class_list":{"0":"post-77","1":"product","2":"type-product","3":"status-publish","4":"has-post-thumbnail","6":"product_cat-active-guarding","7":"product_tag-aerospace","8":"product_tag-automobilindustrie","9":"product_tag-forschung","10":"product_tag-industriell","12":"first","13":"instock","14":"shipping-taxable","15":"product-type-simple","16":"entry","17":"content-bg","18":"loop-entry"},"acf":[],"taxonomy_info":{"product_cat":[{"value":32,"label":"Active Guarding"}],"product_tag":[{"value":33,"label":"Aerospace"},{"value":35,"label":"Automobilindustrie"},{"value":36,"label":"Forschung und Entwicklung"},{"value":37,"label":"Industriell"}]},"featured_image_src_large":["https:\/\/www.lasermet.com\/de\/wp-content\/uploads\/sites\/3\/2022\/02\/glaser-jailer_@0.5x-scaled-1-1024x1024.jpg",1024,1024,true],"author_info":[],"comment_info":0,"_links":{"self":[{"href":"https:\/\/www.lasermet.com\/de\/wp-json\/wp\/v2\/product\/77","targetHints":{"allow":["GET"]}}],"collection":[{"href":"https:\/\/www.lasermet.com\/de\/wp-json\/wp\/v2\/product"}],"about":[{"href":"https:\/\/www.lasermet.com\/de\/wp-json\/wp\/v2\/types\/product"}],"replies":[{"embeddable":true,"href":"https:\/\/www.lasermet.com\/de\/wp-json\/wp\/v2\/comments?post=77"}],"wp:featuredmedia":[{"embeddable":true,"href":"https:\/\/www.lasermet.com\/de\/wp-json\/wp\/v2\/media\/8175"}],"wp:attachment":[{"href":"https:\/\/www.lasermet.com\/de\/wp-json\/wp\/v2\/media?parent=77"}],"wp:term":[{"taxonomy":"product_brand","embeddable":true,"href":"https:\/\/www.lasermet.com\/de\/wp-json\/wp\/v2\/product_brand?post=77"},{"taxonomy":"product_cat","embeddable":true,"href":"https:\/\/www.lasermet.com\/de\/wp-json\/wp\/v2\/product_cat?post=77"},{"taxonomy":"product_tag","embeddable":true,"href":"https:\/\/www.lasermet.com\/de\/wp-json\/wp\/v2\/product_tag?post=77"}],"curies":[{"name":"wp","href":"https:\/\/api.w.org\/{rel}","templated":true}]}}