{"id":5987,"date":"2023-02-27T07:32:10","date_gmt":"2023-02-27T07:32:10","guid":{"rendered":"https:\/\/www.lasermetgmbh.de\/?post_type=product&amp;p=5987"},"modified":"2023-02-27T07:32:10","modified_gmt":"2023-02-27T07:32:10","slug":"water-cooled-beam-dump","status":"publish","type":"product","link":"https:\/\/www.lasermet.com\/de\/laserschutzprodukte\/water-cooled-beam-dump\/","title":{"rendered":"Water-Cooled Beam Dump"},"content":{"rendered":"\n<div style=\"height:20px\" aria-hidden=\"true\" class=\"wp-block-spacer\"><\/div>\n\n\n\n<div class=\"wp-block-buttons is-layout-flex wp-block-buttons-is-layout-flex\">\n<div class=\"wp-block-button\"><a class=\"wp-block-button__link has-text-color has-background wp-element-button\" href=\"https:\/\/forms.monday.com\/forms\/850d1b398e3663ad4dd79c60884b2356?r=use1\" style=\"color:#1d1f8c;background-color:#ffcc01\" target=\"_blank\" rel=\"noreferrer noopener\">Brosch\u00fcre herunterladen<\/a><\/div>\n<\/div>\n\n\n\n<div style=\"height:20px\" aria-hidden=\"true\" class=\"wp-block-spacer\"><\/div>\n\n\n\n<p>Der wassergek\u00fchlte Beam Dump BD-HCX-45 verwendet ein geschlossenes K\u00fchlsystem, um die Energie des Laserstrahls zu absorbieren. Es gibt zwei Wassereinl\u00e4sse und zwei Wasserausl\u00e4sse, f\u00fcr die ein Schlauch mit 12 mm Durchmesser (1\/2\u2033) verwendet wird; die L\u00e4nge des Schlauchs h\u00e4ngt von der Entfernung des Wassertanks zum Beam Dump ab.<\/p>\n\n\n\n<p>Um Wasserlecks zu vermeiden, ist eine Schlauchschelle vorgesehen. Vergewissern Sie sich, dass die Schlauchklemmen sicher befestigt sind, um Wasserlecks zu vermeiden, bevor Sie den Balken ablassen. Der empfohlene Aufbau ist in der Abbildung unten dargestellt.<\/p>\n\n\n\n<div style=\"height:20px\" aria-hidden=\"true\" class=\"wp-block-spacer\"><\/div>\n\n\n\n<div style=\"height:35px\" aria-hidden=\"true\" class=\"wp-block-spacer\"><\/div>\n\n\n\n<div style=\"height:20px\" aria-hidden=\"true\" class=\"wp-block-spacer\"><\/div>\n\n\n<div class=\"wp-block-image\">\n<figure class=\"aligncenter size-full is-resized\"><img loading=\"lazy\" decoding=\"async\" width=\"746\" height=\"403\" src=\"https:\/\/www.lasermetgmbh.de\/wp-content\/uploads\/2023\/08\/BD-HCX-45-cooling-system.jpg\" alt=\"\" class=\"wp-image-8148\" style=\"aspect-ratio:1.8507462686567164;width:583px;height:auto\" srcset=\"https:\/\/www.lasermet.com\/de\/wp-content\/uploads\/sites\/3\/2023\/08\/BD-HCX-45-cooling-system.jpg 746w, https:\/\/www.lasermet.com\/de\/wp-content\/uploads\/sites\/3\/2023\/08\/BD-HCX-45-cooling-system-300x162.jpg 300w, https:\/\/www.lasermet.com\/de\/wp-content\/uploads\/sites\/3\/2023\/08\/BD-HCX-45-cooling-system-600x324.jpg 600w\" sizes=\"auto, (max-width: 746px) 100vw, 746px\" \/><\/figure>\n<\/div>\n\n\n<div style=\"height:40px\" aria-hidden=\"true\" class=\"wp-block-spacer\"><\/div>\n\n\n\n<h6 class=\"wp-block-heading\">SPEZIFIKATIONEN<\/h6>\n\n\n\n<figure class=\"wp-block-table has-small-font-size\"><table><tbody><tr><td>Abmessungen<\/td><td>114 x 135 x 104 mm<\/td><\/tr><tr><td>Gewicht<\/td><td>2 kg<\/td><\/tr><tr><td>Blende Gr\u00f6\u00dfe<\/td><td>45 mm<\/td><\/tr><tr><td>Material<\/td><td>Anodised Aluminium<\/td><\/tr><\/tbody><\/table><\/figure>\n\n\n\n<div style=\"height:40px\" aria-hidden=\"true\" class=\"wp-block-spacer\"><\/div>\n\n\n\n<h6 class=\"wp-block-heading\">WASSERBEDARF<\/h6>\n\n\n\n<figure class=\"wp-block-table has-small-font-size\"><table><tbody><tr><td>Qualit\u00e4t<\/td><td>Distilled<\/td><\/tr><tr><td>Temperatur<\/td><td>15 \u2013 25 \u00b0C<\/td><\/tr><tr><td>Druck<\/td><td>&lt;60 psi<\/td><\/tr><tr><td>Durchflussmenge der Pumpe<\/td><td>&gt;1000 LPH or &gt;264 GPH<\/td><\/tr><\/tbody><\/table><\/figure>\n\n\n\n<div style=\"height:20px\" aria-hidden=\"true\" class=\"wp-block-spacer\"><\/div>\n\n\n\n<h6 class=\"wp-block-heading\">DIMENSION<\/h6>\n\n\n\n<figure class=\"wp-block-image size-full is-resized\"><img loading=\"lazy\" decoding=\"async\" width=\"1297\" height=\"723\" src=\"https:\/\/www.lasermetgmbh.de\/wp-content\/uploads\/2023\/02\/Water-cooled-Beam-dump-Dimensions.png\" alt=\"\" class=\"wp-image-8583\" style=\"width:725px;height:auto\" srcset=\"https:\/\/www.lasermet.com\/de\/wp-content\/uploads\/sites\/3\/2023\/02\/Water-cooled-Beam-dump-Dimensions.png 1297w, https:\/\/www.lasermet.com\/de\/wp-content\/uploads\/sites\/3\/2023\/02\/Water-cooled-Beam-dump-Dimensions-300x167.png 300w, https:\/\/www.lasermet.com\/de\/wp-content\/uploads\/sites\/3\/2023\/02\/Water-cooled-Beam-dump-Dimensions-1024x571.png 1024w, https:\/\/www.lasermet.com\/de\/wp-content\/uploads\/sites\/3\/2023\/02\/Water-cooled-Beam-dump-Dimensions-768x428.png 768w, https:\/\/www.lasermet.com\/de\/wp-content\/uploads\/sites\/3\/2023\/02\/Water-cooled-Beam-dump-Dimensions-600x334.png 600w\" sizes=\"auto, (max-width: 1297px) 100vw, 1297px\" \/><\/figure>\n","protected":false},"excerpt":{"rendered":"<h6>BD-HCX-45<\/h6>\n<p>Der wassergek\u00fchlte Strahlabwurf von Lasermet verwendet ein geschlossenes Wasserversorgungssystem zur Absorption der Laserstrahlenergie.<\/p>\n<p>Dieses System ist f\u00fcr den Einsatz in Verbindung mit einem geeigneten Laserstrahl-Shutter konzipiert. Wenn der Shutter geschlossen ist, wird der eintreffende Laserstrahl in Richtung seiner Strahlabwurf\u00f6ffnung abgelenkt.<\/p>\n","protected":false},"featured_media":8586,"comment_status":"closed","ping_status":"closed","template":"","meta":{"_acf_changed":false,"_kad_blocks_custom_css":"","_kad_blocks_head_custom_js":"","_kad_blocks_body_custom_js":"","_kad_blocks_footer_custom_js":"","_EventAllDay":false,"_EventTimezone":"","_EventStartDate":"","_EventEndDate":"","_EventStartDateUTC":"","_EventEndDateUTC":"","_EventShowMap":false,"_EventShowMapLink":false,"_EventURL":"","_EventCost":"","_EventCostDescription":"","_EventCurrencySymbol":"","_EventCurrencyCode":"","_EventCurrencyPosition":"","_EventDateTimeSeparator":"","_EventTimeRangeSeparator":"","_EventOrganizerID":[],"_EventVenueID":[],"_OrganizerEmail":"","_OrganizerPhone":"","_OrganizerWebsite":"","_VenueAddress":"","_VenueCity":"","_VenueCountry":"","_VenueProvince":"","_VenueState":"","_VenueZip":"","_VenuePhone":"","_VenueURL":"","_VenueStateProvince":"","_VenueLat":"","_VenueLng":"","_VenueShowMap":false,"_VenueShowMapLink":false,"_kadence_starter_templates_imported_post":false,"_kad_post_transparent":"","_kad_post_title":"","_kad_post_layout":"","_kad_post_sidebar_id":"","_kad_post_content_style":"","_kad_post_vertical_padding":"","_kad_post_feature":"","_kad_post_feature_position":"","_kad_post_header":false,"_kad_post_footer":false,"_kad_post_classname":""},"product_brand":[],"product_cat":[53],"product_tag":[36],"class_list":{"0":"post-5987","1":"product","2":"type-product","3":"status-publish","4":"has-post-thumbnail","6":"product_cat-strahlfaenger","7":"product_tag-forschung","9":"first","10":"instock","11":"shipping-taxable","12":"product-type-simple","13":"entry","14":"content-bg","15":"loop-entry"},"acf":[],"taxonomy_info":{"product_cat":[{"value":53,"label":"Strahlf\u00e4nger"}],"product_tag":[{"value":36,"label":"Forschung und Entwicklung"}]},"featured_image_src_large":["https:\/\/www.lasermet.com\/de\/wp-content\/uploads\/sites\/3\/2023\/02\/Water-cooled-BD-Top.png",500,500,false],"author_info":[],"comment_info":0,"_links":{"self":[{"href":"https:\/\/www.lasermet.com\/de\/wp-json\/wp\/v2\/product\/5987","targetHints":{"allow":["GET"]}}],"collection":[{"href":"https:\/\/www.lasermet.com\/de\/wp-json\/wp\/v2\/product"}],"about":[{"href":"https:\/\/www.lasermet.com\/de\/wp-json\/wp\/v2\/types\/product"}],"replies":[{"embeddable":true,"href":"https:\/\/www.lasermet.com\/de\/wp-json\/wp\/v2\/comments?post=5987"}],"wp:featuredmedia":[{"embeddable":true,"href":"https:\/\/www.lasermet.com\/de\/wp-json\/wp\/v2\/media\/8586"}],"wp:attachment":[{"href":"https:\/\/www.lasermet.com\/de\/wp-json\/wp\/v2\/media?parent=5987"}],"wp:term":[{"taxonomy":"product_brand","embeddable":true,"href":"https:\/\/www.lasermet.com\/de\/wp-json\/wp\/v2\/product_brand?post=5987"},{"taxonomy":"product_cat","embeddable":true,"href":"https:\/\/www.lasermet.com\/de\/wp-json\/wp\/v2\/product_cat?post=5987"},{"taxonomy":"product_tag","embeddable":true,"href":"https:\/\/www.lasermet.com\/de\/wp-json\/wp\/v2\/product_tag?post=5987"}],"curies":[{"name":"wp","href":"https:\/\/api.w.org\/{rel}","templated":true}]}}