{"id":5984,"date":"2023-02-27T07:29:35","date_gmt":"2023-02-27T07:29:35","guid":{"rendered":"https:\/\/www.lasermetgmbh.de\/?post_type=product&amp;p=5984"},"modified":"2023-02-27T07:29:35","modified_gmt":"2023-02-27T07:29:35","slug":"ls-200-laser-shutter","status":"publish","type":"product","link":"https:\/\/www.lasermet.com\/de\/laserschutzprodukte\/ls-200-laser-shutter\/","title":{"rendered":"LS-200 Laser Shutter"},"content":{"rendered":"\n<p>Der LS200 Laser Safety Shutter wurde entwickelt, um zu verhindern, dass Sie versehentlich potenziell sch\u00e4dlichen Laserstrahlen ausgesetzt werden.<\/p>\n\n\n\n<p>Wenn der Shutter ge\u00f6ffnet ist, tritt der Laserstrahl durch den Shutter in die freie Luft. Wenn der Shutter geschlossen ist, lenkt er den eintreffenden Laserstrahl durch einen separaten Anschluss zu einem geeigneten Strahlf\u00e4nger ab, der angebracht werden muss.<\/p>\n\n\n\n<p>Die Ausr\u00fcstung besteht aus dem LS-200 Shutter mit einem Strom-\/Kommunikationskabel und Befestigungsmuttern. Der luftgek\u00fchlte Beam Dump ist ein separater Artikel, kann aber als komplettes Set &#8211; Shutter und Beam Dump &#8211; geliefert werden. M\u00f6glicherweise m\u00f6chten Sie einen separaten Beam Dump mit h\u00f6herer Kapazit\u00e4t f\u00fcr die Verwendung mit einem Spiegelblatt und Lasern mit h\u00f6herer Leistung verwenden.<\/p>\n\n\n\n<p>Der Shutter verwendet eine durch Schwerkraft schlie\u00dfende Klinge und zwangstrennende Pr\u00fcfkontakte und ist als Teil eines hochintegrierten Sicherheitssystems konzipiert.<\/p>\n\n\n\n<p>Es ist auch eine SIL3-Doppelversion erh\u00e4ltlich, die bei korrekter Verdrahtung mit dem Lasermet Interlock\u00ae Controller System eine Sicherheitsverriegelung\u00ae bieten kann, die die Sicherheitsintegrit\u00e4tsstufe 3 gem\u00e4\u00df EN 61508 und ISO 13849-1 Performance Level &#8218;e&#8216; erf\u00fcllt.<\/p>\n\n\n\n<p>Der Verschluss hat eine \u00d850mm \u00d6ffnung.<\/p>\n\n\n\n<h2 class=\"wp-block-heading\">LS-200 Standard und LS-200 SIL 24 Laser Shutter<\/h2>\n\n\n\n<h3 class=\"wp-block-heading\">KONTROLLM\u00d6GLICHKEITEN<\/h3>\n\n\n\n<p>Der Shutter wird in der Regel von einem Lasermet Interlock\u00ae Controller gesteuert und mit Strom versorgt, wenn alle Sicherheitsverriegelungen geschlossen wurden. Wenn der Interlock\u00ae ausgel\u00f6st wird, schlie\u00dft sich der Shutter sofort. Er kann erst wieder ge\u00f6ffnet werden, wenn das Interlock\u00ae-System wieder aktiviert ist. Es gibt drei Optionen f\u00fcr die Verkabelung des Rollladens.<\/p>\n\n\n\n<ol class=\"wp-block-list\">\n<li>Wenn Sie das Interlock\u00ae-System aktivieren, k\u00f6nnen Sie den Rollladen in Betrieb nehmen. Der Rollladen kann dann mit den Tasten auf der Oberseite des Rollladens ge\u00f6ffnet oder geschlossen werden.<\/li>\n\n\n\n<li>Zus\u00e4tzlich zu der obigen Option 1 kann der Shutter durch externe Steuerungen wie die LS-20 LS-RS Einheiten von Lasermet ferngesteuert ge\u00f6ffnet oder geschlossen werden.<\/li>\n\n\n\n<li>Wenn Sie das Interlock\u00ae aktivieren, wird der Rollladen sofort ge\u00f6ffnet.<\/li>\n<\/ol>\n\n\n\n<h3 class=\"wp-block-heading\">KLINGENOPTIONEN UND SAUBERKEIT DER KLINGE<\/h3>\n\n\n\n<p>Zu den Klingenoptionen geh\u00f6ren: Edelstahl, Kupfer, Keramik und beschichtetes Glas. Die Sauberkeit der Klinge ist wichtig. Eine perfekt saubere Klinge wird einen Strahl erfolgreich umleiten. Es ist wichtig, dass die Klinge sauber gehalten wird, um eine \u00fcberm\u00e4\u00dfige W\u00e4rmeaufnahme zu vermeiden, da dies zur Ablation von Edelstahlklingen f\u00fchren kann.<\/p>\n\n\n\n<h3 class=\"wp-block-heading\">LEISTUNGSBEDINGUNGEN<\/h3>\n\n\n\n<p>Der Standard LS-200 Shutter mit einer Edelstahlklinge ist f\u00fcr einen 100 W Laser mit einem Strahldurchmesser von 10 mm ausgelegt. Er ist f\u00fcr die Verwendung mit dem abgebildeten luftgek\u00fchlten Strahlabzug geeignet. Der Benutzer muss sicherstellen, dass der externe Strahlabzug die Laserenergie absorbieren und ableiten kann. Die PEL-Werte sind unten angegeben.<\/p>\n\n\n\n<h3 class=\"wp-block-heading\">SPEZIFIKATION DER LASERBLOCKIERUNG<\/h3>\n\n\n\n<h4 class=\"wp-block-heading\">Leistungsdichte<\/h4>\n\n\n\n<p>Der LS-200 Standard-Shutter mit einer Edelstahlklinge kann bei einem Strahldurchmesser von 10 mm typischerweise 100 W verarbeiten.<\/p>\n\n\n\n<p>Die PEL-Werte unten gelten f\u00fcr eine Standardklinge aus rostfreiem Stahl.<\/p>\n\n\n\n<figure class=\"wp-block-table\"><table><tbody><tr><td><strong>BESTRAHLTE FL\u00c4CHE<\/strong><\/td><td><strong>PEL (T2) 100 S<\/strong><\/td><td><strong>PEL (T1) 10000 S<\/strong><\/td><\/tr><tr><td>4 mm\u00b2<\/td><td>5 MW\/m\u00b2<\/td><td>5 MW\/m\u00b2<\/td><\/tr><tr><td>20 mm\u00b2<\/td><td>2.5 MW\/m\u00b2<\/td><td>2.5 MW\/m\u00b2<\/td><\/tr><tr><td>80 mm\u00b2<\/td><td>1.3 MW\/m\u00b2<\/td><td>1.3 MW\/m\u00b2<\/td><\/tr><\/tbody><\/table><\/figure>\n","protected":false},"excerpt":{"rendered":"<header class=\"entry-header\">\n<h6 class=\"entry-title\">LS-200 Laserausl\u00f6ser &#8211; Der &#8222;Donnerausl\u00f6ser&#8220;<\/h6>\n<\/header>\n<div class=\"summary\">\n<ul>\n<li>Schwerkraft schlie\u00dfende Klinge<\/li>\n<li>Auswahl an Klingenoptionen<\/li>\n<li>Drei Kontrollm\u00f6glichkeiten<\/li>\n<li>Optionale Strahlenkan\u00e4le: Luftgek\u00fchlt oder wassergek\u00fchlt<\/li>\n<li>Sicherheitsbewertete Optionen:\n<ul>\n<li>LS-200 (Standard) EN ISO 13849-1 PL \u2018c\u2019<\/li>\n<li>LS-200 SIL-24 EN ISO 13849-1 PL \u2018e\u2019 IEC 61508-1 SIL 3<\/li>\n<\/ul>\n<\/li>\n<\/ul>\n<\/div>\n","protected":false},"featured_media":5985,"comment_status":"closed","ping_status":"closed","template":"","meta":{"_acf_changed":false,"_kad_blocks_custom_css":"","_kad_blocks_head_custom_js":"","_kad_blocks_body_custom_js":"","_kad_blocks_footer_custom_js":"","_EventAllDay":false,"_EventTimezone":"","_EventStartDate":"","_EventEndDate":"","_EventStartDateUTC":"","_EventEndDateUTC":"","_EventShowMap":false,"_EventShowMapLink":false,"_EventURL":"","_EventCost":"","_EventCostDescription":"","_EventCurrencySymbol":"","_EventCurrencyCode":"","_EventCurrencyPosition":"","_EventDateTimeSeparator":"","_EventTimeRangeSeparator":"","_EventOrganizerID":[],"_EventVenueID":[],"_OrganizerEmail":"","_OrganizerPhone":"","_OrganizerWebsite":"","_VenueAddress":"","_VenueCity":"","_VenueCountry":"","_VenueProvince":"","_VenueState":"","_VenueZip":"","_VenuePhone":"","_VenueURL":"","_VenueStateProvince":"","_VenueLat":"","_VenueLng":"","_VenueShowMap":false,"_VenueShowMapLink":false,"_kadence_starter_templates_imported_post":false,"_kad_post_transparent":"","_kad_post_title":"","_kad_post_layout":"","_kad_post_sidebar_id":"","_kad_post_content_style":"","_kad_post_vertical_padding":"","_kad_post_feature":"","_kad_post_feature_position":"","_kad_post_header":false,"_kad_post_footer":false,"_kad_post_classname":""},"product_brand":[],"product_cat":[52],"product_tag":[36],"class_list":{"0":"post-5984","1":"product","2":"type-product","3":"status-publish","4":"has-post-thumbnail","6":"product_cat-shutters","7":"product_tag-forschung","9":"first","10":"instock","11":"shipping-taxable","12":"product-type-simple","13":"entry","14":"content-bg","15":"loop-entry"},"acf":[],"taxonomy_info":{"product_cat":[{"value":52,"label":"Shutters"}],"product_tag":[{"value":36,"label":"Forschung und Entwicklung"}]},"featured_image_src_large":["https:\/\/www.lasermet.com\/de\/wp-content\/uploads\/sites\/3\/2023\/02\/LS-200.png",500,500,false],"author_info":[],"comment_info":0,"_links":{"self":[{"href":"https:\/\/www.lasermet.com\/de\/wp-json\/wp\/v2\/product\/5984","targetHints":{"allow":["GET"]}}],"collection":[{"href":"https:\/\/www.lasermet.com\/de\/wp-json\/wp\/v2\/product"}],"about":[{"href":"https:\/\/www.lasermet.com\/de\/wp-json\/wp\/v2\/types\/product"}],"replies":[{"embeddable":true,"href":"https:\/\/www.lasermet.com\/de\/wp-json\/wp\/v2\/comments?post=5984"}],"wp:featuredmedia":[{"embeddable":true,"href":"https:\/\/www.lasermet.com\/de\/wp-json\/wp\/v2\/media\/5985"}],"wp:attachment":[{"href":"https:\/\/www.lasermet.com\/de\/wp-json\/wp\/v2\/media?parent=5984"}],"wp:term":[{"taxonomy":"product_brand","embeddable":true,"href":"https:\/\/www.lasermet.com\/de\/wp-json\/wp\/v2\/product_brand?post=5984"},{"taxonomy":"product_cat","embeddable":true,"href":"https:\/\/www.lasermet.com\/de\/wp-json\/wp\/v2\/product_cat?post=5984"},{"taxonomy":"product_tag","embeddable":true,"href":"https:\/\/www.lasermet.com\/de\/wp-json\/wp\/v2\/product_tag?post=5984"}],"curies":[{"name":"wp","href":"https:\/\/api.w.org\/{rel}","templated":true}]}}