{"id":5982,"date":"2023-02-27T07:21:39","date_gmt":"2023-02-27T07:21:39","guid":{"rendered":"https:\/\/www.lasermetgmbh.de\/?post_type=product&#038;p=5982"},"modified":"2025-08-01T05:44:00","modified_gmt":"2025-08-01T05:44:00","slug":"ls-30-series-laser-shutters","status":"publish","type":"product","link":"https:\/\/www.lasermet.com\/de\/laserschutzprodukte\/ls-30-series-laser-shutters\/","title":{"rendered":"LS-30 Series Laser Shutters"},"content":{"rendered":"\n<div style=\"height:30px\" aria-hidden=\"true\" class=\"wp-block-spacer\"><\/div>\n\n\n\n<div class=\"wp-block-buttons is-layout-flex wp-block-buttons-is-layout-flex\">\n<div class=\"wp-block-button\"><a class=\"wp-block-button__link has-theme-palette-1-color has-text-color has-background has-link-color wp-element-button\" href=\"https:\/\/forms.monday.com\/forms\/7d32c13ad6c77f49c4fec741981db2dd?r=use1\" style=\"background-color:#ffcc01\" target=\"_blank\" rel=\"noreferrer noopener\">Brosch\u00fcre herunterladen<\/a><\/div>\n<\/div>\n\n\n\n<div style=\"height:30px\" aria-hidden=\"true\" class=\"wp-block-spacer\"><\/div>\n\n\n\n<p>Im Vergleich zur LS-20 Serie lassen sich die Rolll\u00e4den der LS-30 Serie in der vertikalen und horizontalen Position bedienen, um eine breitere Palette von Montageoptionen zu erm\u00f6glichen, die Ihren Bed\u00fcrfnissen besser entsprechen.<\/p>\n\n\n\n<p>Die LS-30 Shutters k\u00f6nnen um bis zu 90 Grad aus der Vertikalen gekippt werden, im Gegensatz zu den LS-20, die nur 10 Grad zulassen.<\/p>\n\n\n\n<p>Als Teil eines hochintegrierten Sicherheitssystems konzipiert, verf\u00fcgt es \u00fcber einen federbelasteten Verschluss und positive Testkontakte. In geschlossenem Zustand lenkt der Shutter den eintreffenden Laserstrahl auf ein internes Strahlenb\u00fcndel ab, wo die Energie in W\u00e4rme umgewandelt wird, die in das Aluminiumgeh\u00e4use des Shutters abgeleitet wird. Wenn der Shutter ge\u00f6ffnet ist, durchl\u00e4uft der Laserstrahl den Shutter ohne Unterbrechung.<\/p>\n\n\n\n<p>F\u00fcr die LS-30 Serie sind vier Optionen verf\u00fcgbar:<\/p>\n\n\n\n<ul class=\"wp-block-list\">\n<li>LS-30<\/li>\n\n\n\n<li>LS-30SIL<\/li>\n\n\n\n<li>LS-30-OEM<\/li>\n\n\n\n<li>LS-30SIL-OEM<\/li>\n<\/ul>\n\n\n\n<h5 class=\"wp-block-heading\">SIL-rated Version<\/h5>\n\n\n\n<p>Es ist eine &#8218;SIL3&#8216;-Version erh\u00e4ltlich, die bei korrekter Verdrahtung mit einem Lasermet Interlock\u00ae-Steuerungssystem eine Sicherheitsverriegelung\u00ae bieten kann.<\/p>\n\n\n\n<p>die die Sicherheitsintegrit\u00e4tsstufe 3 nach IEC 61508-1 und die Leistungsstufe &#8218;e&#8216; nach EN 13849-1 erf\u00fcllt.<\/p>\n\n\n\n<h5 class=\"wp-block-heading\">OEM Version<\/h5>\n\n\n\n<p>Der LS-30 ist auch in einer OEM-Version erh\u00e4ltlich, die in die Ausr\u00fcstung des Anwenders integriert werden kann, um ein kundenspezifisches Laserprodukt mit eingebauten Laser-Shuttern herzustellen.<\/p>\n\n\n\n<h6 class=\"wp-block-heading\">KONTROLLM\u00d6GLICHKEITEN<\/h6>\n\n\n\n<p>Die Standardbedienung erfolgt \u00fcber die Tasten &#8218;Open&#8216; und &#8218;Close&#8216; auf der Oberseite des Rollladenkastens, eine Fernschaltung ist ebenfalls m\u00f6glich. Alternativ kann der Verschluss auch so eingestellt werden, dass er sich \u00f6ffnet, sobald der Strom eingeschaltet wird. In jedem Fall schlie\u00dft sich der Shutter, wenn die Stromversorgung unterbrochen wird.<\/p>\n\n\n\n<h6 class=\"wp-block-heading\">STRAHLBLENDE F\u00dcR HOCHLEISTUNGSLASER<\/h6>\n\n\n\n<p>Die maximale Durchschnittsleistung f\u00fcr die Verwendung mit dem internen Beam Dump betr\u00e4gt 20 W. F\u00fcr h\u00f6here Leistungen kann der Beam Dump jedoch leicht entfernt werden, indem er von der Seite des Shuttergeh\u00e4uses abgeschraubt wird. Sie k\u00f6nnen Strahlrohre anbringen und den Strahl auf ein entferntes Beam Dump lenken. Dadurch kann der Shutter f\u00fcr viel h\u00f6here Leistungen verwendet werden, sogar f\u00fcr Laser mit mehreren Kilowatt.<\/p>\n\n\n\n<h6 class=\"wp-block-heading\">OPTIONEN F\u00dcR ROLLLADENBL\u00c4TTER<\/h6>\n\n\n\n<p>Die Verschlussklinge besteht aus rostfreiem Stahl, der f\u00fcr die meisten Anwendungen ausreichend ist. Bei Bedarf kann die Klinge jedoch werkseitig mit Keramik- oder Spiegelklingen ausgestattet werden. Eine externe Strahlabwurfoption ist ebenfalls erh\u00e4ltlich.<\/p>\n\n\n\n<h5 class=\"wp-block-heading\">Spezifikationen<\/h5>\n\n\n\n<figure class=\"wp-block-table has-small-font-size\"><table><tbody><tr><td>Modell Nr.<\/td><td><strong>LS-30<\/strong><\/td><td><strong>LS-30SIL<\/strong><\/td><td><strong>LS-30-OEM<\/strong><\/td><td><strong>LS-30SIL-OEM<\/strong><\/td><\/tr><tr><td>Kan\u00e4le<\/td><td>Single<\/td><td>Dual<\/td><td>Single<\/td><td>Dual<\/td><\/tr><tr><td>Apertur-Durchmesser<\/td><td>16 mm<\/td><td>16 mm<\/td><td>16 mm<\/td><td>16 mm<\/td><\/tr><tr><td>Betriebsspannung<\/td><td>24 V DC<\/td><td>24 V DC<\/td><td>24 VDC<\/td><td>24 VDC<\/td><\/tr><tr><td>Gr\u00f6\u00dfe (mm)<\/td><td>112 x 60 x 74<\/td><td>122 x 78 x 74<\/td><td>91.3 x 40.4 x 63.8<\/td><td>89 x 68.8 x 66.3<\/td><\/tr><tr><td>Gewicht<\/td><td>600g<\/td><td>900g<\/td><td>270g<\/td><td>500g<\/td><\/tr><tr><td>Sicherheits-Integrit\u00e4tsstufe (to IEC 61508-1)<\/td><td>TBA<\/td><td>SIL 3<\/td><td>TBA<\/td><td>SIL 3<\/td><\/tr><tr><td>Leistungsstufe (to EN&nbsp; 13849-1)<\/td><td>\u2018c\u2019<\/td><td>\u2018e\u2019<\/td><td>\u2018c\u2019<\/td><td>\u2018e\u2019<\/td><\/tr><\/tbody><\/table><\/figure>\n\n\n\n<div style=\"height:50px\" aria-hidden=\"true\" class=\"wp-block-spacer\"><\/div>\n\n\n\n<h5 class=\"wp-block-heading\">Abmessungen<\/h5>\n\n\n\n<div class=\"wp-block-columns is-layout-flex wp-container-core-columns-is-layout-9d6595d7 wp-block-columns-is-layout-flex\">\n<div class=\"wp-block-column is-layout-flow wp-block-column-is-layout-flow\">\n<h6 class=\"wp-block-heading has-text-align-center\">LS-30<\/h6>\n\n\n<div class=\"wp-block-image\">\n<figure class=\"aligncenter size-full\"><img loading=\"lazy\" decoding=\"async\" width=\"1024\" height=\"753\" src=\"https:\/\/www.lasermetgmbh.de\/wp-content\/uploads\/2023\/02\/LS-30-1024x753-1.jpg\" alt=\"\" class=\"wp-image-8508\" srcset=\"https:\/\/www.lasermet.com\/de\/wp-content\/uploads\/sites\/3\/2023\/02\/LS-30-1024x753-1.jpg 1024w, https:\/\/www.lasermet.com\/de\/wp-content\/uploads\/sites\/3\/2023\/02\/LS-30-1024x753-1-300x221.jpg 300w, https:\/\/www.lasermet.com\/de\/wp-content\/uploads\/sites\/3\/2023\/02\/LS-30-1024x753-1-768x565.jpg 768w, https:\/\/www.lasermet.com\/de\/wp-content\/uploads\/sites\/3\/2023\/02\/LS-30-1024x753-1-600x441.jpg 600w\" sizes=\"auto, (max-width: 1024px) 100vw, 1024px\" \/><\/figure>\n<\/div><\/div>\n\n\n\n<div class=\"wp-block-column is-layout-flow wp-block-column-is-layout-flow\">\n<h6 class=\"wp-block-heading has-text-align-center\">LS-30SIL<\/h6>\n\n\n<div class=\"wp-block-image\">\n<figure class=\"aligncenter size-full is-resized\"><img loading=\"lazy\" decoding=\"async\" width=\"644\" height=\"518\" src=\"https:\/\/www.lasermetgmbh.de\/wp-content\/uploads\/2023\/02\/LS-30SIL-1.png\" alt=\"\" class=\"wp-image-8509\" style=\"width:494px;height:auto\" srcset=\"https:\/\/www.lasermet.com\/de\/wp-content\/uploads\/sites\/3\/2023\/02\/LS-30SIL-1.png 644w, https:\/\/www.lasermet.com\/de\/wp-content\/uploads\/sites\/3\/2023\/02\/LS-30SIL-1-300x241.png 300w, https:\/\/www.lasermet.com\/de\/wp-content\/uploads\/sites\/3\/2023\/02\/LS-30SIL-1-600x483.png 600w\" sizes=\"auto, (max-width: 644px) 100vw, 644px\" \/><\/figure>\n<\/div><\/div>\n<\/div>\n\n\n\n<div style=\"height:30px\" aria-hidden=\"true\" class=\"wp-block-spacer\"><\/div>\n\n\n\n<div class=\"wp-block-columns is-layout-flex wp-container-core-columns-is-layout-9d6595d7 wp-block-columns-is-layout-flex\">\n<div class=\"wp-block-column is-layout-flow wp-block-column-is-layout-flow\">\n<h6 class=\"wp-block-heading has-text-align-center\">LS-30-OEM<\/h6>\n\n\n<div class=\"wp-block-image\">\n<figure class=\"aligncenter size-full is-resized\"><img loading=\"lazy\" decoding=\"async\" width=\"413\" height=\"920\" src=\"https:\/\/www.lasermetgmbh.de\/wp-content\/uploads\/2023\/02\/LS-30-OEM.jpg\" alt=\"\" class=\"wp-image-8510\" style=\"width:303px;height:auto\" srcset=\"https:\/\/www.lasermet.com\/de\/wp-content\/uploads\/sites\/3\/2023\/02\/LS-30-OEM.jpg 413w, https:\/\/www.lasermet.com\/de\/wp-content\/uploads\/sites\/3\/2023\/02\/LS-30-OEM-135x300.jpg 135w\" sizes=\"auto, (max-width: 413px) 100vw, 413px\" \/><\/figure>\n<\/div><\/div>\n\n\n\n<div class=\"wp-block-column is-layout-flow wp-block-column-is-layout-flow\">\n<h6 class=\"wp-block-heading has-text-align-center\">LS-30SIL-OEM<\/h6>\n\n\n<div class=\"wp-block-image\">\n<figure class=\"aligncenter size-full is-resized\"><img loading=\"lazy\" decoding=\"async\" width=\"440\" height=\"992\" src=\"https:\/\/www.lasermetgmbh.de\/wp-content\/uploads\/2023\/02\/LS-30SIL-OEM.jpg\" alt=\"\" class=\"wp-image-8511\" style=\"width:290px;height:auto\" srcset=\"https:\/\/www.lasermet.com\/de\/wp-content\/uploads\/sites\/3\/2023\/02\/LS-30SIL-OEM.jpg 440w, https:\/\/www.lasermet.com\/de\/wp-content\/uploads\/sites\/3\/2023\/02\/LS-30SIL-OEM-133x300.jpg 133w\" sizes=\"auto, (max-width: 440px) 100vw, 440px\" \/><\/figure>\n<\/div><\/div>\n<\/div>\n","protected":false},"excerpt":{"rendered":"<header class=\"entry-header\">\n<h6 class=\"entry-title\">Hochintegrit\u00e4ts-Laser-Sicherheitsstrahlblende<\/h6>\n<\/header>\n<p id=\"tw-target-text\" class=\"tw-data-text tw-text-large tw-ta\" dir=\"ltr\" data-placeholder=\"Translation\"><span class=\"Y2IQFc\" lang=\"de\">Die federbelasteten Laser-Sicherheitsstrahlverschl\u00fcsse der Lasermet LS-30-Serie sind so konzipiert, dass sie eine versehentliche Exposition gegen\u00fcber potenziell sch\u00e4dlichen Laserstrahlen verhindern.<\/span><\/p>\n","protected":false},"featured_media":8503,"comment_status":"closed","ping_status":"closed","template":"","meta":{"_acf_changed":false,"_kad_blocks_custom_css":"","_kad_blocks_head_custom_js":"","_kad_blocks_body_custom_js":"","_kad_blocks_footer_custom_js":"","_EventAllDay":false,"_EventTimezone":"","_EventStartDate":"","_EventEndDate":"","_EventStartDateUTC":"","_EventEndDateUTC":"","_EventShowMap":false,"_EventShowMapLink":false,"_EventURL":"","_EventCost":"","_EventCostDescription":"","_EventCurrencySymbol":"","_EventCurrencyCode":"","_EventCurrencyPosition":"","_EventDateTimeSeparator":"","_EventTimeRangeSeparator":"","_EventOrganizerID":[],"_EventVenueID":[],"_OrganizerEmail":"","_OrganizerPhone":"","_OrganizerWebsite":"","_VenueAddress":"","_VenueCity":"","_VenueCountry":"","_VenueProvince":"","_VenueState":"","_VenueZip":"","_VenuePhone":"","_VenueURL":"","_VenueStateProvince":"","_VenueLat":"","_VenueLng":"","_VenueShowMap":false,"_VenueShowMapLink":false,"_kadence_starter_templates_imported_post":false,"_kad_post_transparent":"","_kad_post_title":"","_kad_post_layout":"","_kad_post_sidebar_id":"","_kad_post_content_style":"","_kad_post_vertical_padding":"","_kad_post_feature":"","_kad_post_feature_position":"","_kad_post_header":false,"_kad_post_footer":false,"_kad_post_classname":""},"product_brand":[],"product_cat":[52],"product_tag":[36],"class_list":{"0":"post-5982","1":"product","2":"type-product","3":"status-publish","4":"has-post-thumbnail","6":"product_cat-shutters","7":"product_tag-forschung","9":"first","10":"instock","11":"shipping-taxable","12":"product-type-simple","13":"entry","14":"content-bg","15":"loop-entry"},"acf":[],"taxonomy_info":{"product_cat":[{"value":52,"label":"Shutters"}],"product_tag":[{"value":36,"label":"Forschung und Entwicklung"}]},"featured_image_src_large":["https:\/\/www.lasermet.com\/de\/wp-content\/uploads\/sites\/3\/2023\/02\/500x500-LS-30SIL.png",500,500,false],"author_info":[],"comment_info":0,"_links":{"self":[{"href":"https:\/\/www.lasermet.com\/de\/wp-json\/wp\/v2\/product\/5982","targetHints":{"allow":["GET"]}}],"collection":[{"href":"https:\/\/www.lasermet.com\/de\/wp-json\/wp\/v2\/product"}],"about":[{"href":"https:\/\/www.lasermet.com\/de\/wp-json\/wp\/v2\/types\/product"}],"replies":[{"embeddable":true,"href":"https:\/\/www.lasermet.com\/de\/wp-json\/wp\/v2\/comments?post=5982"}],"wp:featuredmedia":[{"embeddable":true,"href":"https:\/\/www.lasermet.com\/de\/wp-json\/wp\/v2\/media\/8503"}],"wp:attachment":[{"href":"https:\/\/www.lasermet.com\/de\/wp-json\/wp\/v2\/media?parent=5982"}],"wp:term":[{"taxonomy":"product_brand","embeddable":true,"href":"https:\/\/www.lasermet.com\/de\/wp-json\/wp\/v2\/product_brand?post=5982"},{"taxonomy":"product_cat","embeddable":true,"href":"https:\/\/www.lasermet.com\/de\/wp-json\/wp\/v2\/product_cat?post=5982"},{"taxonomy":"product_tag","embeddable":true,"href":"https:\/\/www.lasermet.com\/de\/wp-json\/wp\/v2\/product_tag?post=5982"}],"curies":[{"name":"wp","href":"https:\/\/api.w.org\/{rel}","templated":true}]}}