{"id":592,"date":"2023-02-03T13:36:26","date_gmt":"2023-02-03T13:36:26","guid":{"rendered":"https:\/\/www.lasermetgmbh.de\/?post_type=product&amp;p=592"},"modified":"2023-02-03T13:36:26","modified_gmt":"2023-02-03T13:36:26","slug":"optical-table-laser-guarding","status":"publish","type":"product","link":"https:\/\/www.lasermet.com\/de\/laserschutzprodukte\/optical-table-laser-guarding\/","title":{"rendered":"Optoblok"},"content":{"rendered":"\n<div class=\"wp-block-buttons is-layout-flex wp-block-buttons-is-layout-flex\">\n<div class=\"wp-block-button\"><a class=\"wp-block-button__link has-text-color has-background wp-element-button\" href=\"https:\/\/forms.monday.com\/forms\/92dc8c284e608f39565f3735149bf686?r=use1\" style=\"color:#1d1f8c;background-color:#ffcc01\" rel=\"noopener\">Brosch\u00fcre herunterladen<\/a><\/div>\n<\/div>\n\n\n\n<div style=\"height:100px\" aria-hidden=\"true\" class=\"wp-block-spacer\"><\/div>\n\n\n\n<p>Dieses modulare Optoblok-Laserschutzsystem f\u00fcr optische Tische passt genau auf die optischen Tische und bildet eine 300 mm hohe Wand. Das System besteht aus zertifizierten Laserschutzw\u00e4nden, Pfosten (zum Anschrauben an den Tisch) und Kanalpfosten, die entweder gerade oder rechtwinklig sind, um die W\u00e4nde miteinander zu verbinden.<\/p>\n\n\n\n<p>Das modulare Design erm\u00f6glicht es, Bereiche des Tisches in kleine Laserschutzschr\u00e4nke abzutrennen. Die Pfosten und Wandpaneele sind au\u00dferdem leicht zu manipulieren, so dass der Benutzer das Layout nach Bedarf \u00e4ndern kann.<\/p>\n\n\n\n<p>Die Kabel werden durch Kabeldurchf\u00fchrungslabyrinthe gef\u00fchrt, die durch \u00fcberlappende Optoblok-Wandpaneele entstehen.<\/p>\n\n\n\n<div style=\"height:20px\" aria-hidden=\"true\" class=\"wp-block-spacer\"><\/div>\n\n\n\n<div class=\"wp-block-columns is-layout-flex wp-container-core-columns-is-layout-9d6595d7 wp-block-columns-is-layout-flex\">\n<div class=\"wp-block-column is-layout-flow wp-block-column-is-layout-flow\"><div class=\"wp-block-image\">\n<figure class=\"aligncenter size-full is-resized\"><img loading=\"lazy\" decoding=\"async\" src=\"https:\/\/www.lasermetgmbh.de\/wp-content\/uploads\/2023\/02\/optical-table-laser-guard-v1x.jpeg\" alt=\"\" class=\"wp-image-593\" width=\"321\" height=\"288\" \/><\/figure>\n<\/div><\/div>\n\n\n\n<div class=\"wp-block-column is-layout-flow wp-block-column-is-layout-flow\"><div class=\"wp-block-image\">\n<figure class=\"aligncenter size-full is-resized\"><img loading=\"lazy\" decoding=\"async\" src=\"https:\/\/www.lasermetgmbh.de\/wp-content\/uploads\/2023\/02\/optoblok1.jpeg\" alt=\"\" class=\"wp-image-594\" width=\"333\" height=\"296\" \/><\/figure>\n<\/div><\/div>\n\n\n\n<div class=\"wp-block-column is-layout-flow wp-block-column-is-layout-flow\"><div class=\"wp-block-image\">\n<figure class=\"aligncenter size-full is-resized\"><img loading=\"lazy\" decoding=\"async\" src=\"https:\/\/www.lasermetgmbh.de\/wp-content\/uploads\/2023\/02\/optoblok-labyrinth.jpeg\" alt=\"\" class=\"wp-image-595\" width=\"272\" height=\"243\" \/><\/figure>\n<\/div><\/div>\n<\/div>\n\n\n\n<div style=\"height:40px\" aria-hidden=\"true\" class=\"wp-block-spacer\"><\/div>\n\n\n\n<p><strong>MODULARER AUFBAU<\/strong><\/p>\n\n\n\n<p>Das modulare System l\u00e4sst sich leicht aufbauen, indem Sie die Pfosten in den Tisch schrauben, dann die geraden oder Eckkanalpfosten \u00fcber die runden Pfosten schieben und dann einfach die Wandpaneele in Position bringen. Sobald die Paneele eingesetzt sind, k\u00f6nnen sie bei Bedarf mit einer Halteschraube und einer Unterlegscheibe an der Oberseite des Pfostens gesichert werden.<\/p>\n\n\n\n<p>Die Paneelabschnitte sind in den L\u00e4ngen 2,3,4,5,8,12 und 16 erh\u00e4ltlich, wodurch die ben\u00f6tigte Menge minimiert und optimiert werden kann.<\/p>\n\n\n\n<div style=\"height:20px\" aria-hidden=\"true\" class=\"wp-block-spacer\"><\/div>\n\n\n<div class=\"wp-block-image\">\n<figure class=\"aligncenter size-full is-resized\"><img loading=\"lazy\" decoding=\"async\" src=\"https:\/\/www.lasermetgmbh.de\/wp-content\/uploads\/2023\/02\/optoblok-cable-diagram.jpeg\" alt=\"\" class=\"wp-image-596\" width=\"345\" height=\"299\" \/><figcaption class=\"wp-element-caption\">Das obige Beispiel zeigt die Bereitstellung eines Labyrinthsystems, das eine Kabeleinf\u00fchrung am unteren Ende des Diagramms erm\u00f6glicht<\/figcaption><\/figure>\n<\/div>\n\n\n<div style=\"height:20px\" aria-hidden=\"true\" class=\"wp-block-spacer\"><\/div>\n\n\n\n<p><strong>METRISCHE UND IMPERIALE TISCHE K\u00d6NNEN VERWENDET WERDEN<\/strong><\/p>\n\n\n\n<p>Das System ist sowohl mit metrischen als auch mit imperialen optischen Tischen mit metrischen oder imperialen Gewinden und Abst\u00e4nden kompatibel. Dies macht es zu einem wirklich weltweit kompatiblen Produkt, das sowohl den US-amerikanischen als auch den europ\u00e4ischen Markt in einem abdeckt.<\/p>\n\n\n\n<div style=\"height:20px\" aria-hidden=\"true\" class=\"wp-block-spacer\"><\/div>\n\n\n\n<p><strong>BEIBEHALTUNG DES BEDIENERZUGANGS<\/strong><\/p>\n\n\n\n<p>Die 300 mm hohe Wand um den Tisch herum maximiert die M\u00f6glichkeiten f\u00fcr sicheres Arbeiten und erm\u00f6glicht gleichzeitig einen nahezu uneingeschr\u00e4nkten Zugriff auf den Tisch und seine Komponenten.<\/p>\n\n\n\n<p>Die M\u00f6glichkeit, dass die Hand oder der Arm eines Ingenieurs versehentlich in den Laserstrahl ger\u00e4t, wird reduziert, da der Zugriff auf den Tisch nur noch durch eine bewusste Handlung m\u00f6glich ist.<\/p>\n\n\n\n<div style=\"height:20px\" aria-hidden=\"true\" class=\"wp-block-spacer\"><\/div>\n\n\n\n<p><strong>EINFACHES KABELEINF\u00dcHRUNGSSYSTEM MIT OPTOBLOK DESIGNER SOFTWARE<\/strong><\/p>\n\n\n\n<p>Einer der Hauptvorteile von Optoblok ist, dass es ein sicheres, anpassungsf\u00e4higes, einfaches System mit Laserblockierw\u00e4nden bietet, das es erm\u00f6glicht, Kabeleinf\u00fchrungen vorzunehmen und dann f\u00fcr die n\u00e4chste Einrichtung einfach zu \u00e4ndern. Es kann z.B. problemlos mit Steuerkabeln mit gro\u00dfem Durchmesser umgehen.<\/p>\n\n\n\n<p>Diese k\u00f6nnen im Optoblok-System problemlos untergebracht werden, da es drei empfohlene Optionen zur Auswahl gibt, die von der Optoblok-Designersoftware empfohlen werden, die potenziellen Kunden kostenlos zur Verf\u00fcgung steht, um Optoblok nach ihren Anforderungen zu gestalten und zu spezifizieren. Die drei Labyrinthoptionen sind f\u00fcr kleine, mittlere und gro\u00dfe Kabeleinf\u00fchrungen gedacht, die mit einer minimalen Anzahl von Komponenten hergestellt werden k\u00f6nnen.<\/p>\n\n\n\n<p>In der Designersoftware wird ein Labyrinthsystem vorgeschlagen, um die optimale (in der Regel die minimale) Anzahl von Komponenten f\u00fcr den Kabeleintritt in den Tisch bereitzustellen und so den Kr\u00fcmmungsradius der Kabel zu maximieren und gleichzeitig den Eintrittsspalt zu minimieren, um jeden Sichtlinienweg zu eliminieren, der von einem Laserstrahl genutzt werden k\u00f6nnte. Dadurch wird sichergestellt, dass es bis zu einer H\u00f6he von 300 mm keinen Austrittspunkt f\u00fcr den Laserstrahl gibt.<\/p>\n\n\n\n<div style=\"height:20px\" aria-hidden=\"true\" class=\"wp-block-spacer\"><\/div>\n\n\n\n<p><strong>EINFACH ZU BEDIENENDER ST\u00dcCKLISTEN-COMPILER<\/strong><\/p>\n\n\n\n<p>Die Software Optical Table Guarding Designer von Lasermet ist ein St\u00fccklisten-Compiler, der es Kunden erm\u00f6glicht, das gew\u00fcnschte Optoblok-System zu spezifizieren, ohne die Sicherheit zu beeintr\u00e4chtigen. Dieses einfach zu bedienende Programm listet alle Komponenten f\u00fcr die Einhausung auf, einschlie\u00dflich der M\u00f6glichkeit, die Anzahl und Gr\u00f6\u00dfe der Zugangskabel zu spezifizieren und gleichzeitig Sichtkorridore und damit den Austritt von Laserlicht zu verhindern.<\/p>\n\n\n\n<p>Alles, was Sie tun m\u00fcssen, ist, die Gesamtabmessungen des von Ihnen gew\u00fcnschten vierseitigen Optoblok-Laserschutzsystems festzulegen und dann die Anzahl und Gr\u00f6\u00dfe der Kabeleinf\u00fchrungen zu bestimmen, die Sie f\u00fcr jede Wand ben\u00f6tigen. Das Programm zeigt dann eine Liste der geraden und rechtwinkligen Pfosten und der ben\u00f6tigten Wandpaneele mit ihren jeweiligen Gr\u00f6\u00dfen an.<\/p>\n\n\n\n<div style=\"height:20px\" aria-hidden=\"true\" class=\"wp-block-spacer\"><\/div>\n\n\n\n<h6 class=\"wp-block-heading\">SICHERHEITSSPEZIFIKATION<\/h6>\n\n\n\n<p>Das Optoblok-System tr\u00e4gt die CE- und UKCA-Kennzeichnung.<\/p>\n\n\n\n<div style=\"height:20px\" aria-hidden=\"true\" class=\"wp-block-spacer\"><\/div>\n\n\n\n<div class=\"wp-block-columns is-layout-flex wp-container-core-columns-is-layout-9d6595d7 wp-block-columns-is-layout-flex\">\n<div class=\"wp-block-column is-layout-flow wp-block-column-is-layout-flow\" style=\"flex-basis:100%\">\n<figure class=\"wp-block-table has-small-font-size\"><table><tbody><tr><td class=\"has-text-align-center\" data-align=\"center\"><strong>BESTRAHLTE FL\u00c4CHE<\/strong><\/td><td class=\"has-text-align-center\" data-align=\"center\"><strong>PEL (T3) 10 S<\/strong><\/td><td class=\"has-text-align-center\" data-align=\"center\"><strong>PEL (T2) 100 S<\/strong><\/td><\/tr><tr><td class=\"has-text-align-center\" data-align=\"center\">4 mm\u00b2<\/td><td class=\"has-text-align-center\" data-align=\"center\">30 MW\/m\u00b2<\/td><td class=\"has-text-align-center\" data-align=\"center\">17 MW\/m\u00b2<\/td><\/tr><tr><td class=\"has-text-align-center\" data-align=\"center\">2000 mm\u00b2<\/td><td class=\"has-text-align-center\" data-align=\"center\">1.4 MW\/m\u00b2<\/td><td class=\"has-text-align-center\" data-align=\"center\">0.8 MW\/m\u00b2<\/td><\/tr><\/tbody><\/table><\/figure>\n\n\n\n<div style=\"height:20px\" aria-hidden=\"true\" class=\"wp-block-spacer\"><\/div>\n<\/div>\n<\/div>\n\n\n\n<h6 class=\"wp-block-heading\">BESTELLINFORMATIONEN<\/h6>\n\n\n\n<figure class=\"wp-block-table has-small-font-size\"><table><tbody><tr><td><strong>TEIL<\/strong><\/td><td><strong>AUFTRAGSNUMMER<\/strong><\/td><\/tr><tr><td>16 space panels<\/td><td>00764-03-016<\/td><\/tr><tr><td>12 space panels<\/td><td>00764-03-012<\/td><\/tr><tr><td>8 space panels<\/td><td>00764-03-008<\/td><\/tr><tr><td>5 space panels<\/td><td>00764-03-005<\/td><\/tr><tr><td>4 space panels<\/td><td>00764-03-004<\/td><\/tr><tr><td>3 space panels<\/td><td>00764-03-003<\/td><\/tr><tr><td>2 space panels<\/td><td>00764-03-002<\/td><\/tr><tr><td>Straight Channel Posts<\/td><td>00754-03-306<\/td><\/tr><tr><td>Corner Channel Posts<\/td><td>00755-03-306<\/td><\/tr><tr><td>Round Support Posts, M6<\/td><td>00756-03-305<\/td><\/tr><tr><td>Round Support Posts, UNC<\/td><td>00842-03-305<\/td><\/tr><\/tbody><\/table><\/figure>\n","protected":false},"excerpt":{"rendered":"<p>Optischer Tisch-Laserschutz<\/p>\n<p>Optoblok, das Optical Table Laser Guarding System, wurde speziell entwickelt, um das Risiko zu verringern, dass verirrte Laserstrahlen versehentlich auf das Personal im optischen Laserlabor gerichtet werden.<\/p>\n<p>Lasermet und NPL haben dieses Joint-Venture-Produkt als neueste Sicherheitsausr\u00fcstung f\u00fcr den Einsatz in optischen Labors entwickelt.<\/p>\n<ul>\n<li>Modularer Aufbau<\/li>\n<li>Kompatibel mit optischen Standardtischen<\/li>\n<li>Wird mit der Software Optoblok Designer geliefert<\/li>\n<li>Einfach zu installieren und zu verstehen<\/li>\n<\/ul>\n","protected":false},"featured_media":7700,"comment_status":"closed","ping_status":"closed","template":"","meta":{"_acf_changed":false,"_kad_blocks_custom_css":"","_kad_blocks_head_custom_js":"","_kad_blocks_body_custom_js":"","_kad_blocks_footer_custom_js":"","_EventAllDay":false,"_EventTimezone":"","_EventStartDate":"","_EventEndDate":"","_EventStartDateUTC":"","_EventEndDateUTC":"","_EventShowMap":false,"_EventShowMapLink":false,"_EventURL":"","_EventCost":"","_EventCostDescription":"","_EventCurrencySymbol":"","_EventCurrencyCode":"","_EventCurrencyPosition":"","_EventDateTimeSeparator":"","_EventTimeRangeSeparator":"","_EventOrganizerID":[],"_EventVenueID":[],"_OrganizerEmail":"","_OrganizerPhone":"","_OrganizerWebsite":"","_VenueAddress":"","_VenueCity":"","_VenueCountry":"","_VenueProvince":"","_VenueState":"","_VenueZip":"","_VenuePhone":"","_VenueURL":"","_VenueStateProvince":"","_VenueLat":"","_VenueLng":"","_VenueShowMap":false,"_VenueShowMapLink":false,"_kadence_starter_templates_imported_post":false,"_kad_post_transparent":"","_kad_post_title":"","_kad_post_layout":"","_kad_post_sidebar_id":"","_kad_post_content_style":"","_kad_post_vertical_padding":"","_kad_post_feature":"","_kad_post_feature_position":"","_kad_post_header":false,"_kad_post_footer":false,"_kad_post_classname":""},"product_brand":[],"product_cat":[49],"product_tag":[36],"class_list":{"0":"post-592","1":"product","2":"type-product","3":"status-publish","4":"has-post-thumbnail","6":"product_cat-optischer-tisch-laserschutz","7":"product_tag-forschung","9":"first","10":"instock","11":"shipping-taxable","12":"product-type-simple","13":"entry","14":"content-bg","15":"loop-entry"},"acf":[],"taxonomy_info":{"product_cat":[{"value":49,"label":"Optischer Tisch Laserschutz"}],"product_tag":[{"value":36,"label":"Forschung und Entwicklung"}]},"featured_image_src_large":["https:\/\/www.lasermet.com\/de\/wp-content\/uploads\/sites\/3\/2023\/02\/Optoblok-1.png",500,500,false],"author_info":[],"comment_info":0,"_links":{"self":[{"href":"https:\/\/www.lasermet.com\/de\/wp-json\/wp\/v2\/product\/592","targetHints":{"allow":["GET"]}}],"collection":[{"href":"https:\/\/www.lasermet.com\/de\/wp-json\/wp\/v2\/product"}],"about":[{"href":"https:\/\/www.lasermet.com\/de\/wp-json\/wp\/v2\/types\/product"}],"replies":[{"embeddable":true,"href":"https:\/\/www.lasermet.com\/de\/wp-json\/wp\/v2\/comments?post=592"}],"wp:featuredmedia":[{"embeddable":true,"href":"https:\/\/www.lasermet.com\/de\/wp-json\/wp\/v2\/media\/7700"}],"wp:attachment":[{"href":"https:\/\/www.lasermet.com\/de\/wp-json\/wp\/v2\/media?parent=592"}],"wp:term":[{"taxonomy":"product_brand","embeddable":true,"href":"https:\/\/www.lasermet.com\/de\/wp-json\/wp\/v2\/product_brand?post=592"},{"taxonomy":"product_cat","embeddable":true,"href":"https:\/\/www.lasermet.com\/de\/wp-json\/wp\/v2\/product_cat?post=592"},{"taxonomy":"product_tag","embeddable":true,"href":"https:\/\/www.lasermet.com\/de\/wp-json\/wp\/v2\/product_tag?post=592"}],"curies":[{"name":"wp","href":"https:\/\/api.w.org\/{rel}","templated":true}]}}