{"id":584,"date":"2023-02-03T13:23:13","date_gmt":"2023-02-03T13:23:13","guid":{"rendered":"https:\/\/www.lasermetgmbh.de\/?post_type=product&#038;p=584"},"modified":"2025-09-24T09:21:46","modified_gmt":"2025-09-24T09:21:46","slug":"ls-20-high-intensity-laser-shutters","status":"publish","type":"product","link":"https:\/\/www.lasermet.com\/de\/laserschutzprodukte\/ls-20-high-intensity-laser-shutters\/","title":{"rendered":"LS-20 Hochintegrierte Laser-Shutters"},"content":{"rendered":"\n<div style=\"height:50px\" aria-hidden=\"true\" class=\"wp-block-spacer\"><\/div>\n\n\n\n<div class=\"wp-block-buttons is-layout-flex wp-block-buttons-is-layout-flex\">\n<div class=\"wp-block-button\"><a class=\"wp-block-button__link has-text-color has-background wp-element-button\" href=\"https:\/\/forms.monday.com\/forms\/04eb7af50c3134f940701841c4687e7f?r=use1\" style=\"color:#1d1f8c;background-color:#ffcc01\" rel=\"noopener\">LS-20 Brosch\u00fcre herunterladen<\/a><\/div>\n<\/div>\n\n\n\n<div style=\"height:50px\" aria-hidden=\"true\" class=\"wp-block-spacer\"><\/div>\n\n\n\n<p>Er wurde als Teil eines hochintegrierten Sicherheitssystems entwickelt und verf\u00fcgt \u00fcber eine durch Schwerkraft schlie\u00dfende Klinge und zwangstrennende Pr\u00fcfkontakte. In geschlossenem Zustand lenkt der Shutter den eintreffenden Laserstrahl auf ein internes Strahlenb\u00fcndel ab, wo die Energie in W\u00e4rme umgewandelt wird, die im Aluminiumgeh\u00e4use des Shutters abgeleitet wird. Wenn der Shutter ge\u00f6ffnet ist, durchl\u00e4uft der Laserstrahl den Shutter ohne Unterbrechung.<\/p>\n\n\n\n<div class=\"wp-block-columns is-layout-flex wp-container-core-columns-is-layout-9d6595d7 wp-block-columns-is-layout-flex\">\n<div class=\"wp-block-column has-theme-palette-7-background-color has-background is-layout-flow wp-block-column-is-layout-flow\" style=\"padding-top:var(--wp--preset--spacing--50);padding-right:var(--wp--preset--spacing--50);padding-bottom:var(--wp--preset--spacing--50);padding-left:var(--wp--preset--spacing--50)\">\n<h5 class=\"wp-block-heading has-text-align-center\">HINWEIS<\/h5>\n\n\n\n<p class=\"has-text-align-center\">Der SIL-zertifizierte Laserverschluss LS-20SIL-24 wird nicht mehr hergestellt.<\/p>\n\n\n\n<p class=\"has-text-align-center\">R\u00fcsten Sie auf die n\u00e4chste Generation der SIL-zertifizierten Laserverschl\u00fcsse von Lasermet um \u2013 den LS-30SIL, der eine verbesserte Leistung und Sicherheit bietet.<\/p>\n\n\n\n<div class=\"wp-block-buttons is-content-justification-center is-layout-flex wp-container-core-buttons-is-layout-16018d1d wp-block-buttons-is-layout-flex\">\n<div class=\"wp-block-button\"><a class=\"wp-block-button__link has-theme-palette-1-color has-text-color has-background has-link-color wp-element-button\" href=\"https:\/\/www.lasermet.com\/de\/laserschutzprodukte\/ls-20-high-intensity-laser-shutters\/\" style=\"background-color:#ffcc01\" target=\"_blank\" rel=\"noreferrer noopener\">Siehe LS-30SIL<\/a><\/div>\n<\/div>\n<\/div>\n<\/div>\n\n\n\n<h6 class=\"wp-block-heading\">SIL RATED VERSION<\/h6>\n\n\n\n<p>Es ist eine &#8218;SIL3&#8216;-Version erh\u00e4ltlich, die bei korrekter Verdrahtung mit einem Lasermet Interlock\u00ae-Steuersystem eine Sicherheitsverriegelung bietet, die die Sicherheitsintegrit\u00e4tsstufe 3 gem\u00e4\u00df EN61508 und die Leistungsstufe &#8218;e&#8216; gem\u00e4\u00df EN ISO 13849-1 erf\u00fcllt.<\/p>\n\n\n\n<h6 class=\"wp-block-heading\">KONTROLLM\u00d6GLICHKEITEN<\/h6>\n\n\n\n<p>Die Standardbedienung erfolgt \u00fcber die Tasten &#8218;Open&#8216; und &#8218;Close&#8216; auf der Oberseite des Rollladenkastens. F\u00fcr die Fernsteuerung des Shutters ist eine Fernschaltstation (LS-RS20) erh\u00e4ltlich. Alternativ kann der Shutter so eingestellt werden, dass er sich \u00f6ffnet, sobald die Stromversorgung eingeschaltet wird. In jedem Fall schlie\u00dft sich der Shutter, wenn die Stromversorgung unterbrochen wird.<\/p>\n\n\n\n<h6 class=\"wp-block-heading\">VERBINDUNG ZUM STRAHLROHRSYSTEM<\/h6>\n\n\n<div class=\"wp-block-image\">\n<figure class=\"alignright size-full\"><img loading=\"lazy\" decoding=\"async\" width=\"200\" height=\"284\" src=\"https:\/\/www.lasermetgmbh.de\/wp-content\/uploads\/2023\/02\/LS-20SIL-SIL3-rated-shutter-on-optical-pin.jpeg\" alt=\"\" class=\"wp-image-589\" \/><\/figure>\n<\/div>\n\n\n<p>Der LS-20 hat Eintritts- und Austritts\u00f6ffnungen mit einem Durchmesser von 16 mm. Diese sind mit einem Gewinde versehen und es k\u00f6nnen Strahlrohre geliefert werden, die in das Shuttergeh\u00e4use passen und den Laserstrahl einschlie\u00dfen.<\/p>\n\n\n\n<h6 class=\"wp-block-heading\">STRAHLBLENDE F\u00dcR HOCHLEISTUNGSLASER<\/h6>\n\n\n\n<p>Die maximale Durchschnittsleistung f\u00fcr die Verwendung mit dem internen Beam Dump betr\u00e4gt 20 W. F\u00fcr h\u00f6here Leistungen kann der Beam Dump jedoch leicht entfernt werden, indem er von der Seite des Shuttergeh\u00e4uses abgeschraubt wird. Sie k\u00f6nnen Strahlrohre anbringen und den Strahl auf ein entferntes Beam Dump lenken. Dadurch kann der Shutter f\u00fcr viel h\u00f6here Leistungen verwendet werden, sogar f\u00fcr Laser mit mehreren Kilowatt.<\/p>\n\n\n\n<h6 class=\"wp-block-heading\">OPTIONEN F\u00dcR ROLLLADENBL\u00c4TTER<\/h6>\n\n\n\n<p>Die Blende ist aus rostfreiem Stahl gefertigt, was f\u00fcr die meisten Anwendungen ausreichend ist. Bei Bedarf k\u00f6nnen jedoch standardm\u00e4\u00dfige versilberte oder dielektrische Spiegel an der Vorderseite der Blende angebracht werden. Dies wird im Allgemeinen f\u00fcr durchschnittliche Leistungen von mehr als 20 W empfohlen, wenn die Remote Beam Dump Option verwendet wird. Dies kann auch bei der Verwendung von g\u00fctegeschalteten Lasern ratsam sein, da diese selbst bei einer durchschnittlichen Leistung von unter 20 W eine leichte Ablation der Klinge verursachen k\u00f6nnen.<\/p>\n\n\n\n<h6 class=\"wp-block-heading\">FIXINGS<\/h6>\n\n\n<div class=\"wp-block-image\">\n<figure class=\"alignright size-full\"><img loading=\"lazy\" decoding=\"async\" width=\"200\" height=\"151\" src=\"https:\/\/www.lasermetgmbh.de\/wp-content\/uploads\/2023\/02\/LS-20-laser-beam-shutter.jpeg\" alt=\"\" class=\"wp-image-588\" \/><\/figure>\n<\/div>\n\n\n<p>Der LS-20-Verschluss ist mit einem M6-Innengewinde im Sockel ausgestattet, das sich unter der Mittellinie des Balkens befindet. In der Basis befindet sich au\u00dferdem ein Schlitz, in den ein zweiter M6-Bolzen eingesetzt werden kann, um zu verhindern, dass sich der Verschluss dreht oder losgeschraubt wird. Der Schlitz erm\u00f6glicht die Befestigung auf z\u00f6lligen und metrischen optischen Breadboards.<\/p>\n\n\n\n<h6 class=\"wp-block-heading\">MESSUNG DER LASERSTRAHLLEISTUNG<\/h6>\n\n\n\n<p>Wenn der LS-20 mit einem Spiegel ausgestattet ist, erm\u00f6glicht er eine einfache Messung der Laserstrahlleistung. Der Beam Dump kann abgenommen und ein Detektorkopf zur Messung der Laserleistung an der Seite des Shutters angebracht werden. Auf diese Weise kann die Leistung oder Energie gemessen werden, wenn sich der Shutter im geschlossenen Zustand befindet.<\/p>\n\n\n\n<figure class=\"wp-block-table has-small-font-size\"><table><tbody><tr><td><strong>SPEZIFIKATIONEN<\/strong><\/td><td><\/td><td><\/td><\/tr><tr><td>Modell Nr.<\/td><td>LS-20-24<\/td><td>LS-20SIL-24<\/td><\/tr><tr><td>Maximale durchschnittliche Leistung bei internem Beam Dump<\/td><td>20 W<\/td><td>20 W<\/td><\/tr><tr><td>Maximale Durchschnittsleistung mit separatem Beam Dump<\/td><td>Unlimited<\/td><td>Unlimited<\/td><\/tr><tr><td>Apertur-Durchmesser<\/td><td>16 mm<\/td><td>16 mm<\/td><\/tr><tr><td>Betriebsspannung<\/td><td>24 V DC<\/td><td>24 V DC<\/td><\/tr><tr><td>Aktuell geschlossen<\/td><td>30 mA<\/td><td>60 mA<\/td><\/tr><tr><td>Aktuell Offen<\/td><td>200 mA<\/td><td>450 mA<\/td><\/tr><tr><td>Interne Beam-Dump-K\u00fchlung<\/td><td>Convection<\/td><td>Convection<\/td><\/tr><tr><td>Gr\u00f6\u00dfe (mm)<\/td><td>98.5 x 35 x 64.5<\/td><td>98.5 x 70 x 64.5<\/td><\/tr><tr><td>Masse<\/td><td>600 g<\/td><td>1000 g<\/td><\/tr><tr><td>Sicherheits-Integrit\u00e4tsstufe (to EN 61508)<\/td><td>TBA<\/td><td>SIL 3<\/td><\/tr><tr><td>Zertifiziert nach EN ISO 13849-1<br>Sicherheit von Maschinen &#8211; Sicherheitsbezogene Teile von<br>Steuerungssystemen. Performance Level wie gezeigt<\/td><td>\u2018c\u2019<\/td><td>\u2018e\u2019<\/td><\/tr><tr><td>Lebenslang<\/td><td>5 x 10<sup>5<\/sup>&nbsp;Operations<\/td><td>5 x 10<sup>5<\/sup>&nbsp;Operations<\/td><\/tr><\/tbody><\/table><\/figure>\n\n\n\n<h6 class=\"wp-block-heading\">VERL\u00c4NGERUNGSLEITUNGEN<\/h6>\n\n\n\n<p>Die LS-20 Shutter werden mit einem fest angeschlossenen, 3 m langen Kabel geliefert, das mit einem 15-poligen High-Density-D-Stecker (m\u00e4nnlich) abgeschlossen ist. Bei Bedarf kann dieses Kabel mit einem oder mehreren 3 m langen Kabeln verl\u00e4ngert werden (Teilenr. LEAD-LS20-3M).<\/p>\n\n\n\n<h6 class=\"wp-block-heading\">FERNSCHALTSTATION<\/h6>\n\n\n\n<p>Es ist eine Fernschaltstation verf\u00fcgbar, mit der der Rollladen durch Dr\u00fccken von Tasten ge\u00f6ffnet und geschlossen werden kann, die sich nicht direkt am Rollladen befinden. Neben den Start- und Stopptasten gibt es auch LED-Anzeigen f\u00fcr &#8222;Einschalten&#8220;, &#8222;\u00d6ffnen&#8220; und &#8222;Schlie\u00dfen&#8220;. Diese sind in 2 Ausf\u00fchrungen erh\u00e4ltlich:<\/p>\n\n\n\n<ul class=\"wp-block-list\">\n<li>Feststehend (LS-RS20) &#8211; Wandmontage mit Jalousiesteckdose und Klemmen f\u00fcr den Anschluss an ICS<\/li>\n\n\n\n<li>Schwimmend (LS-RS20-FL) &#8211; Mit Shutter-Buchse und 3 m langem fliegendem Kabel zum Einstecken in einen Verteilerkasten<\/li>\n<\/ul>\n\n\n\n<h6 class=\"wp-block-heading\">VERTEILERKASTEN F\u00dcR LS-20 BEAM SHUTTERS<\/h6>\n\n\n\n<p>Dies sind wandmontierbare Verteilerk\u00e4sten mit Klemmen f\u00fcr den Anschluss an ein Lasermet ICS Interlock\u00ae-Steuerungssystem oder eine andere Stromversorgung f\u00fcr Rolll\u00e4den. <\/p>\n\n\n\n<figure class=\"wp-block-table has-small-font-size\"><table><tbody><tr><td>Code bestellen<\/td><td>Beschreibung<\/td><\/tr><tr><td>LS-RS30<\/td><td>Fernschaltstation f\u00fcr Rolll\u00e4den<br>1 shutter connection<\/td><\/tr><tr><td>ICS-DB30-0\/2<\/td><td>2 shutter connections<\/td><\/tr><tr><td>ICS-DB30-0\/2<\/td><td>1 shutter connection and<br>1 interlock connection<\/td><\/tr><\/tbody><\/table><\/figure>\n\n\n\n<div style=\"height:10px\" aria-hidden=\"true\" class=\"wp-block-spacer\"><\/div>\n\n\n\n<h2 class=\"wp-block-heading\">ABMESSUNGEN<\/h2>\n\n\n\n<div style=\"height:20px\" aria-hidden=\"true\" class=\"wp-block-spacer\"><\/div>\n\n\n\n<h5 class=\"wp-block-heading\">LS-20-24<\/h5>\n\n\n<div class=\"wp-block-image\">\n<figure class=\"aligncenter size-full is-resized\"><img loading=\"lazy\" decoding=\"async\" width=\"1041\" height=\"740\" src=\"https:\/\/www.lasermet.com\/de\/wp-content\/uploads\/sites\/3\/2025\/07\/shutter-ls-20-dimension.png\" alt=\"\" class=\"wp-image-9094\" style=\"width:733px;height:auto\" srcset=\"https:\/\/www.lasermet.com\/de\/wp-content\/uploads\/sites\/3\/2025\/07\/shutter-ls-20-dimension.png 1041w, https:\/\/www.lasermet.com\/de\/wp-content\/uploads\/sites\/3\/2025\/07\/shutter-ls-20-dimension-300x213.png 300w, https:\/\/www.lasermet.com\/de\/wp-content\/uploads\/sites\/3\/2025\/07\/shutter-ls-20-dimension-1024x728.png 1024w, https:\/\/www.lasermet.com\/de\/wp-content\/uploads\/sites\/3\/2025\/07\/shutter-ls-20-dimension-768x546.png 768w, https:\/\/www.lasermet.com\/de\/wp-content\/uploads\/sites\/3\/2025\/07\/shutter-ls-20-dimension-600x427.png 600w\" sizes=\"auto, (max-width: 1041px) 100vw, 1041px\" \/><\/figure>\n<\/div>\n\n\n<h5 class=\"wp-block-heading\">LS-20SIL-24<\/h5>\n\n\n<div class=\"wp-block-image\">\n<figure class=\"aligncenter size-large is-resized\"><img loading=\"lazy\" decoding=\"async\" width=\"1024\" height=\"723\" src=\"https:\/\/www.lasermet.com\/de\/wp-content\/uploads\/sites\/3\/2025\/07\/shutter-ls-20sil-dimension-1024x723.png\" alt=\"\" class=\"wp-image-9093\" style=\"width:828px;height:auto\" srcset=\"https:\/\/www.lasermet.com\/de\/wp-content\/uploads\/sites\/3\/2025\/07\/shutter-ls-20sil-dimension-1024x723.png 1024w, https:\/\/www.lasermet.com\/de\/wp-content\/uploads\/sites\/3\/2025\/07\/shutter-ls-20sil-dimension-300x212.png 300w, https:\/\/www.lasermet.com\/de\/wp-content\/uploads\/sites\/3\/2025\/07\/shutter-ls-20sil-dimension-768x543.png 768w, https:\/\/www.lasermet.com\/de\/wp-content\/uploads\/sites\/3\/2025\/07\/shutter-ls-20sil-dimension-600x424.png 600w, https:\/\/www.lasermet.com\/de\/wp-content\/uploads\/sites\/3\/2025\/07\/shutter-ls-20sil-dimension.png 1148w\" sizes=\"auto, (max-width: 1024px) 100vw, 1024px\" \/><\/figure>\n<\/div>","protected":false},"excerpt":{"rendered":"<p>Hochintegrit\u00e4ts-Laser-Sicherheitsstrahlblende<\/p>\n<p><strong>Die Lasermet LS-20 Laserschutzblende soll verhindern, dass Sie versehentlich einem potenziell gef\u00e4hrlichen Laserstrahl ausgesetzt werden.<\/strong><\/p>\n","protected":false},"featured_media":5519,"comment_status":"closed","ping_status":"closed","template":"","meta":{"_acf_changed":false,"_kad_blocks_custom_css":"","_kad_blocks_head_custom_js":"","_kad_blocks_body_custom_js":"","_kad_blocks_footer_custom_js":"","_EventAllDay":false,"_EventTimezone":"","_EventStartDate":"","_EventEndDate":"","_EventStartDateUTC":"","_EventEndDateUTC":"","_EventShowMap":false,"_EventShowMapLink":false,"_EventURL":"","_EventCost":"","_EventCostDescription":"","_EventCurrencySymbol":"","_EventCurrencyCode":"","_EventCurrencyPosition":"","_EventDateTimeSeparator":"","_EventTimeRangeSeparator":"","_EventOrganizerID":[],"_EventVenueID":[],"_OrganizerEmail":"","_OrganizerPhone":"","_OrganizerWebsite":"","_VenueAddress":"","_VenueCity":"","_VenueCountry":"","_VenueProvince":"","_VenueState":"","_VenueZip":"","_VenuePhone":"","_VenueURL":"","_VenueStateProvince":"","_VenueLat":"","_VenueLng":"","_VenueShowMap":false,"_VenueShowMapLink":false,"_kadence_starter_templates_imported_post":false,"_kad_post_transparent":"","_kad_post_title":"","_kad_post_layout":"","_kad_post_sidebar_id":"","_kad_post_content_style":"","_kad_post_vertical_padding":"","_kad_post_feature":"","_kad_post_feature_position":"","_kad_post_header":false,"_kad_post_footer":false,"_kad_post_classname":""},"product_brand":[],"product_cat":[52],"product_tag":[36],"class_list":{"0":"post-584","1":"product","2":"type-product","3":"status-publish","4":"has-post-thumbnail","6":"product_cat-shutters","7":"product_tag-forschung","9":"first","10":"instock","11":"shipping-taxable","12":"product-type-simple","13":"entry","14":"content-bg","15":"loop-entry"},"acf":[],"taxonomy_info":{"product_cat":[{"value":52,"label":"Shutters"}],"product_tag":[{"value":36,"label":"Forschung und Entwicklung"}]},"featured_image_src_large":["https:\/\/www.lasermet.com\/de\/wp-content\/uploads\/sites\/3\/2023\/02\/LS-20SIL-Shutter-1024x1024.png",1024,1024,true],"author_info":[],"comment_info":0,"_links":{"self":[{"href":"https:\/\/www.lasermet.com\/de\/wp-json\/wp\/v2\/product\/584","targetHints":{"allow":["GET"]}}],"collection":[{"href":"https:\/\/www.lasermet.com\/de\/wp-json\/wp\/v2\/product"}],"about":[{"href":"https:\/\/www.lasermet.com\/de\/wp-json\/wp\/v2\/types\/product"}],"replies":[{"embeddable":true,"href":"https:\/\/www.lasermet.com\/de\/wp-json\/wp\/v2\/comments?post=584"}],"wp:featuredmedia":[{"embeddable":true,"href":"https:\/\/www.lasermet.com\/de\/wp-json\/wp\/v2\/media\/5519"}],"wp:attachment":[{"href":"https:\/\/www.lasermet.com\/de\/wp-json\/wp\/v2\/media?parent=584"}],"wp:term":[{"taxonomy":"product_brand","embeddable":true,"href":"https:\/\/www.lasermet.com\/de\/wp-json\/wp\/v2\/product_brand?post=584"},{"taxonomy":"product_cat","embeddable":true,"href":"https:\/\/www.lasermet.com\/de\/wp-json\/wp\/v2\/product_cat?post=584"},{"taxonomy":"product_tag","embeddable":true,"href":"https:\/\/www.lasermet.com\/de\/wp-json\/wp\/v2\/product_tag?post=584"}],"curies":[{"name":"wp","href":"https:\/\/api.w.org\/{rel}","templated":true}]}}