{"id":576,"date":"2023-02-03T07:52:46","date_gmt":"2023-02-03T07:52:46","guid":{"rendered":"https:\/\/www.lasermetgmbh.de\/?post_type=product&#038;p=576"},"modified":"2025-05-29T07:14:20","modified_gmt":"2025-05-29T07:14:20","slug":"ls-10-series","status":"publish","type":"product","link":"https:\/\/www.lasermet.com\/de\/laserschutzprodukte\/ls-10-series\/","title":{"rendered":"LS-10 Series"},"content":{"rendered":"\n<div class=\"wp-block-buttons is-layout-flex wp-block-buttons-is-layout-flex\">\n<div class=\"wp-block-button\"><a class=\"wp-block-button__link has-text-color has-background wp-element-button\" href=\"https:\/\/forms.monday.com\/forms\/c524a51f489429ef8c7e46f7b3859b59?r=use1\" style=\"color:#1d1f8c;background-color:#ffcc01\" rel=\"noopener\">Brosch\u00fcre herunterladen<\/a><\/div>\n<\/div>\n\n\n\n<div style=\"height:100px\" aria-hidden=\"true\" class=\"wp-block-spacer\"><\/div>\n\n\n\n<h3 class=\"wp-block-heading\">LS-10 and LS-100 Beam Shutters &amp; Beam Dumps<\/h3>\n\n\n\n<p>Die Shutter LS-10-12 und LS-100-12 sind so konzipiert, dass sie die gesamte Leistung des Laserstrahls absorbieren, so dass kein zus\u00e4tzlicher Beam Dump erforderlich ist und gef\u00e4hrliche Reflexionen vermieden werden. Der Laserstrahl wird in W\u00e4rme umgewandelt und vom Shuttergeh\u00e4use abgestrahlt.<\/p>\n\n\n\n<p>Diese Shutter k\u00f6nnen mit Lasern bis zu der wie folgt angegebenen maximalen Durchschnittsleistung verwendet werden.<\/p>\n\n\n\n<ul class=\"wp-block-list\">\n<li>Der LS-10-12 ist f\u00fcr eine durchschnittliche Leistung von bis zu 20W geeignet.<\/li>\n\n\n\n<li>Der LS-100-12 wird durch einen L\u00fcfter luftgek\u00fchlt und ist f\u00fcr eine Durchschnittsleistung von bis zu 200 W geeignet.<\/li>\n<\/ul>\n\n\n\n<div style=\"height:20px\" aria-hidden=\"true\" class=\"wp-block-spacer\"><\/div>\n\n\n\n<h6 class=\"wp-block-heading has-text-align-center has-luminous-vivid-amber-background-color has-background\"><em>Der LS-100-12 ist nicht mehr lieferbar. Diese Seite dient nur noch als Referenz.<\/em><\/h6>\n\n\n\n<div style=\"height:20px\" aria-hidden=\"true\" class=\"wp-block-spacer\"><\/div>\n\n\n\n<p><strong>BETRIEBSLOGIK<\/strong><\/p>\n\n\n\n<p>Die Rolll\u00e4den lassen sich nur \u00f6ffnen, wenn sie mit Strom versorgt werden.&nbsp; Wenn der Strom eingeschaltet ist, leuchtet eine gelbe LED auf, um anzuzeigen, dass Strom vorhanden ist.&nbsp; Au\u00dferdem leuchtet eine gr\u00fcne LED, die anzeigt, dass der Rollladen vollst\u00e4ndig geschlossen ist.&nbsp; Zum \u00d6ffnen des Rollladens muss die gr\u00fcne Taste gedr\u00fcckt werden.&nbsp; Die gr\u00fcne LED erlischt und eine orangefarbene LED leuchtet auf und zeigt damit an, dass der Verschluss vollst\u00e4ndig ge\u00f6ffnet ist.&nbsp; Der Shutter kann durch Dr\u00fccken der roten Taste oder durch Unterbrechung der Stromzufuhr geschlossen werden.<\/p>\n\n\n\n<div style=\"height:20px\" aria-hidden=\"true\" class=\"wp-block-spacer\"><\/div>\n\n\n<div class=\"wp-block-image\">\n<figure class=\"aligncenter size-full is-resized\"><img loading=\"lazy\" decoding=\"async\" width=\"960\" height=\"720\" src=\"https:\/\/www.lasermetgmbh.de\/wp-content\/uploads\/2023\/02\/shutter-diagram-06102020-1.jpeg\" alt=\"\" class=\"wp-image-577\" style=\"width:720px;height:540px\" srcset=\"https:\/\/www.lasermet.com\/de\/wp-content\/uploads\/sites\/3\/2023\/02\/shutter-diagram-06102020-1.jpeg 960w, https:\/\/www.lasermet.com\/de\/wp-content\/uploads\/sites\/3\/2023\/02\/shutter-diagram-06102020-1-300x225.jpeg 300w, https:\/\/www.lasermet.com\/de\/wp-content\/uploads\/sites\/3\/2023\/02\/shutter-diagram-06102020-1-768x576.jpeg 768w, https:\/\/www.lasermet.com\/de\/wp-content\/uploads\/sites\/3\/2023\/02\/shutter-diagram-06102020-1-600x450.jpeg 600w\" sizes=\"auto, (max-width: 960px) 100vw, 960px\" \/><figcaption class=\"wp-element-caption\">Schematic overview of shutters connected to Interlock\u00ae control with safety and warning devices<\/figcaption><\/figure>\n<\/div>\n\n\n<div style=\"height:20px\" aria-hidden=\"true\" class=\"wp-block-spacer\"><\/div>\n\n\n\n<p>Wenn Sie eine Labort\u00fcr \u00f6ffnen, ohne die \u00dcberbr\u00fcckung zu bet\u00e4tigen, schlie\u00dft sich der Verschluss und verhindert so, dass ungesch\u00fctzte Personen der Laserstrahlung ausgesetzt werden. Der Verschluss ist ausfallsicher und wird durch die Schwerkraft bet\u00e4tigt, so dass ein Stromausfall zum Schlie\u00dfen des Verschlusses f\u00fchrt, ohne dass Federn oder andere Vorrichtungen ben\u00f6tigt werden.<\/p>\n\n\n\n<div style=\"height:20px\" aria-hidden=\"true\" class=\"wp-block-spacer\"><\/div>\n\n\n\n<h6 class=\"wp-block-heading\">GERINGER STROMBEDARF<\/h6>\n\n\n\n<p>Das intelligente Design sorgt f\u00fcr einen niedrigen Stromverbrauch. Dies erh\u00f6ht die Anzahl der Shutter, die mit derselben Stromversorgung betrieben werden k\u00f6nnen, und h\u00e4lt den Shutter in geschlossenem Zustand k\u00fchl genug f\u00fcr den Einsatz als Beam Dump.<\/p>\n\n\n\n<figure class=\"wp-block-table has-small-font-size\"><table><tbody><tr><td><strong>PART NUMBER<\/strong><\/td><td><strong>MAX LASER POWER <\/strong><br><strong>(W)<\/strong><\/td><td><strong>APERTURE SIZE <\/strong><br><strong>(MM)<\/strong><\/td><td><strong>DRIVE VOLTAGE<br>(V DC)<\/strong><\/td><td><strong>CURRENT CONSUMPTION <\/strong><br><strong>(MA)<\/strong><\/td><td><strong>SIZE <\/strong><br><strong>(MM)<\/strong><\/td><\/tr><tr><td>LS-10-12<\/td><td>20<\/td><td>15<\/td><td>11 \u2013 14<\/td><td>150<\/td><td>98 x 63.5 x 36*<\/td><\/tr><tr><td>LS-100-12<\/td><td>200<\/td><td>50<\/td><td>11 \u2013 14<\/td><td>150<\/td><td>130 x 150 x 140*<\/td><\/tr><\/tbody><\/table><\/figure>\n\n\n\n<p class=\"has-small-font-size\">* 100mm including tube<br>** 175mm including tube<\/p>\n\n\n\n<p>Der LS-10-12 und der LS-100-12 Shutter arbeiten mit 12 VDC. Wenn Sie jedoch eine Stromversorgung von 18-24 VDC oder \u00e4hnlichem ben\u00f6tigen, bietet Lasermet den LS-Spannungswandler (Teilenr. LS-VC-24.12) an, der einen Betrieb von 15 &#8211; 35 VDC erm\u00f6glicht.<\/p>\n\n\n\n<div style=\"height:20px\" aria-hidden=\"true\" class=\"wp-block-spacer\"><\/div>\n\n\n\n<h6 class=\"wp-block-heading\">FERNSCHALTSTATION<\/h6>\n\n\n\n<p>F\u00fcr Anwendungen, bei denen die Laser Shutter LS-10-12 und LS-100-12 in einem Geh\u00e4use verwendet werden und die Tasten nicht zug\u00e4nglich sind, oder f\u00fcr andere Fernschaltanforderungen kann die Remote Switching Station (Teile-Nr. LS-RS) zum \u00d6ffnen und Schlie\u00dfen des Shutters aus der Ferne verwendet werden.<\/p>\n\n\n\n<p>Alternativ k\u00f6nnen die Laser-Shutter LS-10-12 und LS-100-12 in den &#8218;Schalter-Bypass-Modus&#8216; versetzt werden, indem einige interne Verbindungen auf der Platine im Shutter ge\u00e4ndert werden.&nbsp; In diesem Modus \u00f6ffnet sich der Shutter sofort, wenn der Strom eingeschaltet wird, und schlie\u00dft sich, wenn der Strom abgeschaltet wird.<\/p>\n\n\n\n<div style=\"height:20px\" aria-hidden=\"true\" class=\"wp-block-spacer\"><\/div>\n\n\n\n<h6 class=\"wp-block-heading\">REMOTE INTERLOCK\u00ae BOARD<\/h6>\n\n\n\n<p>Eine optionale Interlock\u00ae-Platine (Teilenr.: LS-10-IB) kann eingebaut werden. Sie bietet zwei potentialfreie Kontakte, einen Schlie\u00dfer und einen \u00d6ffner, mit denen Sie ein anderes Ger\u00e4t mit dem Status des Rollladens verriegeln k\u00f6nnen.&nbsp; Diese Kontakte sind f\u00fcr 2A und 30 VDC ausgelegt.<\/p>\n\n\n\n<div style=\"height:20px\" aria-hidden=\"true\" class=\"wp-block-spacer\"><\/div>\n\n\n\n<h6 class=\"wp-block-heading\">FIXINGS<\/h6>\n\n\n\n<p>Der LS-10-12 hat ein einzelnes M6-Gewinde im Sockel und kann mit einem optischen Stift auf einem Breadboard befestigt werden.<\/p>\n\n\n\n<p>Der LS-100-12 hat vier M6-Montagegewinde in der Basis.&nbsp; Er kann in jedem beliebigen Winkel auf einem Breadboard montiert werden. Verwenden Sie dazu das Montageplattenpaket LS-100-MP und metrische (LS-100-MAS) oder z\u00f6llige (LS-100-IAS) Montageschrauben.<\/p>\n\n\n\n<div style=\"height:20px\" aria-hidden=\"true\" class=\"wp-block-spacer\"><\/div>\n","protected":false},"excerpt":{"rendered":"<header class=\"entry-header\">\n<p>Laser-Sicherheitsstrahl-Shutter &amp; Strahlabw\u00fcrfe<\/p>\n<p>Die Laserstrahl-Shutter der LS-Reihe sind kombinierte Shutter und Beam Dumps, die von einem Sicherheitskontrollsystem wie dem Interlock\u00ae-Controller von Lasermet angesteuert werden k\u00f6nnen, um den Laserstrahl bei unbefugtem Zugriff automatisch oder manuell abzuschalten, wenn der Strahl nicht ben\u00f6tigt wird. Sie k\u00f6nnen auch als eigenst\u00e4ndige Laser-Shutter zur manuellen oder ferngesteuerten Abschaltung des Laserstrahls verwendet werden.\u00a0<\/p>\n<ul>\n<li>Schwerkraftbetrieben f\u00fcr ausfallsichere Kontrolle<\/li>\n<li>Kombinierter Shutter und Laserstrahlabwurf f\u00fcr zus\u00e4tzliche Sicherheit<\/li>\n<li>Kompatibel mit verriegelten Sicherheitssteuerungssystemen<\/li>\n<li>Sicherheitsverriegelung verhindert versehentliches Einschalten des Laserstrahls<\/li>\n<li>Option zur Fernschaltung<\/li>\n<li>Als OEM-Produkt erh\u00e4ltlich<\/li>\n<\/ul>\n<\/header>\n","protected":false},"featured_media":5518,"comment_status":"closed","ping_status":"closed","template":"","meta":{"_acf_changed":false,"_kad_blocks_custom_css":"","_kad_blocks_head_custom_js":"","_kad_blocks_body_custom_js":"","_kad_blocks_footer_custom_js":"","_EventAllDay":false,"_EventTimezone":"","_EventStartDate":"","_EventEndDate":"","_EventStartDateUTC":"","_EventEndDateUTC":"","_EventShowMap":false,"_EventShowMapLink":false,"_EventURL":"","_EventCost":"","_EventCostDescription":"","_EventCurrencySymbol":"","_EventCurrencyCode":"","_EventCurrencyPosition":"","_EventDateTimeSeparator":"","_EventTimeRangeSeparator":"","_EventOrganizerID":[],"_EventVenueID":[],"_OrganizerEmail":"","_OrganizerPhone":"","_OrganizerWebsite":"","_VenueAddress":"","_VenueCity":"","_VenueCountry":"","_VenueProvince":"","_VenueState":"","_VenueZip":"","_VenuePhone":"","_VenueURL":"","_VenueStateProvince":"","_VenueLat":"","_VenueLng":"","_VenueShowMap":false,"_VenueShowMapLink":false,"_kadence_starter_templates_imported_post":false,"_kad_post_transparent":"","_kad_post_title":"","_kad_post_layout":"","_kad_post_sidebar_id":"","_kad_post_content_style":"","_kad_post_vertical_padding":"","_kad_post_feature":"","_kad_post_feature_position":"","_kad_post_header":false,"_kad_post_footer":false,"_kad_post_classname":""},"product_brand":[],"product_cat":[52],"product_tag":[36],"class_list":{"0":"post-576","1":"product","2":"type-product","3":"status-publish","4":"has-post-thumbnail","6":"product_cat-shutters","7":"product_tag-forschung","9":"first","10":"instock","11":"shipping-taxable","12":"product-type-simple","13":"entry","14":"content-bg","15":"loop-entry"},"acf":[],"taxonomy_info":{"product_cat":[{"value":52,"label":"Shutters"}],"product_tag":[{"value":36,"label":"Forschung und Entwicklung"}]},"featured_image_src_large":["https:\/\/www.lasermet.com\/de\/wp-content\/uploads\/sites\/3\/2023\/02\/LS-10-12.png",685,699,false],"author_info":[],"comment_info":0,"_links":{"self":[{"href":"https:\/\/www.lasermet.com\/de\/wp-json\/wp\/v2\/product\/576","targetHints":{"allow":["GET"]}}],"collection":[{"href":"https:\/\/www.lasermet.com\/de\/wp-json\/wp\/v2\/product"}],"about":[{"href":"https:\/\/www.lasermet.com\/de\/wp-json\/wp\/v2\/types\/product"}],"replies":[{"embeddable":true,"href":"https:\/\/www.lasermet.com\/de\/wp-json\/wp\/v2\/comments?post=576"}],"wp:featuredmedia":[{"embeddable":true,"href":"https:\/\/www.lasermet.com\/de\/wp-json\/wp\/v2\/media\/5518"}],"wp:attachment":[{"href":"https:\/\/www.lasermet.com\/de\/wp-json\/wp\/v2\/media?parent=576"}],"wp:term":[{"taxonomy":"product_brand","embeddable":true,"href":"https:\/\/www.lasermet.com\/de\/wp-json\/wp\/v2\/product_brand?post=576"},{"taxonomy":"product_cat","embeddable":true,"href":"https:\/\/www.lasermet.com\/de\/wp-json\/wp\/v2\/product_cat?post=576"},{"taxonomy":"product_tag","embeddable":true,"href":"https:\/\/www.lasermet.com\/de\/wp-json\/wp\/v2\/product_tag?post=576"}],"curies":[{"name":"wp","href":"https:\/\/api.w.org\/{rel}","templated":true}]}}