{"id":571,"date":"2023-02-03T07:43:16","date_gmt":"2023-02-03T07:43:16","guid":{"rendered":"https:\/\/www.lasermetgmbh.de\/?post_type=product&amp;p=571"},"modified":"2023-02-03T07:43:16","modified_gmt":"2023-02-03T07:43:16","slug":"passive-alf-interlocked-schweisserschutzhelme","status":"publish","type":"product","link":"https:\/\/www.lasermet.com\/de\/laserschutzprodukte\/passive-alf-interlocked-schweisserschutzhelme\/","title":{"rendered":"Passive ALF Interlocked Welding Helmet"},"content":{"rendered":"\n<div class=\"wp-block-buttons is-layout-flex wp-block-buttons-is-layout-flex\">\n<div class=\"wp-block-button\"><a class=\"wp-block-button__link has-text-color has-background wp-element-button\" href=\"https:\/\/forms.monday.com\/forms\/73179c3af5dfbdc806f15fc331eb7419?r=use1\" style=\"color:#1d1f8c;background-color:#ffcc01\" rel=\"noopener\">Brosch\u00fcre herunterladen<\/a><\/div>\n<\/div>\n\n\n\n<div style=\"height:40px\" aria-hidden=\"true\" class=\"wp-block-spacer\"><\/div>\n\n\n\n<p>Passive ALF ist der Name des neuesten Schutzhelms, der speziell f\u00fcr handgef\u00fchrte Laserschwei\u00dfanwendungen entwickelt wurde.<\/p>\n\n\n\n<p>Der Passive ALF kann in einem v\u00f6llig sicheren Laser Interlock\u00ae System verwendet werden. Der Helm muss in der richtigen Position getragen werden, um den Laser zu aktivieren. Dieses Design ermutigt die Benutzer, immer auf den Schutz zu achten, lange bevor sie schwei\u00dfen.<\/p>\n\n\n\n<p>Die Sicherheit des Anwenders steht an erster Stelle. Die Verwendung des Passive ALF Interlocked Helmet reduziert die \u00fcbertragene Laserenergie auf ein sicheres Ma\u00df, falls es entweder zu einem direkten Treffer oder zu einer starken Reflexion durch den Laserschwei\u00dfprozess kommt.<\/p>\n\n\n\n<div style=\"height:20px\" aria-hidden=\"true\" class=\"wp-block-spacer\"><\/div>\n\n\n<div class=\"wp-block-image\">\n<figure class=\"aligncenter size-full\"><img loading=\"lazy\" decoding=\"async\" width=\"500\" height=\"281\" src=\"https:\/\/www.lasermetgmbh.de\/wp-content\/uploads\/2023\/02\/ALF-Logo-new-edited.png\" alt=\"\" class=\"wp-image-5639\" srcset=\"https:\/\/www.lasermet.com\/de\/wp-content\/uploads\/sites\/3\/2023\/02\/ALF-Logo-new-edited.png 500w, https:\/\/www.lasermet.com\/de\/wp-content\/uploads\/sites\/3\/2023\/02\/ALF-Logo-new-edited-300x169.png 300w\" sizes=\"auto, (max-width: 500px) 100vw, 500px\" \/><\/figure>\n<\/div>\n\n\n<figure class=\"wp-block-pullquote\"><blockquote><p>Der passive ALF Laserschutz-Schwei\u00dfhelm &#8211; ideal f\u00fcr handgef\u00fchrte Laserschwei\u00dfanwendungen<\/p><\/blockquote><\/figure>\n\n\n\n<div style=\"height:60px\" aria-hidden=\"true\" class=\"wp-block-spacer\"><\/div>\n\n\n\n<h6 class=\"wp-block-heading\">SICHERHEIT<\/h6>\n\n\n<div class=\"wp-block-image\">\n<figure class=\"alignright size-large is-resized\"><img decoding=\"async\" src=\"https:\/\/www.lasermetgmbh.de\/wp-content\/uploads\/2023\/03\/ce-ukca-1024x458.jpg\" alt=\"\" class=\"wp-image-7612\" style=\"width:256px;height:115px\" \/><\/figure>\n<\/div>\n\n\n<p>Der Passive ALF Interlocked Laser Welding Helmet wurde getestet und tr\u00e4gt das CE- und UKCA-Zeichen. Der Passive ALF erf\u00fcllt die Anforderungen von Anhang II der PSA-Verordnung 2016\/425 sowie die folgenden Normen:<\/p>\n\n\n\n<ul class=\"wp-block-list\">\n<li>EN 166: 2001<\/li>\n\n\n\n<li>EN 169: 2002<\/li>\n\n\n\n<li>EN 175: 1997<\/li>\n\n\n\n<li>EN 207: 2017<\/li>\n<\/ul>\n\n\n\n<figure class=\"wp-block-table has-small-font-size\"><table><tbody><tr><td><\/td><td>Wellenl\u00e4ngen<\/td><td>Markierungen<\/td><\/tr><tr><td>Laser Welding Shell<\/td><td>915 &#8211; 1180 nm<\/td><td>DIR LB7\u00a0<br>LM S CE<\/td><\/tr><tr><td>Laser Filter<\/td><td>915 &#8211; 1180 nm<\/td><td>D DIR LB7\u00a0<br>LM S CE<\/td><\/tr><\/tbody><\/table><\/figure>\n\n\n\n<div style=\"height:20px\" aria-hidden=\"true\" class=\"wp-block-spacer\"><\/div>\n\n\n\n<p>Sehen Sie sich dieses kurze Video an, um mehr \u00fcber die Merkmale und F\u00e4higkeiten des Passive ALF Interlocked Schwei\u00dfhelms zu erfahren.<\/p>\n\n\n\n<figure class=\"wp-block-embed is-type-video is-provider-youtube wp-block-embed-youtube wp-embed-aspect-16-9 wp-has-aspect-ratio\"><div class=\"wp-block-embed__wrapper\">\n<iframe loading=\"lazy\" title=\"Lasermet&#039;s ALF Interlocked Laser Welding Helmet\" width=\"720\" height=\"405\" src=\"https:\/\/www.youtube.com\/embed\/JNK2Xz-OHdw?feature=oembed\" frameborder=\"0\" allow=\"accelerometer; autoplay; clipboard-write; encrypted-media; gyroscope; picture-in-picture; web-share\" referrerpolicy=\"strict-origin-when-cross-origin\" allowfullscreen><\/iframe>\n<\/div><\/figure>\n\n\n\n<div style=\"height:64px\" aria-hidden=\"true\" class=\"wp-block-spacer\"><\/div>\n\n\n\n<h4 class=\"wp-block-heading\">Interlock\u00ae Control<\/h4>\n\n\n\n<p>Um das System zu steuern, ben\u00f6tigen Sie einen Interlock\u00ae Controller &#8211; dies h\u00e4ngt von der gew\u00fcnschten Konfiguration ab.<\/p>\n\n\n\n<p>Im Folgenden finden Sie die drei wichtigsten Konfigurationsoptionen:<\/p>\n\n\n\n<div style=\"height:20px\" aria-hidden=\"true\" class=\"wp-block-spacer\"><\/div>\n\n\n\n<div class=\"wp-block-columns is-layout-flex wp-container-core-columns-is-layout-9d6595d7 wp-block-columns-is-layout-flex\">\n<div class=\"wp-block-column is-layout-flow wp-block-column-is-layout-flow\"><\/div>\n\n\n\n<div class=\"wp-block-column has-text-color has-background has-link-color wp-elements-19c0ddea90a885ac1ce7432b440b27fd is-layout-flow wp-block-column-is-layout-flow\" style=\"color:#000000;background-color:#efefef;padding-top:2em;padding-right:2em;padding-bottom:2em;padding-left:2em;flex-basis:500px\">\n<figure class=\"wp-block-image size-full\"><img loading=\"lazy\" decoding=\"async\" width=\"666\" height=\"500\" src=\"https:\/\/www.lasermetgmbh.de\/wp-content\/uploads\/2023\/02\/ICS-7-OEM-3x4-1.png\" alt=\"\" class=\"wp-image-5568\" srcset=\"https:\/\/www.lasermet.com\/de\/wp-content\/uploads\/sites\/3\/2023\/02\/ICS-7-OEM-3x4-1.png 666w, https:\/\/www.lasermet.com\/de\/wp-content\/uploads\/sites\/3\/2023\/02\/ICS-7-OEM-3x4-1-300x225.png 300w, https:\/\/www.lasermet.com\/de\/wp-content\/uploads\/sites\/3\/2023\/02\/ICS-7-OEM-3x4-1-600x450.png 600w\" sizes=\"auto, (max-width: 666px) 100vw, 666px\" \/><\/figure>\n\n\n\n<h3 class=\"wp-block-heading\" id=\"family\" style=\"font-size:40px\">ICS-7-ALF<\/h3>\n\n\n\n<p class=\"has-normal-font-size\" style=\"line-height:1.5\"><strong>Interlock\u00ae Controller<\/strong><\/p>\n\n\n\n<hr class=\"wp-block-separator has-css-opacity is-style-wide\" \/>\n\n\n\n<ul class=\"wp-block-list\">\n<li>Automatische Scharfschaltung<\/li>\n\n\n\n<li>Mehrere Verriegelungseing\u00e4nge<\/li>\n\n\n\n<li>\u00dcberwachen Sie T\u00fcren, Schalter, \u00dcberbr\u00fcckungen, Schilder, etc.<\/li>\n\n\n\n<li>Vielseitig und modular<\/li>\n<\/ul>\n\n\n\n<div style=\"height:1px\" aria-hidden=\"true\" class=\"wp-block-spacer\"><\/div>\n\n\n\n<div class=\"wp-block-buttons alignfull is-horizontal is-content-justification-center is-layout-flex wp-container-core-buttons-is-layout-499968f5 wp-block-buttons-is-layout-flex\">\n<div class=\"wp-block-button\"><a class=\"wp-block-button__link has-text-color has-background wp-element-button\" href=\"https:\/\/www.lasermetgmbh.de\/laser-safety-products\/ics-7-oem-interlock-controller\/\" style=\"color:#1d1f8c;background-color:#ffcc01\" target=\"_blank\" rel=\"noreferrer noopener\">See ICS-7-ALF<\/a><\/div>\n<\/div>\n<\/div>\n\n\n\n<div class=\"wp-block-column has-text-color has-background has-link-color wp-elements-d93d79d6f54935ede3f2e776eed91f22 is-layout-flow wp-block-column-is-layout-flow\" style=\"color:#000000;background-color:#efefef;padding-top:2em;padding-right:2em;padding-bottom:2em;padding-left:2em;flex-basis:500px\">\n<figure class=\"wp-block-image size-full\"><img loading=\"lazy\" decoding=\"async\" width=\"666\" height=\"500\" src=\"https:\/\/www.lasermetgmbh.de\/wp-content\/uploads\/2023\/02\/Laser-Placeholder-transparent-3x4-1.png\" alt=\"\" class=\"wp-image-5572\" srcset=\"https:\/\/www.lasermet.com\/de\/wp-content\/uploads\/sites\/3\/2023\/02\/Laser-Placeholder-transparent-3x4-1.png 666w, https:\/\/www.lasermet.com\/de\/wp-content\/uploads\/sites\/3\/2023\/02\/Laser-Placeholder-transparent-3x4-1-300x225.png 300w, https:\/\/www.lasermet.com\/de\/wp-content\/uploads\/sites\/3\/2023\/02\/Laser-Placeholder-transparent-3x4-1-600x450.png 600w\" sizes=\"auto, (max-width: 666px) 100vw, 666px\" \/><\/figure>\n\n\n\n<h3 class=\"wp-block-heading\" id=\"patron\" style=\"font-size:40px\">Direct<\/h3>\n\n\n\n<p class=\"has-normal-font-size\"><strong>Direct connection to Laser<\/strong><\/p>\n\n\n\n<hr class=\"wp-block-separator has-css-opacity is-style-wide\" \/>\n\n\n\n<ul class=\"wp-block-list\">\n<li>Automatische Scharfschaltung<\/li>\n\n\n\n<li>Kein Controller erforderlich<\/li>\n\n\n\n<li>Der Helm wird \u00fcber einen Verteilerkasten direkt mit dem Laser verkabelt<\/li>\n<\/ul>\n\n\n\n<div class=\"wp-block-buttons alignfull is-horizontal is-content-justification-center is-layout-flex wp-container-core-buttons-is-layout-499968f5 wp-block-buttons-is-layout-flex\"><\/div>\n<\/div>\n\n\n\n<div class=\"wp-block-column is-layout-flow wp-block-column-is-layout-flow\"><\/div>\n<\/div>\n\n\n\n<div style=\"height:40px\" aria-hidden=\"true\" class=\"wp-block-spacer\"><\/div>\n\n\n\n<h4 class=\"wp-block-heading\">Passiver ALF mit Beleuchtung<\/h4>\n\n\n\n<p>Der passive ALF kann mit Leuchten ausgestattet werden, um eine hellere Arbeitsstation zu erhalten. Die Leuchten sind werkseitig montiert und k\u00f6nnen mit einem von Lasermet gelieferten Typ-C-Kabel aufgeladen werden.<\/p>\n\n\n\n<p>Die Leuchten verf\u00fcgen \u00fcber zwei Lichtquellen, ein breites Licht f\u00fcr eine gleichm\u00e4\u00dfige Verteilung des Lichts im Sichtfeld des Anwenders und ein Fokuslicht, um einen bestimmten Teil des Arbeitsmaterials zu beleuchten. Abgesehen von den zwei Lichtquellen kann die Leuchte auf bis zu 5 verschiedene Lichtmodi eingestellt werden, je nachdem, wie oft die Einschalttaste gedr\u00fcckt wird:<\/p>\n\n\n\n<figure class=\"wp-block-table\"><table class=\"has-fixed-layout\"><tbody><tr><td class=\"has-text-align-center\" data-align=\"center\">1<\/td><td class=\"has-text-align-center\" data-align=\"center\">Breites Licht, maximale Helligkeit<\/td><\/tr><tr><td class=\"has-text-align-center\" data-align=\"center\">2<\/td><td class=\"has-text-align-center\" data-align=\"center\">Breites Licht, mittlere Helligkeit<\/td><\/tr><tr><td class=\"has-text-align-center\" data-align=\"center\">3<\/td><td class=\"has-text-align-center\" data-align=\"center\">Fokuslicht, maximale Helligkeit<\/td><\/tr><tr><td class=\"has-text-align-center\" data-align=\"center\">4<\/td><td class=\"has-text-align-center\" data-align=\"center\">Fokuslicht, mittlere Helligkeit<\/td><\/tr><tr><td class=\"has-text-align-center\" data-align=\"center\">Langes Dr\u00fccken (3 Sekunden lang)<\/td><td class=\"has-text-align-center\" data-align=\"center\">Breites Licht, blinkend<\/td><\/tr><\/tbody><\/table><\/figure>\n\n\n\n<p>Bitte beachten Sie, dass die Leuchten nicht einzeln bestellt werden k\u00f6nnen, sondern bereits ab Werk mit dem Helm ausgestattet sind.<\/p>\n\n\n\n<div style=\"height:40px\" aria-hidden=\"true\" class=\"wp-block-spacer\"><\/div>\n\n\n\n<h4 class=\"wp-block-heading\">Integration in Laser-Geh\u00e4use<\/h4>\n\n\n\n<p>Neben der Integration in Laser Interlock\u00ae Systeme kann der Passive ALF auch an einer Laserschutzkabine wie dem Laser Castle Lite oder dem Dolphin Laser Safety Pod angebracht werden.<\/p>\n\n\n\n<p>F\u00fcr eine optimale Praxis sollten handgef\u00fchrte Laserschwei\u00dfger\u00e4te eine Laserschwei\u00dfkabine, einen Interlock\u00ae Controller und den Passive ALF Helm enthalten.<\/p>\n\n\n\n<div style=\"height:20px\" aria-hidden=\"true\" class=\"wp-block-spacer\"><\/div>\n\n\n<div class=\"wp-block-image\">\n<figure class=\"alignright size-full is-resized\"><img loading=\"lazy\" decoding=\"async\" width=\"500\" height=\"500\" src=\"https:\/\/www.lasermetgmbh.de\/wp-content\/uploads\/2023\/02\/Laser-Castle-Lite-1.png\" alt=\"\" class=\"wp-image-5576\" style=\"width:500px;height:500px\" srcset=\"https:\/\/www.lasermet.com\/de\/wp-content\/uploads\/sites\/3\/2023\/02\/Laser-Castle-Lite-1.png 500w, https:\/\/www.lasermet.com\/de\/wp-content\/uploads\/sites\/3\/2023\/02\/Laser-Castle-Lite-1-300x300.png 300w, https:\/\/www.lasermet.com\/de\/wp-content\/uploads\/sites\/3\/2023\/02\/Laser-Castle-Lite-1-150x150.png 150w, https:\/\/www.lasermet.com\/de\/wp-content\/uploads\/sites\/3\/2023\/02\/Laser-Castle-Lite-1-100x100.png 100w\" sizes=\"auto, (max-width: 500px) 100vw, 500px\" \/><figcaption class=\"wp-element-caption\">Laser Castle Lite<\/figcaption><\/figure>\n<\/div>\n\n\n<h6 class=\"wp-block-heading\">LASER CASTLE LITE<\/h6>\n\n\n\n<p>Das Laser Castle Lite ist eine modulare, ineinandergreifende Laserschutzkabine, die vom Benutzer selbst zusammengebaut werden kann. Das Geh\u00e4use sorgt f\u00fcr die Sicherheit der Arbeiter, indem es den Austritt von Laserstrahlung w\u00e4hrend des Betriebs verhindert.<\/p>\n\n\n\n<p><br>Es wird komplett mit einer manuell bet\u00e4tigten T\u00fcr, Sicherheitsverriegelungsschaltern, einer LED-Warnanzeige mit zwei Meldungen, einer Not-Aus-Scheibe, einer internen Not-Aus-Taste und einer Magnetverriegelung f\u00fcr die Eingangst\u00fcr geliefert &#8211; alles verbunden mit einem Interlock\u00ae Controller.<\/p>\n\n\n\n<p>Das Laser Castle Lite ist aus dem gleichen laserabweisenden Material wie das Laser Castle gebaut. F\u00fcr eine kosteng\u00fcnstige Bel\u00fcftung hat die Kabine ein offenes Dach und kann schnell vor Ort aufgestellt werden. Sie wird als kosteng\u00fcnstige Kabine in Flachbauweise geliefert, um einen einfachen Transport und Aufbau durch den Kunden zu erm\u00f6glichen.<\/p>\n\n\n\n<p><\/p>\n\n\n\n<div style=\"height:20px\" aria-hidden=\"true\" class=\"wp-block-spacer\"><\/div>\n\n\n\n<div class=\"wp-block-buttons is-content-justification-center is-layout-flex wp-container-core-buttons-is-layout-16018d1d wp-block-buttons-is-layout-flex\">\n<div class=\"wp-block-button\"><a class=\"wp-block-button__link has-text-color has-background wp-element-button\" href=\"https:\/\/www.lasermetgmbh.de\/laser-safety-products\/laser-castle-lite\/\" style=\"color:#1d1f8c;background-color:#ffcc01\" target=\"_blank\" rel=\"noreferrer noopener\">See Laser Castle Lite<\/a><\/div>\n<\/div>\n\n\n\n<div style=\"height:100px\" aria-hidden=\"true\" class=\"wp-block-spacer\"><\/div>\n\n\n<div class=\"wp-block-image\">\n<figure class=\"alignright size-full\"><img loading=\"lazy\" decoding=\"async\" width=\"500\" height=\"500\" src=\"https:\/\/www.lasermetgmbh.de\/wp-content\/uploads\/2023\/02\/Dolphin-Pod.png\" alt=\"\" class=\"wp-image-5573\" srcset=\"https:\/\/www.lasermet.com\/de\/wp-content\/uploads\/sites\/3\/2023\/02\/Dolphin-Pod.png 500w, https:\/\/www.lasermet.com\/de\/wp-content\/uploads\/sites\/3\/2023\/02\/Dolphin-Pod-300x300.png 300w, https:\/\/www.lasermet.com\/de\/wp-content\/uploads\/sites\/3\/2023\/02\/Dolphin-Pod-150x150.png 150w, https:\/\/www.lasermet.com\/de\/wp-content\/uploads\/sites\/3\/2023\/02\/Dolphin-Pod-100x100.png 100w\" sizes=\"auto, (max-width: 500px) 100vw, 500px\" \/><figcaption class=\"wp-element-caption\">Dolphin Laser Safety Curtain Pod<\/figcaption><\/figure>\n<\/div>\n\n\n<h6 class=\"wp-block-heading\">DOLPHIN LASER SAFETY POD<\/h6>\n\n\n\n<p>Der Dolphin Laser Safety Pod ist ein Schutzvorhang, der es Benutzern von handgef\u00fchrten Laserschwei\u00dfger\u00e4ten erm\u00f6glicht, zu arbeiten, ohne die umliegenden Arbeiter durch Laserstrahlung zu gef\u00e4hrden.<\/p>\n\n\n\n<p><br>Lasermet\u2019s Dolphin Laser Safety Curtain Pods sind aus dem neuesten, speziell entwickelten Dolphin-Laserschutzmaterial des Unternehmens hergestellt. Die Kapsel ist ein 2,4 m (8 Fu\u00df) gro\u00dfer W\u00fcrfel und das Material ist auf beiden Seiten schwarz.<\/p>\n\n\n\n<div style=\"height:20px\" aria-hidden=\"true\" class=\"wp-block-spacer\"><\/div>\n\n\n\n<div class=\"wp-block-buttons is-content-justification-center is-layout-flex wp-container-core-buttons-is-layout-16018d1d wp-block-buttons-is-layout-flex\">\n<div class=\"wp-block-button\"><a class=\"wp-block-button__link has-text-color has-background wp-element-button\" href=\"https:\/\/www.lasermetgmbh.de\/laserschutzprodukte\/dolphin-pod-laserschutzvorhang\/\" style=\"color:#1d1f8c;background-color:#ffcc01\" target=\"_blank\" rel=\"noreferrer noopener\">See Dolphin Laser Safety Pod<\/a><\/div>\n<\/div>\n\n\n\n<p><\/p>\n\n\n\n<p><\/p>\n","protected":false},"excerpt":{"rendered":"<p>Verriegelter Laserschutzhelm f\u00fcr handgef\u00fchrte Laserschwei\u00dfger\u00e4te\u00a0<\/p>\n<p>Der verriegelte Helm wurde speziell zum Schutz von Schwei\u00dfern vor Laserstrahlung entwickelt und muss vor dem Abfeuern des Lasers mit geschlossenem Visier getragen werden.<\/p>\n<ul>\n<li>Schutz vor Laserstrahlung<\/li>\n<li>Passiver Schutz durch Laserfilter<\/li>\n<li>Integrierbar mit Laser Safety Interlock\u00ae Systemen<\/li>\n<\/ul>\n","protected":false},"featured_media":8393,"comment_status":"closed","ping_status":"closed","template":"","meta":{"_acf_changed":false,"_kad_blocks_custom_css":"","_kad_blocks_head_custom_js":"","_kad_blocks_body_custom_js":"","_kad_blocks_footer_custom_js":"","_EventAllDay":false,"_EventTimezone":"","_EventStartDate":"","_EventEndDate":"","_EventStartDateUTC":"","_EventEndDateUTC":"","_EventShowMap":false,"_EventShowMapLink":false,"_EventURL":"","_EventCost":"","_EventCostDescription":"","_EventCurrencySymbol":"","_EventCurrencyCode":"","_EventCurrencyPosition":"","_EventDateTimeSeparator":"","_EventTimeRangeSeparator":"","_EventOrganizerID":[],"_EventVenueID":[],"_OrganizerEmail":"","_OrganizerPhone":"","_OrganizerWebsite":"","_VenueAddress":"","_VenueCity":"","_VenueCountry":"","_VenueProvince":"","_VenueState":"","_VenueZip":"","_VenuePhone":"","_VenueURL":"","_VenueStateProvince":"","_VenueLat":"","_VenueLng":"","_VenueShowMap":false,"_VenueShowMapLink":false,"_kadence_starter_templates_imported_post":false,"_kad_post_transparent":"","_kad_post_title":"","_kad_post_layout":"","_kad_post_sidebar_id":"","_kad_post_content_style":"","_kad_post_vertical_padding":"","_kad_post_feature":"","_kad_post_feature_position":"","_kad_post_header":false,"_kad_post_footer":false,"_kad_post_classname":""},"product_brand":[],"product_cat":[51],"product_tag":[33,35,37],"class_list":{"0":"post-571","1":"product","2":"type-product","3":"status-publish","4":"has-post-thumbnail","6":"product_cat-schweiserschutzhelme","7":"product_tag-aerospace","8":"product_tag-automobilindustrie","9":"product_tag-industriell","11":"first","12":"instock","13":"shipping-taxable","14":"product-type-simple","15":"entry","16":"content-bg","17":"loop-entry"},"acf":[],"taxonomy_info":{"product_cat":[{"value":51,"label":"Schwei\u00dferschutzhelme"}],"product_tag":[{"value":33,"label":"Aerospace"},{"value":35,"label":"Automobilindustrie"},{"value":37,"label":"Industriell"}]},"featured_image_src_large":["https:\/\/www.lasermet.com\/de\/wp-content\/uploads\/sites\/3\/2023\/02\/ALF-Grey.png",500,500,false],"author_info":[],"comment_info":0,"_links":{"self":[{"href":"https:\/\/www.lasermet.com\/de\/wp-json\/wp\/v2\/product\/571","targetHints":{"allow":["GET"]}}],"collection":[{"href":"https:\/\/www.lasermet.com\/de\/wp-json\/wp\/v2\/product"}],"about":[{"href":"https:\/\/www.lasermet.com\/de\/wp-json\/wp\/v2\/types\/product"}],"replies":[{"embeddable":true,"href":"https:\/\/www.lasermet.com\/de\/wp-json\/wp\/v2\/comments?post=571"}],"wp:featuredmedia":[{"embeddable":true,"href":"https:\/\/www.lasermet.com\/de\/wp-json\/wp\/v2\/media\/8393"}],"wp:attachment":[{"href":"https:\/\/www.lasermet.com\/de\/wp-json\/wp\/v2\/media?parent=571"}],"wp:term":[{"taxonomy":"product_brand","embeddable":true,"href":"https:\/\/www.lasermet.com\/de\/wp-json\/wp\/v2\/product_brand?post=571"},{"taxonomy":"product_cat","embeddable":true,"href":"https:\/\/www.lasermet.com\/de\/wp-json\/wp\/v2\/product_cat?post=571"},{"taxonomy":"product_tag","embeddable":true,"href":"https:\/\/www.lasermet.com\/de\/wp-json\/wp\/v2\/product_tag?post=571"}],"curies":[{"name":"wp","href":"https:\/\/api.w.org\/{rel}","templated":true}]}}