{"id":5642,"date":"2023-02-21T09:54:18","date_gmt":"2023-02-21T09:54:18","guid":{"rendered":"https:\/\/www.lasermetgmbh.de\/?post_type=product&amp;p=5642"},"modified":"2023-02-21T09:54:18","modified_gmt":"2023-02-21T09:54:18","slug":"laser-filter-laserschutzfenster","status":"publish","type":"product","link":"https:\/\/www.lasermet.com\/de\/laserschutzprodukte\/laser-filter-laserschutzfenster\/","title":{"rendered":"Laser Filter Laserschutzfenster"},"content":{"rendered":"\n<div class=\"wp-block-buttons is-layout-flex wp-block-buttons-is-layout-flex\">\n<div class=\"wp-block-button\"><a class=\"wp-block-button__link has-text-color has-background wp-element-button\" href=\"https:\/\/forms.monday.com\/forms\/a2a302e248c889260a0dbd554094e9ab?r=use1\" style=\"color:#1d1f8c;background-color:#ffcc01\" rel=\"noopener\">Download Filter Windows Bericht \u00fcber die Eignung<\/a><\/div>\n<\/div>\n\n\n\n<div style=\"height:100px\" aria-hidden=\"true\" class=\"wp-block-spacer\"><\/div>\n\n\n\n<h3 class=\"wp-block-heading\">Kunststoff-Laserfilter-Fenster<\/h3>\n\n\n\n<h6 class=\"wp-block-heading\">Kosteng\u00fcnstiger, leichter Schutz in gro\u00dfen Gr\u00f6\u00dfen f\u00fcr Laser mit geringer Leistung und diffuse Reflexionen von Hochleistungslasern<\/h6>\n\n\n\n<p>Wir sind in der Lage, jeden dieser Filter in kundenspezifischen Gr\u00f6\u00dfen bis hin zur gr\u00f6\u00dften verf\u00fcgbaren Gr\u00f6\u00dfe (normalerweise 915 x 610 mm) zu liefern. Auf Wunsch k\u00f6nnen wir sie auch nach einer technischen Zeichnung bearbeitet und f\u00fcr den Einbau in Ihr System bereitstellen. Dies ist kosteneffektiv bei einer gr\u00f6\u00dferen Anzahl von Fenstern oder wenn ein st\u00e4ndiger Bedarf besteht.<\/p>\n\n\n\n<p>Klicken Sie auf die Teilenummer des Filters, um die OD-Kurve zu sehen.<\/p>\n\n\n\n<div style=\"height:20px\" aria-hidden=\"true\" class=\"wp-block-spacer\"><\/div>\n\n\n\n<h6 class=\"wp-block-heading\">TT BEREICH KUNSTSTOFF-LASERFILTER<\/h6>\n\n\n\n<figure class=\"wp-block-table has-small-font-size\"><table><tbody><tr><td><strong>Filter Teilenummer<\/strong><\/td><td><strong>&nbsp;Laser Type<\/strong><\/td><td><strong>Blockierende Wellenl\u00e4nge<\/strong><br><strong>(nm)<\/strong><\/td><td><strong>Optische Dichte<\/strong><\/td><td><strong>\u00dcbertragung von sichtbarem Licht \/ Farbe<\/strong><\/td><td><strong>Dicke<\/strong><br><strong>(mm)<\/strong><\/td><\/tr><tr><td><strong><a href=\"https:\/\/forms.monday.com\/forms\/9381533dd70ddf247fc78ac30ade9e98?r=use1\" rel=\"noopener\">TT-F-A<\/a><\/strong><\/td><td>UV<br>CO2<\/td><td>190 \u2013 375<br>10600<\/td><td>&gt; 5<br>&gt; 6<\/td><td>90 \/ clear<\/td><td>4.75<\/td><\/tr><tr><td><strong><a href=\"https:\/\/forms.monday.com\/forms\/ad2ef87ac9da97b90d25045697a77ce8?r=use1\" rel=\"noopener\">TT-F-B<\/a><\/strong><\/td><td>Argon ion<br>KTP<\/td><td>190 \u2013 532<br>10600<\/td><td>&gt; 5<br>&gt; 5<\/td><td>41 \/ orange<\/td><td>3.6<\/td><\/tr><tr><td><strong><a href=\"https:\/\/forms.monday.com\/forms\/0e52dc09e407f65d98ee34033943c978?r=use1\" rel=\"noopener\">TT-F-C<\/a><\/strong><\/td><td>Ruby<br>HeNe<br>Red Diode<\/td><td>190 \u2013 375<br>630 \u2013 730<br>650 \u2013 720<br>670 \u2013 710<br>10600<\/td><td>&gt; 5<br>&gt; 2<br>&gt; 3<br>&gt; 5<br>&gt; 5<\/td><td>63 \/ blue<\/td><td>3.6<\/td><\/tr><tr><td><strong><a href=\"https:\/\/forms.monday.com\/forms\/96b1938c16cd4fe22df3feb6f95cb917?r=use1\" rel=\"noopener\">TT-F-D<\/a><\/strong><\/td><td>Nd:YAG<br>Near IR<\/td><td>190 \u2013 375<br>800 \u2013 900<br>900 \u2013 1070<br>1064<br>1100 \u2013 1400<br>10600<\/td><td>&gt; 5<br>&gt; 2<br>&gt; 5<br>&gt; 6<br>&gt; 3<br>&gt; 5<\/td><td>40 \/ green<\/td><td>3.6<\/td><\/tr><tr><td><strong><a href=\"https:\/\/forms.monday.com\/forms\/1df657babb597527d31f8c7c57dec7ee?r=use1\" rel=\"noopener\">TT-F-E<\/a><\/strong><\/td><td>Nd:YAG<br>Near IR<br>KTP<br>Argon ion<\/td><td>190 \u2013 375<br>375 \u2013 533<br>800 \u2013 900<br>900 \u2013 1070<br>1100 \u2013 1400<br>10600<\/td><td>&gt; 5<br>&gt; 4<br>&gt; 2<br>&gt; 5<br>&gt; 3<br>&gt; 5<\/td><td>16.5 \/ brown<\/td><td>3.6<\/td><\/tr><tr><td><strong><a href=\"https:\/\/forms.monday.com\/forms\/8287215e6a8d23e93bc5fa6d03637db6?r=use1\" rel=\"noopener\">TT-F-F<\/a><\/strong><\/td><td>Alexandrite<\/td><td>720 \u2013 870<br>730 \u2013 855<br>750 \u2013 840<\/td><td>&gt; 3<br>&gt; 5<br>&gt; 7<\/td><td>25 \/ pink<\/td><td>3.6<\/td><\/tr><tr><td><strong><a href=\"https:\/\/forms.monday.com\/forms\/7c7be9eb5a229e400e1a3555c90e4d01?r=use1\" rel=\"noopener\">TT-F-G<\/a><\/strong><\/td><td>Nd:YAG<\/td><td>190 \u2013 400<br>800 \u2013 1080<br>860 \u2013 1064<br>1064<br>10600<\/td><td>&gt; 5<br>&gt; 3<br>&gt; 5<br>&gt; 6<br>&gt; 5<\/td><td>65 \/ yellow-green<\/td><td>3.2<\/td><\/tr><tr><td><strong><a href=\"https:\/\/forms.monday.com\/forms\/f01d5c34ef3574f7ff948fa6e4755520?r=use1\" rel=\"noopener\">TT-F-H<\/a><\/strong><\/td><td>Nd:YAG<br>Near IR<\/td><td>190 \u2013 375<br>760 \u2013 1070<br>1064<\/td><td>&gt; 5<br>&gt; 5<br>&gt;6<\/td><td>42 \/ tan<\/td><td>3.8<\/td><\/tr><tr><td><strong><a href=\"https:\/\/forms.monday.com\/forms\/d7c3126d08a9a23a641e7f36557a7bc2?r=use1\" rel=\"noopener\">TT-F-I<\/a><\/strong><\/td><td>UV<br>He:Cd<br>Near IR<br>Nd:YAG<br>Telecom<\/td><td>190 \u2013 400<br>400 \u2013 480<br>750 \u2013 1900<br>800 \u2013 1800<br>830 \u2013 1700<br>1064<br>10600<\/td><td>&gt; 5<br>&gt; 2<br>&gt; 2<br>&gt; 3<br>&gt; 5<br>&gt; 6<br>&gt; 5<\/td><td>25 \/ green<\/td><td>3.6<\/td><\/tr><\/tbody><\/table><\/figure>\n\n\n\n<div style=\"height:20px\" aria-hidden=\"true\" class=\"wp-block-spacer\"><\/div>\n\n\n\n<h6 class=\"wp-block-heading\">GR\u00d6SSEN<\/h6>\n\n\n\n<p>TT- Sortiment Kunststoff-Filterfenster sind in den folgenden Standardgr\u00f6\u00dfen erh\u00e4ltlich:<\/p>\n\n\n\n<figure class=\"wp-block-table has-small-font-size\"><table><tbody><tr><td><strong>Gr\u00f6\u00dfe (mm)<\/strong><\/td><td><strong>Suffix der Teilenummer<\/strong><\/td><\/tr><tr><td>610 x 915<\/td><td>\u2013 FS<\/td><\/tr><tr><td>610 x 610<\/td><td>\u2013 S<\/td><\/tr><tr><td>210 x 297<\/td><td>\u2013 A4<\/td><\/tr><tr><td>100 x 200<\/td><td>\u2013 R<\/td><\/tr><\/tbody><\/table><\/figure>\n\n\n\n<p>Die vollst\u00e4ndige Teilenummer erhalten Sie, indem Sie die Referenz des Filters nehmen und das Suffix der Teilenummer hinzuf\u00fcgen. Z.B. TT-F-G-A4 ist die Filterreferenz TT-F-G im Format 210 x 297 mm.<\/p>\n\n\n\n<p>Auch Sondergr\u00f6\u00dfen sind erh\u00e4ltlich<\/p>\n\n\n\n<div style=\"height:20px\" aria-hidden=\"true\" class=\"wp-block-spacer\"><\/div>\n\n\n<div class=\"wp-block-image\">\n<figure class=\"aligncenter size-full is-resized\"><img loading=\"lazy\" decoding=\"async\" src=\"https:\/\/www.lasermetgmbh.de\/wp-content\/uploads\/2023\/02\/Filters.png\" alt=\"\" class=\"wp-image-5643\" width=\"250\" height=\"250\" srcset=\"https:\/\/www.lasermet.com\/de\/wp-content\/uploads\/sites\/3\/2023\/02\/Filters.png 500w, https:\/\/www.lasermet.com\/de\/wp-content\/uploads\/sites\/3\/2023\/02\/Filters-300x300.png 300w, https:\/\/www.lasermet.com\/de\/wp-content\/uploads\/sites\/3\/2023\/02\/Filters-150x150.png 150w, https:\/\/www.lasermet.com\/de\/wp-content\/uploads\/sites\/3\/2023\/02\/Filters-100x100.png 100w\" sizes=\"auto, (max-width: 250px) 100vw, 250px\" \/><\/figure>\n<\/div>\n\n\n<div style=\"height:20px\" aria-hidden=\"true\" class=\"wp-block-spacer\"><\/div>\n\n\n\n<h3 class=\"wp-block-heading\">Glas-Laser-Filter-Fenster<\/h3>\n\n\n\n<h6 class=\"wp-block-heading\">Hohe Transmission f\u00fcr sichtbares Licht und hohe Schutzstufen<\/h6>\n\n\n\n<p>Nachfolgend finden Sie eine Auswahl an Lasersichtfenstern aus Glas. Bitte beachten Sie, dass diese nur in den angegebenen Gr\u00f6\u00dfen erh\u00e4ltlich sind.<\/p>\n\n\n\n<figure class=\"wp-block-table has-small-font-size\"><table><tbody><tr><td><strong>Filter Teilenummer<\/strong><\/td><td><strong>Laser Type<\/strong><\/td><td><strong>Blockierende Wellenl\u00e4nge <br>(nm)<\/strong><\/td><td><strong>Schutzstufe <br>to EN 207<\/strong><\/td><td><strong>\u00dcbertragung von sichtbarem Licht \/ Farbe<\/strong><\/td><td><strong>Dicke<br>(mm)<\/strong><\/td><\/tr><tr><td>FW-LRG1KBA<\/td><td>Nd:YAG<br>Ho:YAG<br>Er:YAG<br>CO2<\/td><td>950 \u2013 1000<br>&gt;1000 \u2013 1050<br>&gt;1050 \u2013 1400<br>&gt;1400 \u2013 2700<br>&gt;2700 \u2013 3000<br>5400-5400<br>10600 \u2013 10600<\/td><td>DIR LB5<br>D LB6 + IR LB7<br>D LB6 + IR LB8<br>D LB4 + IR LB3<br>DIRM LB4<br>DIRM LB4<br>DIRM LB4<\/td><td>70&nbsp;\/ clear<\/td><td>5 \u2013 6<\/td><\/tr><tr><td>FW-LRG1KFA<\/td><td>Nd:YAG<br>Ho:YAG<br>Er:YAG<br>CO2<\/td><td>900 \u2013 1050<br>&gt;1050 \u2013 1400<br>&gt;1400 \u2013 3000<br>&gt;3000 \u2013 11500<\/td><td>DIRM LB6<br>D LB7 + IR LB8 + M LB9<br>DIRM LB4<br>DI LB4 + R LB2 + M LB3<\/td><td>60 \/ light grey<\/td><td>7<\/td><\/tr><tr><td>FW-LRS1DAA<\/td><td>UV<br>KTP<\/td><td>180 \u2013 315<br>&gt;315 \u2013 355<br>&gt;355 \u2013 367<br>&gt;367 \u2013 369<br>&gt;369 \u2013 371<br>&gt;371 \u2013 373<br>&gt;373 \u2013 375<br>&gt;375 \u2013 377<br>&gt;377 \u2013 380<br>&gt;380 \u2013 384<br>3950 \u2013 &lt;4700<br>4700 \u2013 &lt;4765<br>4765 \u2013 &lt;5200<br>5200 \u2013 14500<br>5400 \u2013 5400<br>9000 \u2013 11500<br>&gt;14500 -25000<\/td><td>D LB10 + IR LB4 + M LB6Y<br>D LB6 + IR LB8 + M LB7Y<br>D LB6 + IR LB8 + M LB7Y<br>D LB6 + IR LB7 + M LB7Y<br>DIRM LB6<br>DIRM LB5<br>DIRM LB4<br>DIRM LB3<br>DIRM LB2<br>DIRM LB1<br>DIM LB4 + R LB3Y<br>DIM LB5 + R LB3Y<br>DI LB5 + R LB3Y + M LB6Y<br>DI LB5 + R LB3Y + M LB6Y<br>D LB4 + I LB3<br>D LB4 + I LB3<br>DI LB5 + R LB3Y + M LB6Y<\/td><td>90 \/ clear<\/td><td>6<\/td><\/tr><tr><td>FW-LRG1EBA<\/td><td>UV<br>KTP<\/td><td>180 \u2013 315<br>315 \u2013 532<\/td><td>D LB10 + IR LB5 + M LB5Y<br>D LB7 + IR LB8 + M LB8Y<\/td><td>30 \/ orange<\/td><td>5 \u2013 8<\/td><\/tr><tr><td>FW-LRG1KCA<\/td><td>Nd:YAG<br>Ho:YAG<br>Er:YAG<br>CO2<\/td><td>900 \u2013 1000<br>&gt;1000 \u2013 1050<br>&gt;1050 \u2013 1400<br>&gt;1400 \u2013 2100<br>&gt;2100 \u2013 25000<\/td><td>DIRM LB4<br>DIRM LB7<br>D LB7 + IR LB8 + M LB8Y<br>DI LB5 + R LB3Y + M LB3<br>DIM LB4 + R LB3Y<\/td><td>66 \/ light grey<\/td><td>7<\/td><\/tr><tr><td>FW-LRG1LEA<\/td><td>UV<br>KTP<br>Nd:YAG<\/td><td>180 \u2013 315<br>315 \u2013 532<br>1030 \u2013 1100<\/td><td>D LB10 + IR LB5<br>D LB7 + IR LB8 + M LB8Y<br>D LB7 + I LB9 + R LB8 + M LB8Y<\/td><td>30 \/ orange<\/td><td>8 \u2013 10<\/td><\/tr><tr><td>FW-LRG1KAA<\/td><td>Ruby<br>Near IR<br>Nd:YAG<br>CO2<\/td><td>647 \u2013 689<br>690 \u2013 749<br>750 \u2013 1200<br>&gt;1200 \u2013 1320<br>&gt;1320 \u2013 1400<br>&gt;1400 \u2013 1520<br>&gt;1520 \u2013 1550<br>9000 \u2013 11000<\/td><td>DIRM LB3<br>DIRM LB6<br>D LB7 + IR LB8 + M LB8Y<br>DIRM LB6<br>DIRM LB3<br>DIRM LB3<br>DIRM LB2<br>DI LB3<\/td><td>45 \/ green<\/td><td>7<\/td><\/tr><tr><td>FW-LRG1QCA<\/td><td>Alexandrite<br>Nd:YAG<\/td><td>630-635<br>750-800<br>&gt;800-1064<br>&gt;1064-1100<br>&gt;3000-25000<\/td><td>0.01W 2x10E-6J RB1<br>D LB6 + IRM LB8<br>D LB6 + IR LB8 + M LB9<br>D LB6 + IRM LB8<br>DI LB4 + R LB3Y + M LB4Y<\/td><td>45 \/ green<\/td><td>4 \u2013 5<\/td><\/tr><\/tbody><\/table><\/figure>\n\n\n\n<div style=\"height:20px\" aria-hidden=\"true\" class=\"wp-block-spacer\"><\/div>\n\n\n\n<h6 class=\"wp-block-heading\">GR\u00d6SSEN<\/h6>\n\n\n\n<p>Diese Glasfilterfenster sind in A4 (297 x 210mm) erh\u00e4ltlich, au\u00dfer f\u00fcr FW-LRG1KBA und FW-LRG1QCA (200 x 100mm).<br>FW-LRS1DAA ist bis zu einer Gr\u00f6\u00dfe von 3000 x 2000 mm erh\u00e4ltlich.<\/p>\n\n\n\n<div style=\"height:50px\" aria-hidden=\"true\" class=\"wp-block-spacer\"><\/div>\n\n\n\n<figure class=\"wp-block-embed aligncenter is-type-video is-provider-youtube wp-block-embed-youtube wp-embed-aspect-4-3 wp-has-aspect-ratio\"><div class=\"wp-block-embed__wrapper\">\n<iframe loading=\"lazy\" title=\"Laser filter windows struck by kW lasers - the results\" width=\"720\" height=\"540\" src=\"https:\/\/www.youtube.com\/embed\/ul0HNMP5LZ8?start=2&#038;feature=oembed\" frameborder=\"0\" allow=\"accelerometer; autoplay; clipboard-write; encrypted-media; gyroscope; picture-in-picture; web-share\" referrerpolicy=\"strict-origin-when-cross-origin\" allowfullscreen><\/iframe>\n<\/div><\/figure>\n\n\n\n<div style=\"height:50px\" aria-hidden=\"true\" class=\"wp-block-spacer\"><\/div>\n\n\n\n<h3 class=\"wp-block-heading\">Glas- vs. Polycarbonat-Kunststoff-Filter<\/h3>\n\n\n\n<p>Lasermet bietet eine gro\u00dfe Auswahl an Laserfiltern an, darunter sowohl Polycarbonat- als auch Glasfilter. Bevor Sie sich f\u00fcr einen Filter entscheiden, sollten Sie sich \u00fcber die Vor- und Nachteile der einzelnen Typen informieren.<\/p>\n\n\n\n<div style=\"height:20px\" aria-hidden=\"true\" class=\"wp-block-spacer\"><\/div>\n\n\n\n<div class=\"wp-block-columns is-layout-flex wp-container-core-columns-is-layout-9d6595d7 wp-block-columns-is-layout-flex\">\n<div class=\"wp-block-column is-vertically-aligned-top has-text-color has-background has-link-color wp-elements-2fed98a9841579ccba38e4b14fd48d7c is-layout-flow wp-block-column-is-layout-flow\" style=\"color:#000000;background-color:#efefef;padding-top:2em;padding-right:2em;padding-bottom:2em;padding-left:2em\">\n<h3 class=\"wp-block-heading\" id=\"single\" style=\"font-size:40px\">Polycarbonat Kunststoff<\/h3>\n\n\n\n<hr class=\"wp-block-separator has-text-color has-css-opacity has-background is-style-wide\" style=\"background-color:#000000;color:#000000\" \/>\n\n\n\n<ul class=\"wp-block-list\">\n<li>Leichtgewicht<\/li>\n\n\n\n<li>Kosteng\u00fcnstig<\/li>\n\n\n\n<li>Leicht verf\u00fcgbar<\/li>\n<\/ul>\n\n\n\n<p>Brillen aus Polycarbonat sind extrem leicht, was bedeutet, dass sie sehr viel angenehmer zu tragen sind als schwerere Glasfilterbrillen. Allerdings h\u00e4ngt der Komfort auch stark vom Stil des Rahmens ab. Auch bei Lasermet sind mehrere verschiedene Modelle erh\u00e4ltlich.<\/p>\n\n\n\n<p>Wenn der Preis der wichtigste Faktor f\u00fcr Ihre Entscheidung ist, dann ist Polycarbonat wahrscheinlich die richtige Brille f\u00fcr Sie. Wenn Sie jedoch mit Lasern arbeiten, die ein hohes Ma\u00df an Schutz erfordern, sollten Sie darauf achten, dass der von Ihnen gew\u00e4hlte Filter die erforderlichen Spezifikationen erf\u00fcllt.<\/p>\n\n\n\n<div class=\"wp-block-buttons alignfull is-horizontal is-content-justification-center is-layout-flex wp-container-core-buttons-is-layout-499968f5 wp-block-buttons-is-layout-flex\"><\/div>\n<\/div>\n\n\n\n<div class=\"wp-block-column has-text-color has-background has-link-color wp-elements-7cc97fc2bf9842b95af3226bcc3a231b is-layout-flow wp-block-column-is-layout-flow\" style=\"color:#000000;background-color:#efefef;padding-top:2em;padding-right:2em;padding-bottom:2em;padding-left:2em\">\n<h3 class=\"wp-block-heading\" id=\"family\" style=\"font-size:40px\">Glas<\/h3>\n\n\n\n<hr class=\"wp-block-separator has-css-opacity is-style-wide\" \/>\n\n\n\n<ul class=\"wp-block-list\">\n<li>H\u00f6here Schutzstufen<\/li>\n\n\n\n<li>Bessere Sichtbarkeit<\/li>\n\n\n\n<li>Im Allgemeinen robuster<\/li>\n<\/ul>\n\n\n\n<p>Glasfilter bieten in der Regel h\u00f6here Schutzniveaus als Polycarbonatfilter f\u00fcr denselben Laser. Oft sind die Schutzstufen bei der D-Kennzeichnung (Continuous Wave oder durchschnittliche Leistungsdichte) um den Faktor 2 oder 3 h\u00f6her, was bedeutet, dass sie der 100- bis 1000-fachen Leistungsdichte standhalten k\u00f6nnen.<\/p>\n\n\n\n<p>Bei hoher Sichtbarkeit erzielen Glasfilter wahrscheinlich die besten Ergebnisse. Im Allgemeinen sind Glasfilter auch robuster und weniger bruchgef\u00e4hrdet als Polycarbonat.<\/p>\n\n\n\n<div class=\"wp-block-buttons alignfull is-horizontal is-content-justification-center is-layout-flex wp-container-core-buttons-is-layout-499968f5 wp-block-buttons-is-layout-flex\"><\/div>\n<\/div>\n<\/div>\n\n\n\n<div style=\"height:20px\" aria-hidden=\"true\" class=\"wp-block-spacer\"><\/div>\n\n\n\n<p><\/p>\n\n\n\n<p><\/p>\n","protected":false},"excerpt":{"rendered":"<h6>Laserschutz-Sichtfenster<\/h6>\n<p>Lasersichtfenster erm\u00f6glichen es Ihnen, in das Innere eines Geh\u00e4uses zu sehen, w\u00e4hrend die Laserstrahlung nicht nach au\u00dfen dringt, und bieten so Schutz bei minimalen Unannehmlichkeiten. Diese Sichtfenster sind f\u00fcr eine Vielzahl verschiedener Lasertypen erh\u00e4ltlich und k\u00f6nnen entweder aus Kunststoff oder aus Mineralglas hergestellt werden<\/p>\n","protected":false},"featured_media":5644,"comment_status":"closed","ping_status":"closed","template":"","meta":{"_acf_changed":false,"_kad_blocks_custom_css":"","_kad_blocks_head_custom_js":"","_kad_blocks_body_custom_js":"","_kad_blocks_footer_custom_js":"","_EventAllDay":false,"_EventTimezone":"","_EventStartDate":"","_EventEndDate":"","_EventStartDateUTC":"","_EventEndDateUTC":"","_EventShowMap":false,"_EventShowMapLink":false,"_EventURL":"","_EventCost":"","_EventCostDescription":"","_EventCurrencySymbol":"","_EventCurrencyCode":"","_EventCurrencyPosition":"","_EventDateTimeSeparator":"","_EventTimeRangeSeparator":"","_EventOrganizerID":[],"_EventVenueID":[],"_OrganizerEmail":"","_OrganizerPhone":"","_OrganizerWebsite":"","_VenueAddress":"","_VenueCity":"","_VenueCountry":"","_VenueProvince":"","_VenueState":"","_VenueZip":"","_VenuePhone":"","_VenueURL":"","_VenueStateProvince":"","_VenueLat":"","_VenueLng":"","_VenueShowMap":false,"_VenueShowMapLink":false,"_kadence_starter_templates_imported_post":false,"_kad_post_transparent":"","_kad_post_title":"","_kad_post_layout":"","_kad_post_sidebar_id":"","_kad_post_content_style":"","_kad_post_vertical_padding":"","_kad_post_feature":"","_kad_post_feature_position":"","_kad_post_header":false,"_kad_post_footer":false,"_kad_post_classname":""},"product_brand":[],"product_cat":[45],"product_tag":[36,37,48],"class_list":{"0":"post-5642","1":"product","2":"type-product","3":"status-publish","4":"has-post-thumbnail","6":"product_cat-laserschutzfenster","7":"product_tag-forschung","8":"product_tag-industriell","9":"product_tag-medizinische","11":"first","12":"instock","13":"shipping-taxable","14":"product-type-simple","15":"entry","16":"content-bg","17":"loop-entry"},"acf":[],"taxonomy_info":{"product_cat":[{"value":45,"label":"Laserschutzfenster"}],"product_tag":[{"value":36,"label":"Forschung und Entwicklung"},{"value":37,"label":"Industriell"},{"value":48,"label":"Medizinische"}]},"featured_image_src_large":["https:\/\/www.lasermet.com\/de\/wp-content\/uploads\/sites\/3\/2023\/02\/Filter-Window.png",500,500,false],"author_info":[],"comment_info":0,"_links":{"self":[{"href":"https:\/\/www.lasermet.com\/de\/wp-json\/wp\/v2\/product\/5642","targetHints":{"allow":["GET"]}}],"collection":[{"href":"https:\/\/www.lasermet.com\/de\/wp-json\/wp\/v2\/product"}],"about":[{"href":"https:\/\/www.lasermet.com\/de\/wp-json\/wp\/v2\/types\/product"}],"replies":[{"embeddable":true,"href":"https:\/\/www.lasermet.com\/de\/wp-json\/wp\/v2\/comments?post=5642"}],"wp:featuredmedia":[{"embeddable":true,"href":"https:\/\/www.lasermet.com\/de\/wp-json\/wp\/v2\/media\/5644"}],"wp:attachment":[{"href":"https:\/\/www.lasermet.com\/de\/wp-json\/wp\/v2\/media?parent=5642"}],"wp:term":[{"taxonomy":"product_brand","embeddable":true,"href":"https:\/\/www.lasermet.com\/de\/wp-json\/wp\/v2\/product_brand?post=5642"},{"taxonomy":"product_cat","embeddable":true,"href":"https:\/\/www.lasermet.com\/de\/wp-json\/wp\/v2\/product_cat?post=5642"},{"taxonomy":"product_tag","embeddable":true,"href":"https:\/\/www.lasermet.com\/de\/wp-json\/wp\/v2\/product_tag?post=5642"}],"curies":[{"name":"wp","href":"https:\/\/api.w.org\/{rel}","templated":true}]}}