{"id":5490,"date":"2023-02-16T06:47:33","date_gmt":"2023-02-16T06:47:33","guid":{"rendered":"https:\/\/www.lasermetgmbh.de\/?post_type=product&#038;p=5490"},"modified":"2025-07-31T05:41:46","modified_gmt":"2025-07-31T05:41:46","slug":"laser-warnschilder","status":"publish","type":"product","link":"https:\/\/www.lasermet.com\/de\/laserschutzprodukte\/laser-warnschilder\/","title":{"rendered":"Laser-Klassifizierungsetikett"},"content":{"rendered":"\n<div style=\"height:49px\" aria-hidden=\"true\" class=\"wp-block-spacer\"><\/div>\n\n\n\n<h3 class=\"wp-block-heading\">Label-Teilenummernmatrix<\/h3>\n\n\n\n<figure class=\"wp-block-image\"><img decoding=\"async\" src=\"https:\/\/www.lasermet.com\/wp-content\/uploads\/2023\/10\/Label-Part-Number-Matrix-1-1024x605.png\" alt=\"Label Part Number Matrix 1 by Lasermet Laser Safety Solutions\" \/><\/figure>\n\n\n\n<h3 class=\"wp-block-heading\">Laser-Klassen<\/h3>\n\n\n\n<figure class=\"wp-block-table\"><table class=\"has-fixed-layout\"><tbody><tr><td>Klasse 1<\/td><td>Diese Klasse ist unter allen Betriebsbedingungen augensicher.<\/td><\/tr><tr><td>Klasse 1M<\/td><td>Diese Klasse ist f\u00fcr die direkte Betrachtung mit blo\u00dfem Auge sicher, kann jedoch bei Verwendung optischer Instrumente gef\u00e4hrlich sein.<br><br>Im Allgemeinen erh\u00f6ht die Verwendung von Lupen die Gefahr durch einen weit divergierenden Strahl (z. B. LEDs und blo\u00dfe Laserdioden), und Ferngl\u00e4ser oder Teleskope erh\u00f6hen die Gefahr durch einen breiten, kollimierten Strahl (wie er beispielsweise in Telekommunikationssystemen mit offenem Strahl verwendet wird).<br><br>Strahlung der Klassen 1 und 1M kann sichtbar, unsichtbar oder beides sein.<\/td><\/tr><tr><td>Klasse 2<\/td><td>Dies sind sichtbare Laser.<br><br>Diese Klasse ist unter allen Betriebsbedingungen bei versehentlichem Betrachten sicher. Sie kann jedoch f\u00fcr Personen unsicher sein, die absichtlich l\u00e4nger als 0,25 Sekunden in den Laserstrahl blicken und dabei ihre nat\u00fcrliche Abneigung gegen das sehr helle Licht \u00fcberwinden.<br><br>Die Strahlung der Klassen 2 und 2M ist sichtbar, kann aber unter bestimmten Bedingungen auch einen unsichtbaren Anteil enthalten.<\/td><\/tr><tr><td>Klasse 2M<\/td><td>These are visible lasers.<br><br>Dies sind sichtbare Laser.<br>Diese Klasse ist bei versehentlichem Betrachten mit blo\u00dfem Auge unbedenklich, solange die nat\u00fcrliche Abwehrreaktion nicht wie bei Klasse 2 \u00fcberwunden wird, kann jedoch (selbst bei versehentlichem Betrachten) gef\u00e4hrlich sein, wenn sie mit Hilfe optischer Instrumente betrachtet wird, wie bei Klasse 1M.<br><br>Die Strahlung der Klassen 2 und 2M ist sichtbar, kann jedoch unter bestimmten Bedingungen auch einen unsichtbaren Anteil enthalten.<\/td><\/tr><tr><td>Klasse 3R<\/td><td>Strahlung dieser Klasse gilt als risikoarm, aber potenziell gef\u00e4hrlich. Der Grenzwert f\u00fcr Klasse 3R betr\u00e4gt das F\u00fcnffache des geltenden Grenzwerts f\u00fcr Klasse 1 (f\u00fcr unsichtbare Strahlung) oder Klasse 2 (f\u00fcr sichtbare Strahlung).<br><br>Die sichtbare Klasse 3R entspricht in etwa der Klasse IIIA der US-amerikanischen Vorschriften.<\/td><\/tr><tr><td>Klasse 3A<\/td><td>Klasse 3A gilt als m\u00e4\u00dfig gef\u00e4hrlich f\u00fcr die Augen. Es ist wichtig, Laser der Klasse 3A verantwortungsbewusst zu verwenden und zu vermeiden, den Laserstrahl auf die Augen von Personen oder reflektierende Oberfl\u00e4chen zu richten.<br><br>Klasse 3A entspricht in internationalen Vorschriften der Klasse 3R.<\/td><\/tr><tr><td>Klasse 3B<\/td><td>Radiation in this class is very likely to be dangerous. The radiation can be a hazard to the eye or skin. However, viewing of the diffuse reflection is safe.<\/td><\/tr><tr><td>Klasse 4<\/td><td>Dies ist die h\u00f6chste Klasse der Laserstrahlung. Die Strahlung dieser Klasse ist sehr gef\u00e4hrlich, und das Betrachten der diffusen Reflexion kann gef\u00e4hrlich sein. Laserstrahlen der Klasse 4 k\u00f6nnen Materialien, auf die sie projiziert werden, in Brand setzen.<\/td><\/tr><\/tbody><\/table><\/figure>\n\n\n\n<h3 class=\"wp-block-heading\">Bestelloptionen<\/h3>\n\n\n\n<p>Die Etiketten sind in f\u00fcnf verschiedenen Gr\u00f6\u00dfen erh\u00e4ltlich. Das gr\u00f6\u00dfte Etikett hat eine Gr\u00f6\u00dfe von 200 \u00d7 100 mm, das kleinste von 32 \u00d7 16 mm.<\/p>\n\n\n\n<figure class=\"wp-block-image\"><img decoding=\"async\" src=\"https:\/\/www.lasermet.com\/wp-content\/uploads\/2023\/10\/Size-diff2.png\" alt=\"Size diff2 by Lasermet Laser Safety Solutions\" class=\"wp-image-12401\" \/><\/figure>\n\n\n\n<p><\/p>\n","protected":false},"excerpt":{"rendered":"<p><span data-mce-type=\"bookmark\" style=\"width: 0px;overflow: hidden;line-height: 0\" class=\"mce_SELRES_start\">\ufeff<\/span>Laserklassen sind ein standardisiertes System zur Klassifizierung von Lasern anhand ihrer potenziellen Gefahren f\u00fcr menschliche Augen und Haut. Das Klassifizierungssystem tr\u00e4gt zur Sicherheit bei der Arbeit mit Lasern bei, indem es f\u00fcr jede Klasse Sicherheitsma\u00dfnahmen und geeignete Schutzausr\u00fcstung festlegt.<\/p>\n<p>W\u00e4hlen Sie eine Option f\u00fcr die Vorschau aus.<\/p>\n<p><span data-mce-type=\"bookmark\" style=\"width: 0px;overflow: hidden;line-height: 0\" class=\"mce_SELRES_start\">\ufeff<\/span><\/p>\n","protected":false},"featured_media":9134,"comment_status":"closed","ping_status":"closed","template":"","meta":{"_acf_changed":false,"_kad_blocks_custom_css":"","_kad_blocks_head_custom_js":"","_kad_blocks_body_custom_js":"","_kad_blocks_footer_custom_js":"","_EventAllDay":false,"_EventTimezone":"","_EventStartDate":"","_EventEndDate":"","_EventStartDateUTC":"","_EventEndDateUTC":"","_EventShowMap":false,"_EventShowMapLink":false,"_EventURL":"","_EventCost":"","_EventCostDescription":"","_EventCurrencySymbol":"","_EventCurrencyCode":"","_EventCurrencyPosition":"","_EventDateTimeSeparator":"","_EventTimeRangeSeparator":"","_EventOrganizerID":[],"_EventVenueID":[],"_OrganizerEmail":"","_OrganizerPhone":"","_OrganizerWebsite":"","_VenueAddress":"","_VenueCity":"","_VenueCountry":"","_VenueProvince":"","_VenueState":"","_VenueZip":"","_VenuePhone":"","_VenueURL":"","_VenueStateProvince":"","_VenueLat":"","_VenueLng":"","_VenueShowMap":false,"_VenueShowMapLink":false,"_kadence_starter_templates_imported_post":false,"_kad_post_transparent":"","_kad_post_title":"","_kad_post_layout":"","_kad_post_sidebar_id":"","_kad_post_content_style":"","_kad_post_vertical_padding":"","_kad_post_feature":"","_kad_post_feature_position":"","_kad_post_header":false,"_kad_post_footer":false,"_kad_post_classname":""},"product_brand":[],"product_cat":[43],"product_tag":[36,37],"class_list":{"0":"post-5490","1":"product","2":"type-product","3":"status-publish","4":"has-post-thumbnail","6":"product_cat-laser-warnschilder","7":"product_tag-forschung","8":"product_tag-industriell","10":"first","11":"instock","12":"shipping-taxable","13":"product-type-simple","14":"entry","15":"content-bg","16":"loop-entry"},"acf":[],"taxonomy_info":{"product_cat":[{"value":43,"label":"Laser-Warnschilder"}],"product_tag":[{"value":36,"label":"Forschung und Entwicklung"},{"value":37,"label":"Industriell"}]},"featured_image_src_large":["https:\/\/www.lasermet.com\/de\/wp-content\/uploads\/sites\/3\/2023\/02\/aperture-2-1024x1024.png",1024,1024,true],"author_info":[],"comment_info":0,"_links":{"self":[{"href":"https:\/\/www.lasermet.com\/de\/wp-json\/wp\/v2\/product\/5490","targetHints":{"allow":["GET"]}}],"collection":[{"href":"https:\/\/www.lasermet.com\/de\/wp-json\/wp\/v2\/product"}],"about":[{"href":"https:\/\/www.lasermet.com\/de\/wp-json\/wp\/v2\/types\/product"}],"replies":[{"embeddable":true,"href":"https:\/\/www.lasermet.com\/de\/wp-json\/wp\/v2\/comments?post=5490"}],"wp:featuredmedia":[{"embeddable":true,"href":"https:\/\/www.lasermet.com\/de\/wp-json\/wp\/v2\/media\/9134"}],"wp:attachment":[{"href":"https:\/\/www.lasermet.com\/de\/wp-json\/wp\/v2\/media?parent=5490"}],"wp:term":[{"taxonomy":"product_brand","embeddable":true,"href":"https:\/\/www.lasermet.com\/de\/wp-json\/wp\/v2\/product_brand?post=5490"},{"taxonomy":"product_cat","embeddable":true,"href":"https:\/\/www.lasermet.com\/de\/wp-json\/wp\/v2\/product_cat?post=5490"},{"taxonomy":"product_tag","embeddable":true,"href":"https:\/\/www.lasermet.com\/de\/wp-json\/wp\/v2\/product_tag?post=5490"}],"curies":[{"name":"wp","href":"https:\/\/api.w.org\/{rel}","templated":true}]}}