{"id":5421,"date":"2023-02-16T05:24:16","date_gmt":"2023-02-16T05:24:16","guid":{"rendered":"https:\/\/www.lasermetgmbh.de\/?post_type=product&amp;p=5421"},"modified":"2023-02-16T05:24:16","modified_gmt":"2023-02-16T05:24:16","slug":"laserschutzrollos","status":"publish","type":"product","link":"https:\/\/www.lasermet.com\/de\/laserschutzprodukte\/laserschutzrollos\/","title":{"rendered":"Laserschutzrollos"},"content":{"rendered":"\n<div class=\"wp-block-buttons is-layout-flex wp-block-buttons-is-layout-flex\">\n<div class=\"wp-block-button\"><a class=\"wp-block-button__link has-text-color has-background wp-element-button\" href=\"https:\/\/forms.monday.com\/forms\/2efe65887bafa0cf63bc9c5609781dd0?r=use1\" style=\"color:#1d1f8c;background-color:#ffcc01\" rel=\"noopener\">Brosch\u00fcre herunterladen<\/a><\/div>\n<\/div>\n\n\n\n<div style=\"height:100px\" aria-hidden=\"true\" class=\"wp-block-spacer\"><\/div>\n\n\n\n<p>Die meisten Laser der Klasse 4 und viele Laser der Klasse 3B stellen \u00fcber sehr weite Entfernungen eine Gefahr f\u00fcr die Augen dar. Daher ist ein umfassender Laserschutz unbedingt erforderlich, wo immer sie vorhanden sind.<\/p>\n\n\n\n<p>Es muss verhindert werden, dass Laserstrahlung durch die Fenster von Labors und Produktionsanlagen entweicht. Gew\u00f6hnliche Vorh\u00e4nge oder Paravents sind nur selten in der Lage, einen Laserstrahl zu stoppen, und es sind speziell entwickelte Abschirmungsprodukte erforderlich.<\/p>\n\n\n\n<p>Die Laserschutzrollos von Lasermet wurden als passives Schutzsystem entwickelt, um zu verhindern, dass Laserlicht aus dem Theater, dem Labor oder der Laseranlage entweicht, in der Laser der Klassen 3B oder 4 verwendet werden. Dies dient entweder dem Schutz vor versehentlicher Exposition gegen\u00fcber dem Laserstrahl oder der langfristigen Blockierung von Laserstrahlung bei niedrigeren Leistungsdichten.<\/p>\n\n\n\n<p>Die Jalousien werden zur Abdeckung von Fenstern und an T\u00fcren angebracht, in denen ein Fenster eingebaut ist, und Lasermet bietet verschiedene Optionen f\u00fcr jede Anwendung an.<\/p>\n\n\n\n<div class=\"wp-block-columns is-layout-flex wp-container-core-columns-is-layout-9d6595d7 wp-block-columns-is-layout-flex\">\n<div class=\"wp-block-column is-layout-flow wp-block-column-is-layout-flow\"><div class=\"wp-block-image\">\n<figure class=\"alignright size-large is-resized\"><img loading=\"lazy\" decoding=\"async\" src=\"https:\/\/www.lasermetgmbh.de\/wp-content\/uploads\/2023\/02\/LBRB-detail-B.png\" alt=\"\" class=\"wp-image-5677\" width=\"333\" height=\"250\" srcset=\"https:\/\/www.lasermet.com\/de\/wp-content\/uploads\/sites\/3\/2023\/02\/LBRB-detail-B.png 666w, https:\/\/www.lasermet.com\/de\/wp-content\/uploads\/sites\/3\/2023\/02\/LBRB-detail-B-300x225.png 300w, https:\/\/www.lasermet.com\/de\/wp-content\/uploads\/sites\/3\/2023\/02\/LBRB-detail-B-600x450.png 600w\" sizes=\"auto, (max-width: 333px) 100vw, 333px\" \/><figcaption class=\"wp-element-caption\">Lasermet Rollos werden mit einem Zweikanal-Verriegelungsschalter geliefert<\/figcaption><\/figure>\n<\/div><\/div>\n\n\n\n<div class=\"wp-block-column is-layout-flow wp-block-column-is-layout-flow\"><div class=\"wp-block-image\">\n<figure class=\"alignleft size-large is-resized\"><img loading=\"lazy\" decoding=\"async\" src=\"https:\/\/www.lasermetgmbh.de\/wp-content\/uploads\/2023\/02\/LBRB-detail.png\" alt=\"\" class=\"wp-image-5678\" width=\"333\" height=\"250\" srcset=\"https:\/\/www.lasermet.com\/de\/wp-content\/uploads\/sites\/3\/2023\/02\/LBRB-detail.png 666w, https:\/\/www.lasermet.com\/de\/wp-content\/uploads\/sites\/3\/2023\/02\/LBRB-detail-300x225.png 300w, https:\/\/www.lasermet.com\/de\/wp-content\/uploads\/sites\/3\/2023\/02\/LBRB-detail-600x450.png 600w\" sizes=\"auto, (max-width: 333px) 100vw, 333px\" \/><figcaption class=\"wp-element-caption\">Der IS-MDC-12 Verriegelungsschalter ist hier an einem Rollo angebracht.<\/figcaption><\/figure>\n<\/div><\/div>\n<\/div>\n\n\n\n<div style=\"height:20px\" aria-hidden=\"true\" class=\"wp-block-spacer\"><\/div>\n\n\n\n<h6 class=\"wp-block-heading\">KONTROLLE<\/h6>\n\n\n\n<p>Die Rollos von Lasermet sind manuell bedienbar &#8211; mit Kette oder Kurbel &#8211; oder motorisiert, d.h. sie lassen sich per Fernbedienung steuern &#8211; entweder drahtlos oder per Kabel.<\/p>\n\n\n\n<div style=\"height:20px\" aria-hidden=\"true\" class=\"wp-block-spacer\"><\/div>\n\n\n\n<h6 class=\"wp-block-heading\">GEKAPSELTES LASER-BLOCKIER-ROLLO<\/h6>\n\n\n\n<p>Gekapselte Laserschutzrollos werden aus dem speziell entwickelten Orca-Material von Lasermet hergestellt, das nach BS EN IEC 60825-4 Sicherheit von Laserprodukten, Teil 4: Laserschutzvorrichtungen zertifiziert ist.<\/p>\n\n\n\n<p>Das Rollo ist in einen wei\u00df lackierten Aluminiumrahmen eingebaut, der die Oberseite, beide Kanten und die Unterseite des Rollos umschlie\u00dft. Dadurch wird verhindert, dass Laserstrahlen an den Seiten des Rollos vorbeiziehen, das gesamte direkte Licht wird abgeblockt und es wird ein sauberes Finish erzielt.<\/p>\n\n\n\n<p>Es ist wichtig, dass die Rollos zertifiziert sind und das Material gem\u00e4\u00df den einschl\u00e4gigen Laserschutznormen getestet wurde. Wenn nicht konformes Material verwendet wird &#8211; z.B. ungepr\u00fcftes, nicht zertifiziertes Sonnenschutzmaterial &#8211; k\u00f6nnen Laserstrahlen in das Rollo eindringen und so Personen und Ger\u00e4te sch\u00e4digen.<\/p>\n\n\n\n<div style=\"height:20px\" aria-hidden=\"true\" class=\"wp-block-spacer\"><\/div>\n\n\n\n<div class=\"wp-block-columns is-layout-flex wp-container-core-columns-is-layout-9d6595d7 wp-block-columns-is-layout-flex\">\n<div class=\"wp-block-column is-layout-flow wp-block-column-is-layout-flow\">\n<figure class=\"wp-block-image size-full\"><img decoding=\"async\" src=\"https:\/\/www.lasermetgmbh.de\/wp-content\/uploads\/2023\/03\/LBRB-clinic-Before.png\" alt=\"\" class=\"wp-image-7592\" \/><figcaption class=\"wp-element-caption\">VORHER &#8211; Laserklinik mit Standard-Jalousien, <\/figcaption><\/figure>\n<\/div>\n\n\n\n<div class=\"wp-block-column is-layout-flow wp-block-column-is-layout-flow\">\n<figure class=\"wp-block-image size-full\"><img decoding=\"async\" src=\"https:\/\/www.lasermetgmbh.de\/wp-content\/uploads\/2023\/03\/LBRB-clinic.png\" alt=\"\" class=\"wp-image-7593\" \/><figcaption class=\"wp-element-caption\">NACHHER &#8211; Laserklinik mit Laserblockier-Rollos und Fensterblockern ausgestattet<\/figcaption><\/figure>\n<\/div>\n\n\n\n<div class=\"wp-block-column is-layout-flow wp-block-column-is-layout-flow\">\n<figure class=\"wp-block-image size-full\"><img decoding=\"async\" src=\"https:\/\/www.lasermetgmbh.de\/wp-content\/uploads\/2023\/03\/LBRB-clinic-open.png\" alt=\"\" class=\"wp-image-7595\" \/><figcaption class=\"wp-element-caption\">NACHHER &#8211; Laserblockierende Rollos und Fenstersperren vollst\u00e4ndig ge\u00f6ffnet\/eingezogen<\/figcaption><\/figure>\n<\/div>\n<\/div>\n\n\n\n<div style=\"height:40px\" aria-hidden=\"true\" class=\"wp-block-spacer\"><\/div>\n\n\n\n<h6 class=\"wp-block-heading\">BEW\u00c4HRTE VERFAHREN F\u00dcR DIE LASERSICHERHEIT ANWENDEN<\/h6>\n\n\n\n<p>Im Vereinigten K\u00f6nigreich hat der National Health Service (NHS) ein Best Practice Guidance Document HBN 26 &#8220; herausgegeben, das Leitlinien f\u00fcr die Ausstattung von station\u00e4ren Operationss\u00e4len in allgemeinen Akutkrankenh\u00e4usern enth\u00e4lt.<\/p>\n\n\n\n<figure class=\"wp-block-pullquote\"><blockquote><p> \u2026\u2026 Alle T\u00fcren sollten mit Sichtfenstern ausgestattet sein<br>die verdunkelt werden k\u00f6nnen, und mit lasersicheren Jalousien versehen sein\u2026<\/p><cite>Einrichtungen f\u00fcr chirurgische Eingriffe Band 1. Absatz 4.79<\/cite><\/blockquote><\/figure>\n\n\n\n<figure class=\"wp-block-pullquote\"><blockquote><p>&#8222;Laser in einem Operationssaal verwendet werden sollen, sollten Sicherheitsvorkehrungen gem\u00e4\u00df BS EN 60825 getroffen werden\u2026\u201d<\/p><cite>Einsatz von Lasern im Operationssaal. Absatz 7.120<\/cite><\/blockquote><\/figure>\n\n\n\n<div class=\"wp-block-columns is-layout-flex wp-container-core-columns-is-layout-9d6595d7 wp-block-columns-is-layout-flex\">\n<div class=\"wp-block-column is-layout-flow wp-block-column-is-layout-flow\">\n<figure class=\"wp-block-image size-large is-resized\"><img loading=\"lazy\" decoding=\"async\" src=\"https:\/\/www.lasermetgmbh.de\/wp-content\/uploads\/2023\/02\/Roller-Blinds-3x4-1.png\" alt=\"\" class=\"wp-image-5686\" width=\"375\" height=\"500\" srcset=\"https:\/\/www.lasermet.com\/de\/wp-content\/uploads\/sites\/3\/2023\/02\/Roller-Blinds-3x4-1.png 500w, https:\/\/www.lasermet.com\/de\/wp-content\/uploads\/sites\/3\/2023\/02\/Roller-Blinds-3x4-1-225x300.png 225w\" sizes=\"auto, (max-width: 375px) 100vw, 375px\" \/><\/figure>\n\n\n\n<div style=\"height:20px\" aria-hidden=\"true\" class=\"wp-block-spacer\"><\/div>\n\n\n\n<figure class=\"wp-block-image size-large is-resized\"><img decoding=\"async\" src=\"https:\/\/www.lasermetgmbh.de\/wp-content\/uploads\/2023\/03\/Roller-Blinds-3x4-D-edited.png\" alt=\"\" class=\"wp-image-6334\" width=\"375\" srcset=\"https:\/\/www.lasermet.com\/de\/wp-content\/uploads\/sites\/3\/2023\/03\/Roller-Blinds-3x4-D-edited.png 500w, https:\/\/www.lasermet.com\/de\/wp-content\/uploads\/sites\/3\/2023\/03\/Roller-Blinds-3x4-D-edited-225x300.png 225w\" sizes=\"(max-width: 500px) 100vw, 500px\" \/><\/figure>\n<\/div>\n\n\n\n<div class=\"wp-block-column is-layout-flow wp-block-column-is-layout-flow\">\n<figure class=\"wp-block-image size-large is-resized\"><img loading=\"lazy\" decoding=\"async\" src=\"https:\/\/www.lasermetgmbh.de\/wp-content\/uploads\/2023\/02\/Roller-Blinds-3x4-B.png\" alt=\"\" class=\"wp-image-5680\" width=\"375\" height=\"500\" srcset=\"https:\/\/www.lasermet.com\/de\/wp-content\/uploads\/sites\/3\/2023\/02\/Roller-Blinds-3x4-B.png 500w, https:\/\/www.lasermet.com\/de\/wp-content\/uploads\/sites\/3\/2023\/02\/Roller-Blinds-3x4-B-225x300.png 225w\" sizes=\"auto, (max-width: 375px) 100vw, 375px\" \/><\/figure>\n\n\n\n<div style=\"height:20px\" aria-hidden=\"true\" class=\"wp-block-spacer\"><\/div>\n\n\n\n<figure class=\"wp-block-image size-large is-resized\"><img loading=\"lazy\" decoding=\"async\" src=\"https:\/\/www.lasermetgmbh.de\/wp-content\/uploads\/2023\/02\/Roller-Blinds-3x4-F-edited.png\" alt=\"\" class=\"wp-image-5690\" width=\"375\" height=\"500\" srcset=\"https:\/\/www.lasermet.com\/de\/wp-content\/uploads\/sites\/3\/2023\/02\/Roller-Blinds-3x4-F-edited.png 500w, https:\/\/www.lasermet.com\/de\/wp-content\/uploads\/sites\/3\/2023\/02\/Roller-Blinds-3x4-F-edited-225x300.png 225w\" sizes=\"auto, (max-width: 375px) 100vw, 375px\" \/><\/figure>\n<\/div>\n\n\n\n<div class=\"wp-block-column is-layout-flow wp-block-column-is-layout-flow\">\n<figure class=\"wp-block-image size-large is-resized\"><img loading=\"lazy\" decoding=\"async\" src=\"https:\/\/www.lasermetgmbh.de\/wp-content\/uploads\/2023\/02\/Roller-Blinds-3x4-C-edited.png\" alt=\"\" class=\"wp-image-5687\" width=\"375\" height=\"500\" srcset=\"https:\/\/www.lasermet.com\/de\/wp-content\/uploads\/sites\/3\/2023\/02\/Roller-Blinds-3x4-C-edited.png 500w, https:\/\/www.lasermet.com\/de\/wp-content\/uploads\/sites\/3\/2023\/02\/Roller-Blinds-3x4-C-edited-225x300.png 225w\" sizes=\"auto, (max-width: 375px) 100vw, 375px\" \/><\/figure>\n\n\n\n<div style=\"height:20px\" aria-hidden=\"true\" class=\"wp-block-spacer\"><\/div>\n\n\n\n<figure class=\"wp-block-image size-large is-resized\"><img loading=\"lazy\" decoding=\"async\" src=\"https:\/\/www.lasermetgmbh.de\/wp-content\/uploads\/2023\/02\/Roller-Blinds-3x4-E-edited.png\" alt=\"\" class=\"wp-image-5689\" width=\"375\" height=\"500\" srcset=\"https:\/\/www.lasermet.com\/de\/wp-content\/uploads\/sites\/3\/2023\/02\/Roller-Blinds-3x4-E-edited.png 500w, https:\/\/www.lasermet.com\/de\/wp-content\/uploads\/sites\/3\/2023\/02\/Roller-Blinds-3x4-E-edited-225x300.png 225w\" sizes=\"auto, (max-width: 375px) 100vw, 375px\" \/><\/figure>\n<\/div>\n<\/div>\n\n\n\n<div style=\"height:40px\" aria-hidden=\"true\" class=\"wp-block-spacer\"><\/div>\n\n\n\n<h6 class=\"wp-block-heading\">PEL-BEWERTUNGEN F\u00dcR ORCA LASER BLOCKING ROLLOS<\/h6>\n\n\n\n<p>Das Orca-Laserblockiermaterial von Lasermet ist CE- und UKCA-gekennzeichnet und nach BS EN IEC 60825-4 Sicherheit von Laserprodukten &#8211; Teil 4: Laserschutzeinrichtungen zertifiziert.<\/p>\n\n\n\n<p>Die Schutzzeiten, die das Material bei verschiedenen Leistungsdichten bietet, sind in den untenstehenden Spezifikationen angegeben<\/p>\n\n\n\n<div style=\"height:20px\" aria-hidden=\"true\" class=\"wp-block-spacer\"><\/div>\n\n\n\n<figure class=\"wp-block-table has-small-font-size\"><table><tbody><tr><td><strong>Bestrahlte Fl\u00e4che<\/strong><\/td><td><strong>PEL (T3) 10S<\/strong><\/td><td><strong>PEL (T2) 100S<\/strong><\/td><\/tr><tr><td>4mm\u00b2<\/td><td>3.9 MW\/m\u00b2<\/td><td>2.2 MW\/m\u00b2<\/td><\/tr><tr><td>2000mm\u00b2<\/td><td>0.62 MW\/m\u00b2<\/td><td>0.35 MW\/m\u00b2<\/td><\/tr><\/tbody><\/table><\/figure>\n\n\n\n<div style=\"height:20px\" aria-hidden=\"true\" class=\"wp-block-spacer\"><\/div>\n\n\n\n<h6 class=\"wp-block-heading\">PEL-BEWERTUNGEN F\u00dcR WOLF LASER BLOCKING ROLLOS<\/h6>\n\n\n\n<p>Von Lasermet ist ein alternatives Rollo-Material erh\u00e4ltlich, das f\u00fcr einige spezielle Umgebungen geeignet ist. Das Wolf Laser Blocking Material hat eine niedrigere PEL-Einstufung, ist aber dennoch bis zu bestimmten Grenzen ausreichend.<\/p>\n\n\n\n<div style=\"height:20px\" aria-hidden=\"true\" class=\"wp-block-spacer\"><\/div>\n\n\n\n<figure class=\"wp-block-table has-small-font-size\"><table><tbody><tr><td><strong>Bestrahlte Fl\u00e4che<\/strong><\/td><td><strong>PEL (T3) 10S<\/strong><\/td><td><strong>PEL (T2) 100S<\/strong><\/td><\/tr><tr><td>4mm\u00b2<\/td><td>248 kW\/m\u00b2<\/td><td>140 kW\/m\u00b2<\/td><\/tr><tr><td>2000mm\u00b2<\/td><td>124 kW\/m\u00b2<\/td><td>70 kW\/m\u00b2<\/td><\/tr><\/tbody><\/table><\/figure>\n\n\n\n<div style=\"height:20px\" aria-hidden=\"true\" class=\"wp-block-spacer\"><\/div>\n\n\n\n<p>Das Wolf Laser-Blockiermaterial war zuvor als Blackcat bekannt.<\/p>\n","protected":false},"excerpt":{"rendered":"<h6>Schutz vor Laser-Streustrahlung<\/h6>\n<p>Die Laserschutzrollos von Lasermet sind als passives Schutzsystem konzipiert, das Laserlicht daran hindert, aus dem Theater, dem Labor oder der Laseranlage zu entweichen, in der Laser der Klassen 3B oder 4 eingesetzt werden. Sie dienen entweder zum Schutz vor versehentlicher Exposition gegen\u00fcber dem Laserstrahl oder zur langfristigen Blockierung von Laserstrahlung bei niedrigeren Leistungsdichten.<\/p>\n","protected":false},"featured_media":8475,"comment_status":"closed","ping_status":"closed","template":"","meta":{"_acf_changed":false,"_kad_blocks_custom_css":"","_kad_blocks_head_custom_js":"","_kad_blocks_body_custom_js":"","_kad_blocks_footer_custom_js":"","_EventAllDay":false,"_EventTimezone":"","_EventStartDate":"","_EventEndDate":"","_EventStartDateUTC":"","_EventEndDateUTC":"","_EventShowMap":false,"_EventShowMapLink":false,"_EventURL":"","_EventCost":"","_EventCostDescription":"","_EventCurrencySymbol":"","_EventCurrencyCode":"","_EventCurrencyPosition":"","_EventDateTimeSeparator":"","_EventTimeRangeSeparator":"","_EventOrganizerID":[],"_EventVenueID":[],"_OrganizerEmail":"","_OrganizerPhone":"","_OrganizerWebsite":"","_VenueAddress":"","_VenueCity":"","_VenueCountry":"","_VenueProvince":"","_VenueState":"","_VenueZip":"","_VenuePhone":"","_VenueURL":"","_VenueStateProvince":"","_VenueLat":"","_VenueLng":"","_VenueShowMap":false,"_VenueShowMapLink":false,"_kadence_starter_templates_imported_post":false,"_kad_post_transparent":"","_kad_post_title":"","_kad_post_layout":"","_kad_post_sidebar_id":"","_kad_post_content_style":"","_kad_post_vertical_padding":"","_kad_post_feature":"","_kad_post_feature_position":"","_kad_post_header":false,"_kad_post_footer":false,"_kad_post_classname":""},"product_brand":[],"product_cat":[45],"product_tag":[36,48],"class_list":{"0":"post-5421","1":"product","2":"type-product","3":"status-publish","4":"has-post-thumbnail","6":"product_cat-laserschutzfenster","7":"product_tag-forschung","8":"product_tag-medizinische","10":"first","11":"instock","12":"shipping-taxable","13":"product-type-simple","14":"entry","15":"content-bg","16":"loop-entry"},"acf":[],"taxonomy_info":{"product_cat":[{"value":45,"label":"Laserschutzfenster"}],"product_tag":[{"value":36,"label":"Forschung und Entwicklung"},{"value":48,"label":"Medizinische"}]},"featured_image_src_large":["https:\/\/www.lasermet.com\/de\/wp-content\/uploads\/sites\/3\/2023\/02\/500x500-Roller-Blind-3D.png",500,500,false],"author_info":[],"comment_info":0,"_links":{"self":[{"href":"https:\/\/www.lasermet.com\/de\/wp-json\/wp\/v2\/product\/5421","targetHints":{"allow":["GET"]}}],"collection":[{"href":"https:\/\/www.lasermet.com\/de\/wp-json\/wp\/v2\/product"}],"about":[{"href":"https:\/\/www.lasermet.com\/de\/wp-json\/wp\/v2\/types\/product"}],"replies":[{"embeddable":true,"href":"https:\/\/www.lasermet.com\/de\/wp-json\/wp\/v2\/comments?post=5421"}],"wp:featuredmedia":[{"embeddable":true,"href":"https:\/\/www.lasermet.com\/de\/wp-json\/wp\/v2\/media\/8475"}],"wp:attachment":[{"href":"https:\/\/www.lasermet.com\/de\/wp-json\/wp\/v2\/media?parent=5421"}],"wp:term":[{"taxonomy":"product_brand","embeddable":true,"href":"https:\/\/www.lasermet.com\/de\/wp-json\/wp\/v2\/product_brand?post=5421"},{"taxonomy":"product_cat","embeddable":true,"href":"https:\/\/www.lasermet.com\/de\/wp-json\/wp\/v2\/product_cat?post=5421"},{"taxonomy":"product_tag","embeddable":true,"href":"https:\/\/www.lasermet.com\/de\/wp-json\/wp\/v2\/product_tag?post=5421"}],"curies":[{"name":"wp","href":"https:\/\/api.w.org\/{rel}","templated":true}]}}