{"id":542,"date":"2023-02-03T05:29:36","date_gmt":"2023-02-03T05:29:36","guid":{"rendered":"https:\/\/www.lasermetgmbh.de\/?post_type=product&amp;p=542"},"modified":"2023-02-03T05:29:36","modified_gmt":"2023-02-03T05:29:36","slug":"falcon-roll-up-door","status":"publish","type":"product","link":"https:\/\/www.lasermet.com\/de\/laserschutzprodukte\/falcon-roll-up-door\/","title":{"rendered":"Falcon Aktive Schnelllauftor"},"content":{"rendered":"\n<div class=\"wp-block-buttons is-layout-flex wp-block-buttons-is-layout-flex\">\n<div class=\"wp-block-button\"><a class=\"wp-block-button__link has-text-color has-background wp-element-button\" href=\"https:\/\/forms.monday.com\/forms\/16b7e6504f70c6dbbca0cb6ae145a2ca?r=use1\" style=\"color:#1d1f8c;background-color:#ffcc01\" rel=\"noopener\">Brosch\u00fcre herunterladen<\/a><\/div>\n<\/div>\n\n\n\n<div style=\"height:100px\" aria-hidden=\"true\" class=\"wp-block-spacer\"><\/div>\n\n\n\n<div class=\"wp-block-columns is-layout-flex wp-container-core-columns-is-layout-9d6595d7 wp-block-columns-is-layout-flex\">\n<div class=\"wp-block-column is-vertically-aligned-center is-layout-flow wp-block-column-is-layout-flow\"><div class=\"wp-block-image\">\n<figure class=\"aligncenter size-full is-resized\"><img loading=\"lazy\" decoding=\"async\" src=\"https:\/\/www.lasermetgmbh.de\/wp-content\/uploads\/2023\/02\/Falcon-logo-K-768x505-1.jpeg\" alt=\"\" class=\"wp-image-543\" width=\"384\" height=\"253\" srcset=\"https:\/\/www.lasermet.com\/de\/wp-content\/uploads\/sites\/3\/2023\/02\/Falcon-logo-K-768x505-1.jpeg 768w, https:\/\/www.lasermet.com\/de\/wp-content\/uploads\/sites\/3\/2023\/02\/Falcon-logo-K-768x505-1-300x197.jpeg 300w, https:\/\/www.lasermet.com\/de\/wp-content\/uploads\/sites\/3\/2023\/02\/Falcon-logo-K-768x505-1-600x395.jpeg 600w\" sizes=\"auto, (max-width: 384px) 100vw, 384px\" \/><\/figure>\n<\/div><\/div>\n\n\n\n<div class=\"wp-block-column is-layout-flow wp-block-column-is-layout-flow\"><div class=\"wp-block-image\">\n<figure class=\"aligncenter size-full is-resized\"><img loading=\"lazy\" decoding=\"async\" src=\"https:\/\/www.lasermetgmbh.de\/wp-content\/uploads\/2023\/02\/Falcon_door_front_view-v2x.jpeg\" alt=\"\" class=\"wp-image-544\" width=\"500\" height=\"491\" \/><\/figure>\n<\/div><\/div>\n<\/div>\n\n\n\n<div style=\"height:40px\" aria-hidden=\"true\" class=\"wp-block-spacer\"><\/div>\n\n\n\n<h3 class=\"wp-block-heading\">Aktive Bewachungsoptionen<\/h3>\n\n\n\n<p>F\u00fcr Laserbearbeitungsanwendungen kann die Falcon Door mit dem aktiven Laserschutzsystem Laser Jailer ausgestattet werden, das aus flexiblen Schaltkreisen besteht, die vom Laser Interlock Controller \u00fcberwacht werden. Wenn ein Laser auf das Schutzsystem trifft, das die T\u00fcr abdeckt, wird der Laser praktisch sofort abgeschaltet.<\/p>\n\n\n\n<p>Der Laser ist so verriegelt, dass er nur aktiviert wird, wenn die T\u00fcr geschlossen ist.<\/p>\n\n\n\n<div style=\"height:20px\" aria-hidden=\"true\" class=\"wp-block-spacer\"><\/div>\n\n\n\n<div class=\"wp-block-buttons is-content-justification-center is-layout-flex wp-container-core-buttons-is-layout-16018d1d wp-block-buttons-is-layout-flex\">\n<div class=\"wp-block-button\"><a class=\"wp-block-button__link has-text-color has-background wp-element-button\" href=\"https:\/\/www.lasermetgmbh.de\/laser-safety-products\/laser-jailer-active-laser-guarding\/\" style=\"color:#1d1f8c;background-color:#ffcc01\" target=\"_blank\" rel=\"noreferrer noopener\">Laser Jailer<\/a><\/div>\n<\/div>\n\n\n\n<div style=\"height:40px\" aria-hidden=\"true\" class=\"wp-block-spacer\"><\/div>\n\n\n\n<figure class=\"wp-block-embed is-type-video is-provider-youtube wp-block-embed-youtube wp-embed-aspect-16-9 wp-has-aspect-ratio\"><div class=\"wp-block-embed__wrapper\">\n<iframe loading=\"lazy\" title=\"Falcon Active Speed Door\" width=\"720\" height=\"405\" src=\"https:\/\/www.youtube.com\/embed\/Khk0vQgoZ5k?feature=oembed\" frameborder=\"0\" allow=\"accelerometer; autoplay; clipboard-write; encrypted-media; gyroscope; picture-in-picture; web-share\" referrerpolicy=\"strict-origin-when-cross-origin\" allowfullscreen><\/iframe>\n<\/div><\/figure>\n\n\n\n<div style=\"height:20px\" aria-hidden=\"true\" class=\"wp-block-spacer\"><\/div>\n\n\n\n<h6 class=\"wp-block-heading\">SPEZIFIKATIONEN<\/h6>\n\n\n\n<figure class=\"wp-block-table has-small-font-size\"><table><tbody><tr><td>Geschwindigkeit<\/td><td>0.6 &#8211; 1.8 m\/s<br>(adjustable)<\/td><\/tr><tr><td>Uhrzeit \u00f6ffnen\/schlie\u00dfen<\/td><td>&lt; 3 seconds <br>(typical)<\/td><\/tr><tr><td>Motor<\/td><td>SEW <\/td><\/tr><tr><td>Kontrollm\u00f6glichkeiten<\/td><td>Lasermet Interlock Controller or PLC<\/td><\/tr><tr><td>Sicherheit<\/td><td>PLC bump switch<br>Safe edge<br>Photocell (customer control)<br>Active Guarding<\/td><\/tr><\/tbody><\/table><\/figure>\n\n\n\n<p><\/p>\n","protected":false},"excerpt":{"rendered":"<p><strong>Hochgeschwindigkeits-Industrie-Rolltor mit optionaler aktiver Laserschutzvorrichtung<\/strong><\/p>\n<p>Das aktive Schnelllauftor von Falcon ist ein Industrietor, das sich ideal f\u00fcr Anwendungen in der Fertigung und Laserbearbeitung sowie f\u00fcr die industrielle Innen- und Au\u00dfenlogistik mit hohem Verkehrsaufkommen eignet.<\/p>\n<ul>\n<li>Schneller, hocheffizienter Betrieb<\/li>\n<li>Isoliert und sicher<\/li>\n<li>Optionales aktives Schutzsystem mit Laser Jailer Laser Guarding System<\/li>\n<\/ul>\n","protected":false},"featured_media":7705,"comment_status":"closed","ping_status":"closed","template":"","meta":{"_acf_changed":false,"_kad_blocks_custom_css":"","_kad_blocks_head_custom_js":"","_kad_blocks_body_custom_js":"","_kad_blocks_footer_custom_js":"","_EventAllDay":false,"_EventTimezone":"","_EventStartDate":"","_EventEndDate":"","_EventStartDateUTC":"","_EventEndDateUTC":"","_EventShowMap":false,"_EventShowMapLink":false,"_EventURL":"","_EventCost":"","_EventCostDescription":"","_EventCurrencySymbol":"","_EventCurrencyCode":"","_EventCurrencyPosition":"","_EventDateTimeSeparator":"","_EventTimeRangeSeparator":"","_EventOrganizerID":[],"_EventVenueID":[],"_OrganizerEmail":"","_OrganizerPhone":"","_OrganizerWebsite":"","_VenueAddress":"","_VenueCity":"","_VenueCountry":"","_VenueProvince":"","_VenueState":"","_VenueZip":"","_VenuePhone":"","_VenueURL":"","_VenueStateProvince":"","_VenueLat":"","_VenueLng":"","_VenueShowMap":false,"_VenueShowMapLink":false,"_kadence_starter_templates_imported_post":false,"_kad_post_transparent":"","_kad_post_title":"","_kad_post_layout":"","_kad_post_sidebar_id":"","_kad_post_content_style":"","_kad_post_vertical_padding":"","_kad_post_feature":"","_kad_post_feature_position":"","_kad_post_header":false,"_kad_post_footer":false,"_kad_post_classname":""},"product_brand":[],"product_cat":[38],"product_tag":[33,35,37],"class_list":{"0":"post-542","1":"product","2":"type-product","3":"status-publish","4":"has-post-thumbnail","6":"product_cat-industrietor","7":"product_tag-aerospace","8":"product_tag-automobilindustrie","9":"product_tag-industriell","11":"first","12":"instock","13":"shipping-taxable","14":"product-type-simple","15":"entry","16":"content-bg","17":"loop-entry"},"acf":[],"taxonomy_info":{"product_cat":[{"value":38,"label":"Industrietor"}],"product_tag":[{"value":33,"label":"Aerospace"},{"value":35,"label":"Automobilindustrie"},{"value":37,"label":"Industriell"}]},"featured_image_src_large":["https:\/\/www.lasermet.com\/de\/wp-content\/uploads\/sites\/3\/2023\/02\/Falcon-Door.png",500,500,false],"author_info":[],"comment_info":0,"_links":{"self":[{"href":"https:\/\/www.lasermet.com\/de\/wp-json\/wp\/v2\/product\/542","targetHints":{"allow":["GET"]}}],"collection":[{"href":"https:\/\/www.lasermet.com\/de\/wp-json\/wp\/v2\/product"}],"about":[{"href":"https:\/\/www.lasermet.com\/de\/wp-json\/wp\/v2\/types\/product"}],"replies":[{"embeddable":true,"href":"https:\/\/www.lasermet.com\/de\/wp-json\/wp\/v2\/comments?post=542"}],"wp:featuredmedia":[{"embeddable":true,"href":"https:\/\/www.lasermet.com\/de\/wp-json\/wp\/v2\/media\/7705"}],"wp:attachment":[{"href":"https:\/\/www.lasermet.com\/de\/wp-json\/wp\/v2\/media?parent=542"}],"wp:term":[{"taxonomy":"product_brand","embeddable":true,"href":"https:\/\/www.lasermet.com\/de\/wp-json\/wp\/v2\/product_brand?post=542"},{"taxonomy":"product_cat","embeddable":true,"href":"https:\/\/www.lasermet.com\/de\/wp-json\/wp\/v2\/product_cat?post=542"},{"taxonomy":"product_tag","embeddable":true,"href":"https:\/\/www.lasermet.com\/de\/wp-json\/wp\/v2\/product_tag?post=542"}],"curies":[{"name":"wp","href":"https:\/\/api.w.org\/{rel}","templated":true}]}}