{"id":5417,"date":"2023-02-16T04:04:01","date_gmt":"2023-02-16T04:04:01","guid":{"rendered":"https:\/\/www.lasermetgmbh.de\/?post_type=product&amp;p=5417"},"modified":"2023-02-16T04:04:01","modified_gmt":"2023-02-16T04:04:01","slug":"fluoreszierende-schilder","status":"publish","type":"product","link":"https:\/\/www.lasermet.com\/de\/laserschutzprodukte\/fluoreszierende-schilder\/","title":{"rendered":"Warnschilder und benutzerdefinierte beleuchtete Schilder"},"content":{"rendered":"\n<h3 class=\"wp-block-heading\">Individuelle Schilder<\/h3>\n\n\n<div class=\"wp-block-image\">\n<figure class=\"alignright size-full\"><img loading=\"lazy\" decoding=\"async\" width=\"200\" height=\"181\" src=\"https:\/\/www.lasermetgmbh.de\/wp-content\/uploads\/2023\/02\/custom-fluorescent-signs.jpeg\" alt=\"\" class=\"wp-image-5419\" \/><\/figure>\n<\/div>\n\n\n<p>Die Schilder k\u00f6nnen den Kundenw\u00fcnschen entsprechend angepasst werden. Sie sind als 230V AC oder 110V AC erh\u00e4ltlich.<\/p>\n\n\n\n<ul class=\"wp-block-list\">\n<li>1-WAY-SIGN-LP Einzelschild mit den Ma\u00dfen 360mm breit x 150mm hoch x 68mm tief<\/li>\n\n\n\n<li>2-WAY-SIGN-LP Duales Hinweisschild mit den Ma\u00dfen 360mm breit x 300mm hoch x 68mm tief<\/li>\n\n\n\n<li>3-WAY-SIGN-LP Dreifach-Meldeschild mit den Ma\u00dfen 360mm breit x 425mm hoch x 68mm tief<\/li>\n<\/ul>\n\n\n\n<div style=\"height:20px\" aria-hidden=\"true\" class=\"wp-block-spacer\"><\/div>\n\n\n\n<figure class=\"wp-block-pullquote\"><blockquote><p><em>Reduzieren Sie Unterbrechungen und Ausfallzeiten in Ihrer Laseranlage durch genaue Anzeige des Laserstatus<\/em><\/p><\/blockquote><\/figure>\n\n\n\n<div style=\"height:20px\" aria-hidden=\"true\" class=\"wp-block-spacer\"><\/div>\n\n\n\n<p>Lasermet hat eine Reihe hochwertiger, attraktiver hintergrundbeleuchteter Schilder entwickelt, die in erster Linie f\u00fcr seine Kunden aus dem Bereich Lasersicherheit bestimmt sind. Diese Schilder haben sich bei der Integration in Labors, Einhausungen, sicheren Arbeitsbereichen und anderen sicherheitsrelevanten und verriegelten R\u00e4umen als so erfolgreich erwiesen, dass sie jetzt als Standardprodukt erh\u00e4ltlich sind. Die Schilder m\u00fcssen nicht unbedingt sicherheitsrelevant sein &#8211; sie k\u00f6nnen sowohl als Informations- als auch als Warnschilder verwendet werden.<\/p>\n\n\n\n<p>Diese internen Schilder k\u00f6nnen f\u00fcr viele Anwendungen eingesetzt werden und eignen sich besonders f\u00fcr B\u00fcros und elegante Gesch\u00e4ftsr\u00e4ume, wie z.B. Wartezimmer in Arztpraxen oder in Wartezimmern von Zahn\u00e4rzten oder in Krankenh\u00e4usern, dem Verteidigungsministerium, Versicherungsgesellschaften, Finanzinstituten, Investmentgesellschaften und Hotels. Diese individuell gestaltbaren Schilder k\u00f6nnen praktisch jedes Design oder jede Botschaft in jeder Sprache haben, in Wei\u00df, Gelb, Gr\u00fcn oder Rot.<\/p>\n\n\n\n<p>Die kompakten Schilder k\u00f6nnen in Brusth\u00f6he angebracht werden, da sie leicht sind und von Personen, die einen Eingang betreten, leicht gesehen werden k\u00f6nnen.&nbsp;Die Schilder sind energie- und spannungsarm. Alle Schilder entsprechen der europ\u00e4ischen Norm f\u00fcr beleuchtete Laserwarnschilder.<\/p>\n","protected":false},"excerpt":{"rendered":"<header class=\"entry-header\">\n<p><strong>Niedrigprofilierte Energiesparschilder<\/strong><\/p>\n<p>Alle unsere Schilder k\u00f6nnen individuell an die gew\u00fcnschte(n) Botschaft(en) angepasst werden, wodurch sie sich f\u00fcr eine Vielzahl von Anwendungen und Situationen eignen. In Kombination mit der attraktiven, hochwertigen Bauweise sind Lasermet Leuchtschilder die ideale Wahl f\u00fcr viele Gesch\u00e4fts- und B\u00fcrostandorte.<\/p>\n<\/header>\n","protected":false},"featured_media":8203,"comment_status":"closed","ping_status":"closed","template":"","meta":{"_acf_changed":false,"_kad_blocks_custom_css":"","_kad_blocks_head_custom_js":"","_kad_blocks_body_custom_js":"","_kad_blocks_footer_custom_js":"","_EventAllDay":false,"_EventTimezone":"","_EventStartDate":"","_EventEndDate":"","_EventStartDateUTC":"","_EventEndDateUTC":"","_EventShowMap":false,"_EventShowMapLink":false,"_EventURL":"","_EventCost":"","_EventCostDescription":"","_EventCurrencySymbol":"","_EventCurrencyCode":"","_EventCurrencyPosition":"","_EventDateTimeSeparator":"","_EventTimeRangeSeparator":"","_EventOrganizerID":[],"_EventVenueID":[],"_OrganizerEmail":"","_OrganizerPhone":"","_OrganizerWebsite":"","_VenueAddress":"","_VenueCity":"","_VenueCountry":"","_VenueProvince":"","_VenueState":"","_VenueZip":"","_VenuePhone":"","_VenueURL":"","_VenueStateProvince":"","_VenueLat":"","_VenueLng":"","_VenueShowMap":false,"_VenueShowMapLink":false,"_kadence_starter_templates_imported_post":false,"_kad_post_transparent":"","_kad_post_title":"","_kad_post_layout":"","_kad_post_sidebar_id":"","_kad_post_content_style":"","_kad_post_vertical_padding":"","_kad_post_feature":"","_kad_post_feature_position":"","_kad_post_header":false,"_kad_post_footer":false,"_kad_post_classname":""},"product_brand":[],"product_cat":[50],"product_tag":[36,37],"class_list":{"0":"post-5417","1":"product","2":"type-product","3":"status-publish","4":"has-post-thumbnail","6":"product_cat-schilder","7":"product_tag-forschung","8":"product_tag-industriell","10":"first","11":"instock","12":"shipping-taxable","13":"product-type-simple","14":"entry","15":"content-bg","16":"loop-entry"},"acf":[],"taxonomy_info":{"product_cat":[{"value":50,"label":"Schilder"}],"product_tag":[{"value":36,"label":"Forschung und Entwicklung"},{"value":37,"label":"Industriell"}]},"featured_image_src_large":["https:\/\/www.lasermet.com\/de\/wp-content\/uploads\/sites\/3\/2023\/02\/SIngle_11_102522v3_german-1-1024x786.png",1024,786,true],"author_info":[],"comment_info":0,"_links":{"self":[{"href":"https:\/\/www.lasermet.com\/de\/wp-json\/wp\/v2\/product\/5417","targetHints":{"allow":["GET"]}}],"collection":[{"href":"https:\/\/www.lasermet.com\/de\/wp-json\/wp\/v2\/product"}],"about":[{"href":"https:\/\/www.lasermet.com\/de\/wp-json\/wp\/v2\/types\/product"}],"replies":[{"embeddable":true,"href":"https:\/\/www.lasermet.com\/de\/wp-json\/wp\/v2\/comments?post=5417"}],"wp:featuredmedia":[{"embeddable":true,"href":"https:\/\/www.lasermet.com\/de\/wp-json\/wp\/v2\/media\/8203"}],"wp:attachment":[{"href":"https:\/\/www.lasermet.com\/de\/wp-json\/wp\/v2\/media?parent=5417"}],"wp:term":[{"taxonomy":"product_brand","embeddable":true,"href":"https:\/\/www.lasermet.com\/de\/wp-json\/wp\/v2\/product_brand?post=5417"},{"taxonomy":"product_cat","embeddable":true,"href":"https:\/\/www.lasermet.com\/de\/wp-json\/wp\/v2\/product_cat?post=5417"},{"taxonomy":"product_tag","embeddable":true,"href":"https:\/\/www.lasermet.com\/de\/wp-json\/wp\/v2\/product_tag?post=5417"}],"curies":[{"name":"wp","href":"https:\/\/api.w.org\/{rel}","templated":true}]}}